{"id":4755,"date":"2015-01-15T19:24:27","date_gmt":"2015-01-15T19:24:27","guid":{"rendered":"http:\/\/www.antoniomachado.net\/?page_id=4755"},"modified":"2024-12-21T17:52:26","modified_gmt":"2024-12-21T17:52:26","slug":"bienvenido","status":"publish","type":"page","link":"https:\/\/www.antoniomachado.net\/es\/","title":{"rendered":"BIENVENIDO"},"content":{"rendered":"<div class=\"wpb-content-wrapper\"><p>[vc_row css=\u00bb.vc_custom_1425251605649{margin-top: 0px !important;margin-bottom: 0px !important;border-top-width: 60px !important;border-bottom-width: 30px !important;padding-top: 60px !important;padding-bottom: 30px !important;}\u00bb][vc_column]<h1 class=\"fac-title text-center\" style=\"color:#dd3333\">BIENVENIDO A MI SEDE DIGITAL<\/h1>\n[\/vc_column][\/vc_row][vc_row css=\u00bb.vc_custom_1424799616622{margin-bottom: 30px !important;border-bottom-width: 50px !important;padding-bottom: 50px !important;}\u00bb][vc_column width=\u00bb1\/3&#8243;][vc_single_image image=\u00bb9821&#8243; img_size=\u00bbmedium\u00bb style=\u00bbvc_box_shadow_3d\u00bb onclick=\u00bbimg_link_large\u00bb][vc_wp_search][vc_btn title=\u00bb\u00a1\u00daLTIMOS LIBROS!\u00bb style=\u00bb3d\u00bb shape=\u00bbround\u00bb color=\u00bbjuicy-pink\u00bb size=\u00bblg\u00bb align=\u00bbleft\u00bb i_type=\u00bbopeniconic\u00bb i_icon_openiconic=\u00bbvc-oi vc-oi-book-open\u00bb css=\u00bb\u00bb add_icon=\u00bbtrue\u00bb link=\u00bburl:https%3A%2F%2Fwww.antoniomachado.net%2Fes%2Fbienvenido%2Fultimos-libros%2F|title:%C3%9Altimos%20libros|target:_blank\u00bb][vc_btn title=\u00bbCLAVES DE COLE\u00d3PTEROS\u00bb style=\u00bb3d\u00bb shape=\u00bbround\u00bb color=\u00bbjuicy-pink\u00bb size=\u00bblg\u00bb align=\u00bbleft\u00bb i_type=\u00bbopeniconic\u00bb i_icon_openiconic=\u00bbvc-oi vc-oi-book-open\u00bb css=\u00bb\u00bb add_icon=\u00bbtrue\u00bb link=\u00bburl:https%3A%2F%2Fwww.antoniomachado.net%2Fes%2Factividades%2Fentomologia%2Fidentification-keys-canary-islands-coleoptera%2F|title:CLAVES%20DE%20LOS%20COLE%C3%93PTEROS%20DE%20CANARIAS|target:_blank\u00bb][\/vc_column][vc_column width=\u00bb2\/3&#8243;][vc_column_text]<\/p>\n<div class=\"wpb_wrapper\">\n<div class=\"wpb_text_column wpb_content_element \">\n<div class=\"wpb_wrapper\">\n<div class=\"wpb_column vc_column_container vc_col-sm-8\">\n<div class=\"vc_column-inner\">\n<div class=\"wpb_wrapper\">\n<div class=\"wpb_text_column wpb_content_element \">\n<div class=\"wpb_wrapper\">\n<div class=\"wpb_wrapper\">\n<div class=\"wpb_text_column wpb_content_element \">\n<div class=\"wpb_wrapper\">\n<p>Vivo en Tenerife, una de las islas Canarias,\u00a0y me chiflan los escarabajos, que son mi hobby. Como bi\u00f3logo multiuso que soy, me he dedicado profesionalmente a la conservaci\u00f3n de la naturaleza y temas ambientales, a la ense\u00f1anza de la Ecolog\u00eda,\u00a0a preparar borradores legislativos y a otros asuntos m\u00e1s o menos relacionados.\u00a0Desde aqu\u00ed tendr\u00e1s acceso a todas mis publicaciones, documentales y dem\u00e1s producci\u00f3n intelectual. Mi intenci\u00f3n es introducir poco a poco informaci\u00f3n adicional, principalmente relacionada con la Entomolog\u00eda canaria (bibliograf\u00eda, cat\u00e1logo de cole\u00f3pteros, etc.), as\u00ed como compartir mis reflexiones, fotos y algunos que otros recuerdos de viaje.<\/p>\n<p>La familia Machado lleg\u00f3 a Tenerife en 1497, y la familia Carrillo vive en La Palma desde 1560. Aun as\u00ed, y por circunstancias coyunturales, yo nac\u00ed en Madrid en 1953. Me cas\u00e9 con Chusy Hern\u00e1ndez en 1976, tenemos cuatro hijos fenomenales y vamos por tres nietos. Me gusta fumar en pipa y adoro los libros.<\/p>\n<div class=\"wpb_wrapper\">\n<p><a href=\"mailto:antonio.machado@telefonica.net\"><span lang=\"es\">Email: antonio.machado@telefonica.net<\/span><\/a><\/p>\n<p><em>Miembro de la Academia Mundial de las Artes y las Ciencias <\/em><\/div>\n<\/div>\n<\/div>\n<\/div>\n<\/div>\n<\/div>\n<\/div>\n<\/div>\n<\/div>\n<\/div>\n<\/div>\n<\/div>\n<p>[\/vc_column_text][\/vc_column][\/vc_row][vc_row css=\u00bb.vc_custom_1424799741454{margin-top: 0px !important;margin-bottom: 5px !important;border-top-width: 0px !important;border-bottom-width: 5px !important;padding-top: 0px !important;padding-bottom: 5px !important;}\u00bb][vc_column]<h4 class=\"fac-title text-center\" style=\"color:#2a8942\">MENS SANA IN CORPORE SANO ET NATURA SANA<\/h4>\n[\/vc_column][\/vc_row]<\/p>\n<\/div>","protected":false},"excerpt":{"rendered":"<p>[vc_row css=\u00bb.vc_custom_1425251605649{margin-top: 0px !important;margin-bottom: 0px !important;border-top-width: 60px !important;border-bottom-width: 30px !important;padding-top: 60px !important;padding-bottom: 30px !important;}\u00bb][vc_column][\/vc_column][\/vc_row][vc_row css=\u00bb.vc_custom_1424799616622{margin-bottom: 30px !important;border-bottom-width: 50px !important;padding-bottom: 50px [&hellip;]<\/p>\n","protected":false},"author":1,"featured_media":0,"parent":0,"menu_order":1,"comment_status":"open","ping_status":"closed","template":"page-pagebuilder.php","meta":{"footnotes":""},"class_list":["post-4755","page","type-page","status-publish","hentry"],"yoast_head":"<!-- This site is optimized with the Yoast SEO plugin v27.1.1 - https:\/\/yoast.com\/product\/yoast-seo-wordpress\/ -->\n<title>BIENVENIDO | www.antoniomachado.net<\/title>\n<meta name=\"description\" content=\"\u00a1Bienvenido a mi sede digital! El Dr. Antonio Machado Carrillo es un bi\u00f3logo multiuso ubicado en La Laguna, Tenerife, islas Canarias, Espa\u00f1a.\" \/>\n<meta name=\"robots\" content=\"index, follow, max-snippet:-1, max-image-preview:large, max-video-preview:-1\" \/>\n<link rel=\"canonical\" href=\"https:\/\/www.antoniomachado.net\/es\/\" \/>\n<meta property=\"og:locale\" content=\"es_ES\" \/>\n<meta property=\"og:type\" content=\"article\" \/>\n<meta property=\"og:title\" content=\"BIENVENIDO | www.antoniomachado.net\" \/>\n<meta property=\"og:description\" content=\"\u00a1Bienvenido a mi sede digital! El Dr. Antonio Machado Carrillo es un bi\u00f3logo multiuso ubicado en La Laguna, Tenerife, islas Canarias, Espa\u00f1a.\" \/>\n<meta property=\"og:url\" content=\"https:\/\/www.antoniomachado.net\/es\/\" \/>\n<meta property=\"og:site_name\" content=\"www.antoniomachado.net\" \/>\n<meta property=\"article:modified_time\" content=\"2024-12-21T17:52:26+00:00\" \/>\n<meta name=\"twitter:card\" content=\"summary_large_image\" \/>\n<meta name=\"twitter:site\" content=\"@laparocerus\" \/>\n<meta name=\"twitter:label1\" content=\"Tiempo de lectura\" \/>\n\t<meta name=\"twitter:data1\" content=\"2 minutos\" \/>\n<script type=\"application\/ld+json\" class=\"yoast-schema-graph\">{\"@context\":\"https:\/\/schema.org\",\"@graph\":[{\"@type\":\"WebPage\",\"@id\":\"https:\/\/www.antoniomachado.net\/es\/\",\"url\":\"https:\/\/www.antoniomachado.net\/es\/\",\"name\":\"BIENVENIDO | www.antoniomachado.net\",\"isPartOf\":{\"@id\":\"https:\/\/www.antoniomachado.net\/es\/#website\"},\"datePublished\":\"2015-01-15T19:24:27+00:00\",\"dateModified\":\"2024-12-21T17:52:26+00:00\",\"description\":\"\u00a1Bienvenido a mi sede digital! El Dr. Antonio Machado Carrillo es un bi\u00f3logo multiuso ubicado en La Laguna, Tenerife, islas Canarias, Espa\u00f1a.\",\"breadcrumb\":{\"@id\":\"https:\/\/www.antoniomachado.net\/es\/#breadcrumb\"},\"inLanguage\":\"es\",\"potentialAction\":[{\"@type\":\"ReadAction\",\"target\":[\"https:\/\/www.antoniomachado.net\/es\/\"]}]},{\"@type\":\"BreadcrumbList\",\"@id\":\"https:\/\/www.antoniomachado.net\/es\/#breadcrumb\",\"itemListElement\":[{\"@type\":\"ListItem\",\"position\":1,\"name\":\"Portada\",\"item\":\"https:\/\/www.antoniomachado.net\/es\/\"},{\"@type\":\"ListItem\",\"position\":2,\"name\":\"BIENVENIDO\"}]},{\"@type\":\"WebSite\",\"@id\":\"https:\/\/www.antoniomachado.net\/es\/#website\",\"url\":\"https:\/\/www.antoniomachado.net\/es\/\",\"name\":\"www.antoniomachado.net\",\"description\":\"Dr. Antonio Machado. Bi\u00f3logo multiuso (Entomolog\u00eda, Conservaci\u00f3n de la Naturaleza, Pol\u00edtica ambiental, etc.) con sede en las islas Canarias\",\"publisher\":{\"@id\":\"https:\/\/www.antoniomachado.net\/es\/#\/schema\/person\/20d92b6bd913e6447a4599f0a334fe20\"},\"potentialAction\":[{\"@type\":\"SearchAction\",\"target\":{\"@type\":\"EntryPoint\",\"urlTemplate\":\"https:\/\/www.antoniomachado.net\/es\/?s={search_term_string}\"},\"query-input\":{\"@type\":\"PropertyValueSpecification\",\"valueRequired\":true,\"valueName\":\"search_term_string\"}}],\"inLanguage\":\"es\"},{\"@type\":[\"Person\",\"Organization\"],\"@id\":\"https:\/\/www.antoniomachado.net\/es\/#\/schema\/person\/20d92b6bd913e6447a4599f0a334fe20\",\"name\":\"Antonio Machado\",\"image\":{\"@type\":\"ImageObject\",\"inLanguage\":\"es\",\"@id\":\"https:\/\/www.antoniomachado.net\/es\/#\/schema\/person\/image\/\",\"url\":\"https:\/\/www.antoniomachado.net\/wp-content\/uploads\/images\/icons\/avatar_antonio-machado-carrillo.png\",\"contentUrl\":\"https:\/\/www.antoniomachado.net\/wp-content\/uploads\/images\/icons\/avatar_antonio-machado-carrillo.png\",\"width\":320,\"height\":417,\"caption\":\"Antonio Machado\"},\"logo\":{\"@id\":\"https:\/\/www.antoniomachado.net\/es\/#\/schema\/person\/image\/\"},\"description\":\"I am based in Tenerife, one of the Canary Islands, and I am crazy about beetles which are my hobby. However, as a multipurpose professional biologist I have been involved in nature conservation and environmental affairs, teaching Ecology, legal drafting, and other more or less related activities.\",\"sameAs\":[\"http:\/\/www.antoniomachado.net\",\"https:\/\/x.com\/laparocerus\"]}]}<\/script>\n<!-- \/ Yoast SEO plugin. -->","yoast_head_json":{"title":"BIENVENIDO | www.antoniomachado.net","description":"\u00a1Bienvenido a mi sede digital! El Dr. Antonio Machado Carrillo es un bi\u00f3logo multiuso ubicado en La Laguna, Tenerife, islas Canarias, Espa\u00f1a.","robots":{"index":"index","follow":"follow","max-snippet":"max-snippet:-1","max-image-preview":"max-image-preview:large","max-video-preview":"max-video-preview:-1"},"canonical":"https:\/\/www.antoniomachado.net\/es\/","og_locale":"es_ES","og_type":"article","og_title":"BIENVENIDO | www.antoniomachado.net","og_description":"\u00a1Bienvenido a mi sede digital! El Dr. Antonio Machado Carrillo es un bi\u00f3logo multiuso ubicado en La Laguna, Tenerife, islas Canarias, Espa\u00f1a.","og_url":"https:\/\/www.antoniomachado.net\/es\/","og_site_name":"www.antoniomachado.net","article_modified_time":"2024-12-21T17:52:26+00:00","twitter_card":"summary_large_image","twitter_site":"@laparocerus","twitter_misc":{"Tiempo de lectura":"2 minutos"},"schema":{"@context":"https:\/\/schema.org","@graph":[{"@type":"WebPage","@id":"https:\/\/www.antoniomachado.net\/es\/","url":"https:\/\/www.antoniomachado.net\/es\/","name":"BIENVENIDO | www.antoniomachado.net","isPartOf":{"@id":"https:\/\/www.antoniomachado.net\/es\/#website"},"datePublished":"2015-01-15T19:24:27+00:00","dateModified":"2024-12-21T17:52:26+00:00","description":"\u00a1Bienvenido a mi sede digital! El Dr. Antonio Machado Carrillo es un bi\u00f3logo multiuso ubicado en La Laguna, Tenerife, islas Canarias, Espa\u00f1a.","breadcrumb":{"@id":"https:\/\/www.antoniomachado.net\/es\/#breadcrumb"},"inLanguage":"es","potentialAction":[{"@type":"ReadAction","target":["https:\/\/www.antoniomachado.net\/es\/"]}]},{"@type":"BreadcrumbList","@id":"https:\/\/www.antoniomachado.net\/es\/#breadcrumb","itemListElement":[{"@type":"ListItem","position":1,"name":"Portada","item":"https:\/\/www.antoniomachado.net\/es\/"},{"@type":"ListItem","position":2,"name":"BIENVENIDO"}]},{"@type":"WebSite","@id":"https:\/\/www.antoniomachado.net\/es\/#website","url":"https:\/\/www.antoniomachado.net\/es\/","name":"www.antoniomachado.net","description":"Dr. Antonio Machado. Bi\u00f3logo multiuso (Entomolog\u00eda, Conservaci\u00f3n de la Naturaleza, Pol\u00edtica ambiental, etc.) con sede en las islas Canarias","publisher":{"@id":"https:\/\/www.antoniomachado.net\/es\/#\/schema\/person\/20d92b6bd913e6447a4599f0a334fe20"},"potentialAction":[{"@type":"SearchAction","target":{"@type":"EntryPoint","urlTemplate":"https:\/\/www.antoniomachado.net\/es\/?s={search_term_string}"},"query-input":{"@type":"PropertyValueSpecification","valueRequired":true,"valueName":"search_term_string"}}],"inLanguage":"es"},{"@type":["Person","Organization"],"@id":"https:\/\/www.antoniomachado.net\/es\/#\/schema\/person\/20d92b6bd913e6447a4599f0a334fe20","name":"Antonio Machado","image":{"@type":"ImageObject","inLanguage":"es","@id":"https:\/\/www.antoniomachado.net\/es\/#\/schema\/person\/image\/","url":"https:\/\/www.antoniomachado.net\/wp-content\/uploads\/images\/icons\/avatar_antonio-machado-carrillo.png","contentUrl":"https:\/\/www.antoniomachado.net\/wp-content\/uploads\/images\/icons\/avatar_antonio-machado-carrillo.png","width":320,"height":417,"caption":"Antonio Machado"},"logo":{"@id":"https:\/\/www.antoniomachado.net\/es\/#\/schema\/person\/image\/"},"description":"I am based in Tenerife, one of the Canary Islands, and I am crazy about beetles which are my hobby. However, as a multipurpose professional biologist I have been involved in nature conservation and environmental affairs, teaching Ecology, legal drafting, and other more or less related activities.","sameAs":["http:\/\/www.antoniomachado.net","https:\/\/x.com\/laparocerus"]}]}},"_links":{"self":[{"href":"https:\/\/www.antoniomachado.net\/es\/wp-json\/wp\/v2\/pages\/4755","targetHints":{"allow":["GET"]}}],"collection":[{"href":"https:\/\/www.antoniomachado.net\/es\/wp-json\/wp\/v2\/pages"}],"about":[{"href":"https:\/\/www.antoniomachado.net\/es\/wp-json\/wp\/v2\/types\/page"}],"author":[{"embeddable":true,"href":"https:\/\/www.antoniomachado.net\/es\/wp-json\/wp\/v2\/users\/1"}],"replies":[{"embeddable":true,"href":"https:\/\/www.antoniomachado.net\/es\/wp-json\/wp\/v2\/comments?post=4755"}],"version-history":[{"count":7,"href":"https:\/\/www.antoniomachado.net\/es\/wp-json\/wp\/v2\/pages\/4755\/revisions"}],"predecessor-version":[{"id":11298,"href":"https:\/\/www.antoniomachado.net\/es\/wp-json\/wp\/v2\/pages\/4755\/revisions\/11298"}],"wp:attachment":[{"href":"https:\/\/www.antoniomachado.net\/es\/wp-json\/wp\/v2\/media?parent=4755"}],"curies":[{"name":"wp","href":"https:\/\/api.w.org\/{rel}","templated":true}]}}