{"id":4778,"date":"2015-01-21T10:18:52","date_gmt":"2015-01-21T10:18:52","guid":{"rendered":"http:\/\/www.antoniomachado.net\/?page_id=4778"},"modified":"2022-12-11T23:20:23","modified_gmt":"2022-12-11T23:20:23","slug":"curriculum-breve","status":"publish","type":"page","link":"https:\/\/www.antoniomachado.net\/es\/bienvenido\/curriculum-breve\/","title":{"rendered":"CURRICULUM BREVE"},"content":{"rendered":"<div class=\"wpb-content-wrapper\"><p>[vc_row css=\u00bb.vc_custom_1424441944024{margin-top: 0px !important;margin-bottom: 0px !important;border-top-width: 40px !important;border-bottom-width: 30px !important;padding-top: 40px !important;padding-bottom: 30px !important;}\u00bb][vc_column]<h1 class=\"fac-title text-center\" style=\"color:#dd3333\">CURRICULUM BREVE<\/h1>\n[\/vc_column][\/vc_row][vc_row css=\u00bb.vc_custom_1424441453901{margin-top: 0px !important;border-top-width: 30px !important;padding-top: 30px !important;}\u00bb][vc_column width=\u00bb1\/2&#8243;]<h1 class=\"fac-title text-center\" style=\"color:#4b4b4b\">Vida profesional<\/h1>\n<ul class=\"ul-dates \">\n\t\t\t<li class=\"\">\n\t\t\t\t<div class=\"dates\"><span>2021<\/span><span>2001<\/span><\/div>\n\t\t\t\t<div class=\"content\"><h4>Editor Jefe<\/h4><p>Journal of Nature Conservation. Elsevier B.V, Amsterdam, Netherlands<\/p><\/div>\n\t\t\t<\/li>\n\t\t\t<li class=\"\">\n\t\t\t\t<div class=\"dates\"><span>2018<\/span><span>2008<\/span><\/div>\n\t\t\t\t<div class=\"content\"><h4>Director del OAG<\/h4><p>Fundaci\u00f3n Observatorio Ambiental Granadilla. Tenerife, Islas Canarias<\/p><\/div>\n\t\t\t<\/li>\n\t\t\t<li class=\"\">\n\t\t\t\t<div class=\"dates\"><span>2009<\/span><span>2000<\/span><\/div>\n\t\t\t\t<div class=\"content\"><h4>Profesor Asociado de Ecolog\u00eda<\/h4><p>Universidad de La Laguna, Tenerife, Islas Canarias<\/p><\/div>\n\t\t\t<\/li>\n\t\t\t<li class=\"\">\n\t\t\t\t<div class=\"dates\"><span>2009<\/span><span>1996<\/span><\/div>\n\t\t\t\t<div class=\"content\"><h4>Consultor profesional<\/h4><p>Comisi\u00f3n Europea, AECI, GTZ, Consejo de Europa, PNUMA, etc.<\/p><\/div>\n\t\t\t<\/li>\n\t\t\t<li class=\"\">\n\t\t\t\t<div class=\"dates\"><span>2001<\/span><span>1995<\/span><\/div>\n\t\t\t\t<div class=\"content\"><h4>Presidente del ECNC<\/h4><p>Centro Europeo para la Conservaci\u00f3n de la Naturaleza. Tilburg, Pa\u00edses Bajos.<\/p><\/div>\n\t\t\t<\/li>\n\t\t\t<li class=\"\">\n\t\t\t\t<div class=\"dates\"><span>1995<\/span><span>1994<\/span><\/div>\n\t\t\t\t<div class=\"content\"><h4>Director de la ORI<\/h4><p>Oficina de Relaciones Institucionales del Gobierno de Canarias. Madrid, Espa\u00f1a<\/p><\/div>\n\t\t\t<\/li>\n\t\t\t<li class=\"\">\n\t\t\t\t<div class=\"dates\"><span>1994<\/span><span>1993<\/span><\/div>\n\t\t\t\t<div class=\"content\"><h4>Jefe de Conservaci\u00f3n<\/h4><p>ICONA - Instituto Nacional para la Conservaci\u00f3n de la Naturaleza, Tenerife, Islas Canarias<\/p><\/div>\n\t\t\t<\/li>\n\t\t\t<li class=\"\">\n\t\t\t\t<div class=\"dates\"><span>1996<\/span><span>1990<\/span><\/div>\n\t\t\t\t<div class=\"content\"><h4>Consejero Regional por Europa Occidental<\/h4><p>UICN - Uni\u00f3n Internacional para la Conservaci\u00f3n de la Naturaleza, Gland, Suiza<\/p><\/div>\n\t\t\t<\/li>\n\t\t\t<li class=\"\">\n\t\t\t\t<div class=\"dates\"><span>1993<\/span><span>1991<\/span><\/div>\n\t\t\t\t<div class=\"content\"><h4>Asesor del Consejero<\/h4><p>Consejer\u00eda de Econom\u00eda y Hacienda, Gobierno de Canarias. Tenerife.<\/p><\/div>\n\t\t\t<\/li>\n\t\t\t<li class=\"\">\n\t\t\t\t<div class=\"dates\"><span>1991<\/span><span>1988<\/span><\/div>\n\t\t\t\t<div class=\"content\"><h4>Asesor de Ecolog\u00eda y Pol\u00edtica Ambiental<\/h4><p>Presidencia del Gobierno de Canarias, Tenerife, Islas Canarias<\/p><\/div>\n\t\t\t<\/li>\n\t\t\t<li class=\"\">\n\t\t\t\t<div class=\"dates\"><span>1987<\/span><span>1987<\/span><\/div>\n\t\t\t\t<div class=\"content\"><h4>Vocal-Asesor<\/h4><p>Gabinete de la Presidencia. Gobierno de Espa\u00f1a. Madrid, Espa\u00f1a<\/p><\/div>\n\t\t\t<\/li>\n\t\t\t<li class=\"\">\n\t\t\t\t<div class=\"dates\"><span>1984<\/span><span>1981<\/span><\/div>\n\t\t\t\t<div class=\"content\"><h4>Director-Conservador del Parque Nacional del Teide<\/h4><p>ICONA - Instituto Nacional para la Conservaci\u00f3n de la Naturaleza, Tenerife, Islas Canarias.<\/p><\/div>\n\t\t\t<\/li>\n\t\t\t<li class=\"\">\n\t\t\t\t<div class=\"dates\"><span>1985<\/span><span>1976<\/span><\/div>\n\t\t\t\t<div class=\"content\"><h4>Bi\u00f3logo Regional \/ Asesor T\u00e9cnico<\/h4><p>ICONA - Instituto Nacional para la Conservaci\u00f3n de la Naturaleza, Tenerife, Islas Canarias.<\/p><\/div>\n\t\t\t<\/li>\n\t\t\t<li class=\"\">\n\t\t\t\t<div class=\"dates\"><span>1980<\/span><span>1976<\/span><\/div>\n\t\t\t\t<div class=\"content\"><h4>Profesor Asistente\/ Agregado de Ecolog\u00eda<\/h4><p>Universidad de La Laguna, Tenerife, Islas Canarias<\/p><\/div>\n\t\t\t<\/li>\n\t\t\t<li class=\"\">\n\t\t\t\t<div class=\"dates\"><span>1976<\/span><span>1975<\/span><\/div>\n\t\t\t\t<div class=\"content\"><h4>Becario de Investigaci\u00f3n<\/h4><p>Ministerio de Educaci\u00f3n y Ciencia, Tenerife, Islas Canarias<\/p><\/div>\n\t\t\t<\/li>\n\t\t\t<li class=\"\">\n\t\t\t\t<div class=\"dates\"><span>1976<\/span><span>1972<\/span><\/div>\n\t\t\t\t<div class=\"content\"><h4>Colaborador \/Becario<\/h4><p>Museo Insular de Ciencias Naturales, S\/C de Tenerife, Islas Canarias<\/p><\/div>\n\t\t\t<\/li><\/ul>[\/vc_column][vc_column width=\u00bb1\/2&#8243;]<h1 class=\"fac-title text-center\" style=\"color:#4b4b4b\">Formaci\u00f3n<\/h1>\n<ul class=\"ul-card \">\n\t\t\t<li class=\"\"><div class=\"dy\">\n\t\t\t\t<span class=\"degree\">Doctor en Biolog\u00eda<\/span>\n\t\t\t\t<span class=\"year\">1991<\/span><\/div>\n\t\t\t\t<div class=\"description\">\n\t\t\t\t<p class=\"what\">Cum laude<\/p>\n\t\t\t<p class=\"where\">Universidad de La Laguna, Tenerife, Islas Canarias<\/p><\/div>\n\t\t\t<\/li>\n\t\t\t<li class=\"\"><div class=\"dy\">\n\t\t\t\t<span class=\"degree\">Evaluacion de Impacto Ambiental<\/span>\n\t\t\t\t<span class=\"year\">1980<\/span><\/div>\n\t\t\t\t<div class=\"description\">\n\t\t\t\t<p class=\"what\">Cualificado<\/p>\n\t\t\t<p class=\"where\">CIFCA - Centro Internacional de Formaci\u00f3n en Ciencias Ambientales. Madrid<\/p><\/div>\n\t\t\t<\/li>\n\t\t\t<li class=\"\"><div class=\"dy\">\n\t\t\t\t<span class=\"degree\">Parques Nacionales y Reservas Equivalentes<\/span>\n\t\t\t\t<span class=\"year\">1980<\/span><\/div>\n\t\t\t\t<div class=\"description\">\n\t\t\t\t<p class=\"what\">Cualificado<\/p>\n\t\t\t<p class=\"where\">Seminario Internacional del Servico de Parques USA, Parcs Canada y la Universidad de Michigan<\/p><\/div>\n\t\t\t<\/li>\n\t\t\t<li class=\"\"><div class=\"dy\">\n\t\t\t\t<span class=\"degree\">Planificaci\u00f3n interpretativa<\/span>\n\t\t\t\t<span class=\"year\">1977<\/span><\/div>\n\t\t\t\t<div class=\"description\">\n\t\t\t\t<p class=\"what\">Qualified<\/p>\n\t\t\t<p class=\"where\">Centro de Formaci\u00f3n del Servicio Federal de Parques Nacionales, Harpers Ferry, West Virginia, USA.<\/p><\/div>\n\t\t\t<\/li>\n\t\t\t<li class=\"\"><div class=\"dy\">\n\t\t\t\t<span class=\"degree\">Oficial de Infanter\u00eda<\/span>\n\t\t\t\t<span class=\"year\">1975-1976<\/span><\/div>\n\t\t\t\t<div class=\"description\">\n\t\t\t\t<p class=\"what\">Alferez<\/p>\n\t\t\t<p class=\"where\">Ej\u00e9rcito de Tierra: Academia de Infanter\u00eda de Toledo\/ II Batall\u00f3n, La Palma.<\/p><\/div>\n\t\t\t<\/li>\n\t\t\t<li class=\"\"><div class=\"dy\">\n\t\t\t\t<span class=\"degree\">Licenciado en Biolog\u00eda<\/span>\n\t\t\t\t<span class=\"year\">1970-1975<\/span><\/div>\n\t\t\t\t<div class=\"description\">\n\t\t\t\t<p class=\"what\">Premio Extraordinario de Carrera<\/p>\n\t\t\t<p class=\"where\">Universidad de La Laguna, Tenerife, Islas Canarias<\/p><\/div>\n\t\t\t<\/li>\n\t\t\t<li class=\"\"><div class=\"dy\">\n\t\t\t\t<span class=\"degree\">Bachillerato espa\u00f1ol<\/span>\n\t\t\t\t<span class=\"year\">1963-70<\/span><\/div>\n\t\t\t\t<div class=\"description\">\n\t\t\t\t<p class=\"what\">Pre-Universitario<\/p>\n\t\t\t<p class=\"where\">Instituto Nacional de Ense\u00f1anza Media de La Laguna. Canary Islands<\/p><\/div>\n\t\t\t<\/li>\n\t\t\t<li class=\"\"><div class=\"dy\">\n\t\t\t\t<span class=\"degree\">Bachillerato alem\u00e1n<\/span>\n\t\t\t\t<span class=\"year\">1963-1969<\/span><\/div>\n\t\t\t\t<div class=\"description\">\n\t\t\t\t<p class=\"what\">Obserchule Diploma<\/p>\n\t\t\t<p class=\"where\">Colegio Alem\u00e1n. S\/C de Tenerife. Islas Canarias<\/p><\/div>\n\t\t\t<\/li><\/ul>[\/vc_column][\/vc_row]<\/p>\n<\/div>","protected":false},"excerpt":{"rendered":"<p>[vc_row css=\u00bb.vc_custom_1424441944024{margin-top: 0px !important;margin-bottom: 0px !important;border-top-width: 40px !important;border-bottom-width: 30px !important;padding-top: 40px !important;padding-bottom: 30px !important;}\u00bb][vc_column][\/vc_column][\/vc_row][vc_row css=\u00bb.vc_custom_1424441453901{margin-top: 0px !important;border-top-width: 30px !important;padding-top: 30px [&hellip;]<\/p>\n","protected":false},"author":2,"featured_media":0,"parent":4755,"menu_order":2,"comment_status":"open","ping_status":"closed","template":"page-pagebuilder.php","meta":{"footnotes":""},"class_list":["post-4778","page","type-page","status-publish","hentry"],"yoast_head":"<!-- This site is optimized with the Yoast SEO plugin v27.1.1 - https:\/\/yoast.com\/product\/yoast-seo-wordpress\/ -->\n<title>CURRICULUM BREVE | www.antoniomachado.net<\/title>\n<meta name=\"robots\" content=\"index, follow, max-snippet:-1, max-image-preview:large, max-video-preview:-1\" \/>\n<link rel=\"canonical\" href=\"https:\/\/www.antoniomachado.net\/es\/bienvenido\/curriculum-breve\/\" \/>\n<meta property=\"og:locale\" content=\"es_ES\" \/>\n<meta property=\"og:type\" content=\"article\" \/>\n<meta property=\"og:title\" content=\"CURRICULUM BREVE | www.antoniomachado.net\" \/>\n<meta property=\"og:description\" content=\"[vc_row css=\u00bb.vc_custom_1424441944024{margin-top: 0px !important;margin-bottom: 0px !important;border-top-width: 40px !important;border-bottom-width: 30px !important;padding-top: 40px !important;padding-bottom: 30px !important;}\u00bb][vc_column][\/vc_column][\/vc_row][vc_row css=\u00bb.vc_custom_1424441453901{margin-top: 0px !important;border-top-width: 30px !important;padding-top: 30px [&hellip;]\" \/>\n<meta property=\"og:url\" content=\"https:\/\/www.antoniomachado.net\/es\/bienvenido\/curriculum-breve\/\" \/>\n<meta property=\"og:site_name\" content=\"www.antoniomachado.net\" \/>\n<meta property=\"article:modified_time\" content=\"2022-12-11T23:20:23+00:00\" \/>\n<meta name=\"twitter:card\" content=\"summary_large_image\" \/>\n<meta name=\"twitter:site\" content=\"@laparocerus\" \/>\n<meta name=\"twitter:label1\" content=\"Tiempo de lectura\" \/>\n\t<meta name=\"twitter:data1\" content=\"2 minutos\" \/>\n<script type=\"application\/ld+json\" class=\"yoast-schema-graph\">{\"@context\":\"https:\/\/schema.org\",\"@graph\":[{\"@type\":\"WebPage\",\"@id\":\"https:\/\/www.antoniomachado.net\/es\/bienvenido\/curriculum-breve\/\",\"url\":\"https:\/\/www.antoniomachado.net\/es\/bienvenido\/curriculum-breve\/\",\"name\":\"CURRICULUM BREVE | www.antoniomachado.net\",\"isPartOf\":{\"@id\":\"https:\/\/www.antoniomachado.net\/es\/#website\"},\"datePublished\":\"2015-01-21T10:18:52+00:00\",\"dateModified\":\"2022-12-11T23:20:23+00:00\",\"breadcrumb\":{\"@id\":\"https:\/\/www.antoniomachado.net\/es\/bienvenido\/curriculum-breve\/#breadcrumb\"},\"inLanguage\":\"es\",\"potentialAction\":[{\"@type\":\"ReadAction\",\"target\":[\"https:\/\/www.antoniomachado.net\/es\/bienvenido\/curriculum-breve\/\"]}]},{\"@type\":\"BreadcrumbList\",\"@id\":\"https:\/\/www.antoniomachado.net\/es\/bienvenido\/curriculum-breve\/#breadcrumb\",\"itemListElement\":[{\"@type\":\"ListItem\",\"position\":1,\"name\":\"Portada\",\"item\":\"https:\/\/www.antoniomachado.net\/es\/\"},{\"@type\":\"ListItem\",\"position\":2,\"name\":\"BIENVENIDO\",\"item\":\"https:\/\/www.antoniomachado.net\/es\/\"},{\"@type\":\"ListItem\",\"position\":3,\"name\":\"CURRICULUM BREVE\"}]},{\"@type\":\"WebSite\",\"@id\":\"https:\/\/www.antoniomachado.net\/es\/#website\",\"url\":\"https:\/\/www.antoniomachado.net\/es\/\",\"name\":\"www.antoniomachado.net\",\"description\":\"Dr. Antonio Machado. Bi\u00f3logo multiuso (Entomolog\u00eda, Conservaci\u00f3n de la Naturaleza, Pol\u00edtica ambiental, etc.) con sede en las islas Canarias\",\"publisher\":{\"@id\":\"https:\/\/www.antoniomachado.net\/es\/#\/schema\/person\/20d92b6bd913e6447a4599f0a334fe20\"},\"potentialAction\":[{\"@type\":\"SearchAction\",\"target\":{\"@type\":\"EntryPoint\",\"urlTemplate\":\"https:\/\/www.antoniomachado.net\/es\/?s={search_term_string}\"},\"query-input\":{\"@type\":\"PropertyValueSpecification\",\"valueRequired\":true,\"valueName\":\"search_term_string\"}}],\"inLanguage\":\"es\"},{\"@type\":[\"Person\",\"Organization\"],\"@id\":\"https:\/\/www.antoniomachado.net\/es\/#\/schema\/person\/20d92b6bd913e6447a4599f0a334fe20\",\"name\":\"Antonio Machado\",\"image\":{\"@type\":\"ImageObject\",\"inLanguage\":\"es\",\"@id\":\"https:\/\/www.antoniomachado.net\/es\/#\/schema\/person\/image\/\",\"url\":\"https:\/\/www.antoniomachado.net\/wp-content\/uploads\/images\/icons\/avatar_antonio-machado-carrillo.png\",\"contentUrl\":\"https:\/\/www.antoniomachado.net\/wp-content\/uploads\/images\/icons\/avatar_antonio-machado-carrillo.png\",\"width\":320,\"height\":417,\"caption\":\"Antonio Machado\"},\"logo\":{\"@id\":\"https:\/\/www.antoniomachado.net\/es\/#\/schema\/person\/image\/\"},\"description\":\"I am based in Tenerife, one of the Canary Islands, and I am crazy about beetles which are my hobby. However, as a multipurpose professional biologist I have been involved in nature conservation and environmental affairs, teaching Ecology, legal drafting, and other more or less related activities.\",\"sameAs\":[\"http:\/\/www.antoniomachado.net\",\"https:\/\/x.com\/laparocerus\"]}]}<\/script>\n<!-- \/ Yoast SEO plugin. -->","yoast_head_json":{"title":"CURRICULUM BREVE | www.antoniomachado.net","robots":{"index":"index","follow":"follow","max-snippet":"max-snippet:-1","max-image-preview":"max-image-preview:large","max-video-preview":"max-video-preview:-1"},"canonical":"https:\/\/www.antoniomachado.net\/es\/bienvenido\/curriculum-breve\/","og_locale":"es_ES","og_type":"article","og_title":"CURRICULUM BREVE | www.antoniomachado.net","og_description":"[vc_row css=\u00bb.vc_custom_1424441944024{margin-top: 0px !important;margin-bottom: 0px !important;border-top-width: 40px !important;border-bottom-width: 30px !important;padding-top: 40px !important;padding-bottom: 30px !important;}\u00bb][vc_column][\/vc_column][\/vc_row][vc_row css=\u00bb.vc_custom_1424441453901{margin-top: 0px !important;border-top-width: 30px !important;padding-top: 30px [&hellip;]","og_url":"https:\/\/www.antoniomachado.net\/es\/bienvenido\/curriculum-breve\/","og_site_name":"www.antoniomachado.net","article_modified_time":"2022-12-11T23:20:23+00:00","twitter_card":"summary_large_image","twitter_site":"@laparocerus","twitter_misc":{"Tiempo de lectura":"2 minutos"},"schema":{"@context":"https:\/\/schema.org","@graph":[{"@type":"WebPage","@id":"https:\/\/www.antoniomachado.net\/es\/bienvenido\/curriculum-breve\/","url":"https:\/\/www.antoniomachado.net\/es\/bienvenido\/curriculum-breve\/","name":"CURRICULUM BREVE | www.antoniomachado.net","isPartOf":{"@id":"https:\/\/www.antoniomachado.net\/es\/#website"},"datePublished":"2015-01-21T10:18:52+00:00","dateModified":"2022-12-11T23:20:23+00:00","breadcrumb":{"@id":"https:\/\/www.antoniomachado.net\/es\/bienvenido\/curriculum-breve\/#breadcrumb"},"inLanguage":"es","potentialAction":[{"@type":"ReadAction","target":["https:\/\/www.antoniomachado.net\/es\/bienvenido\/curriculum-breve\/"]}]},{"@type":"BreadcrumbList","@id":"https:\/\/www.antoniomachado.net\/es\/bienvenido\/curriculum-breve\/#breadcrumb","itemListElement":[{"@type":"ListItem","position":1,"name":"Portada","item":"https:\/\/www.antoniomachado.net\/es\/"},{"@type":"ListItem","position":2,"name":"BIENVENIDO","item":"https:\/\/www.antoniomachado.net\/es\/"},{"@type":"ListItem","position":3,"name":"CURRICULUM BREVE"}]},{"@type":"WebSite","@id":"https:\/\/www.antoniomachado.net\/es\/#website","url":"https:\/\/www.antoniomachado.net\/es\/","name":"www.antoniomachado.net","description":"Dr. Antonio Machado. Bi\u00f3logo multiuso (Entomolog\u00eda, Conservaci\u00f3n de la Naturaleza, Pol\u00edtica ambiental, etc.) con sede en las islas Canarias","publisher":{"@id":"https:\/\/www.antoniomachado.net\/es\/#\/schema\/person\/20d92b6bd913e6447a4599f0a334fe20"},"potentialAction":[{"@type":"SearchAction","target":{"@type":"EntryPoint","urlTemplate":"https:\/\/www.antoniomachado.net\/es\/?s={search_term_string}"},"query-input":{"@type":"PropertyValueSpecification","valueRequired":true,"valueName":"search_term_string"}}],"inLanguage":"es"},{"@type":["Person","Organization"],"@id":"https:\/\/www.antoniomachado.net\/es\/#\/schema\/person\/20d92b6bd913e6447a4599f0a334fe20","name":"Antonio Machado","image":{"@type":"ImageObject","inLanguage":"es","@id":"https:\/\/www.antoniomachado.net\/es\/#\/schema\/person\/image\/","url":"https:\/\/www.antoniomachado.net\/wp-content\/uploads\/images\/icons\/avatar_antonio-machado-carrillo.png","contentUrl":"https:\/\/www.antoniomachado.net\/wp-content\/uploads\/images\/icons\/avatar_antonio-machado-carrillo.png","width":320,"height":417,"caption":"Antonio Machado"},"logo":{"@id":"https:\/\/www.antoniomachado.net\/es\/#\/schema\/person\/image\/"},"description":"I am based in Tenerife, one of the Canary Islands, and I am crazy about beetles which are my hobby. However, as a multipurpose professional biologist I have been involved in nature conservation and environmental affairs, teaching Ecology, legal drafting, and other more or less related activities.","sameAs":["http:\/\/www.antoniomachado.net","https:\/\/x.com\/laparocerus"]}]}},"_links":{"self":[{"href":"https:\/\/www.antoniomachado.net\/es\/wp-json\/wp\/v2\/pages\/4778","targetHints":{"allow":["GET"]}}],"collection":[{"href":"https:\/\/www.antoniomachado.net\/es\/wp-json\/wp\/v2\/pages"}],"about":[{"href":"https:\/\/www.antoniomachado.net\/es\/wp-json\/wp\/v2\/types\/page"}],"author":[{"embeddable":true,"href":"https:\/\/www.antoniomachado.net\/es\/wp-json\/wp\/v2\/users\/2"}],"replies":[{"embeddable":true,"href":"https:\/\/www.antoniomachado.net\/es\/wp-json\/wp\/v2\/comments?post=4778"}],"version-history":[{"count":0,"href":"https:\/\/www.antoniomachado.net\/es\/wp-json\/wp\/v2\/pages\/4778\/revisions"}],"up":[{"embeddable":true,"href":"https:\/\/www.antoniomachado.net\/es\/wp-json\/wp\/v2\/pages\/4755"}],"wp:attachment":[{"href":"https:\/\/www.antoniomachado.net\/es\/wp-json\/wp\/v2\/media?parent=4778"}],"curies":[{"name":"wp","href":"https:\/\/api.w.org\/{rel}","templated":true}]}}