{"id":4787,"date":"2015-03-10T19:29:43","date_gmt":"2015-03-10T19:29:43","guid":{"rendered":"http:\/\/www.antoniomachado.net\/xi-seminario-internacional-sobre-parques-nacionales\/"},"modified":"2020-03-20T21:13:22","modified_gmt":"2020-03-20T21:13:22","slug":"xi-seminario-internacional-sobre-parques-nacionales","status":"publish","type":"page","link":"https:\/\/www.antoniomachado.net\/es\/actividades\/conservacion\/xi-seminario-internacional-sobre-parques-nacionales\/","title":{"rendered":"XV Seminario internacional sobre parques nacionales"},"content":{"rendered":"<div class=\"wpb-content-wrapper\"><p>[vc_row][vc_column width=\u00bb1\/1&#8243;]<h1 class=\"fac-title text-center\" style=\"color:#dd3333\">XV International Seminar on National Parks and Equivalent Reserves<\/h1>\n[vc_column_text]En 1980, el ICONA me envi\u00f3 al <em>XI International Seminar on National Parks and Equivalent Reserves<\/em>, un prestigioso curso de entrenamiento de \u00abparqueros\u00bb organizado por el Servicio de Parques Nacionales de Estados Unidos, Parcs Canada y la Universidad de Michigan. \u00c9ramos un grupo de gestores -noveles, no tan noveles y algunos seniors- procedentes de todo el mundo; unos 30 pa\u00edses representados en total. Durante un mes absolutamente trepidante, fuimos llevados de un parque a otro, cruzando parte del continente (Canad\u00e1 y Estados Unidos) pasando por Hawaii.\u00a0 Fue un marat\u00f3n increiblemente bien organizado. Los expertos y profesionales de parques nos estaban esperando ansiosos para ense\u00f1arnos algo de teor\u00eda y luego ponernos a prueba con casos pr\u00e1cticos <em>in situ;\u00a0<\/em>cada uno diferente y de lo m\u00e1s revelador. Y sin descanso alguno, a coger el avi\u00f3n o el tren\u00a0 para acudir prestos al pr\u00f3ximo parque y atender a la siguiente lecci\u00f3n. Agotador, pero una experiencia inolvidable bajo todos los puntos de vistas. Lo importante: aprendimos mucho sobre parques aqu\u00e9l verano de 1980.[\/vc_column_text][vc_separator color=\u00bbgrey\u00bb][vc_single_image border_color=\u00bbgrey\u00bb img_link_target=\u00bb_self\u00bb image=\u00bb4170&#8243; img_size=\u00bbfull\u00bb alignment=\u00bbcenter\u00bb img_link_large=\u00bb\u00bb title=\u00bbAlumnos del seminario en el Parque Nacional de Jasper, Canada, el 6 de Agosto 1980&#8243;][vc_separator color=\u00bbgrey\u00bb][vc_row_inner][vc_column_inner width=\u00bb1\/1&#8243;][vc_column_text]<span style=\"color: #dd3333;\">Primera l\u00ednea<\/span>: <strong>Larry Cayayan<\/strong> (Filipinas), <strong>Becky Mills<\/strong> (USA), <strong>Tesuro Kaji<\/strong> (Jap\u00f3n), <strong>Shirley W. Perera<\/strong> (Sri Lanka), <strong>Withya Songkakul<\/strong> (Tailandia), <strong>Miguel Cifuentes<\/strong> (Ecuador), <strong>Abang Morshidi<\/strong> (Malasia), <strong>Colmore Christian<\/strong> (Rep\u00fablica Dominicana), <strong>y Osvaldo Zechini<\/strong> (Italia).<\/p>\n<p><span style=\"color: #dd3333;\">Segunda l\u00ednea<\/span>: <strong>Hannes de Beer<\/strong> (Republica de Sud\u00e1frica), <strong>Mario Rojas<\/strong> (Costa Rica), <strong>Alexander Louis Peal<\/strong> (Liberia), <strong>Reynaldo Arostegui<\/strong> (Nicaragua), <strong>George J. Geerling<\/strong> (Holanda), <strong>Ferdinand Baal<\/strong> (Suriname); un profesor, e <strong>Ivan V. Gavva<\/strong> (URRS).<\/p>\n<p><span style=\"color: #dd3333;\">L\u00ednea trasera<\/span> (de pie): <strong>Antonio Machado<\/strong> (Espa\u00f1a), <strong>Eli Sadot<\/strong> (Israel), <strong>Don<\/strong> <strong>Gillespie<\/strong> (USA), <strong>Rosaline Beudels<\/strong> (B\u00e9lgica), <strong>Manuel<\/strong> <strong>R\u00edos<\/strong> (Per\u00fa), <strong>Graham T. Child<\/strong> (Zimbabwe), <strong>Halcum H. Stanley<\/strong> (Canad\u00e1), <strong>Fred Bamber<\/strong> (USA), <strong>Laurant Tremblay<\/strong> (Canad\u00e1), <strong>Ross Tocher<\/strong> (USA), <strong>Mohamed Ali Moga<\/strong>l (Arabia Saud\u00ed), <strong>Ramadhan Kupaza<\/strong> (Tanzania); a teacher; <strong>Clement Mumba Mwanashiku<\/strong> (Zambia),<strong>Reinhold<\/strong> <strong>Erlbeck<\/strong> (Alemania), <strong>Tkean Konchellah<\/strong> (Tanzania), <strong>Said Al:Gahmdi<\/strong> (Saudi Arabia), <strong>Murray A. Aliot<\/strong> (Australia), <strong>Felix Nyahoza<\/strong> (Tanzania); a teacher; <strong>Eli Gustav Heden<\/strong> (Suecia) y el director <strong>Tom Thomas<\/strong> (USA).[\/vc_column_text][\/vc_column_inner][\/vc_row_inner][\/vc_column][\/vc_row]<\/p>\n<\/div>","protected":false},"excerpt":{"rendered":"<p>[vc_row][vc_column width=\u00bb1\/1&#8243;][vc_column_text]En 1980, el ICONA me envi\u00f3 al XI International Seminar on National Parks and Equivalent Reserves, un prestigioso curso [&hellip;]<\/p>\n","protected":false},"author":2,"featured_media":0,"parent":4914,"menu_order":5,"comment_status":"open","ping_status":"closed","template":"page-pagebuilder.php","meta":{"footnotes":""},"class_list":["post-4787","page","type-page","status-publish","hentry"],"yoast_head":"<!-- This site is optimized with the Yoast SEO plugin v27.1.1 - https:\/\/yoast.com\/product\/yoast-seo-wordpress\/ -->\n<title>PARQUES NACIONALES | XV Seminario Internacional (1980)<\/title>\n<meta name=\"description\" content=\"En 1980 particip\u00e9 en el XI Seminariio de Parques Nacionales y Reservas Equivalentes, un prestigioso curso para la formaci\u00f3n de &quot;parqueros&quot; que organiza el Servicio de Parques Nacionales de Estados Unidos, Parcs Canada y la Universidad de Michigan.\" \/>\n<meta name=\"robots\" content=\"index, follow, max-snippet:-1, max-image-preview:large, max-video-preview:-1\" \/>\n<link rel=\"canonical\" href=\"https:\/\/www.antoniomachado.net\/es\/actividades\/conservacion\/xi-seminario-internacional-sobre-parques-nacionales\/\" \/>\n<meta property=\"og:locale\" content=\"es_ES\" \/>\n<meta property=\"og:type\" content=\"article\" \/>\n<meta property=\"og:title\" content=\"PARQUES NACIONALES | XV Seminario Internacional (1980)\" \/>\n<meta property=\"og:description\" content=\"En 1980 particip\u00e9 en el XI Seminariio de Parques Nacionales y Reservas Equivalentes, un prestigioso curso para la formaci\u00f3n de &quot;parqueros&quot; que organiza el Servicio de Parques Nacionales de Estados Unidos, Parcs Canada y la Universidad de Michigan.\" \/>\n<meta property=\"og:url\" content=\"https:\/\/www.antoniomachado.net\/es\/actividades\/conservacion\/xi-seminario-internacional-sobre-parques-nacionales\/\" \/>\n<meta property=\"og:site_name\" content=\"www.antoniomachado.net\" \/>\n<meta property=\"article:modified_time\" content=\"2020-03-20T21:13:22+00:00\" \/>\n<meta name=\"twitter:card\" content=\"summary_large_image\" \/>\n<meta name=\"twitter:site\" content=\"@laparocerus\" \/>\n<meta name=\"twitter:label1\" content=\"Tiempo de lectura\" \/>\n\t<meta name=\"twitter:data1\" content=\"2 minutos\" \/>\n<script type=\"application\/ld+json\" class=\"yoast-schema-graph\">{\"@context\":\"https:\/\/schema.org\",\"@graph\":[{\"@type\":\"WebPage\",\"@id\":\"https:\/\/www.antoniomachado.net\/es\/actividades\/conservacion\/xi-seminario-internacional-sobre-parques-nacionales\/\",\"url\":\"https:\/\/www.antoniomachado.net\/es\/actividades\/conservacion\/xi-seminario-internacional-sobre-parques-nacionales\/\",\"name\":\"PARQUES NACIONALES | XV Seminario Internacional (1980)\",\"isPartOf\":{\"@id\":\"https:\/\/www.antoniomachado.net\/es\/#website\"},\"datePublished\":\"2015-03-10T19:29:43+00:00\",\"dateModified\":\"2020-03-20T21:13:22+00:00\",\"description\":\"En 1980 particip\u00e9 en el XI Seminariio de Parques Nacionales y Reservas Equivalentes, un prestigioso curso para la formaci\u00f3n de \\\"parqueros\\\" que organiza el Servicio de Parques Nacionales de Estados Unidos, Parcs Canada y la Universidad de Michigan.\",\"breadcrumb\":{\"@id\":\"https:\/\/www.antoniomachado.net\/es\/actividades\/conservacion\/xi-seminario-internacional-sobre-parques-nacionales\/#breadcrumb\"},\"inLanguage\":\"es\",\"potentialAction\":[{\"@type\":\"ReadAction\",\"target\":[\"https:\/\/www.antoniomachado.net\/es\/actividades\/conservacion\/xi-seminario-internacional-sobre-parques-nacionales\/\"]}]},{\"@type\":\"BreadcrumbList\",\"@id\":\"https:\/\/www.antoniomachado.net\/es\/actividades\/conservacion\/xi-seminario-internacional-sobre-parques-nacionales\/#breadcrumb\",\"itemListElement\":[{\"@type\":\"ListItem\",\"position\":1,\"name\":\"Portada\",\"item\":\"https:\/\/www.antoniomachado.net\/es\/\"},{\"@type\":\"ListItem\",\"position\":2,\"name\":\"ACTIVIDADES\",\"item\":\"https:\/\/www.antoniomachado.net\/es\/actividades\/\"},{\"@type\":\"ListItem\",\"position\":3,\"name\":\"CONSERVACI\u00d3N\",\"item\":\"https:\/\/www.antoniomachado.net\/es\/actividades\/conservacion\/\"},{\"@type\":\"ListItem\",\"position\":4,\"name\":\"XV Seminario internacional sobre parques nacionales\"}]},{\"@type\":\"WebSite\",\"@id\":\"https:\/\/www.antoniomachado.net\/es\/#website\",\"url\":\"https:\/\/www.antoniomachado.net\/es\/\",\"name\":\"www.antoniomachado.net\",\"description\":\"Dr. Antonio Machado. Bi\u00f3logo multiuso (Entomolog\u00eda, Conservaci\u00f3n de la Naturaleza, Pol\u00edtica ambiental, etc.) con sede en las islas Canarias\",\"publisher\":{\"@id\":\"https:\/\/www.antoniomachado.net\/es\/#\/schema\/person\/20d92b6bd913e6447a4599f0a334fe20\"},\"potentialAction\":[{\"@type\":\"SearchAction\",\"target\":{\"@type\":\"EntryPoint\",\"urlTemplate\":\"https:\/\/www.antoniomachado.net\/es\/?s={search_term_string}\"},\"query-input\":{\"@type\":\"PropertyValueSpecification\",\"valueRequired\":true,\"valueName\":\"search_term_string\"}}],\"inLanguage\":\"es\"},{\"@type\":[\"Person\",\"Organization\"],\"@id\":\"https:\/\/www.antoniomachado.net\/es\/#\/schema\/person\/20d92b6bd913e6447a4599f0a334fe20\",\"name\":\"Antonio Machado\",\"image\":{\"@type\":\"ImageObject\",\"inLanguage\":\"es\",\"@id\":\"https:\/\/www.antoniomachado.net\/es\/#\/schema\/person\/image\/\",\"url\":\"https:\/\/www.antoniomachado.net\/wp-content\/uploads\/images\/icons\/avatar_antonio-machado-carrillo.png\",\"contentUrl\":\"https:\/\/www.antoniomachado.net\/wp-content\/uploads\/images\/icons\/avatar_antonio-machado-carrillo.png\",\"width\":320,\"height\":417,\"caption\":\"Antonio Machado\"},\"logo\":{\"@id\":\"https:\/\/www.antoniomachado.net\/es\/#\/schema\/person\/image\/\"},\"description\":\"I am based in Tenerife, one of the Canary Islands, and I am crazy about beetles which are my hobby. However, as a multipurpose professional biologist I have been involved in nature conservation and environmental affairs, teaching Ecology, legal drafting, and other more or less related activities.\",\"sameAs\":[\"http:\/\/www.antoniomachado.net\",\"https:\/\/x.com\/laparocerus\"]}]}<\/script>\n<!-- \/ Yoast SEO plugin. -->","yoast_head_json":{"title":"PARQUES NACIONALES | XV Seminario Internacional (1980)","description":"En 1980 particip\u00e9 en el XI Seminariio de Parques Nacionales y Reservas Equivalentes, un prestigioso curso para la formaci\u00f3n de \"parqueros\" que organiza el Servicio de Parques Nacionales de Estados Unidos, Parcs Canada y la Universidad de Michigan.","robots":{"index":"index","follow":"follow","max-snippet":"max-snippet:-1","max-image-preview":"max-image-preview:large","max-video-preview":"max-video-preview:-1"},"canonical":"https:\/\/www.antoniomachado.net\/es\/actividades\/conservacion\/xi-seminario-internacional-sobre-parques-nacionales\/","og_locale":"es_ES","og_type":"article","og_title":"PARQUES NACIONALES | XV Seminario Internacional (1980)","og_description":"En 1980 particip\u00e9 en el XI Seminariio de Parques Nacionales y Reservas Equivalentes, un prestigioso curso para la formaci\u00f3n de \"parqueros\" que organiza el Servicio de Parques Nacionales de Estados Unidos, Parcs Canada y la Universidad de Michigan.","og_url":"https:\/\/www.antoniomachado.net\/es\/actividades\/conservacion\/xi-seminario-internacional-sobre-parques-nacionales\/","og_site_name":"www.antoniomachado.net","article_modified_time":"2020-03-20T21:13:22+00:00","twitter_card":"summary_large_image","twitter_site":"@laparocerus","twitter_misc":{"Tiempo de lectura":"2 minutos"},"schema":{"@context":"https:\/\/schema.org","@graph":[{"@type":"WebPage","@id":"https:\/\/www.antoniomachado.net\/es\/actividades\/conservacion\/xi-seminario-internacional-sobre-parques-nacionales\/","url":"https:\/\/www.antoniomachado.net\/es\/actividades\/conservacion\/xi-seminario-internacional-sobre-parques-nacionales\/","name":"PARQUES NACIONALES | XV Seminario Internacional (1980)","isPartOf":{"@id":"https:\/\/www.antoniomachado.net\/es\/#website"},"datePublished":"2015-03-10T19:29:43+00:00","dateModified":"2020-03-20T21:13:22+00:00","description":"En 1980 particip\u00e9 en el XI Seminariio de Parques Nacionales y Reservas Equivalentes, un prestigioso curso para la formaci\u00f3n de \"parqueros\" que organiza el Servicio de Parques Nacionales de Estados Unidos, Parcs Canada y la Universidad de Michigan.","breadcrumb":{"@id":"https:\/\/www.antoniomachado.net\/es\/actividades\/conservacion\/xi-seminario-internacional-sobre-parques-nacionales\/#breadcrumb"},"inLanguage":"es","potentialAction":[{"@type":"ReadAction","target":["https:\/\/www.antoniomachado.net\/es\/actividades\/conservacion\/xi-seminario-internacional-sobre-parques-nacionales\/"]}]},{"@type":"BreadcrumbList","@id":"https:\/\/www.antoniomachado.net\/es\/actividades\/conservacion\/xi-seminario-internacional-sobre-parques-nacionales\/#breadcrumb","itemListElement":[{"@type":"ListItem","position":1,"name":"Portada","item":"https:\/\/www.antoniomachado.net\/es\/"},{"@type":"ListItem","position":2,"name":"ACTIVIDADES","item":"https:\/\/www.antoniomachado.net\/es\/actividades\/"},{"@type":"ListItem","position":3,"name":"CONSERVACI\u00d3N","item":"https:\/\/www.antoniomachado.net\/es\/actividades\/conservacion\/"},{"@type":"ListItem","position":4,"name":"XV Seminario internacional sobre parques nacionales"}]},{"@type":"WebSite","@id":"https:\/\/www.antoniomachado.net\/es\/#website","url":"https:\/\/www.antoniomachado.net\/es\/","name":"www.antoniomachado.net","description":"Dr. Antonio Machado. Bi\u00f3logo multiuso (Entomolog\u00eda, Conservaci\u00f3n de la Naturaleza, Pol\u00edtica ambiental, etc.) con sede en las islas Canarias","publisher":{"@id":"https:\/\/www.antoniomachado.net\/es\/#\/schema\/person\/20d92b6bd913e6447a4599f0a334fe20"},"potentialAction":[{"@type":"SearchAction","target":{"@type":"EntryPoint","urlTemplate":"https:\/\/www.antoniomachado.net\/es\/?s={search_term_string}"},"query-input":{"@type":"PropertyValueSpecification","valueRequired":true,"valueName":"search_term_string"}}],"inLanguage":"es"},{"@type":["Person","Organization"],"@id":"https:\/\/www.antoniomachado.net\/es\/#\/schema\/person\/20d92b6bd913e6447a4599f0a334fe20","name":"Antonio Machado","image":{"@type":"ImageObject","inLanguage":"es","@id":"https:\/\/www.antoniomachado.net\/es\/#\/schema\/person\/image\/","url":"https:\/\/www.antoniomachado.net\/wp-content\/uploads\/images\/icons\/avatar_antonio-machado-carrillo.png","contentUrl":"https:\/\/www.antoniomachado.net\/wp-content\/uploads\/images\/icons\/avatar_antonio-machado-carrillo.png","width":320,"height":417,"caption":"Antonio Machado"},"logo":{"@id":"https:\/\/www.antoniomachado.net\/es\/#\/schema\/person\/image\/"},"description":"I am based in Tenerife, one of the Canary Islands, and I am crazy about beetles which are my hobby. However, as a multipurpose professional biologist I have been involved in nature conservation and environmental affairs, teaching Ecology, legal drafting, and other more or less related activities.","sameAs":["http:\/\/www.antoniomachado.net","https:\/\/x.com\/laparocerus"]}]}},"_links":{"self":[{"href":"https:\/\/www.antoniomachado.net\/es\/wp-json\/wp\/v2\/pages\/4787","targetHints":{"allow":["GET"]}}],"collection":[{"href":"https:\/\/www.antoniomachado.net\/es\/wp-json\/wp\/v2\/pages"}],"about":[{"href":"https:\/\/www.antoniomachado.net\/es\/wp-json\/wp\/v2\/types\/page"}],"author":[{"embeddable":true,"href":"https:\/\/www.antoniomachado.net\/es\/wp-json\/wp\/v2\/users\/2"}],"replies":[{"embeddable":true,"href":"https:\/\/www.antoniomachado.net\/es\/wp-json\/wp\/v2\/comments?post=4787"}],"version-history":[{"count":0,"href":"https:\/\/www.antoniomachado.net\/es\/wp-json\/wp\/v2\/pages\/4787\/revisions"}],"up":[{"embeddable":true,"href":"https:\/\/www.antoniomachado.net\/es\/wp-json\/wp\/v2\/pages\/4914"}],"wp:attachment":[{"href":"https:\/\/www.antoniomachado.net\/es\/wp-json\/wp\/v2\/media?parent=4787"}],"curies":[{"name":"wp","href":"https:\/\/api.w.org\/{rel}","templated":true}]}}