{"id":4789,"date":"2015-02-22T12:29:30","date_gmt":"2015-02-22T12:29:30","guid":{"rendered":"http:\/\/www.antoniomachado.net\/entrevistas\/"},"modified":"2022-01-31T12:11:46","modified_gmt":"2022-01-31T12:11:46","slug":"entrevistas","status":"publish","type":"page","link":"https:\/\/www.antoniomachado.net\/es\/entrevistas\/","title":{"rendered":"ENTREVISTAS"},"content":{"rendered":"<div class=\"wpb-content-wrapper\"><p>[vc_row][vc_column][vc_column_text][\/vc_column_text][\/vc_column][\/vc_row][vc_row css=\u00bb.vc_custom_1427143346356{margin-bottom: 0px !important;border-bottom-width: 30px !important;padding-bottom: 30px !important;}\u00bb][vc_column width=\u00bb2\/3&#8243;]<h1 class=\"fac-big-title fac-title text-center\" style=\"color:#dd3333\">ENTREVISTAS<\/h1>\n[\/vc_column][vc_column width=\u00bb1\/3&#8243;][vc_wp_custommenu nav_menu=\u00bb152&#8243;][\/vc_column][\/vc_row][vc_row][vc_column][vc_column_text]<\/p>\n<p style=\"text-align: left;\">Las entrevistas acontecen de vez en cuando, de manera irregular, y no siempre de manera inocente. Son reflejo de una situaci\u00f3n, de intereses honestos, y a veces, como dije, de intenciones muy concretas. En cualquier caso, al fijar las opiniones en el tiempo, ayudan a analizar la coherencia y a seguir la evoluci\u00f3n de la persona entrevistada, si es que \u00e9sta se da, obviamente.<\/p>\n<p style=\"text-align: left;\">Se presenta aqu\u00ed una selecci\u00f3n de entrevistas publicadas mayormente en la prensa local, en revistas o grabadas de la radio o televisi\u00f3n. Algunas son gen\u00e9ricas mientras que otras se centran en temas espec\u00edficos. He marcado con un coraz\u00f3n verde aqu\u00e9llas a mi mujer (que es periodista) le gust\u00e1n m\u00e1s. Un poquito sesgado, tal vez&#8230;<\/p>\n<p>[\/vc_column_text][\/vc_column][\/vc_row]<\/p>\n<\/div>","protected":false},"excerpt":{"rendered":"<p>[vc_row][vc_column][vc_column_text][\/vc_column_text][\/vc_column][\/vc_row][vc_row css=\u00bb.vc_custom_1427143346356{margin-bottom: 0px !important;border-bottom-width: 30px !important;padding-bottom: 30px !important;}\u00bb][vc_column width=\u00bb2\/3&#8243;][\/vc_column][vc_column width=\u00bb1\/3&#8243;][vc_wp_custommenu nav_menu=\u00bb152&#8243;][\/vc_column][\/vc_row][vc_row][vc_column][vc_column_text] Las entrevistas acontecen de vez en cuando, de manera [&hellip;]<\/p>\n","protected":false},"author":2,"featured_media":0,"parent":0,"menu_order":4,"comment_status":"open","ping_status":"closed","template":"page-pagebuilder.php","meta":{"footnotes":""},"class_list":["post-4789","page","type-page","status-publish","hentry"],"yoast_head":"<!-- This site is optimized with the Yoast SEO plugin v27.1.1 - https:\/\/yoast.com\/product\/yoast-seo-wordpress\/ -->\n<title>ENTREVISTAS | www.antoniomachado.net<\/title>\n<meta name=\"robots\" content=\"index, follow, max-snippet:-1, max-image-preview:large, max-video-preview:-1\" \/>\n<link rel=\"canonical\" href=\"https:\/\/www.antoniomachado.net\/es\/entrevistas\/\" \/>\n<meta property=\"og:locale\" content=\"es_ES\" \/>\n<meta property=\"og:type\" content=\"article\" \/>\n<meta property=\"og:title\" content=\"ENTREVISTAS | www.antoniomachado.net\" \/>\n<meta property=\"og:description\" content=\"[vc_row][vc_column][vc_column_text][\/vc_column_text][\/vc_column][\/vc_row][vc_row css=\u00bb.vc_custom_1427143346356{margin-bottom: 0px !important;border-bottom-width: 30px !important;padding-bottom: 30px !important;}\u00bb][vc_column width=\u00bb2\/3&#8243;][\/vc_column][vc_column width=\u00bb1\/3&#8243;][vc_wp_custommenu nav_menu=\u00bb152&#8243;][\/vc_column][\/vc_row][vc_row][vc_column][vc_column_text] Las entrevistas acontecen de vez en cuando, de manera [&hellip;]\" \/>\n<meta property=\"og:url\" content=\"https:\/\/www.antoniomachado.net\/es\/entrevistas\/\" \/>\n<meta property=\"og:site_name\" content=\"www.antoniomachado.net\" \/>\n<meta property=\"article:modified_time\" content=\"2022-01-31T12:11:46+00:00\" \/>\n<meta name=\"twitter:card\" content=\"summary_large_image\" \/>\n<meta name=\"twitter:site\" content=\"@laparocerus\" \/>\n<meta name=\"twitter:label1\" content=\"Tiempo de lectura\" \/>\n\t<meta name=\"twitter:data1\" content=\"1 minuto\" \/>\n<script type=\"application\/ld+json\" class=\"yoast-schema-graph\">{\"@context\":\"https:\/\/schema.org\",\"@graph\":[{\"@type\":\"WebPage\",\"@id\":\"https:\/\/www.antoniomachado.net\/es\/entrevistas\/\",\"url\":\"https:\/\/www.antoniomachado.net\/es\/entrevistas\/\",\"name\":\"ENTREVISTAS | www.antoniomachado.net\",\"isPartOf\":{\"@id\":\"https:\/\/www.antoniomachado.net\/es\/#website\"},\"datePublished\":\"2015-02-22T12:29:30+00:00\",\"dateModified\":\"2022-01-31T12:11:46+00:00\",\"breadcrumb\":{\"@id\":\"https:\/\/www.antoniomachado.net\/es\/entrevistas\/#breadcrumb\"},\"inLanguage\":\"es\",\"potentialAction\":[{\"@type\":\"ReadAction\",\"target\":[\"https:\/\/www.antoniomachado.net\/es\/entrevistas\/\"]}]},{\"@type\":\"BreadcrumbList\",\"@id\":\"https:\/\/www.antoniomachado.net\/es\/entrevistas\/#breadcrumb\",\"itemListElement\":[{\"@type\":\"ListItem\",\"position\":1,\"name\":\"Portada\",\"item\":\"https:\/\/www.antoniomachado.net\/es\/\"},{\"@type\":\"ListItem\",\"position\":2,\"name\":\"ENTREVISTAS\"}]},{\"@type\":\"WebSite\",\"@id\":\"https:\/\/www.antoniomachado.net\/es\/#website\",\"url\":\"https:\/\/www.antoniomachado.net\/es\/\",\"name\":\"www.antoniomachado.net\",\"description\":\"Dr. Antonio Machado. Bi\u00f3logo multiuso (Entomolog\u00eda, Conservaci\u00f3n de la Naturaleza, Pol\u00edtica ambiental, etc.) con sede en las islas Canarias\",\"publisher\":{\"@id\":\"https:\/\/www.antoniomachado.net\/es\/#\/schema\/person\/20d92b6bd913e6447a4599f0a334fe20\"},\"potentialAction\":[{\"@type\":\"SearchAction\",\"target\":{\"@type\":\"EntryPoint\",\"urlTemplate\":\"https:\/\/www.antoniomachado.net\/es\/?s={search_term_string}\"},\"query-input\":{\"@type\":\"PropertyValueSpecification\",\"valueRequired\":true,\"valueName\":\"search_term_string\"}}],\"inLanguage\":\"es\"},{\"@type\":[\"Person\",\"Organization\"],\"@id\":\"https:\/\/www.antoniomachado.net\/es\/#\/schema\/person\/20d92b6bd913e6447a4599f0a334fe20\",\"name\":\"Antonio Machado\",\"image\":{\"@type\":\"ImageObject\",\"inLanguage\":\"es\",\"@id\":\"https:\/\/www.antoniomachado.net\/es\/#\/schema\/person\/image\/\",\"url\":\"https:\/\/www.antoniomachado.net\/wp-content\/uploads\/images\/icons\/avatar_antonio-machado-carrillo.png\",\"contentUrl\":\"https:\/\/www.antoniomachado.net\/wp-content\/uploads\/images\/icons\/avatar_antonio-machado-carrillo.png\",\"width\":320,\"height\":417,\"caption\":\"Antonio Machado\"},\"logo\":{\"@id\":\"https:\/\/www.antoniomachado.net\/es\/#\/schema\/person\/image\/\"},\"description\":\"I am based in Tenerife, one of the Canary Islands, and I am crazy about beetles which are my hobby. However, as a multipurpose professional biologist I have been involved in nature conservation and environmental affairs, teaching Ecology, legal drafting, and other more or less related activities.\",\"sameAs\":[\"http:\/\/www.antoniomachado.net\",\"https:\/\/x.com\/laparocerus\"]}]}<\/script>\n<!-- \/ Yoast SEO plugin. -->","yoast_head_json":{"title":"ENTREVISTAS | www.antoniomachado.net","robots":{"index":"index","follow":"follow","max-snippet":"max-snippet:-1","max-image-preview":"max-image-preview:large","max-video-preview":"max-video-preview:-1"},"canonical":"https:\/\/www.antoniomachado.net\/es\/entrevistas\/","og_locale":"es_ES","og_type":"article","og_title":"ENTREVISTAS | www.antoniomachado.net","og_description":"[vc_row][vc_column][vc_column_text][\/vc_column_text][\/vc_column][\/vc_row][vc_row css=\u00bb.vc_custom_1427143346356{margin-bottom: 0px !important;border-bottom-width: 30px !important;padding-bottom: 30px !important;}\u00bb][vc_column width=\u00bb2\/3&#8243;][\/vc_column][vc_column width=\u00bb1\/3&#8243;][vc_wp_custommenu nav_menu=\u00bb152&#8243;][\/vc_column][\/vc_row][vc_row][vc_column][vc_column_text] Las entrevistas acontecen de vez en cuando, de manera [&hellip;]","og_url":"https:\/\/www.antoniomachado.net\/es\/entrevistas\/","og_site_name":"www.antoniomachado.net","article_modified_time":"2022-01-31T12:11:46+00:00","twitter_card":"summary_large_image","twitter_site":"@laparocerus","twitter_misc":{"Tiempo de lectura":"1 minuto"},"schema":{"@context":"https:\/\/schema.org","@graph":[{"@type":"WebPage","@id":"https:\/\/www.antoniomachado.net\/es\/entrevistas\/","url":"https:\/\/www.antoniomachado.net\/es\/entrevistas\/","name":"ENTREVISTAS | www.antoniomachado.net","isPartOf":{"@id":"https:\/\/www.antoniomachado.net\/es\/#website"},"datePublished":"2015-02-22T12:29:30+00:00","dateModified":"2022-01-31T12:11:46+00:00","breadcrumb":{"@id":"https:\/\/www.antoniomachado.net\/es\/entrevistas\/#breadcrumb"},"inLanguage":"es","potentialAction":[{"@type":"ReadAction","target":["https:\/\/www.antoniomachado.net\/es\/entrevistas\/"]}]},{"@type":"BreadcrumbList","@id":"https:\/\/www.antoniomachado.net\/es\/entrevistas\/#breadcrumb","itemListElement":[{"@type":"ListItem","position":1,"name":"Portada","item":"https:\/\/www.antoniomachado.net\/es\/"},{"@type":"ListItem","position":2,"name":"ENTREVISTAS"}]},{"@type":"WebSite","@id":"https:\/\/www.antoniomachado.net\/es\/#website","url":"https:\/\/www.antoniomachado.net\/es\/","name":"www.antoniomachado.net","description":"Dr. Antonio Machado. Bi\u00f3logo multiuso (Entomolog\u00eda, Conservaci\u00f3n de la Naturaleza, Pol\u00edtica ambiental, etc.) con sede en las islas Canarias","publisher":{"@id":"https:\/\/www.antoniomachado.net\/es\/#\/schema\/person\/20d92b6bd913e6447a4599f0a334fe20"},"potentialAction":[{"@type":"SearchAction","target":{"@type":"EntryPoint","urlTemplate":"https:\/\/www.antoniomachado.net\/es\/?s={search_term_string}"},"query-input":{"@type":"PropertyValueSpecification","valueRequired":true,"valueName":"search_term_string"}}],"inLanguage":"es"},{"@type":["Person","Organization"],"@id":"https:\/\/www.antoniomachado.net\/es\/#\/schema\/person\/20d92b6bd913e6447a4599f0a334fe20","name":"Antonio Machado","image":{"@type":"ImageObject","inLanguage":"es","@id":"https:\/\/www.antoniomachado.net\/es\/#\/schema\/person\/image\/","url":"https:\/\/www.antoniomachado.net\/wp-content\/uploads\/images\/icons\/avatar_antonio-machado-carrillo.png","contentUrl":"https:\/\/www.antoniomachado.net\/wp-content\/uploads\/images\/icons\/avatar_antonio-machado-carrillo.png","width":320,"height":417,"caption":"Antonio Machado"},"logo":{"@id":"https:\/\/www.antoniomachado.net\/es\/#\/schema\/person\/image\/"},"description":"I am based in Tenerife, one of the Canary Islands, and I am crazy about beetles which are my hobby. However, as a multipurpose professional biologist I have been involved in nature conservation and environmental affairs, teaching Ecology, legal drafting, and other more or less related activities.","sameAs":["http:\/\/www.antoniomachado.net","https:\/\/x.com\/laparocerus"]}]}},"_links":{"self":[{"href":"https:\/\/www.antoniomachado.net\/es\/wp-json\/wp\/v2\/pages\/4789","targetHints":{"allow":["GET"]}}],"collection":[{"href":"https:\/\/www.antoniomachado.net\/es\/wp-json\/wp\/v2\/pages"}],"about":[{"href":"https:\/\/www.antoniomachado.net\/es\/wp-json\/wp\/v2\/types\/page"}],"author":[{"embeddable":true,"href":"https:\/\/www.antoniomachado.net\/es\/wp-json\/wp\/v2\/users\/2"}],"replies":[{"embeddable":true,"href":"https:\/\/www.antoniomachado.net\/es\/wp-json\/wp\/v2\/comments?post=4789"}],"version-history":[{"count":0,"href":"https:\/\/www.antoniomachado.net\/es\/wp-json\/wp\/v2\/pages\/4789\/revisions"}],"wp:attachment":[{"href":"https:\/\/www.antoniomachado.net\/es\/wp-json\/wp\/v2\/media?parent=4789"}],"curies":[{"name":"wp","href":"https:\/\/api.w.org\/{rel}","templated":true}]}}