{"id":4808,"date":"2015-01-15T20:28:02","date_gmt":"2015-01-15T20:28:02","guid":{"rendered":"http:\/\/www.antoniomachado.net\/enlaces-de-interes\/"},"modified":"2024-12-25T13:43:03","modified_gmt":"2024-12-25T13:43:03","slug":"enlaces-de-interes","status":"publish","type":"page","link":"https:\/\/www.antoniomachado.net\/es\/miscelanea\/enlaces-de-interes\/","title":{"rendered":"ENLACES"},"content":{"rendered":"<div class=\"wpb-content-wrapper\"><p>[vc_row css=\u00bb.vc_custom_1424710343021{margin-top: 0px !important;margin-bottom: 0px !important;border-top-width: 50px !important;border-bottom-width: 30px !important;padding-top: 50px !important;padding-bottom: 30px !important;}\u00bb][vc_column width=\u00bb1\/1&#8243;]<h1 class=\"fac-title text-center\" style=\"color:#dd3333\">ENLACES DE INTER\u00c9S<\/h1>\n[\/vc_column][\/vc_row][vc_row][vc_column width=\u00bb1\/3&#8243;][vc_column_text]<\/p>\n<dl id=\"attachment_481\">\n<dt><a title=\"European Commission for Nature Conservation\" href=\"https:\/\/www.ecnc.org\/\" target=\"_blank\"><img loading=\"lazy\" decoding=\"async\" class=\"alignleft wp-image-481 size-full\" src=\"https:\/\/www.antoniomachado.net\/wp-content\/uploads\/images\/logos\/logos-links-ECNC-100x120.jpg\" alt=\"Logo: ECNC\" width=\"120\" height=\"100\" \/><\/a><\/dt>\n<\/dl>\n<h5><strong>European Centre for Nature Conservation<\/strong><\/h5>\n<h5>Tilburg, Netherlands<\/h5>\n<p>[\/vc_column_text][vc_separator color=\u00bbgrey\u00bb][vc_column_text]<a title=\"World Academy of Arts &amp; Science\" href=\"https:\/\/worldacademy.org\/\" target=\"_blank\"><img loading=\"lazy\" decoding=\"async\" class=\"alignleft wp-image-491 size-full\" src=\"https:\/\/www.antoniomachado.net\/wp-content\/uploads\/images\/logos\/logos-links-waas-100x120.jpg\" alt=\"Logo: World Academy of Arts &amp; Science\" width=\"120\" height=\"100\" \/><\/a><\/p>\n<h5><strong>World Academy of Arts &amp; Science<\/strong><\/h5>\n<h5>California, Estados Unidos<\/h5>\n<p>[\/vc_column_text][vc_separator color=\u00bbgrey\u00bb][vc_column_text]<a title=\"Fundaci\u00f3n C\u00e9sar Manrique\" href=\"https:\/\/www.fcmanrique.org\/\" target=\"_blank\"><img loading=\"lazy\" decoding=\"async\" class=\"alignleft wp-image-487 size-full\" src=\"https:\/\/www.antoniomachado.net\/wp-content\/uploads\/images\/logos\/logos-links-manrique-100x120.jpg\" alt=\"Logo: Fundaci\u00f3n C\u00e9sar Manrique\" width=\"120\" height=\"100\" \/><\/a><\/p>\n<h5><strong>Fundaci\u00f3n C\u00e9sar Manrique<\/strong><\/h5>\n<h5>Lanzarote, Islas Canarias<\/h5>\n<p>[\/vc_column_text][vc_separator color=\u00bbgrey\u00bb][vc_column_text]<a title=\"Colegio Oficial de Bi\u00f3logos de Canarias\" href=\"https:\/\/www.cob.es\/\" target=\"_blank\"><img loading=\"lazy\" decoding=\"async\" class=\"alignleft wp-image-479 size-full\" src=\"https:\/\/www.antoniomachado.net\/wp-content\/uploads\/images\/logos\/logos-links-colegio-bio-100x120.jpg\" alt=\"logo: Colegio de Bi\u00f3logos\" width=\"120\" height=\"100\" \/><\/a><\/p>\n<h5><strong>Colegio Oficial de Bi\u00f3logos de Canarias<\/strong><\/h5>\n<h5>Tenerife, Islas Canarias<\/h5>\n<p>[\/vc_column_text][vc_separator color=\u00bbgrey\u00bb][vc_column_text]<a title=\"Museo de La Naturaleza y el Hombre\" href=\"https:\/\/www.museosdetenerife.org\/muna-museo-de-naturaleza-y-arqueologia\/\" target=\"_blank\"><img loading=\"lazy\" decoding=\"async\" class=\"alignleft wp-image-486 size-full\" src=\"https:\/\/www.antoniomachado.net\/wp-content\/uploads\/images\/logos\/logos-links-m-naturaleza-100x120.jpg\" alt=\"Logo: Museo de la Naturaleza y el Hombre\" width=\"120\" height=\"100\" \/><\/a><\/p>\n<h5><strong>Museo de la Naturaleza y el Hombre<\/strong><\/h5>\n<h5>Tenerife, Islas Canarias<\/h5>\n<p>[\/vc_column_text][vc_separator color=\u00bbgrey\u00bb][vc_separator color=\u00bbgrey\u00bb][\/vc_column][vc_column width=\u00bb1\/3&#8243;][vc_column_text]<\/p>\n<h5><a title=\"Uni\u00f3n Internacional para la Conservaci\u00f3n de la Naturaleza\" href=\"https:\/\/www.iucn.org\/\" target=\"_blank\"><img loading=\"lazy\" decoding=\"async\" class=\"alignleft wp-image-484 size-full\" src=\"https:\/\/www.antoniomachado.net\/wp-content\/uploads\/images\/logos\/logos-links-iucn-100x120.jpg\" alt=\"Logo: IUCN\" width=\"120\" height=\"100\" \/><\/a><\/h5>\n<h5><strong>International Union for Conservation of Nature<\/strong><\/h5>\n<h5>Gland, Suiza<\/h5>\n<p>[\/vc_column_text][vc_separator color=\u00bbgrey\u00bb][vc_column_text]<a title=\"Journal for Nature Conservation\" href=\"https:\/\/ees.elsevier.com\/jnc\/\" target=\"_blank\"><img loading=\"lazy\" decoding=\"async\" class=\"alignleft wp-image-482 size-full\" src=\"https:\/\/www.antoniomachado.net\/wp-content\/uploads\/images\/logos\/logos-links-elsevier-100x120.jpg\" alt=\"Logo: ELSEVIER\" width=\"120\" height=\"100\" \/><\/a><\/p>\n<h5><strong>Journal for Nature Conservation<\/strong><\/h5>\n<h5>Grupo Elsevier<\/h5>\n<p>[\/vc_column_text][vc_separator color=\u00bbgrey\u00bb][vc_column_text]<a title=\"Curculio Institute\" href=\"https:\/\/curci.de\/institute\/index.php\" target=\"_blank\"><img loading=\"lazy\" decoding=\"async\" class=\"alignleft wp-image-480 size-full\" src=\"https:\/\/www.antoniomachado.net\/wp-content\/uploads\/images\/logos\/logos-links-curci-100x120.jpg\" alt=\"Logo: CURCI\" width=\"120\" height=\"100\" \/><\/a><\/p>\n<h5><strong>Curculio Institute<\/strong><\/h5>\n<h5>M\u00f6nchengladbach, Alemania<\/h5>\n<p>[\/vc_column_text][vc_separator color=\u00bbgrey\u00bb][vc_column_text]<a title=\"Real Sociedad Econ\u00f3mica de Amigos de Tenerife\" href=\"https:\/\/www.rseapt.com\/\" target=\"_blank\"><img loading=\"lazy\" decoding=\"async\" class=\"alignleft wp-image-489 size-full\" src=\"https:\/\/www.antoniomachado.net\/wp-content\/uploads\/images\/logos\/logos-links-rsea-100x120.jpg\" alt=\"Real Sociedad Econ\u00f3mica de Amigos de Tenerife\" width=\"120\" height=\"100\" \/><\/a><\/p>\n<h5><strong>Real Sociedad Econ\u00f3mica de Amigos de Tenerife<\/strong><\/h5>\n<h5>Tenerife, Islas Canarias<\/h5>\n<p>[\/vc_column_text][vc_separator color=\u00bbgrey\u00bb][vc_column_text]<a title=\"Museo de la Ciencia y el Cosmos\" href=\"https:\/\/www.museosdetenerife.org\/mcc-museo-de-la-ciencia-y-el-cosmos\/\" target=\"_blank\"><img loading=\"lazy\" decoding=\"async\" class=\"alignleft wp-image-485 size-full\" src=\"https:\/\/www.antoniomachado.net\/wp-content\/uploads\/images\/logos\/logos-links-m-cosmos-100x120.jpg\" alt=\"Logo: Museo de la Ciencia y el Cosmos\" width=\"120\" height=\"100\" \/><\/a><\/p>\n<h5><strong>Museo de la Ciencia y el Cosmos<\/strong><\/h5>\n<h5>Tenerife, Islas Canarias<\/h5>\n<p>[\/vc_column_text][vc_separator color=\u00bbgrey\u00bb][\/vc_column][vc_column width=\u00bb1\/3&#8243;][vc_column_text]<\/p>\n<h5><a title=\"Comisi\u00f3n Mundial de \u00c1reas Protegidas\" href=\"https:\/\/www.antoniomachado.net\/wp-content\/uploads\/images\/logos\/logos-links-wcpa-100x120.jpg\" target=\"_blank\"><img loading=\"lazy\" decoding=\"async\" class=\"wp-image-492 size-full alignleft\" src=\"https:\/\/www.antoniomachado.net\/wp-content\/uploads\/images\/logos\/logos-links-wcpa-100x120.jpg\" alt=\"Logo: World Commission for Protected Areas\" width=\"120\" height=\"100\" \/><\/a><\/h5>\n<h5>\u00a0<strong>Comisi\u00f3n Mundial de \u00c1reas Protegidas<br \/>\n<\/strong><\/h5>\n<h5>Gland,\u00a0Suiza<\/h5>\n<p>[\/vc_column_text][vc_separator color=\u00bbgrey\u00bb][vc_column_text]<\/p>\n<h5><a title=\"Observatorio Ambiental Granadilla\" href=\"https:\/\/www.oag-fundacion.org\/\" target=\"_blank\"><img loading=\"lazy\" decoding=\"async\" class=\"alignleft wp-image-488 size-full\" src=\"https:\/\/www.antoniomachado.net\/wp-content\/uploads\/images\/logos\/logos-links-OAG_100x120.jpg\" alt=\"Logo: Observatorio Ambiental de Granadilla\" width=\"120\" height=\"100\" \/><\/a><\/h5>\n<h5><strong>Observatorio Ambiental Granadilla<\/strong><\/h5>\n<h5>Tenerife, Islas Canarias<\/h5>\n<p>[\/vc_column_text][vc_separator color=\u00bbgrey\u00bb][vc_column_text]<a title=\"Academia Canaria de La Lengua\" href=\"https:\/\/www.academiacanarialengua.org\/\" target=\"_blank\"><img loading=\"lazy\" decoding=\"async\" class=\"alignleft wp-image-477 size-full\" src=\"https:\/\/www.antoniomachado.net\/wp-content\/uploads\/images\/logos\/logos-links-aca-leng-100x120.jpg\" alt=\"Logo: Academia Canaria de la Lengua\" width=\"120\" height=\"100\" \/><\/a><\/p>\n<h5><strong>Academia Canaria de la Lengua<\/strong><\/h5>\n<h5>Tenerife, Islas Canarias<\/h5>\n<p>[\/vc_column_text][vc_separator color=\u00bbgrey\u00bb][vc_column_text]<a title=\"Instituto de Estudios Canarios\" href=\"https:\/\/www.iecan.org\/\" target=\"_blank\"><img loading=\"lazy\" decoding=\"async\" class=\"alignleft wp-image-483 size-full\" src=\"https:\/\/www.antoniomachado.net\/wp-content\/uploads\/images\/logos\/logos-links-estudios-canarios-100x120.jpg\" alt=\"Logo: Instituto de Estudios Canarios\" width=\"120\" height=\"100\" \/><\/a><\/p>\n<h5><strong>Instituto de Estudios Canarios<\/strong><\/h5>\n<h5>Tenerife, Islas Canarias<\/h5>\n<p>[\/vc_column_text][vc_separator color=\u00bbgrey\u00bb][vc_column_text]<a title=\"Universidad de La Laguna\" href=\"https:\/\/www.ull.es\/\" target=\"_blank\"><img loading=\"lazy\" decoding=\"async\" class=\"alignleft wp-image-490 size-full\" src=\"https:\/\/www.antoniomachado.net\/wp-content\/uploads\/images\/logos\/logos-links-ull-100x120.jpg\" alt=\"Logo: Universidad de La Laguna\" width=\"120\" height=\"100\" \/><\/a><\/p>\n<h5 style=\"text-align: left;\"><strong>Universidad de La Laguna<\/strong><\/h5>\n<h5 style=\"text-align: left;\">Tenerife, Islas Canarias<\/h5>\n<p>[\/vc_column_text][vc_separator color=\u00bbgrey\u00bb][\/vc_column][\/vc_row][vc_row css=\u00bb.vc_custom_1424710361035{margin-top: 15px !important;margin-bottom: 15px !important;border-top-width: 15px !important;border-bottom-width: 15px !important;padding-top: 15px !important;padding-bottom: 15px !important;}\u00bb][vc_column width=\u00bb1\/1&#8243;][vc_text_separator title=\u00bbMore Links\u00bb title_align=\u00bbseparator_align_center\u00bb color=\u00bbcustom\u00bb accent_color=\u00bb#dd3333&#8243;][\/vc_column][\/vc_row][vc_row][vc_column width=\u00bb1\/3&#8243;]<ul class=\"list-unstyled\">\n\t\t\t<li class=\"\">\n\t\t\t\t<strong><i class=\"fa fa-paw\"><\/i>&nbsp;&nbsp;<\/strong>\n\t\t\t\t<span>BIODIVERSIDAD<\/span>\n\t\t\t<\/li><\/ul>[vc_column_text]<\/p>\n<ul>\n<li>\n<h6><a href=\"https:\/\/phylogeny.arizona.edu\/tree\/phylogeny.html\" target=\"_blank\">The Tree of Life<\/a><\/h6>\n<\/li>\n<li>\n<h6><a title=\"Species 2000\" href=\"https:\/\/en.wikipedia.org\/wiki\/Species_2000\" target=\"_blank\">Species 2000<\/a><\/h6>\n<\/li>\n<li>\n<h6><a title=\"Fauna for Europaca\" href=\"https:\/\/www.faunaeur.org\/\" target=\"_blank\">Fauna Europaea<\/a><\/h6>\n<\/li>\n<\/ul>\n<p>[\/vc_column_text][\/vc_column][vc_column width=\u00bb1\/3&#8243;]<ul class=\"list-unstyled\">\n\t\t\t<li class=\"\">\n\t\t\t\t<strong><i class=\"fa fa-globe\"><\/i>&nbsp;&nbsp;<\/strong>\n\t\t\t\t<span>CONSERVACI\u00d3N<\/span>\n\t\t\t<\/li><\/ul>[vc_column_text]<\/p>\n<ul>\n<li>\n<h6><a title=\"Red de Parques Nacionales de Espa\u00f1a\" href=\"https:\/\/www.miteco.gob.es\/es\/parques-nacionales-oapn\/red-parques-nacionales.html\" target=\"_blank\">National Parks of Spain<\/a><\/h6>\n<\/li>\n<li>\n<h6><a title=\"Comisi\u00f3n Europea DG XI\" href=\"https:\/\/ec.europa.eu\/dgs\/environment\/index_en.htm\" target=\"_blank\">European Commission DG XI<\/a><\/h6>\n<\/li>\n<li>\n<h6><a title=\"World Conservation Monitoring Centre\" href=\"https:\/\/www.wcmc.org.uk\/\" target=\"_blank\">World Conservation Monitoring Centre<\/a><\/h6>\n<\/li>\n<\/ul>\n<p>[\/vc_column_text][\/vc_column][vc_column width=\u00bb1\/3&#8243;]<ul class=\"list-unstyled\">\n\t\t\t<li class=\"\">\n\t\t\t\t<strong><i class=\"fa fa-leaf\"><\/i>&nbsp;&nbsp;<\/strong>\n\t\t\t\t<span>ECOLOG\u00cdA<\/span>\n\t\t\t<\/li><\/ul>[vc_column_text]<\/p>\n<ul>\n<li>\n<h6><a title=\"Artificial Life\" href=\"https:\/\/alife.org\/\" target=\"_blank\">Artifical Life<\/a><\/h6>\n<\/li>\n<li>\n<h6><a title=\"Cybernetics and System Theory\" href=\"http:\/\/pespmc1.vub.ac.be\/CYBSYSTH.html\" target=\"_blank\">Cybernetics and System theory<\/a><\/h6>\n<\/li>\n<li>\n<h6><a title=\"Ecology WWW \" href=\"http:\/\/pbil.univ-lyon1.fr\/JTHome\/IDB\/Ecology\/ecology-di.html\" target=\"_blank\">Ecology WWW page<\/a><\/h6>\n<\/li>\n<\/ul>\n<p>[\/vc_column_text][\/vc_column][\/vc_row]<\/p>\n<\/div>","protected":false},"excerpt":{"rendered":"<p>[vc_row css=\u00bb.vc_custom_1424710343021{margin-top: 0px !important;margin-bottom: 0px !important;border-top-width: 50px !important;border-bottom-width: 30px !important;padding-top: 50px !important;padding-bottom: 30px !important;}\u00bb][vc_column width=\u00bb1\/1&#8243;][\/vc_column][\/vc_row][vc_row][vc_column width=\u00bb1\/3&#8243;][vc_column_text] European Centre for Nature [&hellip;]<\/p>\n","protected":false},"author":1,"featured_media":0,"parent":5164,"menu_order":4,"comment_status":"open","ping_status":"closed","template":"page-pagebuilder.php","meta":{"footnotes":""},"class_list":["post-4808","page","type-page","status-publish","hentry"],"yoast_head":"<!-- This site is optimized with the Yoast SEO plugin v27.1.1 - https:\/\/yoast.com\/product\/yoast-seo-wordpress\/ -->\n<title>ENLACES | www.antoniomachado.net<\/title>\n<meta name=\"robots\" content=\"index, follow, max-snippet:-1, max-image-preview:large, max-video-preview:-1\" \/>\n<link rel=\"canonical\" href=\"https:\/\/www.antoniomachado.net\/es\/miscelanea\/enlaces-de-interes\/\" \/>\n<meta property=\"og:locale\" content=\"es_ES\" \/>\n<meta property=\"og:type\" content=\"article\" \/>\n<meta property=\"og:title\" content=\"ENLACES | www.antoniomachado.net\" \/>\n<meta property=\"og:description\" content=\"[vc_row css=\u00bb.vc_custom_1424710343021{margin-top: 0px !important;margin-bottom: 0px !important;border-top-width: 50px !important;border-bottom-width: 30px !important;padding-top: 50px !important;padding-bottom: 30px !important;}\u00bb][vc_column width=\u00bb1\/1&#8243;][\/vc_column][\/vc_row][vc_row][vc_column width=\u00bb1\/3&#8243;][vc_column_text] European Centre for Nature [&hellip;]\" \/>\n<meta property=\"og:url\" content=\"https:\/\/www.antoniomachado.net\/es\/miscelanea\/enlaces-de-interes\/\" \/>\n<meta property=\"og:site_name\" content=\"www.antoniomachado.net\" \/>\n<meta property=\"article:modified_time\" content=\"2024-12-25T13:43:03+00:00\" \/>\n<meta property=\"og:image\" content=\"https:\/\/www.antoniomachado.net\/wp-content\/uploads\/images\/logos\/logos-links-ECNC-100x120.jpg\" \/>\n\t<meta property=\"og:image:width\" content=\"120\" \/>\n\t<meta property=\"og:image:height\" content=\"100\" \/>\n\t<meta property=\"og:image:type\" content=\"image\/jpeg\" \/>\n<meta name=\"twitter:card\" content=\"summary_large_image\" \/>\n<meta name=\"twitter:site\" content=\"@laparocerus\" \/>\n<meta name=\"twitter:label1\" content=\"Tiempo de lectura\" \/>\n\t<meta name=\"twitter:data1\" content=\"3 minutos\" \/>\n<script type=\"application\/ld+json\" class=\"yoast-schema-graph\">{\"@context\":\"https:\/\/schema.org\",\"@graph\":[{\"@type\":\"WebPage\",\"@id\":\"https:\/\/www.antoniomachado.net\/es\/miscelanea\/enlaces-de-interes\/\",\"url\":\"https:\/\/www.antoniomachado.net\/es\/miscelanea\/enlaces-de-interes\/\",\"name\":\"ENLACES | www.antoniomachado.net\",\"isPartOf\":{\"@id\":\"https:\/\/www.antoniomachado.net\/es\/#website\"},\"primaryImageOfPage\":{\"@id\":\"https:\/\/www.antoniomachado.net\/es\/miscelanea\/enlaces-de-interes\/#primaryimage\"},\"image\":{\"@id\":\"https:\/\/www.antoniomachado.net\/es\/miscelanea\/enlaces-de-interes\/#primaryimage\"},\"thumbnailUrl\":\"https:\/\/www.antoniomachado.net\/wp-content\/uploads\/images\/logos\/logos-links-ECNC-100x120.jpg\",\"datePublished\":\"2015-01-15T20:28:02+00:00\",\"dateModified\":\"2024-12-25T13:43:03+00:00\",\"breadcrumb\":{\"@id\":\"https:\/\/www.antoniomachado.net\/es\/miscelanea\/enlaces-de-interes\/#breadcrumb\"},\"inLanguage\":\"es\",\"potentialAction\":[{\"@type\":\"ReadAction\",\"target\":[\"https:\/\/www.antoniomachado.net\/es\/miscelanea\/enlaces-de-interes\/\"]}]},{\"@type\":\"ImageObject\",\"inLanguage\":\"es\",\"@id\":\"https:\/\/www.antoniomachado.net\/es\/miscelanea\/enlaces-de-interes\/#primaryimage\",\"url\":\"https:\/\/www.antoniomachado.net\/wp-content\/uploads\/images\/logos\/logos-links-ECNC-100x120.jpg\",\"contentUrl\":\"https:\/\/www.antoniomachado.net\/wp-content\/uploads\/images\/logos\/logos-links-ECNC-100x120.jpg\"},{\"@type\":\"BreadcrumbList\",\"@id\":\"https:\/\/www.antoniomachado.net\/es\/miscelanea\/enlaces-de-interes\/#breadcrumb\",\"itemListElement\":[{\"@type\":\"ListItem\",\"position\":1,\"name\":\"Portada\",\"item\":\"https:\/\/www.antoniomachado.net\/es\/\"},{\"@type\":\"ListItem\",\"position\":2,\"name\":\"MISCEL\u00c1NEA\",\"item\":\"https:\/\/www.antoniomachado.net\/es\/miscelanea\/\"},{\"@type\":\"ListItem\",\"position\":3,\"name\":\"ENLACES\"}]},{\"@type\":\"WebSite\",\"@id\":\"https:\/\/www.antoniomachado.net\/es\/#website\",\"url\":\"https:\/\/www.antoniomachado.net\/es\/\",\"name\":\"www.antoniomachado.net\",\"description\":\"Dr. Antonio Machado. Bi\u00f3logo multiuso (Entomolog\u00eda, Conservaci\u00f3n de la Naturaleza, Pol\u00edtica ambiental, etc.) con sede en las islas Canarias\",\"publisher\":{\"@id\":\"https:\/\/www.antoniomachado.net\/es\/#\/schema\/person\/20d92b6bd913e6447a4599f0a334fe20\"},\"potentialAction\":[{\"@type\":\"SearchAction\",\"target\":{\"@type\":\"EntryPoint\",\"urlTemplate\":\"https:\/\/www.antoniomachado.net\/es\/?s={search_term_string}\"},\"query-input\":{\"@type\":\"PropertyValueSpecification\",\"valueRequired\":true,\"valueName\":\"search_term_string\"}}],\"inLanguage\":\"es\"},{\"@type\":[\"Person\",\"Organization\"],\"@id\":\"https:\/\/www.antoniomachado.net\/es\/#\/schema\/person\/20d92b6bd913e6447a4599f0a334fe20\",\"name\":\"Antonio Machado\",\"image\":{\"@type\":\"ImageObject\",\"inLanguage\":\"es\",\"@id\":\"https:\/\/www.antoniomachado.net\/es\/#\/schema\/person\/image\/\",\"url\":\"https:\/\/www.antoniomachado.net\/wp-content\/uploads\/images\/icons\/avatar_antonio-machado-carrillo.png\",\"contentUrl\":\"https:\/\/www.antoniomachado.net\/wp-content\/uploads\/images\/icons\/avatar_antonio-machado-carrillo.png\",\"width\":320,\"height\":417,\"caption\":\"Antonio Machado\"},\"logo\":{\"@id\":\"https:\/\/www.antoniomachado.net\/es\/#\/schema\/person\/image\/\"},\"description\":\"I am based in Tenerife, one of the Canary Islands, and I am crazy about beetles which are my hobby. However, as a multipurpose professional biologist I have been involved in nature conservation and environmental affairs, teaching Ecology, legal drafting, and other more or less related activities.\",\"sameAs\":[\"http:\/\/www.antoniomachado.net\",\"https:\/\/x.com\/laparocerus\"]}]}<\/script>\n<!-- \/ Yoast SEO plugin. -->","yoast_head_json":{"title":"ENLACES | www.antoniomachado.net","robots":{"index":"index","follow":"follow","max-snippet":"max-snippet:-1","max-image-preview":"max-image-preview:large","max-video-preview":"max-video-preview:-1"},"canonical":"https:\/\/www.antoniomachado.net\/es\/miscelanea\/enlaces-de-interes\/","og_locale":"es_ES","og_type":"article","og_title":"ENLACES | www.antoniomachado.net","og_description":"[vc_row css=\u00bb.vc_custom_1424710343021{margin-top: 0px !important;margin-bottom: 0px !important;border-top-width: 50px !important;border-bottom-width: 30px !important;padding-top: 50px !important;padding-bottom: 30px !important;}\u00bb][vc_column width=\u00bb1\/1&#8243;][\/vc_column][\/vc_row][vc_row][vc_column width=\u00bb1\/3&#8243;][vc_column_text] European Centre for Nature [&hellip;]","og_url":"https:\/\/www.antoniomachado.net\/es\/miscelanea\/enlaces-de-interes\/","og_site_name":"www.antoniomachado.net","article_modified_time":"2024-12-25T13:43:03+00:00","og_image":[{"width":120,"height":100,"url":"https:\/\/www.antoniomachado.net\/wp-content\/uploads\/images\/logos\/logos-links-ECNC-100x120.jpg","type":"image\/jpeg"}],"twitter_card":"summary_large_image","twitter_site":"@laparocerus","twitter_misc":{"Tiempo de lectura":"3 minutos"},"schema":{"@context":"https:\/\/schema.org","@graph":[{"@type":"WebPage","@id":"https:\/\/www.antoniomachado.net\/es\/miscelanea\/enlaces-de-interes\/","url":"https:\/\/www.antoniomachado.net\/es\/miscelanea\/enlaces-de-interes\/","name":"ENLACES | www.antoniomachado.net","isPartOf":{"@id":"https:\/\/www.antoniomachado.net\/es\/#website"},"primaryImageOfPage":{"@id":"https:\/\/www.antoniomachado.net\/es\/miscelanea\/enlaces-de-interes\/#primaryimage"},"image":{"@id":"https:\/\/www.antoniomachado.net\/es\/miscelanea\/enlaces-de-interes\/#primaryimage"},"thumbnailUrl":"https:\/\/www.antoniomachado.net\/wp-content\/uploads\/images\/logos\/logos-links-ECNC-100x120.jpg","datePublished":"2015-01-15T20:28:02+00:00","dateModified":"2024-12-25T13:43:03+00:00","breadcrumb":{"@id":"https:\/\/www.antoniomachado.net\/es\/miscelanea\/enlaces-de-interes\/#breadcrumb"},"inLanguage":"es","potentialAction":[{"@type":"ReadAction","target":["https:\/\/www.antoniomachado.net\/es\/miscelanea\/enlaces-de-interes\/"]}]},{"@type":"ImageObject","inLanguage":"es","@id":"https:\/\/www.antoniomachado.net\/es\/miscelanea\/enlaces-de-interes\/#primaryimage","url":"https:\/\/www.antoniomachado.net\/wp-content\/uploads\/images\/logos\/logos-links-ECNC-100x120.jpg","contentUrl":"https:\/\/www.antoniomachado.net\/wp-content\/uploads\/images\/logos\/logos-links-ECNC-100x120.jpg"},{"@type":"BreadcrumbList","@id":"https:\/\/www.antoniomachado.net\/es\/miscelanea\/enlaces-de-interes\/#breadcrumb","itemListElement":[{"@type":"ListItem","position":1,"name":"Portada","item":"https:\/\/www.antoniomachado.net\/es\/"},{"@type":"ListItem","position":2,"name":"MISCEL\u00c1NEA","item":"https:\/\/www.antoniomachado.net\/es\/miscelanea\/"},{"@type":"ListItem","position":3,"name":"ENLACES"}]},{"@type":"WebSite","@id":"https:\/\/www.antoniomachado.net\/es\/#website","url":"https:\/\/www.antoniomachado.net\/es\/","name":"www.antoniomachado.net","description":"Dr. Antonio Machado. Bi\u00f3logo multiuso (Entomolog\u00eda, Conservaci\u00f3n de la Naturaleza, Pol\u00edtica ambiental, etc.) con sede en las islas Canarias","publisher":{"@id":"https:\/\/www.antoniomachado.net\/es\/#\/schema\/person\/20d92b6bd913e6447a4599f0a334fe20"},"potentialAction":[{"@type":"SearchAction","target":{"@type":"EntryPoint","urlTemplate":"https:\/\/www.antoniomachado.net\/es\/?s={search_term_string}"},"query-input":{"@type":"PropertyValueSpecification","valueRequired":true,"valueName":"search_term_string"}}],"inLanguage":"es"},{"@type":["Person","Organization"],"@id":"https:\/\/www.antoniomachado.net\/es\/#\/schema\/person\/20d92b6bd913e6447a4599f0a334fe20","name":"Antonio Machado","image":{"@type":"ImageObject","inLanguage":"es","@id":"https:\/\/www.antoniomachado.net\/es\/#\/schema\/person\/image\/","url":"https:\/\/www.antoniomachado.net\/wp-content\/uploads\/images\/icons\/avatar_antonio-machado-carrillo.png","contentUrl":"https:\/\/www.antoniomachado.net\/wp-content\/uploads\/images\/icons\/avatar_antonio-machado-carrillo.png","width":320,"height":417,"caption":"Antonio Machado"},"logo":{"@id":"https:\/\/www.antoniomachado.net\/es\/#\/schema\/person\/image\/"},"description":"I am based in Tenerife, one of the Canary Islands, and I am crazy about beetles which are my hobby. However, as a multipurpose professional biologist I have been involved in nature conservation and environmental affairs, teaching Ecology, legal drafting, and other more or less related activities.","sameAs":["http:\/\/www.antoniomachado.net","https:\/\/x.com\/laparocerus"]}]}},"_links":{"self":[{"href":"https:\/\/www.antoniomachado.net\/es\/wp-json\/wp\/v2\/pages\/4808","targetHints":{"allow":["GET"]}}],"collection":[{"href":"https:\/\/www.antoniomachado.net\/es\/wp-json\/wp\/v2\/pages"}],"about":[{"href":"https:\/\/www.antoniomachado.net\/es\/wp-json\/wp\/v2\/types\/page"}],"author":[{"embeddable":true,"href":"https:\/\/www.antoniomachado.net\/es\/wp-json\/wp\/v2\/users\/1"}],"replies":[{"embeddable":true,"href":"https:\/\/www.antoniomachado.net\/es\/wp-json\/wp\/v2\/comments?post=4808"}],"version-history":[{"count":8,"href":"https:\/\/www.antoniomachado.net\/es\/wp-json\/wp\/v2\/pages\/4808\/revisions"}],"predecessor-version":[{"id":11346,"href":"https:\/\/www.antoniomachado.net\/es\/wp-json\/wp\/v2\/pages\/4808\/revisions\/11346"}],"up":[{"embeddable":true,"href":"https:\/\/www.antoniomachado.net\/es\/wp-json\/wp\/v2\/pages\/5164"}],"wp:attachment":[{"href":"https:\/\/www.antoniomachado.net\/es\/wp-json\/wp\/v2\/media?parent=4808"}],"curies":[{"name":"wp","href":"https:\/\/api.w.org\/{rel}","templated":true}]}}