{"id":4919,"date":"2015-02-07T16:37:53","date_gmt":"2015-02-07T16:37:53","guid":{"rendered":"http:\/\/www.antoniomachado.net\/tai-chi-y-salud\/"},"modified":"2019-02-18T15:52:10","modified_gmt":"2019-02-18T15:52:10","slug":"tai-chi-y-salud","status":"publish","type":"page","link":"https:\/\/www.antoniomachado.net\/es\/miscelanea\/tai-chi-y-salud\/","title":{"rendered":"SALUD"},"content":{"rendered":"<div class=\"wpb-content-wrapper\"><p>[vc_row css=\u00bb.vc_custom_1425141116917{margin-bottom: 0px !important;border-top-width: 50px !important;border-bottom-width: 30px !important;padding-top: 50px !important;padding-bottom: 30px !important;}\u00bb][vc_column]<h1 class=\"fac-big-title fac-title text-center\" style=\"color:#dd3333\">TAI-CHI &amp; SALUD<\/h1>\n[vc_row_inner css=\u00bb.vc_custom_1425141351277{margin-top: 0px !important;margin-bottom: 0px !important;border-top-width: 30px !important;border-bottom-width: 30px !important;padding-top: 30px !important;padding-bottom: 30px !important;}\u00bb][vc_column_inner width=\u00bb1\/6&#8243;][\/vc_column_inner][vc_column_inner width=\u00bb2\/3&#8243;][vc_column_text]<\/p>\n<h4>Con los a\u00f1os nuestro cuerpo va ganando protagonismo; a veces incluso un protagonismo impertinente. Nunca he sido un deportista y los tiempos en que jugaba al baloncesto o al golf hace mucho que quedaron atr\u00e1s. Afortunadamente, adem\u00e1s de procurar no comer nada en exceso, he dado con dos modos que me ayudan a mantenerme en forma y flexible sin tener que invertir demasiado tiempo en ello, y me gustar\u00eda compartirlos.<\/h4>\n<p>[\/vc_column_text][\/vc_column_inner][vc_column_inner width=\u00bb1\/6&#8243;][\/vc_column_inner][\/vc_row_inner][\/vc_column][\/vc_row][vc_row][vc_column width=\u00bb1\/2&#8243;]<h1 class=\"fac-title text-center\" style=\"color:#4b4b4b\">Tai-Chi Chuan<\/h1>\n[vc_single_image image=\u00bb4096&#8243; img_size=\u00bblarge\u00bb alignment=\u00bbcenter\u00bb style=\u00bbvc_box_circle\u00bb][vc_column_text]En los \u00faltimos a\u00f1os, cada ma\u00f1ana empiezo el d\u00eda haciando la forma de Tai-Chi de Sun Lu Tan (1861-1933), coordinada con la m\u00fasica \u00abWu-Wei\u00bb interpretada por Christopher Walcott y cantada por Jeu-ChenPon.\u00a0 <a href=\"https:\/\/www.suntaichichuan.com\" target=\"_blank\" rel=\"noopener\"><strong>Zaya Reye<\/strong>s<\/a> me introdujo en este viejo arte marcial chino de un manera muy poco marcial, lo cual le agradecer\u00e9 siempre. No me gustan los enforques m\u00edsticos en nada, pero s\u00e9 valorar el conocimiento emp\u00edrico acumulado y apreciar sus efectos reales. He aprendido (m\u00e1s o menos) las reglas fundamentales de practicar Tai-Chi de modo correcto.<\/p>\n<ol>\n<li>Enderezar la cabeza, relajada.<\/li>\n<li>Mantener el pecho hacia atr\u00e1s y enderezar la espalda.<\/li>\n<li>Aflojar la parte baja de la espalda, la cintura.<\/li>\n<li>Separar el vac\u00edo y la plenitud (distribuir el peso adecuadamente).<\/li>\n<li>Permitir que los hombros y codos cuelguen libremente.<\/li>\n<li>Aplicar <em>Yi\u00a0<\/em> (energ\u00eda interna) y no fuerza f\u00edsica.<\/li>\n<li>Coordinar &#8216;el arriba&#8217; con &#8216;el abajo&#8217;.<\/li>\n<li>Armon\u00eda entre &#8216;lo interior&#8217; y &#8216;lo exterior&#8217;.<\/li>\n<li>Flujo ininterrumpido (el movimiento fluye).<\/li>\n<li>Permanecer quieto en movimiento.<\/li>\n<\/ol>\n<p>[\/vc_column_text][\/vc_column][vc_column width=\u00bb1\/2&#8243;]<h1 class=\"fac-title text-center\" style=\"color:#4b4b4b\">Dieta de lim\u00f3n y savia<\/h1>\n[vc_single_image image=\u00bb4097&#8243; img_size=\u00bblarge\u00bb alignment=\u00bbcenter\u00bb][vc_column_text]Adoro los limones por varias razones. Los \u00abmojitos\u00bb son una bebida extraordinaria, y la mejor forma de preparar un pollo entero es \u00ab<em>a la suppositoire\u00bb:<\/em> le metes un lim\u00f3n pelado y una pastilla de caldo por el orificio trasero del animal, lo forras todo con papel de aluminio y directo al horno. \u00a1Simplemente exquisito! Queda claro, pues, que soy algo m\u00e1s que un &#8216;vin\u00f3crata&#8217; y que, aunque\u00a0 respeto, obviamente no comparto los planteamientos vegetarianos sobre c\u00f3mo manter la salud. Por mi parte, he encontrado una soluci\u00f3n pr\u00e1ctica para &#8216;resetear&#8217; el cuerpo usando limones. La f\u00f3rmula de\u00a0 &#8216;limpieza de ca\u00f1er\u00edas&#8217; es la siguiente: Se mezclan 160 ml de sirope de arce con 160 ml de jugo de lim\u00f3n (reci\u00e9n exprimido) y 1680 ml de agua. Yo le a\u00f1ado un poco de piment\u00f3n picante para darle sabor. Con esto se obtienen dos litros, suficiente para un d\u00eda entero. Me tomo un vaso (2oo ml) del brebaje cada dos horas (8 am, 10 am, 12 am &#8230;), y eso es todo. No como nada de nada. La desintoxicaci\u00f3n comienza al segundo o tercer d\u00eda. normalmente con un dolorazo de cabeza, pero luego te sientes genial y con una suerte de lucidez sostenida. Mantengo el r\u00e9gimen una semana o diez d\u00edas; nunca m\u00e1s de dos semanas. No hay un periodo fijo establecido para realizar estas desintoxicaciones. Atiendo a lo que me pide el cuerpo, que env\u00eda se\u00f1ales normalmente una vez al a\u00f1o o cada dos. Depende mucho de la cantidad de comida basura que hayas venido comiendo.[\/vc_column_text][\/vc_column][\/vc_row][vc_row][vc_column][vc_column_text]<\/p>\n<h4 style=\"text-align: center;\"><span style=\"color: #008000;\"><em>HARA HACHI BU <\/em><\/span><\/h4>\n<p>[\/vc_column_text][\/vc_column][\/vc_row]<\/p>\n<\/div>","protected":false},"excerpt":{"rendered":"<p>[vc_row css=\u00bb.vc_custom_1425141116917{margin-bottom: 0px !important;border-top-width: 50px !important;border-bottom-width: 30px !important;padding-top: 50px !important;padding-bottom: 30px !important;}\u00bb][vc_column][vc_row_inner css=\u00bb.vc_custom_1425141351277{margin-top: 0px !important;margin-bottom: 0px !important;border-top-width: 30px !important;border-bottom-width: 30px [&hellip;]<\/p>\n","protected":false},"author":2,"featured_media":0,"parent":5164,"menu_order":3,"comment_status":"open","ping_status":"closed","template":"page-pagebuilder.php","meta":{"footnotes":""},"class_list":["post-4919","page","type-page","status-publish","hentry"],"yoast_head":"<!-- This site is optimized with the Yoast SEO plugin v27.1.1 - https:\/\/yoast.com\/product\/yoast-seo-wordpress\/ -->\n<title>SALUD | www.antoniomachado.net<\/title>\n<meta name=\"robots\" content=\"index, follow, max-snippet:-1, max-image-preview:large, max-video-preview:-1\" \/>\n<link rel=\"canonical\" href=\"https:\/\/www.antoniomachado.net\/es\/miscelanea\/tai-chi-y-salud\/\" \/>\n<meta property=\"og:locale\" content=\"es_ES\" \/>\n<meta property=\"og:type\" content=\"article\" \/>\n<meta property=\"og:title\" content=\"SALUD | www.antoniomachado.net\" \/>\n<meta property=\"og:description\" content=\"[vc_row css=\u00bb.vc_custom_1425141116917{margin-bottom: 0px !important;border-top-width: 50px !important;border-bottom-width: 30px !important;padding-top: 50px !important;padding-bottom: 30px !important;}\u00bb][vc_column][vc_row_inner css=\u00bb.vc_custom_1425141351277{margin-top: 0px !important;margin-bottom: 0px !important;border-top-width: 30px !important;border-bottom-width: 30px [&hellip;]\" \/>\n<meta property=\"og:url\" content=\"https:\/\/www.antoniomachado.net\/es\/miscelanea\/tai-chi-y-salud\/\" \/>\n<meta property=\"og:site_name\" content=\"www.antoniomachado.net\" \/>\n<meta property=\"article:modified_time\" content=\"2019-02-18T15:52:10+00:00\" \/>\n<meta name=\"twitter:card\" content=\"summary_large_image\" \/>\n<meta name=\"twitter:site\" content=\"@laparocerus\" \/>\n<meta name=\"twitter:label1\" content=\"Tiempo de lectura\" \/>\n\t<meta name=\"twitter:data1\" content=\"3 minutos\" \/>\n<script type=\"application\/ld+json\" class=\"yoast-schema-graph\">{\"@context\":\"https:\/\/schema.org\",\"@graph\":[{\"@type\":\"WebPage\",\"@id\":\"https:\/\/www.antoniomachado.net\/es\/miscelanea\/tai-chi-y-salud\/\",\"url\":\"https:\/\/www.antoniomachado.net\/es\/miscelanea\/tai-chi-y-salud\/\",\"name\":\"SALUD | www.antoniomachado.net\",\"isPartOf\":{\"@id\":\"https:\/\/www.antoniomachado.net\/es\/#website\"},\"datePublished\":\"2015-02-07T16:37:53+00:00\",\"dateModified\":\"2019-02-18T15:52:10+00:00\",\"breadcrumb\":{\"@id\":\"https:\/\/www.antoniomachado.net\/es\/miscelanea\/tai-chi-y-salud\/#breadcrumb\"},\"inLanguage\":\"es\",\"potentialAction\":[{\"@type\":\"ReadAction\",\"target\":[\"https:\/\/www.antoniomachado.net\/es\/miscelanea\/tai-chi-y-salud\/\"]}]},{\"@type\":\"BreadcrumbList\",\"@id\":\"https:\/\/www.antoniomachado.net\/es\/miscelanea\/tai-chi-y-salud\/#breadcrumb\",\"itemListElement\":[{\"@type\":\"ListItem\",\"position\":1,\"name\":\"Portada\",\"item\":\"https:\/\/www.antoniomachado.net\/es\/\"},{\"@type\":\"ListItem\",\"position\":2,\"name\":\"MISCEL\u00c1NEA\",\"item\":\"https:\/\/www.antoniomachado.net\/es\/miscelanea\/\"},{\"@type\":\"ListItem\",\"position\":3,\"name\":\"SALUD\"}]},{\"@type\":\"WebSite\",\"@id\":\"https:\/\/www.antoniomachado.net\/es\/#website\",\"url\":\"https:\/\/www.antoniomachado.net\/es\/\",\"name\":\"www.antoniomachado.net\",\"description\":\"Dr. Antonio Machado. Bi\u00f3logo multiuso (Entomolog\u00eda, Conservaci\u00f3n de la Naturaleza, Pol\u00edtica ambiental, etc.) con sede en las islas Canarias\",\"publisher\":{\"@id\":\"https:\/\/www.antoniomachado.net\/es\/#\/schema\/person\/20d92b6bd913e6447a4599f0a334fe20\"},\"potentialAction\":[{\"@type\":\"SearchAction\",\"target\":{\"@type\":\"EntryPoint\",\"urlTemplate\":\"https:\/\/www.antoniomachado.net\/es\/?s={search_term_string}\"},\"query-input\":{\"@type\":\"PropertyValueSpecification\",\"valueRequired\":true,\"valueName\":\"search_term_string\"}}],\"inLanguage\":\"es\"},{\"@type\":[\"Person\",\"Organization\"],\"@id\":\"https:\/\/www.antoniomachado.net\/es\/#\/schema\/person\/20d92b6bd913e6447a4599f0a334fe20\",\"name\":\"Antonio Machado\",\"image\":{\"@type\":\"ImageObject\",\"inLanguage\":\"es\",\"@id\":\"https:\/\/www.antoniomachado.net\/es\/#\/schema\/person\/image\/\",\"url\":\"https:\/\/www.antoniomachado.net\/wp-content\/uploads\/images\/icons\/avatar_antonio-machado-carrillo.png\",\"contentUrl\":\"https:\/\/www.antoniomachado.net\/wp-content\/uploads\/images\/icons\/avatar_antonio-machado-carrillo.png\",\"width\":320,\"height\":417,\"caption\":\"Antonio Machado\"},\"logo\":{\"@id\":\"https:\/\/www.antoniomachado.net\/es\/#\/schema\/person\/image\/\"},\"description\":\"I am based in Tenerife, one of the Canary Islands, and I am crazy about beetles which are my hobby. However, as a multipurpose professional biologist I have been involved in nature conservation and environmental affairs, teaching Ecology, legal drafting, and other more or less related activities.\",\"sameAs\":[\"http:\/\/www.antoniomachado.net\",\"https:\/\/x.com\/laparocerus\"]}]}<\/script>\n<!-- \/ Yoast SEO plugin. -->","yoast_head_json":{"title":"SALUD | www.antoniomachado.net","robots":{"index":"index","follow":"follow","max-snippet":"max-snippet:-1","max-image-preview":"max-image-preview:large","max-video-preview":"max-video-preview:-1"},"canonical":"https:\/\/www.antoniomachado.net\/es\/miscelanea\/tai-chi-y-salud\/","og_locale":"es_ES","og_type":"article","og_title":"SALUD | www.antoniomachado.net","og_description":"[vc_row css=\u00bb.vc_custom_1425141116917{margin-bottom: 0px !important;border-top-width: 50px !important;border-bottom-width: 30px !important;padding-top: 50px !important;padding-bottom: 30px !important;}\u00bb][vc_column][vc_row_inner css=\u00bb.vc_custom_1425141351277{margin-top: 0px !important;margin-bottom: 0px !important;border-top-width: 30px !important;border-bottom-width: 30px [&hellip;]","og_url":"https:\/\/www.antoniomachado.net\/es\/miscelanea\/tai-chi-y-salud\/","og_site_name":"www.antoniomachado.net","article_modified_time":"2019-02-18T15:52:10+00:00","twitter_card":"summary_large_image","twitter_site":"@laparocerus","twitter_misc":{"Tiempo de lectura":"3 minutos"},"schema":{"@context":"https:\/\/schema.org","@graph":[{"@type":"WebPage","@id":"https:\/\/www.antoniomachado.net\/es\/miscelanea\/tai-chi-y-salud\/","url":"https:\/\/www.antoniomachado.net\/es\/miscelanea\/tai-chi-y-salud\/","name":"SALUD | www.antoniomachado.net","isPartOf":{"@id":"https:\/\/www.antoniomachado.net\/es\/#website"},"datePublished":"2015-02-07T16:37:53+00:00","dateModified":"2019-02-18T15:52:10+00:00","breadcrumb":{"@id":"https:\/\/www.antoniomachado.net\/es\/miscelanea\/tai-chi-y-salud\/#breadcrumb"},"inLanguage":"es","potentialAction":[{"@type":"ReadAction","target":["https:\/\/www.antoniomachado.net\/es\/miscelanea\/tai-chi-y-salud\/"]}]},{"@type":"BreadcrumbList","@id":"https:\/\/www.antoniomachado.net\/es\/miscelanea\/tai-chi-y-salud\/#breadcrumb","itemListElement":[{"@type":"ListItem","position":1,"name":"Portada","item":"https:\/\/www.antoniomachado.net\/es\/"},{"@type":"ListItem","position":2,"name":"MISCEL\u00c1NEA","item":"https:\/\/www.antoniomachado.net\/es\/miscelanea\/"},{"@type":"ListItem","position":3,"name":"SALUD"}]},{"@type":"WebSite","@id":"https:\/\/www.antoniomachado.net\/es\/#website","url":"https:\/\/www.antoniomachado.net\/es\/","name":"www.antoniomachado.net","description":"Dr. Antonio Machado. Bi\u00f3logo multiuso (Entomolog\u00eda, Conservaci\u00f3n de la Naturaleza, Pol\u00edtica ambiental, etc.) con sede en las islas Canarias","publisher":{"@id":"https:\/\/www.antoniomachado.net\/es\/#\/schema\/person\/20d92b6bd913e6447a4599f0a334fe20"},"potentialAction":[{"@type":"SearchAction","target":{"@type":"EntryPoint","urlTemplate":"https:\/\/www.antoniomachado.net\/es\/?s={search_term_string}"},"query-input":{"@type":"PropertyValueSpecification","valueRequired":true,"valueName":"search_term_string"}}],"inLanguage":"es"},{"@type":["Person","Organization"],"@id":"https:\/\/www.antoniomachado.net\/es\/#\/schema\/person\/20d92b6bd913e6447a4599f0a334fe20","name":"Antonio Machado","image":{"@type":"ImageObject","inLanguage":"es","@id":"https:\/\/www.antoniomachado.net\/es\/#\/schema\/person\/image\/","url":"https:\/\/www.antoniomachado.net\/wp-content\/uploads\/images\/icons\/avatar_antonio-machado-carrillo.png","contentUrl":"https:\/\/www.antoniomachado.net\/wp-content\/uploads\/images\/icons\/avatar_antonio-machado-carrillo.png","width":320,"height":417,"caption":"Antonio Machado"},"logo":{"@id":"https:\/\/www.antoniomachado.net\/es\/#\/schema\/person\/image\/"},"description":"I am based in Tenerife, one of the Canary Islands, and I am crazy about beetles which are my hobby. However, as a multipurpose professional biologist I have been involved in nature conservation and environmental affairs, teaching Ecology, legal drafting, and other more or less related activities.","sameAs":["http:\/\/www.antoniomachado.net","https:\/\/x.com\/laparocerus"]}]}},"_links":{"self":[{"href":"https:\/\/www.antoniomachado.net\/es\/wp-json\/wp\/v2\/pages\/4919","targetHints":{"allow":["GET"]}}],"collection":[{"href":"https:\/\/www.antoniomachado.net\/es\/wp-json\/wp\/v2\/pages"}],"about":[{"href":"https:\/\/www.antoniomachado.net\/es\/wp-json\/wp\/v2\/types\/page"}],"author":[{"embeddable":true,"href":"https:\/\/www.antoniomachado.net\/es\/wp-json\/wp\/v2\/users\/2"}],"replies":[{"embeddable":true,"href":"https:\/\/www.antoniomachado.net\/es\/wp-json\/wp\/v2\/comments?post=4919"}],"version-history":[{"count":0,"href":"https:\/\/www.antoniomachado.net\/es\/wp-json\/wp\/v2\/pages\/4919\/revisions"}],"up":[{"embeddable":true,"href":"https:\/\/www.antoniomachado.net\/es\/wp-json\/wp\/v2\/pages\/5164"}],"wp:attachment":[{"href":"https:\/\/www.antoniomachado.net\/es\/wp-json\/wp\/v2\/media?parent=4919"}],"curies":[{"name":"wp","href":"https:\/\/api.w.org\/{rel}","templated":true}]}}