{"id":4922,"date":"2015-02-07T16:45:57","date_gmt":"2015-02-07T16:45:57","guid":{"rendered":"http:\/\/www.antoniomachado.net\/origen-familiar\/"},"modified":"2024-01-07T18:06:26","modified_gmt":"2024-01-07T18:06:26","slug":"origen-familiar","status":"publish","type":"page","link":"https:\/\/www.antoniomachado.net\/es\/miscelanea\/origen-familiar\/","title":{"rendered":"ORIGEN FAMILIAR"},"content":{"rendered":"<div class=\"wpb-content-wrapper\"><p>[vc_row css=\u00bb.vc_custom_1424718509309{margin-top: 0px !important;margin-bottom: 0px !important;border-top-width: 50px !important;border-bottom-width: 30px !important;padding-top: 50px !important;padding-bottom: 30px !important;}\u00bb][vc_column]<h1 class=\"fac-big-title fac-title text-center\" style=\"color:#dd3333\">ORIGEN FAMILIAR<\/h1>\n[vc_column_text][\/vc_column_text][\/vc_column][\/vc_row][vc_row][vc_column][vc_column_text]<span style=\"color: #ff0000;\">Dr. Machado, no Dr. Carrillo<\/span><\/p>\n<p>En la versi\u00f3n inglesa de esta p\u00e1gina aprovecho para explicar a los angloparlantes, c\u00f3mo se construyen los nombres en espa\u00f1ol, combinando los apellidos paterno y materno: Nombre de pila\u00a0 (Antonio) + Primer apellido del padre\u00a0 (Machado) + Primer apellido de la madre (Carrillo) = Antonio Machado Carrillo.\u00a0 En portug\u00e9s es justo al rev\u00e9s (Antonio Carrillo Machado), y no me extra\u00f1a que se monten un l\u00edo.\u00a0 En algunos sitios (p.ej. <em>World Who&#8217;s Who in Environment &amp; Conservation<\/em>, 1993) me registraron inicialmente como Dr. A. Carrillo, en otros aparezco como Dr. Antonio M. Carrillo, y la mejor de todas me lleg\u00f3 en un certificado a nombre de Antonio MacHado, Ph.D.. A ver si aprenden \u00a1leches!. [\/vc_column_text][\/vc_column][\/vc_row][vc_row css=\u00bb.vc_custom_1424718534505{margin-top: 0px !important;margin-bottom: 0px !important;border-top-width: 40px !important;border-bottom-width: 30px !important;padding-top: 40px !important;padding-bottom: 30px !important;}\u00bb][vc_column width=\u00bb1\/2&#8243;][vc_single_image image=\u00bb4036&#8243; img_size=\u00bbmedium\u00bb alignment=\u00bbcenter\u00bb title=\u00bbMACHADO\u00bb][\/vc_column][vc_column width=\u00bb1\/2&#8243;][vc_single_image image=\u00bb4035&#8243; img_size=\u00bbmedium\u00bb alignment=\u00bbcenter\u00bb title=\u00bbCARRILLO\u00bb][\/vc_column][\/vc_row][vc_row css=\u00bb.vc_custom_1424718558434{margin-top: 0px !important;margin-bottom: 0px !important;border-top-width: 30px !important;border-bottom-width: 30px !important;padding-top: 30px !important;padding-bottom: 30px !important;}\u00bb][vc_column width=\u00bb1\/2&#8243;][vc_column_text]La familia <strong>Machado<\/strong> arranc\u00f3 en el Siglo XII a ra\u00edz de la conquista del castillo de Torrenova por el rey Juan I de Portugal. Un guerrero de nombre Mart\u00edn (hijo bastardo del Rey, seg\u00fan algunos textos) rompi\u00f3 la puerta del castillo con un\u00a0 &#8216;machado&#8217; (= hacha in portugu\u00e9s) y luego fue nombrado caballero y recibi\u00f3 tierras en Guimar\u00e2es, que se convirti\u00f3 en solar de la nueva familia. El asalto tuvo lugar durante la noche y es la raz\u00f3n por la que en el escudo de armas hay una luna y un caballero con una llave en una mano y un machado en la otra.<\/p>\n<p>En el siglo XV,<b> Lope Machado <\/b>de Guimar\u00e2es, cabeza de la Casa de Machado, y sus hijos Pedro y Sebastian (un guerrero) participaron en la Conquista de Tenerife y en 1497, el Adelantado Alonso Fern\u00e1ndez de Lugo les otorg\u00f3 tierras. Sebasti\u00e1n -nuestro antepasado- fund\u00f3 la villa de Tacoronte. Como ocurre con muchas viejas familias canarias, los Machado se mezclar\u00f3n con otros lineas asentados en las Islas: Sp\u00ednola y Lugo de Portugal, Comingues de France, Vernetta de Italia, etc. Somos puro mestizaje.<\/p>\n<p>Yo represento la 23\u00aa generaci\u00f3n desde el primer Machado, y la 16\u00aa de la rama canaria. Quiz\u00e1s sea el primer cient\u00edfico en la familia. Genial \u00bfno?. [\/vc_column_text][\/vc_column][vc_column width=\u00bb1\/2&#8243;][vc_column_text]La familia <strong>Carrillo<\/strong> data de los tiempos del Conde de Castilla Fern\u00e1n Gonz\u00e1lez (Siglo X). Se cuenta que dos hermanos caballeros llegados de Alemania estaban tan unidos uno al otro que no se separaban y los llamaron los\u00a0 \u2018Carrillos\u2019.<\/p>\n<p>La familia Carrillo se dividi\u00f3 en varias ramas principales y aparentemente m\u00e1s de una llegaron a Canarias durante La Conquista o poco despu\u00e9s, asent\u00e1ndose en La Gomera, Tenerife y La Palma. La l\u00ednea de mi familia vino v\u00eda Madeira y se estableci\u00f3 en Los Sauces, en el noreste de La Palma, alrededor de 1650. All\u00ed mezcl\u00f3 con varios linajes locales como los flamencos Wang\u00fcemert,\u00a0Massieu de Francie, Cavanagh (actualmente K\u00e1bana) de Irlanda, Vargas y Valc\u00e1rcel de la Pen\u00ednsula, o los Carballo de Cuba.<\/p>\n<p>Yo represento la 13\u00aa generaci\u00f3n contada desde 1650.<\/p>\n<p>Si te interesa profundizar m\u00e1s en la historia de la familia Machado, hay un autor, Jos\u00e9 Luis Machado Carilla, que se ha ocupado de ellos extensamente. Entre otros, tiene estos dos libros publicados:<\/p>\n<p>2015 <a href=\"https:\/\/www.librerialemus.com\/libro\/historia-de-los-machado-cronica-de-una-indagacion_432563\">Historia de los Machados. Cr\u00f3nica de una indagaci\u00f3n<\/a><\/p>\n<p>2015 <a href=\"https:\/\/www.librerialemus.com\/libro\/historia-de-los-machado-tomo-ii_432564\" target=\"_blank\" rel=\"noopener\">Historia de los Machados. Tomo II.<\/a>[\/vc_column_text][\/vc_column][\/vc_row][vc_row][vc_column][vc_btn title=\u00bbDescargar \u00e1rbol de mis ancestros\u00bb color=\u00bbblack\u00bb align=\u00bbcenter\u00bb link=\u00bburl:https:\/\/www.antoniomachado.net\/wp-content\/uploads\/pdf\/general\/ancestros-antonio-machado.pdftitle:Gr%C3%A1fica%20de%20ancestros%20de%20Antonio%20Machado%20Carrillo|target:_blank\u00bb][\/vc_column][\/vc_row][vc_row][vc_column][vc_column_text]<\/p>\n<p style=\"text-align: center;\"><span style=\"color: #008000;\">LA FAMILIA ES UN VALOR NETO EN TU VIDA<\/span><\/p>\n<p>[\/vc_column_text][\/vc_column][\/vc_row]<\/p>\n<\/div>","protected":false},"excerpt":{"rendered":"<p>[vc_row css=\u00bb.vc_custom_1424718509309{margin-top: 0px !important;margin-bottom: 0px !important;border-top-width: 50px !important;border-bottom-width: 30px !important;padding-top: 50px !important;padding-bottom: 30px !important;}\u00bb][vc_column][vc_column_text][\/vc_column_text][\/vc_column][\/vc_row][vc_row][vc_column][vc_column_text]Dr. Machado, no Dr. Carrillo En la [&hellip;]<\/p>\n","protected":false},"author":2,"featured_media":0,"parent":5164,"menu_order":2,"comment_status":"open","ping_status":"closed","template":"page-pagebuilder.php","meta":{"footnotes":""},"class_list":["post-4922","page","type-page","status-publish","hentry"],"yoast_head":"<!-- This site is optimized with the Yoast SEO plugin v27.1.1 - https:\/\/yoast.com\/product\/yoast-seo-wordpress\/ -->\n<title>ORIGEN FAMILIAR | www.antoniomachado.net<\/title>\n<meta name=\"robots\" content=\"index, follow, max-snippet:-1, max-image-preview:large, max-video-preview:-1\" \/>\n<link rel=\"canonical\" href=\"https:\/\/www.antoniomachado.net\/es\/miscelanea\/origen-familiar\/\" \/>\n<meta property=\"og:locale\" content=\"es_ES\" \/>\n<meta property=\"og:type\" content=\"article\" \/>\n<meta property=\"og:title\" content=\"ORIGEN FAMILIAR | www.antoniomachado.net\" \/>\n<meta property=\"og:description\" content=\"[vc_row css=\u00bb.vc_custom_1424718509309{margin-top: 0px !important;margin-bottom: 0px !important;border-top-width: 50px !important;border-bottom-width: 30px !important;padding-top: 50px !important;padding-bottom: 30px !important;}\u00bb][vc_column][vc_column_text][\/vc_column_text][\/vc_column][\/vc_row][vc_row][vc_column][vc_column_text]Dr. Machado, no Dr. Carrillo En la [&hellip;]\" \/>\n<meta property=\"og:url\" content=\"https:\/\/www.antoniomachado.net\/es\/miscelanea\/origen-familiar\/\" \/>\n<meta property=\"og:site_name\" content=\"www.antoniomachado.net\" \/>\n<meta property=\"article:modified_time\" content=\"2024-01-07T18:06:26+00:00\" \/>\n<meta name=\"twitter:card\" content=\"summary_large_image\" \/>\n<meta name=\"twitter:site\" content=\"@laparocerus\" \/>\n<meta name=\"twitter:label1\" content=\"Tiempo de lectura\" \/>\n\t<meta name=\"twitter:data1\" content=\"3 minutos\" \/>\n<script type=\"application\/ld+json\" class=\"yoast-schema-graph\">{\"@context\":\"https:\/\/schema.org\",\"@graph\":[{\"@type\":\"WebPage\",\"@id\":\"https:\/\/www.antoniomachado.net\/es\/miscelanea\/origen-familiar\/\",\"url\":\"https:\/\/www.antoniomachado.net\/es\/miscelanea\/origen-familiar\/\",\"name\":\"ORIGEN FAMILIAR | www.antoniomachado.net\",\"isPartOf\":{\"@id\":\"https:\/\/www.antoniomachado.net\/es\/#website\"},\"datePublished\":\"2015-02-07T16:45:57+00:00\",\"dateModified\":\"2024-01-07T18:06:26+00:00\",\"breadcrumb\":{\"@id\":\"https:\/\/www.antoniomachado.net\/es\/miscelanea\/origen-familiar\/#breadcrumb\"},\"inLanguage\":\"es\",\"potentialAction\":[{\"@type\":\"ReadAction\",\"target\":[\"https:\/\/www.antoniomachado.net\/es\/miscelanea\/origen-familiar\/\"]}]},{\"@type\":\"BreadcrumbList\",\"@id\":\"https:\/\/www.antoniomachado.net\/es\/miscelanea\/origen-familiar\/#breadcrumb\",\"itemListElement\":[{\"@type\":\"ListItem\",\"position\":1,\"name\":\"Portada\",\"item\":\"https:\/\/www.antoniomachado.net\/es\/\"},{\"@type\":\"ListItem\",\"position\":2,\"name\":\"MISCEL\u00c1NEA\",\"item\":\"https:\/\/www.antoniomachado.net\/es\/miscelanea\/\"},{\"@type\":\"ListItem\",\"position\":3,\"name\":\"ORIGEN FAMILIAR\"}]},{\"@type\":\"WebSite\",\"@id\":\"https:\/\/www.antoniomachado.net\/es\/#website\",\"url\":\"https:\/\/www.antoniomachado.net\/es\/\",\"name\":\"www.antoniomachado.net\",\"description\":\"Dr. Antonio Machado. Bi\u00f3logo multiuso (Entomolog\u00eda, Conservaci\u00f3n de la Naturaleza, Pol\u00edtica ambiental, etc.) con sede en las islas Canarias\",\"publisher\":{\"@id\":\"https:\/\/www.antoniomachado.net\/es\/#\/schema\/person\/20d92b6bd913e6447a4599f0a334fe20\"},\"potentialAction\":[{\"@type\":\"SearchAction\",\"target\":{\"@type\":\"EntryPoint\",\"urlTemplate\":\"https:\/\/www.antoniomachado.net\/es\/?s={search_term_string}\"},\"query-input\":{\"@type\":\"PropertyValueSpecification\",\"valueRequired\":true,\"valueName\":\"search_term_string\"}}],\"inLanguage\":\"es\"},{\"@type\":[\"Person\",\"Organization\"],\"@id\":\"https:\/\/www.antoniomachado.net\/es\/#\/schema\/person\/20d92b6bd913e6447a4599f0a334fe20\",\"name\":\"Antonio Machado\",\"image\":{\"@type\":\"ImageObject\",\"inLanguage\":\"es\",\"@id\":\"https:\/\/www.antoniomachado.net\/es\/#\/schema\/person\/image\/\",\"url\":\"https:\/\/www.antoniomachado.net\/wp-content\/uploads\/images\/icons\/avatar_antonio-machado-carrillo.png\",\"contentUrl\":\"https:\/\/www.antoniomachado.net\/wp-content\/uploads\/images\/icons\/avatar_antonio-machado-carrillo.png\",\"width\":320,\"height\":417,\"caption\":\"Antonio Machado\"},\"logo\":{\"@id\":\"https:\/\/www.antoniomachado.net\/es\/#\/schema\/person\/image\/\"},\"description\":\"I am based in Tenerife, one of the Canary Islands, and I am crazy about beetles which are my hobby. However, as a multipurpose professional biologist I have been involved in nature conservation and environmental affairs, teaching Ecology, legal drafting, and other more or less related activities.\",\"sameAs\":[\"http:\/\/www.antoniomachado.net\",\"https:\/\/x.com\/laparocerus\"]}]}<\/script>\n<!-- \/ Yoast SEO plugin. -->","yoast_head_json":{"title":"ORIGEN FAMILIAR | www.antoniomachado.net","robots":{"index":"index","follow":"follow","max-snippet":"max-snippet:-1","max-image-preview":"max-image-preview:large","max-video-preview":"max-video-preview:-1"},"canonical":"https:\/\/www.antoniomachado.net\/es\/miscelanea\/origen-familiar\/","og_locale":"es_ES","og_type":"article","og_title":"ORIGEN FAMILIAR | www.antoniomachado.net","og_description":"[vc_row css=\u00bb.vc_custom_1424718509309{margin-top: 0px !important;margin-bottom: 0px !important;border-top-width: 50px !important;border-bottom-width: 30px !important;padding-top: 50px !important;padding-bottom: 30px !important;}\u00bb][vc_column][vc_column_text][\/vc_column_text][\/vc_column][\/vc_row][vc_row][vc_column][vc_column_text]Dr. Machado, no Dr. Carrillo En la [&hellip;]","og_url":"https:\/\/www.antoniomachado.net\/es\/miscelanea\/origen-familiar\/","og_site_name":"www.antoniomachado.net","article_modified_time":"2024-01-07T18:06:26+00:00","twitter_card":"summary_large_image","twitter_site":"@laparocerus","twitter_misc":{"Tiempo de lectura":"3 minutos"},"schema":{"@context":"https:\/\/schema.org","@graph":[{"@type":"WebPage","@id":"https:\/\/www.antoniomachado.net\/es\/miscelanea\/origen-familiar\/","url":"https:\/\/www.antoniomachado.net\/es\/miscelanea\/origen-familiar\/","name":"ORIGEN FAMILIAR | www.antoniomachado.net","isPartOf":{"@id":"https:\/\/www.antoniomachado.net\/es\/#website"},"datePublished":"2015-02-07T16:45:57+00:00","dateModified":"2024-01-07T18:06:26+00:00","breadcrumb":{"@id":"https:\/\/www.antoniomachado.net\/es\/miscelanea\/origen-familiar\/#breadcrumb"},"inLanguage":"es","potentialAction":[{"@type":"ReadAction","target":["https:\/\/www.antoniomachado.net\/es\/miscelanea\/origen-familiar\/"]}]},{"@type":"BreadcrumbList","@id":"https:\/\/www.antoniomachado.net\/es\/miscelanea\/origen-familiar\/#breadcrumb","itemListElement":[{"@type":"ListItem","position":1,"name":"Portada","item":"https:\/\/www.antoniomachado.net\/es\/"},{"@type":"ListItem","position":2,"name":"MISCEL\u00c1NEA","item":"https:\/\/www.antoniomachado.net\/es\/miscelanea\/"},{"@type":"ListItem","position":3,"name":"ORIGEN FAMILIAR"}]},{"@type":"WebSite","@id":"https:\/\/www.antoniomachado.net\/es\/#website","url":"https:\/\/www.antoniomachado.net\/es\/","name":"www.antoniomachado.net","description":"Dr. Antonio Machado. Bi\u00f3logo multiuso (Entomolog\u00eda, Conservaci\u00f3n de la Naturaleza, Pol\u00edtica ambiental, etc.) con sede en las islas Canarias","publisher":{"@id":"https:\/\/www.antoniomachado.net\/es\/#\/schema\/person\/20d92b6bd913e6447a4599f0a334fe20"},"potentialAction":[{"@type":"SearchAction","target":{"@type":"EntryPoint","urlTemplate":"https:\/\/www.antoniomachado.net\/es\/?s={search_term_string}"},"query-input":{"@type":"PropertyValueSpecification","valueRequired":true,"valueName":"search_term_string"}}],"inLanguage":"es"},{"@type":["Person","Organization"],"@id":"https:\/\/www.antoniomachado.net\/es\/#\/schema\/person\/20d92b6bd913e6447a4599f0a334fe20","name":"Antonio Machado","image":{"@type":"ImageObject","inLanguage":"es","@id":"https:\/\/www.antoniomachado.net\/es\/#\/schema\/person\/image\/","url":"https:\/\/www.antoniomachado.net\/wp-content\/uploads\/images\/icons\/avatar_antonio-machado-carrillo.png","contentUrl":"https:\/\/www.antoniomachado.net\/wp-content\/uploads\/images\/icons\/avatar_antonio-machado-carrillo.png","width":320,"height":417,"caption":"Antonio Machado"},"logo":{"@id":"https:\/\/www.antoniomachado.net\/es\/#\/schema\/person\/image\/"},"description":"I am based in Tenerife, one of the Canary Islands, and I am crazy about beetles which are my hobby. However, as a multipurpose professional biologist I have been involved in nature conservation and environmental affairs, teaching Ecology, legal drafting, and other more or less related activities.","sameAs":["http:\/\/www.antoniomachado.net","https:\/\/x.com\/laparocerus"]}]}},"_links":{"self":[{"href":"https:\/\/www.antoniomachado.net\/es\/wp-json\/wp\/v2\/pages\/4922","targetHints":{"allow":["GET"]}}],"collection":[{"href":"https:\/\/www.antoniomachado.net\/es\/wp-json\/wp\/v2\/pages"}],"about":[{"href":"https:\/\/www.antoniomachado.net\/es\/wp-json\/wp\/v2\/types\/page"}],"author":[{"embeddable":true,"href":"https:\/\/www.antoniomachado.net\/es\/wp-json\/wp\/v2\/users\/2"}],"replies":[{"embeddable":true,"href":"https:\/\/www.antoniomachado.net\/es\/wp-json\/wp\/v2\/comments?post=4922"}],"version-history":[{"count":3,"href":"https:\/\/www.antoniomachado.net\/es\/wp-json\/wp\/v2\/pages\/4922\/revisions"}],"predecessor-version":[{"id":10588,"href":"https:\/\/www.antoniomachado.net\/es\/wp-json\/wp\/v2\/pages\/4922\/revisions\/10588"}],"up":[{"embeddable":true,"href":"https:\/\/www.antoniomachado.net\/es\/wp-json\/wp\/v2\/pages\/5164"}],"wp:attachment":[{"href":"https:\/\/www.antoniomachado.net\/es\/wp-json\/wp\/v2\/media?parent=4922"}],"curies":[{"name":"wp","href":"https:\/\/api.w.org\/{rel}","templated":true}]}}