{"id":4938,"date":"2015-01-15T20:22:56","date_gmt":"2015-01-15T20:22:56","guid":{"rendered":"http:\/\/www.antoniomachado.net\/galeria-de-videos\/"},"modified":"2020-06-07T19:20:57","modified_gmt":"2020-06-07T19:20:57","slug":"videos","status":"publish","type":"page","link":"https:\/\/www.antoniomachado.net\/es\/galerias\/videos\/","title":{"rendered":"VIDEOS"},"content":{"rendered":"<div class=\"wpb-content-wrapper\"><p>[vc_row css=\u00bb.vc_custom_1424697729876{margin-top: 0px !important;margin-bottom: 0px !important;border-top-width: 40px !important;border-bottom-width: 30px !important;padding-top: 40px !important;padding-bottom: 30px !important;}\u00bb][vc_column]<h1 class=\"fac-big-title fac-title text-center\" style=\"color:#dd3333\">DOCUMENTALES<\/h1>\n[\/vc_column][\/vc_row][vc_row css=\u00bb.vc_custom_1424697729876{margin-top: 0px !important;margin-bottom: 0px !important;border-top-width: 40px !important;border-bottom-width: 30px !important;padding-top: 40px !important;padding-bottom: 30px !important;}\u00bb][vc_column][vc_column_text]<\/p>\n<h2 style=\"text-align: left;\"><span style=\"color: #dd3333;\">SERIES \u00abCANARIAS BAJO EL MAR\u00bb <\/span><\/h2>\n<p>[\/vc_column_text][vc_row_inner][vc_column_inner width=\u00bb1\/3&#8243;]<h4 class=\"fac-title text-left\" style=\"color:#4b4b4b\">VIVIR ENTRE MAREAS<\/h4>\n[vc_column_text]<iframe loading=\"lazy\" src=\"https:\/\/player.vimeo.com\/video\/122340139\" width=\"100%\" height=\"100%\" frameborder=\"0\" allowfullscreen=\"allowfullscreen\"><\/iframe>[\/vc_column_text][\/vc_column_inner][vc_column_inner width=\u00bb1\/3&#8243;]<h4 class=\"fac-title text-left\" style=\"color:#4b4b4b\">JARDINES BAJO EL MAR<\/h4>\n[vc_column_text]<iframe loading=\"lazy\" src=\"https:\/\/player.vimeo.com\/video\/121776439\" width=\"100%\" height=\"100%\" frameborder=\"0\" allowfullscreen=\"allowfullscreen\"><\/iframe>[\/vc_column_text][\/vc_column_inner][vc_column_inner width=\u00bb1\/3&#8243;]<h4 class=\"fac-title text-left\" style=\"color:#4b4b4b\">HOGARES PREFABRICADOS<\/h4>\n[vc_column_text]<iframe loading=\"lazy\" src=\"https:\/\/player.vimeo.com\/video\/121776437\" width=\"100%\" height=\"100%\" frameborder=\"0\" allowfullscreen=\"allowfullscreen\"><\/iframe>[\/vc_column_text][\/vc_column_inner][\/vc_row_inner][vc_row_inner][vc_column_inner width=\u00bb1\/3&#8243;]<h4 class=\"fac-title text-left\" style=\"color:#4b4b4b\">RESERVAS MARINAS<\/h4>\n[vc_column_text]<iframe loading=\"lazy\" src=\"https:\/\/player.vimeo.com\/video\/121811122\" width=\"100%\" height=\"100%\" frameborder=\"0\" allowfullscreen=\"allowfullscreen\"><\/iframe>[\/vc_column_text][\/vc_column_inner][vc_column_inner width=\u00bb1\/3&#8243;]<h4 class=\"fac-title text-left\" style=\"color:#4b4b4b\">AMANAY, ISLOTE SUMERGIDO<\/h4>\n[vc_column_text]<iframe loading=\"lazy\" src=\"https:\/\/player.vimeo.com\/video\/121776440\" width=\"100%\" height=\"100%\" frameborder=\"0\" allowfullscreen=\"allowfullscreen\"><\/iframe>[\/vc_column_text][\/vc_column_inner][vc_column_inner width=\u00bb1\/3&#8243;]<h4 class=\"fac-title text-left\" style=\"color:#4b4b4b\">Cr\u00e9ditos:<\/h4>\n[vc_column_text]<span style=\"color: #dd3333;\">Director:<\/span> Rafa Herrero Massieu<br \/>\n<span style=\"color: #dd3333;\">Gui\u00f3n:<\/span> Antonio Machado Carrillo<br \/>\n<span style=\"color: #dd3333;\">Producido por:<\/span> Aqua Work Producciones<br \/>\n<span style=\"color: #dd3333;\">\u00a9 2003 <\/span>Gobierno de Canarias, Consejer\u00eda de Pol\u00edtica Territorial y Medio Ambiente[\/vc_column_text][\/vc_column_inner][\/vc_row_inner][\/vc_column][\/vc_row][vc_row css=\u00bb.vc_custom_1424697729876{margin-top: 0px !important;margin-bottom: 0px !important;border-top-width: 40px !important;border-bottom-width: 30px !important;padding-top: 40px !important;padding-bottom: 30px !important;}\u00bb][vc_column][vc_column_text]<\/p>\n<h2 style=\"text-align: left;\"><span style=\"color: #dd3333;\">SERIES \u00abPARQUES DE CANARIAS\u00bb <\/span><\/h2>\n<p>[\/vc_column_text][vc_row_inner][vc_column_inner][vc_column_text]<strong>Canarias 7, <\/strong>seriamente comprometida en divulgar la realidad f\u00edsica y natural del Archipi\u00e9lago, se complace en ofrecer a sus lectores una nueva serie audiovisual dedicada, esta vez, a los Parques de Canarias. De la mano del bi\u00f3logo canario <strong>Antonio Machado Carrillo<\/strong>, se han seleccionado parques nacionales, naturales o naturales, uno por cada isla, para formar en su conjunto una muestra representativa de los m\u00e1s singulares espacios naturales protegidos de nuestra tierra. A finales del siglo XX (en los albores del siglo XXI) la Naturaleza hay que protegerla del hombre, pero se protege para el hombre. S\u00f3lo un conocimiento m\u00e1s profundo de los valores que encierran las \u00e1reas naturales, permitir\u00e1 comprender el alcance real de esta especial filosof\u00eda.[\/vc_column_text][\/vc_column_inner][\/vc_row_inner][vc_row_inner][vc_column_inner width=\u00bb1\/3&#8243;]<h4 class=\"fac-title text-left\" style=\"color:#4b4b4b\">EL HIERRO<\/h4>\n[vc_column_text]<iframe loading=\"lazy\" src=\"https:\/\/player.vimeo.com\/video\/122449972\" width=\"100%\" height=\"100%\" frameborder=\"0\" allowfullscreen=\"allowfullscreen\"><\/iframe>[\/vc_column_text][\/vc_column_inner][vc_column_inner width=\u00bb1\/3&#8243;]<h4 class=\"fac-title text-left\" style=\"color:#4b4b4b\">LA PALMA<\/h4>\n[vc_column_text]<iframe loading=\"lazy\" src=\"https:\/\/player.vimeo.com\/video\/122449971\" width=\"100%\" height=\"100%\" frameborder=\"0\" allowfullscreen=\"allowfullscreen\"><\/iframe>[\/vc_column_text][\/vc_column_inner][vc_column_inner width=\u00bb1\/3&#8243;]<h4 class=\"fac-title text-left\" style=\"color:#4b4b4b\">LA GOMERA<\/h4>\n[vc_column_text]<iframe loading=\"lazy\" src=\"https:\/\/player.vimeo.com\/video\/122449970\" width=\"100%\" height=\"100%\" frameborder=\"0\" allowfullscreen=\"allowfullscreen\"><\/iframe>[\/vc_column_text][\/vc_column_inner][\/vc_row_inner][vc_row_inner][vc_column_inner width=\u00bb1\/3&#8243;]<h4 class=\"fac-title text-left\" style=\"color:#4b4b4b\">TENERIFE<\/h4>\n[vc_column_text]<iframe loading=\"lazy\" src=\"https:\/\/player.vimeo.com\/video\/122443464\" width=\"100%\" height=\"100%\" frameborder=\"0\" allowfullscreen=\"allowfullscreen\"><\/iframe>[\/vc_column_text][\/vc_column_inner][vc_column_inner width=\u00bb1\/3&#8243;]<h4 class=\"fac-title text-left\" style=\"color:#4b4b4b\">GRAN CANARIA<\/h4>\n[vc_column_text]<iframe loading=\"lazy\" src=\"https:\/\/player.vimeo.com\/video\/122443463\" width=\"100%\" height=\"100%\" frameborder=\"0\" allowfullscreen=\"allowfullscreen\"><\/iframe>[\/vc_column_text][\/vc_column_inner][vc_column_inner width=\u00bb1\/3&#8243;]<h4 class=\"fac-title text-left\" style=\"color:#4b4b4b\">LANZAROTE<\/h4>\n[vc_column_text]<iframe loading=\"lazy\" src=\"https:\/\/player.vimeo.com\/video\/122449969\" width=\"100%\" height=\"100%\" frameborder=\"0\" allowfullscreen=\"allowfullscreen\"><\/iframe>[\/vc_column_text][\/vc_column_inner][\/vc_row_inner][vc_row_inner][vc_column_inner width=\u00bb1\/3&#8243;]<h4 class=\"fac-title text-left\" style=\"color:#4b4b4b\">FUERTEVENTURA<\/h4>\n[vc_column_text]<iframe loading=\"lazy\" src=\"https:\/\/player.vimeo.com\/video\/122443460\" width=\"100%\" height=\"100%\" frameborder=\"0\" allowfullscreen=\"allowfullscreen\"><\/iframe>[\/vc_column_text][\/vc_column_inner][vc_column_inner width=\u00bb1\/3&#8243;]<h4 class=\"fac-title text-left\" style=\"color:#4b4b4b\">ARCHIPI\u00c9LAGO CHINIJO<\/h4>\n[vc_column_text]<iframe loading=\"lazy\" src=\"https:\/\/player.vimeo.com\/video\/122443459\" width=\"100%\" height=\"100%\" frameborder=\"0\" allowfullscreen=\"allowfullscreen\"><\/iframe>[\/vc_column_text][\/vc_column_inner][vc_column_inner width=\u00bb1\/3&#8243;]<h4 class=\"fac-title text-left\" style=\"color:#4b4b4b\">Cr\u00e9ditos:<\/h4>\n[vc_column_text]<span style=\"color: #dd3333;\">Director:<\/span> Jos\u00e9 de Miguel<br \/>\n<span style=\"color: #dd3333;\">Gui\u00f3n y presentaci\u00f3n:<\/span> Antonio Machado<br \/>\n<span style=\"color: #dd3333;\">Producido por:<\/span> TV-7 Producciones y Comunicaci\u00f3n Integral<br \/>\n<span style=\"color: #dd3333;\">1995 \u00a9<\/span> Canarias 7[\/vc_column_text][\/vc_column_inner][\/vc_row_inner][\/vc_column][\/vc_row][vc_row css=\u00bb.vc_custom_1435166202706{margin-top: 0px !important;margin-bottom: 0px !important;border-top-width: 40px !important;border-bottom-width: 30px !important;padding-top: 40px !important;padding-bottom: 30px !important;}\u00bb][vc_column][vc_column_text]<\/p>\n<h2 style=\"text-align: left;\"><span style=\"color: #dd3333;\">OTROS DOCUMENTALES <\/span><\/h2>\n<p>[\/vc_column_text][vc_row_inner][vc_column_inner width=\u00bb1\/3&#8243;]<h4 class=\"fac-title text-left\" style=\"color:#4b4b4b\">EL SEBADAL DE GRANADILLA<\/h4>\n[vc_column_text]<iframe loading=\"lazy\" src=\"\/\/player.vimeo.com\/video\/210082142?title=0&amp;amp;byline=0\" width=\"100%\" height=\"100%\" frameborder=\"0\" allowfullscreen=\"allowfullscreen\"><\/iframe>[\/vc_column_text][vc_column_text]** V.O espa\u00f1ol[\/vc_column_text][\/vc_column_inner][vc_column_inner width=\u00bb1\/3&#8243;]<h4 class=\"fac-title text-left\" style=\"color:#4b4b4b\">THE &#039;SEBADAL&#039; OF GRANADILLA<\/h4>\n[vc_column_text]<iframe loading=\"lazy\" src=\"\/\/player.vimeo.com\/video\/210996156?title=0&amp;amp;byline=0\" width=\"100%\" height=\"100%\" frameborder=\"0\" allowfullscreen=\"allowfullscreen\"><\/iframe>[\/vc_column_text][vc_column_text]** V.O.\u00a0espa\u00f1ol &#8211; con subt\u00edtulos en ingl\u00e9s[\/vc_column_text][\/vc_column_inner][vc_column_inner width=\u00bb1\/3&#8243;]<h4 class=\"fac-title text-left\" style=\"color:#4b4b4b\">5 a\u00f1os de monitoreo ambiental<\/h4>\n[vc_column_text]<span style=\"color: #dd3333;\">Director:<\/span>\u00a0Antonio Machado Carrillo<br \/>\n<span style=\"color: #dd3333;\">Script:<\/span> Antonio Machado Carrillo<br \/>\n<span style=\"color: #dd3333;\">Filmed by:<\/span> Pepe de Miguel<br \/>\n<span style=\"color: #dd3333;\">Produced by:<\/span>\u00a0DIGITALIA S.L.<br \/>\n<span style=\"color: #dd3333;\">\u00a9 2017<\/span> OAG \u2013 Observatorio Ambiental Granadilla[\/vc_column_text][\/vc_column_inner][\/vc_row_inner][vc_separator][vc_row_inner][vc_column_inner width=\u00bb1\/3&#8243;]<h4 class=\"fac-title text-left\" style=\"color:#4b4b4b\">RESERVA MARINA DE LA GRACIOSA<\/h4>\n[vc_column_text]<iframe loading=\"lazy\" src=\"\/\/player.vimeo.com\/video\/124855586?title=0&amp;amp;byline=0\" width=\"100%\" height=\"100%\" frameborder=\"0\" allowfullscreen=\"allowfullscreen\"><\/iframe>[\/vc_column_text][vc_column_text]** Versi\u00f3n\u00a0en espa\u00f1ol[\/vc_column_text][\/vc_column_inner][vc_column_inner width=\u00bb1\/3&#8243;]<h4 class=\"fac-title text-left\" style=\"color:#4b4b4b\">TIMANFAYA, TIERRA PROMETIDA<\/h4>\n[vc_column_text]<iframe loading=\"lazy\" src=\"\/\/player.vimeo.com\/video\/128717671?title=0&amp;amp;byline=0\" width=\"100%\" height=\"100%\" frameborder=\"0\" allowfullscreen=\"allowfullscreen\"><\/iframe>[\/vc_column_text][vc_column_text]<span style=\"color: #dd3333;\">Director:<\/span>\u00a0Aurelio Centellas<br \/>\n<span style=\"color: #dd3333;\">Gui\u00f3n:<\/span> Antonio Machado Carrillo<br \/>\n<span style=\"color: #dd3333;\">Producido por:<\/span>\u00a0Video Repor S.A.<br \/>\n<span style=\"color: #dd3333;\">\u00a9 2003<\/span> Ministerio de Medio Ambiente[\/vc_column_text][\/vc_column_inner][vc_column_inner width=\u00bb1\/3&#8243;]<h4 class=\"fac-title text-left\" style=\"color:#4b4b4b\">LA ARDILLA MORUNA EN FUERTEVENTURA<\/h4>\n[vc_column_text]<iframe loading=\"lazy\" src=\"\/\/player.vimeo.com\/video\/131106735?title=0&amp;amp;byline=0\" width=\"100%\" height=\"100%\" frameborder=\"0\" allowfullscreen=\"allowfullscreen\"><\/iframe>[\/vc_column_text][vc_column_text]<span style=\"color: #dd3333;\">Director:<\/span>\u00a0Antonio Machado Carrillo<br \/>\n<span style=\"color: #dd3333;\">Gui\u00f3n:<\/span> Antonio Machado Carrillo<br \/>\n<span style=\"color: #dd3333;\">Producido por:<\/span> Roberto Rodr\u00edguez &amp; Emiliano Cruz<br \/>\n<span style=\"color: #dd3333;\">\u00a9 1982<\/span> Ministerio de Agricultura, ICONA.[\/vc_column_text][\/vc_column_inner][\/vc_row_inner][\/vc_column][\/vc_row][vc_row css=\u00bb.vc_custom_1435166227058{margin-top: 0px !important;margin-bottom: 0px !important;border-top-width: 40px !important;border-bottom-width: 30px !important;padding-top: 40px !important;padding-bottom: 30px !important;}\u00bb][vc_column][vc_column_text]<\/p>\n<h2 style=\"text-align: left;\"><span style=\"color: #dd3333;\">ENTOMOLOG\u00cdA<\/span><\/h2>\n<p>[\/vc_column_text][vc_row_inner][vc_column_inner width=\u00bb1\/3&#8243;]<h4 class=\"fac-title text-left\" style=\"color:#4b4b4b\">EXPEDICI\u00d3N ENTOMOL\u00d3GICA A LA GOMERA &amp; EL HIERRO<\/h4>\n[vc_column_text]<iframe loading=\"lazy\" src=\"\/\/player.vimeo.com\/video\/131678967?title=0&amp;byline=0\" width=\"100%\" height=\"100%\" frameborder=\"0\" allowfullscreen=\"allowfullscreen\"><\/iframe>[\/vc_column_text][vc_column_text]<span style=\"color: #dd3333;\">Director:<\/span>\u00a0Antonio Machado Carrillo<br \/>\n<span style=\"color: #dd3333;\">Filmado en:<\/span>\u00a0Super 8<br \/>\n<span style=\"color: #ff0000;\"><span style=\"color: #dd3333;\">\u00a9 1971:\u00a0<\/span><span style=\"color: #000000;\">Antonio Machado Carrillo<\/span><\/span>[\/vc_column_text][\/vc_column_inner][vc_column_inner width=\u00bb1\/3&#8243;]<h4 class=\"fac-title text-left\" style=\"color:#4b4b4b\">EXCLOSI\u00d3N DE UN HUEVO DE &#039;LAPAROCERUS BELLUS&#039;<\/h4>\n[vc_column_text]<iframe loading=\"lazy\" src=\"\/\/player.vimeo.com\/video\/421983367?title=0&amp;byline=0\" width=\"100%\" height=\"100%\" frameborder=\"0\" allowfullscreen=\"allowfullscreen\"><\/iframe>[\/vc_column_text][vc_column_text]<span style=\"color: #dd3333;\">Director:<\/span>\u00a0Antonio Machado Carrillo<br \/>\n<span style=\"color: #dd3333;\">Filmado en:<\/span> Tenerife, Islas Canarias.<br \/>\n<span style=\"color: #ff0000;\"><span style=\"color: #dd3333;\">\u00a9 2020: <\/span><span style=\"color: #000000;\">Antonio Machado Carrillo<\/span><\/span>[\/vc_column_text][\/vc_column_inner][vc_column_inner width=\u00bb1\/3&#8243;]<h4 class=\"fac-title text-left\" style=\"color:#4b4b4b\">ECLOSI\u00d3N DE UN HUEVO DE &#039;LAPAROCERUS REUTERI&#039;<\/h4>\n[vc_column_text]<iframe loading=\"lazy\" src=\"\/\/player.vimeo.com\/video\/421982172?title=0&amp;byline=0\" width=\"100%\" height=\"100%\" frameborder=\"0\" allowfullscreen=\"allowfullscreen\"><\/iframe>[\/vc_column_text][vc_column_text]<span style=\"color: #dd3333;\">Director:<\/span>\u00a0Antonio Machado Carrillo<br \/>\n<span style=\"color: #dd3333;\">Filmado en:<\/span> Tenerife, Islas Canarias<br \/>\n<span style=\"color: #ff0000;\"><span style=\"color: #dd3333;\">\u00a9 2020: <\/span><span style=\"color: #000000;\">Antonio Machado Carrillo<\/span><\/span>[\/vc_column_text][\/vc_column_inner][\/vc_row_inner][vc_text_separator title=\u00bbFIN\u00bb][\/vc_column][\/vc_row]<\/p>\n<\/div>","protected":false},"excerpt":{"rendered":"<p>[vc_row css=\u00bb.vc_custom_1424697729876{margin-top: 0px !important;margin-bottom: 0px !important;border-top-width: 40px !important;border-bottom-width: 30px !important;padding-top: 40px !important;padding-bottom: 30px !important;}\u00bb][vc_column][\/vc_column][\/vc_row][vc_row css=\u00bb.vc_custom_1424697729876{margin-top: 0px !important;margin-bottom: 0px !important;border-top-width: 40px [&hellip;]<\/p>\n","protected":false},"author":1,"featured_media":0,"parent":5163,"menu_order":3,"comment_status":"open","ping_status":"closed","template":"page-pagebuilder.php","meta":{"footnotes":""},"class_list":["post-4938","page","type-page","status-publish","hentry"],"yoast_head":"<!-- This site is optimized with the Yoast SEO plugin v27.1.1 - https:\/\/yoast.com\/product\/yoast-seo-wordpress\/ -->\n<title>VIDEO - Galer\u00eda | Dr. Antonio Machado Carrillo<\/title>\n<meta name=\"description\" content=\"Documentales sobre los Parques Nacionales de Las Islas Canarias y otros videos de Antonio Machado Carrillo, relacionados con la conservaci\u00f3n.\" \/>\n<meta name=\"robots\" content=\"index, follow, max-snippet:-1, max-image-preview:large, max-video-preview:-1\" \/>\n<link rel=\"canonical\" href=\"https:\/\/www.antoniomachado.net\/es\/galerias\/videos\/\" \/>\n<meta property=\"og:locale\" content=\"es_ES\" \/>\n<meta property=\"og:type\" content=\"article\" \/>\n<meta property=\"og:title\" content=\"VIDEO - Galer\u00eda | Dr. Antonio Machado Carrillo\" \/>\n<meta property=\"og:description\" content=\"Documentales sobre los Parques Nacionales de Las Islas Canarias y otros videos de Antonio Machado Carrillo, relacionados con la conservaci\u00f3n.\" \/>\n<meta property=\"og:url\" content=\"https:\/\/www.antoniomachado.net\/es\/galerias\/videos\/\" \/>\n<meta property=\"og:site_name\" content=\"www.antoniomachado.net\" \/>\n<meta property=\"article:modified_time\" content=\"2020-06-07T19:20:57+00:00\" \/>\n<meta name=\"twitter:card\" content=\"summary_large_image\" \/>\n<meta name=\"twitter:site\" content=\"@laparocerus\" \/>\n<meta name=\"twitter:label1\" content=\"Tiempo de lectura\" \/>\n\t<meta name=\"twitter:data1\" content=\"6 minutos\" \/>\n<script type=\"application\/ld+json\" class=\"yoast-schema-graph\">{\"@context\":\"https:\/\/schema.org\",\"@graph\":[{\"@type\":\"WebPage\",\"@id\":\"https:\/\/www.antoniomachado.net\/es\/galerias\/videos\/\",\"url\":\"https:\/\/www.antoniomachado.net\/es\/galerias\/videos\/\",\"name\":\"VIDEO - Galer\u00eda | Dr. Antonio Machado Carrillo\",\"isPartOf\":{\"@id\":\"https:\/\/www.antoniomachado.net\/es\/#website\"},\"datePublished\":\"2015-01-15T20:22:56+00:00\",\"dateModified\":\"2020-06-07T19:20:57+00:00\",\"description\":\"Documentales sobre los Parques Nacionales de Las Islas Canarias y otros videos de Antonio Machado Carrillo, relacionados con la conservaci\u00f3n.\",\"breadcrumb\":{\"@id\":\"https:\/\/www.antoniomachado.net\/es\/galerias\/videos\/#breadcrumb\"},\"inLanguage\":\"es\",\"potentialAction\":[{\"@type\":\"ReadAction\",\"target\":[\"https:\/\/www.antoniomachado.net\/es\/galerias\/videos\/\"]}]},{\"@type\":\"BreadcrumbList\",\"@id\":\"https:\/\/www.antoniomachado.net\/es\/galerias\/videos\/#breadcrumb\",\"itemListElement\":[{\"@type\":\"ListItem\",\"position\":1,\"name\":\"Portada\",\"item\":\"https:\/\/www.antoniomachado.net\/es\/\"},{\"@type\":\"ListItem\",\"position\":2,\"name\":\"GALER\u00cdAS\",\"item\":\"https:\/\/www.antoniomachado.net\/es\/galerias\/\"},{\"@type\":\"ListItem\",\"position\":3,\"name\":\"VIDEOS\"}]},{\"@type\":\"WebSite\",\"@id\":\"https:\/\/www.antoniomachado.net\/es\/#website\",\"url\":\"https:\/\/www.antoniomachado.net\/es\/\",\"name\":\"www.antoniomachado.net\",\"description\":\"Dr. Antonio Machado. Bi\u00f3logo multiuso (Entomolog\u00eda, Conservaci\u00f3n de la Naturaleza, Pol\u00edtica ambiental, etc.) con sede en las islas Canarias\",\"publisher\":{\"@id\":\"https:\/\/www.antoniomachado.net\/es\/#\/schema\/person\/20d92b6bd913e6447a4599f0a334fe20\"},\"potentialAction\":[{\"@type\":\"SearchAction\",\"target\":{\"@type\":\"EntryPoint\",\"urlTemplate\":\"https:\/\/www.antoniomachado.net\/es\/?s={search_term_string}\"},\"query-input\":{\"@type\":\"PropertyValueSpecification\",\"valueRequired\":true,\"valueName\":\"search_term_string\"}}],\"inLanguage\":\"es\"},{\"@type\":[\"Person\",\"Organization\"],\"@id\":\"https:\/\/www.antoniomachado.net\/es\/#\/schema\/person\/20d92b6bd913e6447a4599f0a334fe20\",\"name\":\"Antonio Machado\",\"image\":{\"@type\":\"ImageObject\",\"inLanguage\":\"es\",\"@id\":\"https:\/\/www.antoniomachado.net\/es\/#\/schema\/person\/image\/\",\"url\":\"https:\/\/www.antoniomachado.net\/wp-content\/uploads\/images\/icons\/avatar_antonio-machado-carrillo.png\",\"contentUrl\":\"https:\/\/www.antoniomachado.net\/wp-content\/uploads\/images\/icons\/avatar_antonio-machado-carrillo.png\",\"width\":320,\"height\":417,\"caption\":\"Antonio Machado\"},\"logo\":{\"@id\":\"https:\/\/www.antoniomachado.net\/es\/#\/schema\/person\/image\/\"},\"description\":\"I am based in Tenerife, one of the Canary Islands, and I am crazy about beetles which are my hobby. However, as a multipurpose professional biologist I have been involved in nature conservation and environmental affairs, teaching Ecology, legal drafting, and other more or less related activities.\",\"sameAs\":[\"http:\/\/www.antoniomachado.net\",\"https:\/\/x.com\/laparocerus\"]}]}<\/script>\n<!-- \/ Yoast SEO plugin. -->","yoast_head_json":{"title":"VIDEO - Galer\u00eda | Dr. Antonio Machado Carrillo","description":"Documentales sobre los Parques Nacionales de Las Islas Canarias y otros videos de Antonio Machado Carrillo, relacionados con la conservaci\u00f3n.","robots":{"index":"index","follow":"follow","max-snippet":"max-snippet:-1","max-image-preview":"max-image-preview:large","max-video-preview":"max-video-preview:-1"},"canonical":"https:\/\/www.antoniomachado.net\/es\/galerias\/videos\/","og_locale":"es_ES","og_type":"article","og_title":"VIDEO - Galer\u00eda | Dr. Antonio Machado Carrillo","og_description":"Documentales sobre los Parques Nacionales de Las Islas Canarias y otros videos de Antonio Machado Carrillo, relacionados con la conservaci\u00f3n.","og_url":"https:\/\/www.antoniomachado.net\/es\/galerias\/videos\/","og_site_name":"www.antoniomachado.net","article_modified_time":"2020-06-07T19:20:57+00:00","twitter_card":"summary_large_image","twitter_site":"@laparocerus","twitter_misc":{"Tiempo de lectura":"6 minutos"},"schema":{"@context":"https:\/\/schema.org","@graph":[{"@type":"WebPage","@id":"https:\/\/www.antoniomachado.net\/es\/galerias\/videos\/","url":"https:\/\/www.antoniomachado.net\/es\/galerias\/videos\/","name":"VIDEO - Galer\u00eda | Dr. Antonio Machado Carrillo","isPartOf":{"@id":"https:\/\/www.antoniomachado.net\/es\/#website"},"datePublished":"2015-01-15T20:22:56+00:00","dateModified":"2020-06-07T19:20:57+00:00","description":"Documentales sobre los Parques Nacionales de Las Islas Canarias y otros videos de Antonio Machado Carrillo, relacionados con la conservaci\u00f3n.","breadcrumb":{"@id":"https:\/\/www.antoniomachado.net\/es\/galerias\/videos\/#breadcrumb"},"inLanguage":"es","potentialAction":[{"@type":"ReadAction","target":["https:\/\/www.antoniomachado.net\/es\/galerias\/videos\/"]}]},{"@type":"BreadcrumbList","@id":"https:\/\/www.antoniomachado.net\/es\/galerias\/videos\/#breadcrumb","itemListElement":[{"@type":"ListItem","position":1,"name":"Portada","item":"https:\/\/www.antoniomachado.net\/es\/"},{"@type":"ListItem","position":2,"name":"GALER\u00cdAS","item":"https:\/\/www.antoniomachado.net\/es\/galerias\/"},{"@type":"ListItem","position":3,"name":"VIDEOS"}]},{"@type":"WebSite","@id":"https:\/\/www.antoniomachado.net\/es\/#website","url":"https:\/\/www.antoniomachado.net\/es\/","name":"www.antoniomachado.net","description":"Dr. Antonio Machado. Bi\u00f3logo multiuso (Entomolog\u00eda, Conservaci\u00f3n de la Naturaleza, Pol\u00edtica ambiental, etc.) con sede en las islas Canarias","publisher":{"@id":"https:\/\/www.antoniomachado.net\/es\/#\/schema\/person\/20d92b6bd913e6447a4599f0a334fe20"},"potentialAction":[{"@type":"SearchAction","target":{"@type":"EntryPoint","urlTemplate":"https:\/\/www.antoniomachado.net\/es\/?s={search_term_string}"},"query-input":{"@type":"PropertyValueSpecification","valueRequired":true,"valueName":"search_term_string"}}],"inLanguage":"es"},{"@type":["Person","Organization"],"@id":"https:\/\/www.antoniomachado.net\/es\/#\/schema\/person\/20d92b6bd913e6447a4599f0a334fe20","name":"Antonio Machado","image":{"@type":"ImageObject","inLanguage":"es","@id":"https:\/\/www.antoniomachado.net\/es\/#\/schema\/person\/image\/","url":"https:\/\/www.antoniomachado.net\/wp-content\/uploads\/images\/icons\/avatar_antonio-machado-carrillo.png","contentUrl":"https:\/\/www.antoniomachado.net\/wp-content\/uploads\/images\/icons\/avatar_antonio-machado-carrillo.png","width":320,"height":417,"caption":"Antonio Machado"},"logo":{"@id":"https:\/\/www.antoniomachado.net\/es\/#\/schema\/person\/image\/"},"description":"I am based in Tenerife, one of the Canary Islands, and I am crazy about beetles which are my hobby. However, as a multipurpose professional biologist I have been involved in nature conservation and environmental affairs, teaching Ecology, legal drafting, and other more or less related activities.","sameAs":["http:\/\/www.antoniomachado.net","https:\/\/x.com\/laparocerus"]}]}},"_links":{"self":[{"href":"https:\/\/www.antoniomachado.net\/es\/wp-json\/wp\/v2\/pages\/4938","targetHints":{"allow":["GET"]}}],"collection":[{"href":"https:\/\/www.antoniomachado.net\/es\/wp-json\/wp\/v2\/pages"}],"about":[{"href":"https:\/\/www.antoniomachado.net\/es\/wp-json\/wp\/v2\/types\/page"}],"author":[{"embeddable":true,"href":"https:\/\/www.antoniomachado.net\/es\/wp-json\/wp\/v2\/users\/1"}],"replies":[{"embeddable":true,"href":"https:\/\/www.antoniomachado.net\/es\/wp-json\/wp\/v2\/comments?post=4938"}],"version-history":[{"count":0,"href":"https:\/\/www.antoniomachado.net\/es\/wp-json\/wp\/v2\/pages\/4938\/revisions"}],"up":[{"embeddable":true,"href":"https:\/\/www.antoniomachado.net\/es\/wp-json\/wp\/v2\/pages\/5163"}],"wp:attachment":[{"href":"https:\/\/www.antoniomachado.net\/es\/wp-json\/wp\/v2\/media?parent=4938"}],"curies":[{"name":"wp","href":"https:\/\/api.w.org\/{rel}","templated":true}]}}