{"id":4939,"date":"2015-02-10T18:14:38","date_gmt":"2015-02-10T18:14:38","guid":{"rendered":"http:\/\/www.antoniomachado.net\/galeria-de-ilustraciones\/"},"modified":"2015-12-16T15:32:59","modified_gmt":"2015-12-16T15:32:59","slug":"ilustraciones","status":"publish","type":"page","link":"https:\/\/www.antoniomachado.net\/es\/galerias\/ilustraciones\/","title":{"rendered":"ILUSTRACIONES"},"content":{"rendered":"<div class=\"wpb-content-wrapper\"><p>[vc_row css=\u00bb.vc_custom_1450277598369{margin-top: 0px !important;margin-bottom: 0px !important;border-top-width: 30px !important;border-bottom-width: 15px !important;padding-top: 30px !important;padding-bottom: 15px !important;}\u00bb][vc_column]<h1 class=\"fac-big-title fac-title text-center\" style=\"color:#dd3333\">ILUSTRACIONES<\/h1>\n[vc_column_text]<\/p>\n<p style=\"text-align: center;\">\u00a9 Antonio Machado Carrillo \u00a0(para abrir la galer\u00eda: pinche en la imagen)<\/p>\n<p>[\/vc_column_text][\/vc_column][\/vc_row][vc_row css=\u00bb.vc_custom_1425502954652{margin-top: 0px !important;margin-bottom: 0px !important;border-top-width: 30px !important;border-bottom-width: 30px !important;padding-top: 30px !important;padding-bottom: 30px !important;}\u00bb][vc_column][vc_row_inner][vc_column_inner width=\u00bb1\/2&#8243;]<h2 class=\"fac-title text-center\" style=\"color:#2a8942\">ICONOS BIOTA MARINA<\/h2>\n[vc_single_image image=\u00bb7038&#8243; img_size=\u00bbfull\u00bb onclick=\u00bbcustom_link\u00bb img_link_target=\u00bb_blank\u00bb link=\u00bb https:\/\/www.antoniomachado.net\/es\/galerias\/ilustraciones\/iconos-biota-2\/\u00bb][vc_column_text]I prepared this set of symbols to be used as little icons to tag species according to main marine biological groups within REDMIC (Integrated Repository of Marine Data from the Canary Islands). Here is the complete set, including some redundante symbols.[\/vc_column_text][\/vc_column_inner][vc_column_inner width=\u00bb1\/2&#8243;]<h2 class=\"fac-title text-center\" style=\"color:#2a8942\">S\u00cdMBOLOS DE CANARIAS<\/h2>\n[vc_single_image image=\u00bb7036&#8243; img_size=\u00bbfull\u00bb onclick=\u00bbcustom_link\u00bb img_link_target=\u00bb_blank\u00bb link=\u00bbhttps:\/\/www.antoniomachado.net\/es\/galerias\/ilustraciones\/simbolos-de-canarias\/\u00bb][vc_column_text]When I promoted the Law of Symbols of Nature for the Canary Islands, I contacted with Eric C. Cichosz, a great muralist, who prepared these compositions for each islands&#8217; selected species. The animal is somehow protecting the plant species, and he introduced also elements from each island&#8217;s landscape. He did a smart job.[\/vc_column_text][\/vc_column_inner][\/vc_row_inner][\/vc_column][\/vc_row][vc_row css=\u00bb.vc_custom_1425502954652{margin-top: 0px !important;margin-bottom: 0px !important;border-top-width: 30px !important;border-bottom-width: 30px !important;padding-top: 30px !important;padding-bottom: 30px !important;}\u00bb][vc_column][vc_row_inner][vc_column_inner width=\u00bb1\/2&#8243;]<h2 class=\"fac-title text-center\" style=\"color:#2a8942\">ANATOM\u00cdA DE UN GORGOJO<\/h2>\n[vc_single_image image=\u00bb7082&#8243; img_size=\u00bbfull\u00bb onclick=\u00bbcustom_link\u00bb img_link_target=\u00bb_blank\u00bb link=\u00bbhttps:\/\/www.antoniomachado.net\/es\/galerias\/ilustraciones\/anatomia-de-un-gorgojo\u00bb][vc_column_text]In 2010 I finished a detailed morphological study of one of my <em>Laparocerus,\u00a0<\/em>namely\u00a0<em>L. undatus\u00a0<\/em>Woll., 1864 which is one of the largest. Here I present the plates of that work (click to open) organised in landscape format, and ready to consult. The names of the different parts of the body and internal pieces are in Spanish, and that is done on purpose, as anatomical literature is mostly available only in English.[\/vc_column_text][\/vc_column_inner][vc_column_inner width=\u00bb1\/2&#8243;]<h2 class=\"fac-title text-center\" style=\"color:#2a8942\">BOCETOS DE CAMPO<\/h2>\n[vc_single_image image=\u00bb8860&#8243; img_size=\u00bbfull\u00bb onclick=\u00bbcustom_link\u00bb img_link_target=\u00bb_blank\u00bb link=\u00bbhttps:\/\/www.antoniomachado.net\/es\/galerias\/ilustraciones\/bocetos-de-campo\u00bb][vc_column_text]Biology field work implies the use a field notebook. If you mix this notes with your travel experiences you will end up with an invaluable treasure for the future, when you face writing a report or just remembering the past,\u00a0 My daughter Elena convinced me to extract some of the innocent and rapid sketches I make while I write, and here is a collection taking from several of my travel notebooks. But if you are intrigued by how such field books look like, I have fully scanned that of a collecting trip to French Polinesia in 2005 (<a href=\"https:\/\/www.antoniomachado.net\/wp-content\/uploads\/pdf\/general\/2005-viaje-tahiti.pdf\" target=\"_blank\">open pdf<\/a>).[\/vc_column_text][\/vc_column_inner][\/vc_row_inner][\/vc_column][\/vc_row][vc_row css=\u00bb.vc_custom_1425502954652{margin-top: 0px !important;margin-bottom: 0px !important;border-top-width: 30px !important;border-bottom-width: 30px !important;padding-top: 30px !important;padding-bottom: 30px !important;}\u00bb][vc_column][vc_row_inner][vc_column_inner width=\u00bb1\/2&#8243;]<h2 class=\"fac-title text-center\" style=\"color:#2a8942\">ILUSTRACI\u00d3N CIENT\u00cdFICA<\/h2>\n[vc_message]Proximamente&#8230;[\/vc_message][vc_column_text]Modern digital photography has acquired such capacities that many biologist have switched to it, leaving aside the tradition of drawing, which has been common practice in descriptive zoology or botany. However, I believe that there is still room for scientific illustrations for its simplicity and abstraction capacity. In any case, I enjoy drawing in the old ways, with China ink, much patience, and listening jazz or the Brandenburg Concerts of Bach..[\/vc_column_text][\/vc_column_inner][vc_column_inner width=\u00bb1\/2&#8243;][\/vc_column_inner][\/vc_row_inner][\/vc_column][\/vc_row]<\/p>\n<\/div>","protected":false},"excerpt":{"rendered":"<p>[vc_row css=\u00bb.vc_custom_1450277598369{margin-top: 0px !important;margin-bottom: 0px !important;border-top-width: 30px !important;border-bottom-width: 15px !important;padding-top: 30px !important;padding-bottom: 15px !important;}\u00bb][vc_column][vc_column_text] \u00a9 Antonio Machado Carrillo \u00a0(para abrir [&hellip;]<\/p>\n","protected":false},"author":1,"featured_media":0,"parent":5163,"menu_order":1,"comment_status":"open","ping_status":"closed","template":"page-pagebuilder.php","meta":{"footnotes":""},"class_list":["post-4939","page","type-page","status-publish","hentry"],"yoast_head":"<!-- This site is optimized with the Yoast SEO plugin v27.1.1 - https:\/\/yoast.com\/product\/yoast-seo-wordpress\/ -->\n<title>ILUSTRACIONES | www.antoniomachado.net<\/title>\n<meta name=\"robots\" content=\"index, follow, max-snippet:-1, max-image-preview:large, max-video-preview:-1\" \/>\n<link rel=\"canonical\" href=\"https:\/\/www.antoniomachado.net\/es\/galerias\/ilustraciones\/\" \/>\n<meta property=\"og:locale\" content=\"es_ES\" \/>\n<meta property=\"og:type\" content=\"article\" \/>\n<meta property=\"og:title\" content=\"ILUSTRACIONES | www.antoniomachado.net\" \/>\n<meta property=\"og:description\" content=\"[vc_row css=\u00bb.vc_custom_1450277598369{margin-top: 0px !important;margin-bottom: 0px !important;border-top-width: 30px !important;border-bottom-width: 15px !important;padding-top: 30px !important;padding-bottom: 15px !important;}\u00bb][vc_column][vc_column_text] \u00a9 Antonio Machado Carrillo \u00a0(para abrir [&hellip;]\" \/>\n<meta property=\"og:url\" content=\"https:\/\/www.antoniomachado.net\/es\/galerias\/ilustraciones\/\" \/>\n<meta property=\"og:site_name\" content=\"www.antoniomachado.net\" \/>\n<meta property=\"article:modified_time\" content=\"2015-12-16T15:32:59+00:00\" \/>\n<meta name=\"twitter:card\" content=\"summary_large_image\" \/>\n<meta name=\"twitter:site\" content=\"@laparocerus\" \/>\n<meta name=\"twitter:label1\" content=\"Tiempo de lectura\" \/>\n\t<meta name=\"twitter:data1\" content=\"4 minutos\" \/>\n<script type=\"application\/ld+json\" class=\"yoast-schema-graph\">{\"@context\":\"https:\/\/schema.org\",\"@graph\":[{\"@type\":\"WebPage\",\"@id\":\"https:\/\/www.antoniomachado.net\/es\/galerias\/ilustraciones\/\",\"url\":\"https:\/\/www.antoniomachado.net\/es\/galerias\/ilustraciones\/\",\"name\":\"ILUSTRACIONES | www.antoniomachado.net\",\"isPartOf\":{\"@id\":\"https:\/\/www.antoniomachado.net\/es\/#website\"},\"datePublished\":\"2015-02-10T18:14:38+00:00\",\"dateModified\":\"2015-12-16T15:32:59+00:00\",\"breadcrumb\":{\"@id\":\"https:\/\/www.antoniomachado.net\/es\/galerias\/ilustraciones\/#breadcrumb\"},\"inLanguage\":\"es\",\"potentialAction\":[{\"@type\":\"ReadAction\",\"target\":[\"https:\/\/www.antoniomachado.net\/es\/galerias\/ilustraciones\/\"]}]},{\"@type\":\"BreadcrumbList\",\"@id\":\"https:\/\/www.antoniomachado.net\/es\/galerias\/ilustraciones\/#breadcrumb\",\"itemListElement\":[{\"@type\":\"ListItem\",\"position\":1,\"name\":\"Portada\",\"item\":\"https:\/\/www.antoniomachado.net\/es\/\"},{\"@type\":\"ListItem\",\"position\":2,\"name\":\"GALER\u00cdAS\",\"item\":\"https:\/\/www.antoniomachado.net\/es\/galerias\/\"},{\"@type\":\"ListItem\",\"position\":3,\"name\":\"ILUSTRACIONES\"}]},{\"@type\":\"WebSite\",\"@id\":\"https:\/\/www.antoniomachado.net\/es\/#website\",\"url\":\"https:\/\/www.antoniomachado.net\/es\/\",\"name\":\"www.antoniomachado.net\",\"description\":\"Dr. Antonio Machado. Bi\u00f3logo multiuso (Entomolog\u00eda, Conservaci\u00f3n de la Naturaleza, Pol\u00edtica ambiental, etc.) con sede en las islas Canarias\",\"publisher\":{\"@id\":\"https:\/\/www.antoniomachado.net\/es\/#\/schema\/person\/20d92b6bd913e6447a4599f0a334fe20\"},\"potentialAction\":[{\"@type\":\"SearchAction\",\"target\":{\"@type\":\"EntryPoint\",\"urlTemplate\":\"https:\/\/www.antoniomachado.net\/es\/?s={search_term_string}\"},\"query-input\":{\"@type\":\"PropertyValueSpecification\",\"valueRequired\":true,\"valueName\":\"search_term_string\"}}],\"inLanguage\":\"es\"},{\"@type\":[\"Person\",\"Organization\"],\"@id\":\"https:\/\/www.antoniomachado.net\/es\/#\/schema\/person\/20d92b6bd913e6447a4599f0a334fe20\",\"name\":\"Antonio Machado\",\"image\":{\"@type\":\"ImageObject\",\"inLanguage\":\"es\",\"@id\":\"https:\/\/www.antoniomachado.net\/es\/#\/schema\/person\/image\/\",\"url\":\"https:\/\/www.antoniomachado.net\/wp-content\/uploads\/images\/icons\/avatar_antonio-machado-carrillo.png\",\"contentUrl\":\"https:\/\/www.antoniomachado.net\/wp-content\/uploads\/images\/icons\/avatar_antonio-machado-carrillo.png\",\"width\":320,\"height\":417,\"caption\":\"Antonio Machado\"},\"logo\":{\"@id\":\"https:\/\/www.antoniomachado.net\/es\/#\/schema\/person\/image\/\"},\"description\":\"I am based in Tenerife, one of the Canary Islands, and I am crazy about beetles which are my hobby. However, as a multipurpose professional biologist I have been involved in nature conservation and environmental affairs, teaching Ecology, legal drafting, and other more or less related activities.\",\"sameAs\":[\"http:\/\/www.antoniomachado.net\",\"https:\/\/x.com\/laparocerus\"]}]}<\/script>\n<!-- \/ Yoast SEO plugin. -->","yoast_head_json":{"title":"ILUSTRACIONES | www.antoniomachado.net","robots":{"index":"index","follow":"follow","max-snippet":"max-snippet:-1","max-image-preview":"max-image-preview:large","max-video-preview":"max-video-preview:-1"},"canonical":"https:\/\/www.antoniomachado.net\/es\/galerias\/ilustraciones\/","og_locale":"es_ES","og_type":"article","og_title":"ILUSTRACIONES | www.antoniomachado.net","og_description":"[vc_row css=\u00bb.vc_custom_1450277598369{margin-top: 0px !important;margin-bottom: 0px !important;border-top-width: 30px !important;border-bottom-width: 15px !important;padding-top: 30px !important;padding-bottom: 15px !important;}\u00bb][vc_column][vc_column_text] \u00a9 Antonio Machado Carrillo \u00a0(para abrir [&hellip;]","og_url":"https:\/\/www.antoniomachado.net\/es\/galerias\/ilustraciones\/","og_site_name":"www.antoniomachado.net","article_modified_time":"2015-12-16T15:32:59+00:00","twitter_card":"summary_large_image","twitter_site":"@laparocerus","twitter_misc":{"Tiempo de lectura":"4 minutos"},"schema":{"@context":"https:\/\/schema.org","@graph":[{"@type":"WebPage","@id":"https:\/\/www.antoniomachado.net\/es\/galerias\/ilustraciones\/","url":"https:\/\/www.antoniomachado.net\/es\/galerias\/ilustraciones\/","name":"ILUSTRACIONES | www.antoniomachado.net","isPartOf":{"@id":"https:\/\/www.antoniomachado.net\/es\/#website"},"datePublished":"2015-02-10T18:14:38+00:00","dateModified":"2015-12-16T15:32:59+00:00","breadcrumb":{"@id":"https:\/\/www.antoniomachado.net\/es\/galerias\/ilustraciones\/#breadcrumb"},"inLanguage":"es","potentialAction":[{"@type":"ReadAction","target":["https:\/\/www.antoniomachado.net\/es\/galerias\/ilustraciones\/"]}]},{"@type":"BreadcrumbList","@id":"https:\/\/www.antoniomachado.net\/es\/galerias\/ilustraciones\/#breadcrumb","itemListElement":[{"@type":"ListItem","position":1,"name":"Portada","item":"https:\/\/www.antoniomachado.net\/es\/"},{"@type":"ListItem","position":2,"name":"GALER\u00cdAS","item":"https:\/\/www.antoniomachado.net\/es\/galerias\/"},{"@type":"ListItem","position":3,"name":"ILUSTRACIONES"}]},{"@type":"WebSite","@id":"https:\/\/www.antoniomachado.net\/es\/#website","url":"https:\/\/www.antoniomachado.net\/es\/","name":"www.antoniomachado.net","description":"Dr. Antonio Machado. Bi\u00f3logo multiuso (Entomolog\u00eda, Conservaci\u00f3n de la Naturaleza, Pol\u00edtica ambiental, etc.) con sede en las islas Canarias","publisher":{"@id":"https:\/\/www.antoniomachado.net\/es\/#\/schema\/person\/20d92b6bd913e6447a4599f0a334fe20"},"potentialAction":[{"@type":"SearchAction","target":{"@type":"EntryPoint","urlTemplate":"https:\/\/www.antoniomachado.net\/es\/?s={search_term_string}"},"query-input":{"@type":"PropertyValueSpecification","valueRequired":true,"valueName":"search_term_string"}}],"inLanguage":"es"},{"@type":["Person","Organization"],"@id":"https:\/\/www.antoniomachado.net\/es\/#\/schema\/person\/20d92b6bd913e6447a4599f0a334fe20","name":"Antonio Machado","image":{"@type":"ImageObject","inLanguage":"es","@id":"https:\/\/www.antoniomachado.net\/es\/#\/schema\/person\/image\/","url":"https:\/\/www.antoniomachado.net\/wp-content\/uploads\/images\/icons\/avatar_antonio-machado-carrillo.png","contentUrl":"https:\/\/www.antoniomachado.net\/wp-content\/uploads\/images\/icons\/avatar_antonio-machado-carrillo.png","width":320,"height":417,"caption":"Antonio Machado"},"logo":{"@id":"https:\/\/www.antoniomachado.net\/es\/#\/schema\/person\/image\/"},"description":"I am based in Tenerife, one of the Canary Islands, and I am crazy about beetles which are my hobby. However, as a multipurpose professional biologist I have been involved in nature conservation and environmental affairs, teaching Ecology, legal drafting, and other more or less related activities.","sameAs":["http:\/\/www.antoniomachado.net","https:\/\/x.com\/laparocerus"]}]}},"_links":{"self":[{"href":"https:\/\/www.antoniomachado.net\/es\/wp-json\/wp\/v2\/pages\/4939","targetHints":{"allow":["GET"]}}],"collection":[{"href":"https:\/\/www.antoniomachado.net\/es\/wp-json\/wp\/v2\/pages"}],"about":[{"href":"https:\/\/www.antoniomachado.net\/es\/wp-json\/wp\/v2\/types\/page"}],"author":[{"embeddable":true,"href":"https:\/\/www.antoniomachado.net\/es\/wp-json\/wp\/v2\/users\/1"}],"replies":[{"embeddable":true,"href":"https:\/\/www.antoniomachado.net\/es\/wp-json\/wp\/v2\/comments?post=4939"}],"version-history":[{"count":0,"href":"https:\/\/www.antoniomachado.net\/es\/wp-json\/wp\/v2\/pages\/4939\/revisions"}],"up":[{"embeddable":true,"href":"https:\/\/www.antoniomachado.net\/es\/wp-json\/wp\/v2\/pages\/5163"}],"wp:attachment":[{"href":"https:\/\/www.antoniomachado.net\/es\/wp-json\/wp\/v2\/media?parent=4939"}],"curies":[{"name":"wp","href":"https:\/\/api.w.org\/{rel}","templated":true}]}}