{"id":4941,"date":"2015-02-13T19:30:14","date_gmt":"2015-02-13T19:30:14","guid":{"rendered":"http:\/\/www.antoniomachado.net\/audiovisual-es\/"},"modified":"2018-08-13T15:32:53","modified_gmt":"2018-08-13T15:32:53","slug":"documentales","status":"publish","type":"page","link":"https:\/\/www.antoniomachado.net\/es\/produccion\/documentales\/","title":{"rendered":"DOCUMENTALES"},"content":{"rendered":"<div class=\"wpb-content-wrapper\"><p>[vc_row css=\u00bb.vc_custom_1424454903852{margin-top: 0px !important;margin-bottom: 0px !important;border-top-width: 50px !important;border-bottom-width: 30px !important;padding-top: 50px !important;padding-bottom: 30px !important;}\u00bb][vc_column]<h1 class=\"fac-big-title fac-title text-center\" style=\"color:#dd3333\">DOCUMENTALES<\/h1>\n[\/vc_column][\/vc_row][vc_row][vc_column width=\u00bb1\/6&#8243;][vc_single_image image=\u00bb2656&#8243; img_size=\u00bblarge\u00bb img_link_large=\u00bbyes\u00bb][\/vc_column][vc_column width=\u00bb1\/6&#8243;][vc_single_image image=\u00bb2655&#8243; img_size=\u00bblarge\u00bb img_link_large=\u00bbyes\u00bb][\/vc_column][vc_column width=\u00bb1\/6&#8243;][vc_single_image image=\u00bb2677&#8243; img_size=\u00bblarge\u00bb img_link_large=\u00bbyes\u00bb][\/vc_column][vc_column width=\u00bb1\/6&#8243;][vc_single_image image=\u00bb2678&#8243; img_size=\u00bblarge\u00bb img_link_large=\u00bbyes\u00bb][\/vc_column][vc_column width=\u00bb1\/6&#8243;][vc_single_image image=\u00bb2659&#8243; img_size=\u00bblarge\u00bb img_link_large=\u00bbyes\u00bb][\/vc_column][vc_column width=\u00bb1\/6&#8243;][vc_single_image image=\u00bb2661&#8243; img_size=\u00bblarge\u00bb img_link_large=\u00bbyes\u00bb][\/vc_column][\/vc_row][vc_row css=\u00bb.vc_custom_1423915851539{margin-top: 15px !important;margin-bottom: 15px !important;border-top-width: 15px !important;border-bottom-width: 15px !important;padding-top: 15px !important;padding-bottom: 15px !important;}\u00bb][vc_column width=\u00bb1\/6&#8243;][vc_column_text]<\/p>\n<p style=\"text-align: right;\"><span style=\"color: #ff0000;\">2017<\/span><\/p>\n<p>[\/vc_column_text][\/vc_column][vc_column width=\u00bb2\/3&#8243;][vc_column_text]<strong>El sebadal de Granadilla. Cinco a\u00f1os de seguimiento<br \/>\n<\/strong>Fundaci\u00f3n Observatorio Ambiental Granadilla.<br \/>\nDirecci\u00f3n y gui\u00f3n: Antonio Machado Carrillo.<br \/>\nRealizador: Pepe\u00a0de Miguel.[\/vc_column_text][\/vc_column][vc_column width=\u00bb1\/6&#8243;][vc_btn title=\u00bbVer videos\u00bb style=\u00bbclassic\u00bb size=\u00bbsm\u00bb i_align=\u00bbright\u00bb i_icon_fontawesome=\u00bbfa fa-play-circle\u00bb add_icon=\u00bbtrue\u00bb link=\u00bburl:http%3A\/\/www.antoniomachado.net\/galleries\/video|title:Video%20Gallery||\u00bb][\/vc_column][\/vc_row][vc_row css=\u00bb.vc_custom_1423915851539{margin-top: 15px !important;margin-bottom: 15px !important;border-top-width: 15px !important;border-bottom-width: 15px !important;padding-top: 15px !important;padding-bottom: 15px !important;}\u00bb][vc_column width=\u00bb1\/6&#8243;][vc_column_text]<\/p>\n<p style=\"text-align: right;\"><span style=\"color: #ff0000;\">2003<\/span><\/p>\n<p>[\/vc_column_text][\/vc_column][vc_column width=\u00bb2\/3&#8243;][vc_column_text]<strong>Timanfaya, tierra prometida <\/strong>In:<em> Parque Nacional de Timanfaya \u2013 Documentales- <\/em>Ministerio de Medio Ambiente<em> &amp; <\/em>Video Repor S.A.. (DVD. Alta definici\u00f3n 1080P). Director: Aurelio Centellas Productor Ejecutivo Juan de Miguel. Gui\u00f3n Antonio Machado.[\/vc_column_text][\/vc_column][vc_column width=\u00bb1\/6&#8243;][vc_btn title=\u00bbVer videos\u00bb style=\u00bbclassic\u00bb size=\u00bbsm\u00bb i_align=\u00bbright\u00bb i_icon_fontawesome=\u00bbfa fa-play-circle\u00bb add_icon=\u00bbtrue\u00bb link=\u00bburl:http%3A\/\/www.antoniomachado.net\/es\/galerias\/videos\/|title:Video%20Gallery|\u00bb][\/vc_column][\/vc_row][vc_row css=\u00bb.vc_custom_1423915879558{margin-top: 15px !important;margin-bottom: 15px !important;border-top-width: 15px !important;border-bottom-width: 15px !important;padding-top: 15px !important;padding-bottom: 15px !important;}\u00bb][vc_column width=\u00bb1\/6&#8243;][vc_column_text]<\/p>\n<p style=\"text-align: right;\"><span style=\"color: #ff0000;\">2002<\/span><\/p>\n<p>[\/vc_column_text][\/vc_column][vc_column width=\u00bb2\/3&#8243;][vc_column_text]<strong>Canarias y el mar, una serie sobre la biodiversidad marina de las islas Canarias <\/strong>Produce Aquawork producciones S.L. para el Gobierno de Canarias. Viceconsejer\u00eda de Medio Ambiente Serie de 5 cap\u00edtulos de 30 minutos (Betacam). Director: Rafael Herrera Massieu. Guionista: Antonio Machado.<\/p>\n<ul>\n<li><span style=\"color: #ff0000;\">Vol. 1\u00a0<\/span> Vivir entre mareas.<\/li>\n<li><span style=\"color: #ff0000;\">Vol. 2<\/span>\u00a0 Jardines bajo el mar.<\/li>\n<li><span style=\"color: #ff0000;\">Vol. 3<\/span>\u00a0 Hogares prefabricados.<\/li>\n<li><span style=\"color: #ff0000;\">Vol. 4<\/span>\u00a0 Reservas marinas.<\/li>\n<li><span style=\"color: #ff0000;\">Vol. 5<\/span>\u00a0 Amanay atalaya sumergida en el Atl\u00e1ntico.<\/li>\n<\/ul>\n<p>[\/vc_column_text][\/vc_column][vc_column width=\u00bb1\/6&#8243;][vc_btn title=\u00bbVer videos\u00bb style=\u00bbclassic\u00bb size=\u00bbsm\u00bb i_align=\u00bbright\u00bb i_icon_fontawesome=\u00bbfa fa-play-circle\u00bb add_icon=\u00bbtrue\u00bb link=\u00bburl:http%3A\/\/www.antoniomachado.net\/es\/galerias\/videos\/|title:Video%20Gallery|\u00bb][\/vc_column][\/vc_row][vc_row css=\u00bb.vc_custom_1423916120158{margin-top: 15px !important;margin-bottom: 15px !important;border-top-width: 15px !important;border-bottom-width: 15px !important;padding-top: 15px !important;padding-bottom: 15px !important;}\u00bb][vc_column width=\u00bb1\/6&#8243;][vc_column_text]<\/p>\n<p style=\"text-align: right;\"><span style=\"color: #ff0000;\">1996<\/span><\/p>\n<p>[\/vc_column_text][\/vc_column][vc_column width=\u00bb2\/3&#8243;][vc_column_text]<strong>La Reserva marina de la isla de La Graciosa e islotes al norte de Lanzarote <\/strong>Videoprepor Canarias para el Ministerio de Agricultura, y Pesca, Secretar\u00eda General de Pesca. Video Betacam, 25 minutos. Gui\u00f3n: Antonio Machado[\/vc_column_text][\/vc_column][vc_column width=\u00bb1\/6&#8243;][vc_btn title=\u00bbVer videos\u00bb style=\u00bbclassic\u00bb size=\u00bbsm\u00bb i_align=\u00bbright\u00bb i_icon_fontawesome=\u00bbfa fa-play-circle\u00bb add_icon=\u00bbtrue\u00bb link=\u00bburl:http%3A\/\/www.antoniomachado.net\/es\/galerias\/videos\/|title:Video%20Gallery|\u00bb][\/vc_column][\/vc_row][vc_row css=\u00bb.vc_custom_1423916140968{margin-top: 15px !important;margin-bottom: 15px !important;border-top-width: 15px !important;border-bottom-width: 15px !important;padding-top: 15px !important;padding-bottom: 15px !important;}\u00bb][vc_column width=\u00bb1\/6&#8243;][vc_column_text]<\/p>\n<p style=\"text-align: right;\"><span style=\"color: #ff0000;\">1995<\/span><\/p>\n<p>[\/vc_column_text][\/vc_column][vc_column width=\u00bb2\/3&#8243;][vc_column_text]<strong>Parques de Canarias <\/strong>TV-7 Producciones y Comunicaci\u00f3n Integral. Canarias 7. Serie de 8 cap\u00edtulos, 30 minutos (Betacam). Realizaci\u00f3n: Jos\u00e9 de Miguel. Gui\u00f3n y presentaci\u00f3n: Antonio Machado.<\/p>\n<ul>\n<li><span style=\"color: #ff0000;\">Vol. 1<\/span>\u00a0 Parque Rural del Nublo. Alma de barranco.<\/li>\n<li><span style=\"color: #ff0000;\">Vol. 2<\/span>\u00a0 Parque Nacional del Teide. Isla sobre las nubes.<\/li>\n<li><span style=\"color: #ff0000;\">Vol. 3\u00a0<\/span> Parque Natural de Jand\u00eda. Arena, sol y piedra.<\/li>\n<li><span style=\"color: #ff0000;\">Vol. 4<\/span>\u00a0 Parque Nacional de Garajonay. Historia de un bosque esponja.<\/li>\n<li><span style=\"color: #ff0000;\">Vol. 5\u00a0<\/span> Parque Natural de Frontera. La paz hecha paisaje.<\/li>\n<li><span style=\"color: #ff0000;\">Vol. 6\u00a0<\/span> Parque Nacional de la Caldera de Taburiente. Cuna del agua entre pinos.<\/li>\n<li><span style=\"color: #ff0000;\">Vol. 7\u00a0<\/span> Parque Nacional de Timanfaya. A la conquista de la lava.<\/li>\n<li><span style=\"color: #ff0000;\">Vol. 8<\/span>\u00a0 Parque Natural del archipi\u00e9lago Chinijo. Islote y mar, refugio de vida.<\/li>\n<\/ul>\n<p>[\/vc_column_text][\/vc_column][vc_column width=\u00bb1\/6&#8243;][vc_btn title=\u00bbVer videos\u00bb style=\u00bbclassic\u00bb size=\u00bbsm\u00bb i_align=\u00bbright\u00bb i_icon_fontawesome=\u00bbfa fa-play-circle\u00bb add_icon=\u00bbtrue\u00bb link=\u00bburl:http%3A\/\/www.antoniomachado.net\/es\/galerias\/videos\/|title:Video%20Gallery|\u00bb][\/vc_column][\/vc_row][vc_row css=\u00bb.vc_custom_1423916162608{margin-top: 15px !important;margin-bottom: 15px !important;border-top-width: 15px !important;border-bottom-width: 15px !important;padding-top: 15px !important;padding-bottom: 15px !important;}\u00bb][vc_column width=\u00bb1\/6&#8243;][vc_column_text]<\/p>\n<p style=\"text-align: right;\"><span style=\"color: #ff0000;\">1982<\/span><\/p>\n<p>[\/vc_column_text][\/vc_column][vc_column width=\u00bb2\/3&#8243;][vc_column_text]<strong>La ardilla moruna en Fuerteventura <\/strong>Ministerio de Agricultura, Jefatura Provincial del ICONA en Las Palmas, Gran Canaria,. Pel\u00edcula en 18 mm, 20 minutos. Gui\u00f3n y direcci\u00f3n: Antonio Machado. Producci\u00f3n: Roberto Rodr\u00edguez. Fotograf\u00eda: Emiliano Cruz. Asesor cient\u00edfico: Fernando Dom\u00ednguez.[\/vc_column_text][\/vc_column][vc_column width=\u00bb1\/6&#8243;][vc_btn title=\u00bbVer videos\u00bb style=\u00bbclassic\u00bb size=\u00bbsm\u00bb i_align=\u00bbright\u00bb i_icon_fontawesome=\u00bbfa fa-play-circle\u00bb add_icon=\u00bbtrue\u00bb link=\u00bburl:http%3A\/\/www.antoniomachado.net\/es\/galerias\/videos\/|title:Video%20Gallery|\u00bb][\/vc_column][\/vc_row][vc_row css=\u00bb.vc_custom_1424108194167{margin-top: 15px !important;margin-bottom: 15px !important;border-top-width: 15px !important;border-bottom-width: 15px !important;padding-top: 15px !important;padding-bottom: 15px !important;}\u00bb][vc_column][vc_text_separator title=\u00bbFIN\u00bb][\/vc_column][\/vc_row]<\/p>\n<\/div>","protected":false},"excerpt":{"rendered":"<p>[vc_row css=\u00bb.vc_custom_1424454903852{margin-top: 0px !important;margin-bottom: 0px !important;border-top-width: 50px !important;border-bottom-width: 30px !important;padding-top: 50px !important;padding-bottom: 30px !important;}\u00bb][vc_column][\/vc_column][\/vc_row][vc_row][vc_column width=\u00bb1\/6&#8243;][vc_single_image image=\u00bb2656&#8243; img_size=\u00bblarge\u00bb img_link_large=\u00bbyes\u00bb][\/vc_column][vc_column width=\u00bb1\/6&#8243;][vc_single_image image=\u00bb2655&#8243; [&hellip;]<\/p>\n","protected":false},"author":2,"featured_media":0,"parent":4986,"menu_order":8,"comment_status":"open","ping_status":"closed","template":"page-pagebuilder.php","meta":{"footnotes":""},"class_list":["post-4941","page","type-page","status-publish","hentry"],"yoast_head":"<!-- This site is optimized with the Yoast SEO plugin v27.1.1 - https:\/\/yoast.com\/product\/yoast-seo-wordpress\/ -->\n<title>DOCUMENTALES | www.antoniomachado.net<\/title>\n<meta name=\"description\" content=\"Documentales sobre la naturaleza de las islas Canarias, con gui\u00f3n o presentaci\u00f3n del Dr. Antonio Machado Carrillo\" \/>\n<meta name=\"robots\" content=\"index, follow, max-snippet:-1, max-image-preview:large, max-video-preview:-1\" \/>\n<link rel=\"canonical\" href=\"https:\/\/www.antoniomachado.net\/es\/produccion\/documentales\/\" \/>\n<meta property=\"og:locale\" content=\"es_ES\" \/>\n<meta property=\"og:type\" content=\"article\" \/>\n<meta property=\"og:title\" content=\"DOCUMENTALES | www.antoniomachado.net\" \/>\n<meta property=\"og:description\" content=\"Documentales sobre la naturaleza de las islas Canarias, con gui\u00f3n o presentaci\u00f3n del Dr. Antonio Machado Carrillo\" \/>\n<meta property=\"og:url\" content=\"https:\/\/www.antoniomachado.net\/es\/produccion\/documentales\/\" \/>\n<meta property=\"og:site_name\" content=\"www.antoniomachado.net\" \/>\n<meta property=\"article:modified_time\" content=\"2018-08-13T15:32:53+00:00\" \/>\n<meta name=\"twitter:card\" content=\"summary_large_image\" \/>\n<meta name=\"twitter:site\" content=\"@laparocerus\" \/>\n<meta name=\"twitter:label1\" content=\"Tiempo de lectura\" \/>\n\t<meta name=\"twitter:data1\" content=\"5 minutos\" \/>\n<script type=\"application\/ld+json\" class=\"yoast-schema-graph\">{\"@context\":\"https:\/\/schema.org\",\"@graph\":[{\"@type\":\"WebPage\",\"@id\":\"https:\/\/www.antoniomachado.net\/es\/produccion\/documentales\/\",\"url\":\"https:\/\/www.antoniomachado.net\/es\/produccion\/documentales\/\",\"name\":\"DOCUMENTALES | www.antoniomachado.net\",\"isPartOf\":{\"@id\":\"https:\/\/www.antoniomachado.net\/es\/#website\"},\"datePublished\":\"2015-02-13T19:30:14+00:00\",\"dateModified\":\"2018-08-13T15:32:53+00:00\",\"description\":\"Documentales sobre la naturaleza de las islas Canarias, con gui\u00f3n o presentaci\u00f3n del Dr. Antonio Machado Carrillo\",\"breadcrumb\":{\"@id\":\"https:\/\/www.antoniomachado.net\/es\/produccion\/documentales\/#breadcrumb\"},\"inLanguage\":\"es\",\"potentialAction\":[{\"@type\":\"ReadAction\",\"target\":[\"https:\/\/www.antoniomachado.net\/es\/produccion\/documentales\/\"]}]},{\"@type\":\"BreadcrumbList\",\"@id\":\"https:\/\/www.antoniomachado.net\/es\/produccion\/documentales\/#breadcrumb\",\"itemListElement\":[{\"@type\":\"ListItem\",\"position\":1,\"name\":\"Portada\",\"item\":\"https:\/\/www.antoniomachado.net\/es\/\"},{\"@type\":\"ListItem\",\"position\":2,\"name\":\"PRODUCCI\u00d3N\",\"item\":\"https:\/\/www.antoniomachado.net\/es\/produccion\/\"},{\"@type\":\"ListItem\",\"position\":3,\"name\":\"DOCUMENTALES\"}]},{\"@type\":\"WebSite\",\"@id\":\"https:\/\/www.antoniomachado.net\/es\/#website\",\"url\":\"https:\/\/www.antoniomachado.net\/es\/\",\"name\":\"www.antoniomachado.net\",\"description\":\"Dr. Antonio Machado. Bi\u00f3logo multiuso (Entomolog\u00eda, Conservaci\u00f3n de la Naturaleza, Pol\u00edtica ambiental, etc.) con sede en las islas Canarias\",\"publisher\":{\"@id\":\"https:\/\/www.antoniomachado.net\/es\/#\/schema\/person\/20d92b6bd913e6447a4599f0a334fe20\"},\"potentialAction\":[{\"@type\":\"SearchAction\",\"target\":{\"@type\":\"EntryPoint\",\"urlTemplate\":\"https:\/\/www.antoniomachado.net\/es\/?s={search_term_string}\"},\"query-input\":{\"@type\":\"PropertyValueSpecification\",\"valueRequired\":true,\"valueName\":\"search_term_string\"}}],\"inLanguage\":\"es\"},{\"@type\":[\"Person\",\"Organization\"],\"@id\":\"https:\/\/www.antoniomachado.net\/es\/#\/schema\/person\/20d92b6bd913e6447a4599f0a334fe20\",\"name\":\"Antonio Machado\",\"image\":{\"@type\":\"ImageObject\",\"inLanguage\":\"es\",\"@id\":\"https:\/\/www.antoniomachado.net\/es\/#\/schema\/person\/image\/\",\"url\":\"https:\/\/www.antoniomachado.net\/wp-content\/uploads\/images\/icons\/avatar_antonio-machado-carrillo.png\",\"contentUrl\":\"https:\/\/www.antoniomachado.net\/wp-content\/uploads\/images\/icons\/avatar_antonio-machado-carrillo.png\",\"width\":320,\"height\":417,\"caption\":\"Antonio Machado\"},\"logo\":{\"@id\":\"https:\/\/www.antoniomachado.net\/es\/#\/schema\/person\/image\/\"},\"description\":\"I am based in Tenerife, one of the Canary Islands, and I am crazy about beetles which are my hobby. However, as a multipurpose professional biologist I have been involved in nature conservation and environmental affairs, teaching Ecology, legal drafting, and other more or less related activities.\",\"sameAs\":[\"http:\/\/www.antoniomachado.net\",\"https:\/\/x.com\/laparocerus\"]}]}<\/script>\n<!-- \/ Yoast SEO plugin. -->","yoast_head_json":{"title":"DOCUMENTALES | www.antoniomachado.net","description":"Documentales sobre la naturaleza de las islas Canarias, con gui\u00f3n o presentaci\u00f3n del Dr. Antonio Machado Carrillo","robots":{"index":"index","follow":"follow","max-snippet":"max-snippet:-1","max-image-preview":"max-image-preview:large","max-video-preview":"max-video-preview:-1"},"canonical":"https:\/\/www.antoniomachado.net\/es\/produccion\/documentales\/","og_locale":"es_ES","og_type":"article","og_title":"DOCUMENTALES | www.antoniomachado.net","og_description":"Documentales sobre la naturaleza de las islas Canarias, con gui\u00f3n o presentaci\u00f3n del Dr. Antonio Machado Carrillo","og_url":"https:\/\/www.antoniomachado.net\/es\/produccion\/documentales\/","og_site_name":"www.antoniomachado.net","article_modified_time":"2018-08-13T15:32:53+00:00","twitter_card":"summary_large_image","twitter_site":"@laparocerus","twitter_misc":{"Tiempo de lectura":"5 minutos"},"schema":{"@context":"https:\/\/schema.org","@graph":[{"@type":"WebPage","@id":"https:\/\/www.antoniomachado.net\/es\/produccion\/documentales\/","url":"https:\/\/www.antoniomachado.net\/es\/produccion\/documentales\/","name":"DOCUMENTALES | www.antoniomachado.net","isPartOf":{"@id":"https:\/\/www.antoniomachado.net\/es\/#website"},"datePublished":"2015-02-13T19:30:14+00:00","dateModified":"2018-08-13T15:32:53+00:00","description":"Documentales sobre la naturaleza de las islas Canarias, con gui\u00f3n o presentaci\u00f3n del Dr. Antonio Machado Carrillo","breadcrumb":{"@id":"https:\/\/www.antoniomachado.net\/es\/produccion\/documentales\/#breadcrumb"},"inLanguage":"es","potentialAction":[{"@type":"ReadAction","target":["https:\/\/www.antoniomachado.net\/es\/produccion\/documentales\/"]}]},{"@type":"BreadcrumbList","@id":"https:\/\/www.antoniomachado.net\/es\/produccion\/documentales\/#breadcrumb","itemListElement":[{"@type":"ListItem","position":1,"name":"Portada","item":"https:\/\/www.antoniomachado.net\/es\/"},{"@type":"ListItem","position":2,"name":"PRODUCCI\u00d3N","item":"https:\/\/www.antoniomachado.net\/es\/produccion\/"},{"@type":"ListItem","position":3,"name":"DOCUMENTALES"}]},{"@type":"WebSite","@id":"https:\/\/www.antoniomachado.net\/es\/#website","url":"https:\/\/www.antoniomachado.net\/es\/","name":"www.antoniomachado.net","description":"Dr. Antonio Machado. Bi\u00f3logo multiuso (Entomolog\u00eda, Conservaci\u00f3n de la Naturaleza, Pol\u00edtica ambiental, etc.) con sede en las islas Canarias","publisher":{"@id":"https:\/\/www.antoniomachado.net\/es\/#\/schema\/person\/20d92b6bd913e6447a4599f0a334fe20"},"potentialAction":[{"@type":"SearchAction","target":{"@type":"EntryPoint","urlTemplate":"https:\/\/www.antoniomachado.net\/es\/?s={search_term_string}"},"query-input":{"@type":"PropertyValueSpecification","valueRequired":true,"valueName":"search_term_string"}}],"inLanguage":"es"},{"@type":["Person","Organization"],"@id":"https:\/\/www.antoniomachado.net\/es\/#\/schema\/person\/20d92b6bd913e6447a4599f0a334fe20","name":"Antonio Machado","image":{"@type":"ImageObject","inLanguage":"es","@id":"https:\/\/www.antoniomachado.net\/es\/#\/schema\/person\/image\/","url":"https:\/\/www.antoniomachado.net\/wp-content\/uploads\/images\/icons\/avatar_antonio-machado-carrillo.png","contentUrl":"https:\/\/www.antoniomachado.net\/wp-content\/uploads\/images\/icons\/avatar_antonio-machado-carrillo.png","width":320,"height":417,"caption":"Antonio Machado"},"logo":{"@id":"https:\/\/www.antoniomachado.net\/es\/#\/schema\/person\/image\/"},"description":"I am based in Tenerife, one of the Canary Islands, and I am crazy about beetles which are my hobby. However, as a multipurpose professional biologist I have been involved in nature conservation and environmental affairs, teaching Ecology, legal drafting, and other more or less related activities.","sameAs":["http:\/\/www.antoniomachado.net","https:\/\/x.com\/laparocerus"]}]}},"_links":{"self":[{"href":"https:\/\/www.antoniomachado.net\/es\/wp-json\/wp\/v2\/pages\/4941","targetHints":{"allow":["GET"]}}],"collection":[{"href":"https:\/\/www.antoniomachado.net\/es\/wp-json\/wp\/v2\/pages"}],"about":[{"href":"https:\/\/www.antoniomachado.net\/es\/wp-json\/wp\/v2\/types\/page"}],"author":[{"embeddable":true,"href":"https:\/\/www.antoniomachado.net\/es\/wp-json\/wp\/v2\/users\/2"}],"replies":[{"embeddable":true,"href":"https:\/\/www.antoniomachado.net\/es\/wp-json\/wp\/v2\/comments?post=4941"}],"version-history":[{"count":0,"href":"https:\/\/www.antoniomachado.net\/es\/wp-json\/wp\/v2\/pages\/4941\/revisions"}],"up":[{"embeddable":true,"href":"https:\/\/www.antoniomachado.net\/es\/wp-json\/wp\/v2\/pages\/4986"}],"wp:attachment":[{"href":"https:\/\/www.antoniomachado.net\/es\/wp-json\/wp\/v2\/media?parent=4941"}],"curies":[{"name":"wp","href":"https:\/\/api.w.org\/{rel}","templated":true}]}}