{"id":4945,"date":"2015-03-01T17:59:22","date_gmt":"2015-03-01T17:59:22","guid":{"rendered":"http:\/\/www.antoniomachado.net\/entrevistas\/radio\/"},"modified":"2024-05-03T11:05:42","modified_gmt":"2024-05-03T10:05:42","slug":"radio","status":"publish","type":"page","link":"https:\/\/www.antoniomachado.net\/es\/entrevistas\/radio\/","title":{"rendered":"RADIO"},"content":{"rendered":"<div class=\"wpb-content-wrapper\"><p>[vc_row css=\u00bb.vc_custom_1427797312919{margin-top: 0px !important;margin-bottom: 0px !important;border-top-width: 40px !important;border-bottom-width: 30px !important;padding-top: 40px !important;padding-bottom: 30px !important;}\u00bb][vc_column]<h1 class=\"fac-title text-center\" style=\"color:#dd3333\">ENTREVISTAS DE RADIO<\/h1>\n[vc_row_inner css=\u00bb.vc_custom_1427797136240{margin-bottom: 0px !important;border-bottom-width: 0px !important;padding-bottom: 0px !important;}\u00bb][vc_column_inner width=\u00bb1\/4&#8243;][\/vc_column_inner][vc_column_inner width=\u00bb1\/2&#8243;][vc_single_image image=\u00bb4306&#8243; img_size=\u00bbfull\u00bb alignment=\u00bbcenter\u00bb][vc_column_text css=\u00bb\u00bb]<\/p>\n<p style=\"text-align: center;\">Nunca dije eso, pero la caricatura est\u00e1 genial.<\/p>\n<p>[\/vc_column_text][\/vc_column_inner][\/vc_row_inner][\/vc_column][\/vc_row][vc_row css=\u00bb.vc_custom_1426697840808{margin-top: 0px !important;margin-bottom: 0px !important;border-top-width: 50px !important;border-bottom-width: 30px !important;padding-top: 50px !important;padding-bottom: 30px !important;}\u00bb][vc_column][vc_column_text]<\/p>\n<p><span style=\"color: #ff0000;\"><br \/>\n<span style=\"color: #000000;\">[\/vc_column_text][vc_row_inner][vc_column_inner width=\u00bb2\/3&#8243;][vc_column_text css=\u00bb\u00bb]<span style=\"color: #ff0000;\">COPE &#8211; 29 Abril 2024<\/span><br \/>\n<strong>El ec\u00f3logo Antonio Machado, sobre el modelo tur\u00edstico<br \/>\n<\/strong>Interviewed by Mayer Trujillo in \u00abMorning news\u00bb[\/vc_column_text][\/vc_column_inner][vc_column_inner width=\u00bb1\/3\u00bb][vc_column_text]<\/span><\/span><\/p>\n<audio class=\"wp-audio-shortcode\" id=\"audio-4945-1\" preload=\"none\" style=\"width: 100%;\" controls=\"controls\"><source type=\"audio\/mpeg\" src=\"https:\/\/www.antoniomachado.net\/wp-content\/uploads\/audio\/2024-Entrevista-COPE-AMC-Mayer-turismo.mp3?_=1\" \/><a href=\"https:\/\/www.antoniomachado.net\/wp-content\/uploads\/audio\/2024-Entrevista-COPE-AMC-Mayer-turismo.mp3\">https:\/\/www.antoniomachado.net\/wp-content\/uploads\/audio\/2024-Entrevista-COPE-AMC-Mayer-turismo.mp3<\/a><\/audio>\n<p>[\/vc_column_text][\/vc_column_inner][\/vc_row_inner][vc_separator][vc_row_inner][vc_column_inner width=\u00bb2\/3&#8243;][vc_column_text css=\u00bb\u00bb]<span style=\"color: #ff0000;\">Canarias Radio &#8211; 13 Enero 2020<\/span><br \/>\n<strong>\u00abCatorce d\u00edas\u00bb,\u00faltimo libro de Antonio Machado<br \/>\n<\/strong>Entrevistado por Alexis Hern\u00e1ndez en \u00abCanarias, mi mundo\u00bb[\/vc_column_text][\/vc_column_inner][vc_column_inner width=\u00bb1\/3\u00bb][vc_column_text]<\/p>\n<audio class=\"wp-audio-shortcode\" id=\"audio-4945-2\" preload=\"none\" style=\"width: 100%;\" controls=\"controls\"><source type=\"audio\/mpeg\" src=\"https:\/\/www.antoniomachado.net\/\/wp-content\/uploads\/audio\/2020_RC_Catorce_dias_Antonio_Machado_13-1-2020.mp3?_=2\" \/><a href=\"https:\/\/www.antoniomachado.net\/\/wp-content\/uploads\/audio\/2020_RC_Catorce_dias_Antonio_Machado_13-1-2020.mp3\">https:\/\/www.antoniomachado.net\/\/wp-content\/uploads\/audio\/2020_RC_Catorce_dias_Antonio_Machado_13-1-2020.mp3<\/a><\/audio>\n<p><span style=\"color: #ff0000;\"><span style=\"color: #000000;\">[\/vc_column_text][\/vc_column_inner][\/vc_row_inner][vc_separator][vc_row_inner][vc_column_inner width=\u00bb2\/3&#8243;][vc_column_text css=\u00bb\u00bb]<span style=\"color: #ff0000;\">Radio Nacional de Espa\u00f1a (RNA) \u2013 4 Mayo 2019<\/span><br \/>\n<strong>\u201cCatorce d\u00edas\u201d, un libro peculiar de Antonio Machado<br \/>\n<\/strong>Entrevistado por Alberto Mart\u00ednez-Arias en \u201cEl Ojo Cr\u00edtico\u201d\u00bb[\/vc_column_text][\/vc_column_inner][vc_column_inner width=\u00bb1\/3&#8243;][vc_column_text]<\/span><br \/>\n<\/span><\/p>\n<audio class=\"wp-audio-shortcode\" id=\"audio-4945-3\" preload=\"none\" style=\"width: 100%;\" controls=\"controls\"><source type=\"audio\/mpeg\" src=\"https:\/\/www.antoniomachado.net\/wp-content\/uploads\/audio\/2019-RNE-Entrevista-con-alberto-martinez-arias.mp3?_=3\" \/><a href=\"https:\/\/www.antoniomachado.net\/wp-content\/uploads\/audio\/2019-RNE-Entrevista-con-alberto-martinez-arias.mp3\">https:\/\/www.antoniomachado.net\/wp-content\/uploads\/audio\/2019-RNE-Entrevista-con-alberto-martinez-arias.mp3<\/a><\/audio>\n<p><span style=\"color: #dd3333;\"><br \/>\n<span style=\"color: #000000;\">[\/vc_column_text][\/vc_column_inner][\/vc_row_inner][vc_separator][vc_row_inner][vc_column_inner width=\u00bb2\/3&#8243;][vc_column_text css=\u00bb\u00bb]<span style=\"color: #ff0000;\">Radio El D\u00eda, 4 Julio 2018<\/span><br \/>\n<strong><span style=\"color: #000000;\">A. Machado termina su mandato como Director del OAG<br \/>\n<\/span><\/strong>Entrevistado por Jos\u00e9 Moreno en \u00abEl d\u00eda por delante\u00bb[\/vc_column_text][\/vc_column_inner][vc_column_inner width=\u00bb1\/3\u00bb][vc_column_text]<\/span><br \/>\n<\/span><\/p>\n<audio class=\"wp-audio-shortcode\" id=\"audio-4945-4\" preload=\"none\" style=\"width: 100%;\" controls=\"controls\"><source type=\"audio\/mpeg\" src=\"https:\/\/www.antoniomachado.net\/wp-content\/uploads\/audio\/2018-Entrevista-de-P-Moreno-a-Director-OAG-El-dia-por-delante-4-julio.mp3?_=4\" \/><a href=\"https:\/\/www.antoniomachado.net\/wp-content\/uploads\/audio\/2018-Entrevista-de-P-Moreno-a-Director-OAG-El-dia-por-delante-4-julio.mp3\">https:\/\/www.antoniomachado.net\/wp-content\/uploads\/audio\/2018-Entrevista-de-P-Moreno-a-Director-OAG-El-dia-por-delante-4-julio.mp3<\/a><\/audio>\n<p><span style=\"color: #dd3333;\"><br \/>\n<span style=\"color: #000000;\">[\/vc_column_text][\/vc_column_inner][\/vc_row_inner][vc_separator][vc_row_inner][vc_column_inner width=\u00bb2\/3&#8243;][vc_column_text css=\u00bb\u00bb]<span style=\"color: #ff0000;\">Canarias Radio La Auton\u00f3mica, 27 March 2018<\/span><br \/>\n<strong><span style=\"color: #000000;\">Presentaci\u00f3n del libro \u00abCatorce d\u00edas\u00bb de A. Machado<br \/>\n<\/span><\/strong>Entrevistado por Jos\u00e9 Luis D\u00edaz en \u00abBuenos d\u00edas Canarias\u00bb[\/vc_column_text][\/vc_column_inner][vc_column_inner width=\u00bb1\/3\u00bb][vc_column_text]<\/span><br \/>\n<\/span><\/p>\n<audio class=\"wp-audio-shortcode\" id=\"audio-4945-5\" preload=\"none\" style=\"width: 100%;\" controls=\"controls\"><source type=\"audio\/mpeg\" src=\"https:\/\/www.antoniomachado.net\/wp-content\/uploads\/audio\/2018-catorce-dias-Canarias-autonomica.mp3?_=5\" \/><a href=\"https:\/\/www.antoniomachado.net\/wp-content\/uploads\/audio\/2018-catorce-dias-Canarias-autonomica.mp3\">https:\/\/www.antoniomachado.net\/wp-content\/uploads\/audio\/2018-catorce-dias-Canarias-autonomica.mp3<\/a><\/audio>\n<p><span style=\"color: #dd3333;\"><br \/>\n<span style=\"color: #000000;\">[\/vc_column_text][\/vc_column_inner][\/vc_row_inner][vc_separator][vc_row_inner][vc_column_inner width=\u00bb2\/3&#8243;][vc_column_text css=\u00bb\u00bb]<span style=\"color: #ff0000;\">Radio 7.7 &#8211; 5 Julio 2018<\/span><br \/>\n<strong><span style=\"color: #000000;\">Antonio Machado deja el OAG wsin sustituto<br \/>\n<\/span><\/strong>Entrevistado por Iv\u00e1n Garc\u00eda en \u00abEl espejo canario\u00bb[\/vc_column_text][\/vc_column_inner][vc_column_inner width=\u00bb1\/3\u00bb][vc_column_text]<\/span><br \/>\n<\/span><\/p>\n<audio class=\"wp-audio-shortcode\" id=\"audio-4945-6\" preload=\"none\" style=\"width: 100%;\" controls=\"controls\"><source type=\"audio\/mpeg\" src=\"https:\/\/www.antoniomachado.net\/wp-content\/uploads\/audio\/2018-Entrevista-El-espejo-canario-AMC-deja-el-OAG-Radio-7.7-5-julio.mp3?_=6\" \/><a href=\"https:\/\/www.antoniomachado.net\/wp-content\/uploads\/audio\/2018-Entrevista-El-espejo-canario-AMC-deja-el-OAG-Radio-7.7-5-julio.mp3\">https:\/\/www.antoniomachado.net\/wp-content\/uploads\/audio\/2018-Entrevista-El-espejo-canario-AMC-deja-el-OAG-Radio-7.7-5-julio.mp3<\/a><\/audio>\n<p>[\/vc_column_text][\/vc_column_inner][\/vc_row_inner][vc_separator][vc_row_inner][vc_column_inner width=\u00bb2\/3&#8243;][vc_column_text]<span style=\"color: #dd3333;\">Radio Club, 6 June 2017<br \/>\n<\/span><strong><span style=\"color: #000000;\">Entrevista general a Antonio Machado<br \/>\n<\/span><\/strong>Entrevistado por Juan Carlos Casta\u00f1eda en \u00abHoy por hoy\u00bb[\/vc_column_text][\/vc_column_inner][vc_column_inner width=\u00bb1\/3\u00bb][vc_column_text]<\/p>\n<audio class=\"wp-audio-shortcode\" id=\"audio-4945-7\" preload=\"none\" style=\"width: 100%;\" controls=\"controls\"><source type=\"audio\/mpeg\" src=\"https:\/\/www.antoniomachado.net\/wp-content\/uploads\/audio\/2017-Entrevista-a-AMC-Radio-Club.mp3?_=7\" \/><a href=\"https:\/\/www.antoniomachado.net\/wp-content\/uploads\/audio\/2017-Entrevista-a-AMC-Radio-Club.mp3\">https:\/\/www.antoniomachado.net\/wp-content\/uploads\/audio\/2017-Entrevista-a-AMC-Radio-Club.mp3<\/a><\/audio>\n<p>[\/vc_column_text][\/vc_column_inner][\/vc_row_inner][vc_separator][vc_row_inner][vc_column_inner width=\u00bb2\/3&#8243;][vc_column_text]<span style=\"color: #dd3333;\">La Diez, 30 Septiembre 2015<br \/>\n<\/span><span style=\"color: #000000;\"><b>Entrevista con Antonio Machado<\/b><\/span><br \/>\nEntrevistado por Miguel \u00c1ngel Gonz\u00e1lez Su\u00e1rez en \u00abEl Remate\u00bb [\/vc_column_text][\/vc_column_inner][vc_column_inner width=\u00bb1\/3&#8243;][vc_column_text]<\/p>\n<audio class=\"wp-audio-shortcode\" id=\"audio-4945-8\" preload=\"none\" style=\"width: 100%;\" controls=\"controls\"><source type=\"audio\/mpeg\" src=\"https:\/\/www.antoniomachado.net\/wp-content\/uploads\/audio\/2105-Entremate-a-AMC-Remate-Radio10.mp3?_=8\" \/><a href=\"https:\/\/www.antoniomachado.net\/wp-content\/uploads\/audio\/2105-Entremate-a-AMC-Remate-Radio10.mp3\">https:\/\/www.antoniomachado.net\/wp-content\/uploads\/audio\/2105-Entremate-a-AMC-Remate-Radio10.mp3<\/a><\/audio>\n<p>[\/vc_column_text][\/vc_column_inner][\/vc_row_inner][vc_separator][vc_row_inner][vc_column_inner width=\u00bb2\/3&#8243;][vc_column_text]<span style=\"color: #dd3333;\">Radio Club, 9 Febrero 2012 <\/span><br \/>\n<strong>Caf\u00e9 con prisas<br \/>\n<\/strong>Entrevistado por Jorge Betancourt y Francisco Pomares[\/vc_column_text][\/vc_column_inner][vc_column_inner width=\u00bb1\/3&#8243;][vc_column_text]<\/p>\n<audio class=\"wp-audio-shortcode\" id=\"audio-4945-9\" preload=\"none\" style=\"width: 100%;\" controls=\"controls\"><source type=\"audio\/mpeg\" src=\"https:\/\/www.antoniomachado.net\/wp-content\/uploads\/audio\/2012-Entrevista-a-AMC-Granadilla-en-Cafe-con-prisas_Radio-Club-J-Betancourt-y-P-Pomares-9-feb.mp3?_=9\" \/><a href=\"https:\/\/www.antoniomachado.net\/wp-content\/uploads\/audio\/2012-Entrevista-a-AMC-Granadilla-en-Cafe-con-prisas_Radio-Club-J-Betancourt-y-P-Pomares-9-feb.mp3\">https:\/\/www.antoniomachado.net\/wp-content\/uploads\/audio\/2012-Entrevista-a-AMC-Granadilla-en-Cafe-con-prisas_Radio-Club-J-Betancourt-y-P-Pomares-9-feb.mp3<\/a><\/audio>\n<p>[\/vc_column_text][\/vc_column_inner][\/vc_row_inner][vc_separator][vc_row_inner][vc_column_inner width=\u00bb2\/3&#8243;][vc_column_text]<span style=\"color: #dd3333;\">Radio Club, 11 Enero 2010<br \/>\n<span style=\"color: #000000;\"><strong>Medio ambiente, biodiversidad. legislaci\u00f3n, Granadilla, etc.<br \/>\n<\/strong>Entrevistado por Juan Carlos Casta\u00f1eda Baute<br \/>\n<\/span><\/span>[\/vc_column_text][\/vc_column_inner][vc_column_inner width=\u00bb1\/3&#8243;][vc_column_text]<\/p>\n<audio class=\"wp-audio-shortcode\" id=\"audio-4945-10\" preload=\"none\" style=\"width: 100%;\" controls=\"controls\"><source type=\"audio\/mpeg\" src=\"https:\/\/www.antoniomachado.net\/wp-content\/uploads\/audio\/2010-Entrevista-a-AMC-sobre-medio-ambiente_Radio-Club-CS-11-ene_1-parte.mp3?_=10\" \/><a href=\"https:\/\/www.antoniomachado.net\/wp-content\/uploads\/audio\/2010-Entrevista-a-AMC-sobre-medio-ambiente_Radio-Club-CS-11-ene_1-parte.mp3\">https:\/\/www.antoniomachado.net\/wp-content\/uploads\/audio\/2010-Entrevista-a-AMC-sobre-medio-ambiente_Radio-Club-CS-11-ene_1-parte.mp3<\/a><\/audio>\n<p>[\/vc_column_text][vc_column_text]<\/p>\n<audio class=\"wp-audio-shortcode\" id=\"audio-4945-11\" preload=\"none\" style=\"width: 100%;\" controls=\"controls\"><source type=\"audio\/mpeg\" src=\"https:\/\/www.antoniomachado.net\/wp-content\/uploads\/audio\/2010-Entrevista-a-AMC-sobre-medio-ambiente_Radio-Club-CS-11-ene_2-parte.mp3?_=11\" \/><a href=\"https:\/\/www.antoniomachado.net\/wp-content\/uploads\/audio\/2010-Entrevista-a-AMC-sobre-medio-ambiente_Radio-Club-CS-11-ene_2-parte.mp3\">https:\/\/www.antoniomachado.net\/wp-content\/uploads\/audio\/2010-Entrevista-a-AMC-sobre-medio-ambiente_Radio-Club-CS-11-ene_2-parte.mp3<\/a><\/audio>\n<p>[\/vc_column_text][\/vc_column_inner][\/vc_row_inner][vc_separator][vc_row_inner][vc_column_inner width=\u00bb2\/3&#8243;][vc_column_text]<span style=\"color: #dd3333;\">Biblioteca Sonora de Canarias, 2009<br \/>\n<span style=\"color: #000000;\"><strong>El Teide, patrimonio mundial<\/strong><strong><br \/>\n<\/strong><\/span><\/span>[\/vc_column_text][\/vc_column_inner][vc_column_inner width=\u00bb1\/3&#8243;][vc_column_text]<\/p>\n<audio class=\"wp-audio-shortcode\" id=\"audio-4945-12\" preload=\"none\" style=\"width: 100%;\" controls=\"controls\"><source type=\"audio\/mpeg\" src=\"https:\/\/www.antoniomachado.net\/wp-content\/uploads\/audio\/2009-Grabacion-AMC-in-El-Teide-patrimonio-mundial_Biblioteca-Sonora-de-Canarias.mp3?_=12\" \/><a href=\"https:\/\/www.antoniomachado.net\/wp-content\/uploads\/audio\/2009-Grabacion-AMC-in-El-Teide-patrimonio-mundial_Biblioteca-Sonora-de-Canarias.mp3\">https:\/\/www.antoniomachado.net\/wp-content\/uploads\/audio\/2009-Grabacion-AMC-in-El-Teide-patrimonio-mundial_Biblioteca-Sonora-de-Canarias.mp3<\/a><\/audio>\n<p>[\/vc_column_text][\/vc_column_inner][\/vc_row_inner][vc_separator][vc_row_inner][vc_column_inner width=\u00bb2\/3&#8243;][vc_column_text]<span style=\"color: #dd3333;\">Radio Interconom\u00eda, 19 Mayo 2008 <span style=\"color: #339966;\">\u2665<\/span><br \/>\n<span style=\"color: #000000;\"><strong>La fundaci\u00f3n Observatorio Ambiental del Puerto de Granadilla<br \/>\n<\/strong><\/span><\/span>[\/vc_column_text][\/vc_column_inner][vc_column_inner width=\u00bb1\/3&#8243;][vc_column_text]<\/p>\n<audio class=\"wp-audio-shortcode\" id=\"audio-4945-13\" preload=\"none\" style=\"width: 100%;\" controls=\"controls\"><source type=\"audio\/mpeg\" src=\"https:\/\/www.antoniomachado.net\/wp-content\/uploads\/audio\/2008-Entrevista-a-AMC-sobre-OAG_Intereconomia-19-may_fix.mp3?_=13\" \/><a href=\"https:\/\/www.antoniomachado.net\/wp-content\/uploads\/audio\/2008-Entrevista-a-AMC-sobre-OAG_Intereconomia-19-may_fix.mp3\">https:\/\/www.antoniomachado.net\/wp-content\/uploads\/audio\/2008-Entrevista-a-AMC-sobre-OAG_Intereconomia-19-may_fix.mp3<\/a><\/audio>\n<p>[\/vc_column_text][\/vc_column_inner][vc_column_inner width=\u00bb1\/4&#8243;][\/vc_column_inner][\/vc_row_inner][\/vc_column][\/vc_row]<\/p>\n<\/div>","protected":false},"excerpt":{"rendered":"<p>[vc_row css=\u00bb.vc_custom_1427797312919{margin-top: 0px !important;margin-bottom: 0px !important;border-top-width: 40px !important;border-bottom-width: 30px !important;padding-top: 40px !important;padding-bottom: 30px !important;}\u00bb][vc_column][vc_row_inner css=\u00bb.vc_custom_1427797136240{margin-bottom: 0px !important;border-bottom-width: 0px !important;padding-bottom: 0px [&hellip;]<\/p>\n","protected":false},"author":2,"featured_media":0,"parent":4789,"menu_order":2,"comment_status":"open","ping_status":"closed","template":"page-pagebuilder.php","meta":{"footnotes":""},"class_list":["post-4945","page","type-page","status-publish","hentry"],"yoast_head":"<!-- This site is optimized with the Yoast SEO plugin v27.1.1 - https:\/\/yoast.com\/product\/yoast-seo-wordpress\/ -->\n<title>RADIO - Entrevistas | Dr. Antonio Machado Carrillo<\/title>\n<meta name=\"description\" content=\"Escuche las entrevistas hechas al Dr. Antonio Machado Carrillo, emitidas en cadenas locales y nacionales desde 2008 hasta el presente.\" \/>\n<meta name=\"robots\" content=\"index, follow, max-snippet:-1, max-image-preview:large, max-video-preview:-1\" \/>\n<link rel=\"canonical\" href=\"https:\/\/www.antoniomachado.net\/es\/entrevistas\/radio\/\" \/>\n<meta property=\"og:locale\" content=\"es_ES\" \/>\n<meta property=\"og:type\" content=\"article\" \/>\n<meta property=\"og:title\" content=\"RADIO - Entrevistas | Dr. Antonio Machado Carrillo\" \/>\n<meta property=\"og:description\" content=\"Escuche las entrevistas hechas al Dr. Antonio Machado Carrillo, emitidas en cadenas locales y nacionales desde 2008 hasta el presente.\" \/>\n<meta property=\"og:url\" content=\"https:\/\/www.antoniomachado.net\/es\/entrevistas\/radio\/\" \/>\n<meta property=\"og:site_name\" content=\"www.antoniomachado.net\" \/>\n<meta property=\"article:modified_time\" content=\"2024-05-03T10:05:42+00:00\" \/>\n<meta name=\"twitter:card\" content=\"summary_large_image\" \/>\n<meta name=\"twitter:site\" content=\"@laparocerus\" \/>\n<meta name=\"twitter:label1\" content=\"Tiempo de lectura\" \/>\n\t<meta name=\"twitter:data1\" content=\"2 minutos\" \/>\n<script type=\"application\/ld+json\" class=\"yoast-schema-graph\">{\"@context\":\"https:\/\/schema.org\",\"@graph\":[{\"@type\":\"WebPage\",\"@id\":\"https:\/\/www.antoniomachado.net\/es\/entrevistas\/radio\/\",\"url\":\"https:\/\/www.antoniomachado.net\/es\/entrevistas\/radio\/\",\"name\":\"RADIO - Entrevistas | Dr. Antonio Machado Carrillo\",\"isPartOf\":{\"@id\":\"https:\/\/www.antoniomachado.net\/es\/#website\"},\"datePublished\":\"2015-03-01T17:59:22+00:00\",\"dateModified\":\"2024-05-03T10:05:42+00:00\",\"description\":\"Escuche las entrevistas hechas al Dr. Antonio Machado Carrillo, emitidas en cadenas locales y nacionales desde 2008 hasta el presente.\",\"breadcrumb\":{\"@id\":\"https:\/\/www.antoniomachado.net\/es\/entrevistas\/radio\/#breadcrumb\"},\"inLanguage\":\"es\",\"potentialAction\":[{\"@type\":\"ReadAction\",\"target\":[\"https:\/\/www.antoniomachado.net\/es\/entrevistas\/radio\/\"]}]},{\"@type\":\"BreadcrumbList\",\"@id\":\"https:\/\/www.antoniomachado.net\/es\/entrevistas\/radio\/#breadcrumb\",\"itemListElement\":[{\"@type\":\"ListItem\",\"position\":1,\"name\":\"Portada\",\"item\":\"https:\/\/www.antoniomachado.net\/es\/\"},{\"@type\":\"ListItem\",\"position\":2,\"name\":\"ENTREVISTAS\",\"item\":\"https:\/\/www.antoniomachado.net\/es\/entrevistas\/\"},{\"@type\":\"ListItem\",\"position\":3,\"name\":\"RADIO\"}]},{\"@type\":\"WebSite\",\"@id\":\"https:\/\/www.antoniomachado.net\/es\/#website\",\"url\":\"https:\/\/www.antoniomachado.net\/es\/\",\"name\":\"www.antoniomachado.net\",\"description\":\"Dr. Antonio Machado. Bi\u00f3logo multiuso (Entomolog\u00eda, Conservaci\u00f3n de la Naturaleza, Pol\u00edtica ambiental, etc.) con sede en las islas Canarias\",\"publisher\":{\"@id\":\"https:\/\/www.antoniomachado.net\/es\/#\/schema\/person\/20d92b6bd913e6447a4599f0a334fe20\"},\"potentialAction\":[{\"@type\":\"SearchAction\",\"target\":{\"@type\":\"EntryPoint\",\"urlTemplate\":\"https:\/\/www.antoniomachado.net\/es\/?s={search_term_string}\"},\"query-input\":{\"@type\":\"PropertyValueSpecification\",\"valueRequired\":true,\"valueName\":\"search_term_string\"}}],\"inLanguage\":\"es\"},{\"@type\":[\"Person\",\"Organization\"],\"@id\":\"https:\/\/www.antoniomachado.net\/es\/#\/schema\/person\/20d92b6bd913e6447a4599f0a334fe20\",\"name\":\"Antonio Machado\",\"image\":{\"@type\":\"ImageObject\",\"inLanguage\":\"es\",\"@id\":\"https:\/\/www.antoniomachado.net\/es\/#\/schema\/person\/image\/\",\"url\":\"https:\/\/www.antoniomachado.net\/wp-content\/uploads\/images\/icons\/avatar_antonio-machado-carrillo.png\",\"contentUrl\":\"https:\/\/www.antoniomachado.net\/wp-content\/uploads\/images\/icons\/avatar_antonio-machado-carrillo.png\",\"width\":320,\"height\":417,\"caption\":\"Antonio Machado\"},\"logo\":{\"@id\":\"https:\/\/www.antoniomachado.net\/es\/#\/schema\/person\/image\/\"},\"description\":\"I am based in Tenerife, one of the Canary Islands, and I am crazy about beetles which are my hobby. However, as a multipurpose professional biologist I have been involved in nature conservation and environmental affairs, teaching Ecology, legal drafting, and other more or less related activities.\",\"sameAs\":[\"http:\/\/www.antoniomachado.net\",\"https:\/\/x.com\/laparocerus\"]}]}<\/script>\n<!-- \/ Yoast SEO plugin. -->","yoast_head_json":{"title":"RADIO - Entrevistas | Dr. Antonio Machado Carrillo","description":"Escuche las entrevistas hechas al Dr. Antonio Machado Carrillo, emitidas en cadenas locales y nacionales desde 2008 hasta el presente.","robots":{"index":"index","follow":"follow","max-snippet":"max-snippet:-1","max-image-preview":"max-image-preview:large","max-video-preview":"max-video-preview:-1"},"canonical":"https:\/\/www.antoniomachado.net\/es\/entrevistas\/radio\/","og_locale":"es_ES","og_type":"article","og_title":"RADIO - Entrevistas | Dr. Antonio Machado Carrillo","og_description":"Escuche las entrevistas hechas al Dr. Antonio Machado Carrillo, emitidas en cadenas locales y nacionales desde 2008 hasta el presente.","og_url":"https:\/\/www.antoniomachado.net\/es\/entrevistas\/radio\/","og_site_name":"www.antoniomachado.net","article_modified_time":"2024-05-03T10:05:42+00:00","twitter_card":"summary_large_image","twitter_site":"@laparocerus","twitter_misc":{"Tiempo de lectura":"2 minutos"},"schema":{"@context":"https:\/\/schema.org","@graph":[{"@type":"WebPage","@id":"https:\/\/www.antoniomachado.net\/es\/entrevistas\/radio\/","url":"https:\/\/www.antoniomachado.net\/es\/entrevistas\/radio\/","name":"RADIO - Entrevistas | Dr. Antonio Machado Carrillo","isPartOf":{"@id":"https:\/\/www.antoniomachado.net\/es\/#website"},"datePublished":"2015-03-01T17:59:22+00:00","dateModified":"2024-05-03T10:05:42+00:00","description":"Escuche las entrevistas hechas al Dr. Antonio Machado Carrillo, emitidas en cadenas locales y nacionales desde 2008 hasta el presente.","breadcrumb":{"@id":"https:\/\/www.antoniomachado.net\/es\/entrevistas\/radio\/#breadcrumb"},"inLanguage":"es","potentialAction":[{"@type":"ReadAction","target":["https:\/\/www.antoniomachado.net\/es\/entrevistas\/radio\/"]}]},{"@type":"BreadcrumbList","@id":"https:\/\/www.antoniomachado.net\/es\/entrevistas\/radio\/#breadcrumb","itemListElement":[{"@type":"ListItem","position":1,"name":"Portada","item":"https:\/\/www.antoniomachado.net\/es\/"},{"@type":"ListItem","position":2,"name":"ENTREVISTAS","item":"https:\/\/www.antoniomachado.net\/es\/entrevistas\/"},{"@type":"ListItem","position":3,"name":"RADIO"}]},{"@type":"WebSite","@id":"https:\/\/www.antoniomachado.net\/es\/#website","url":"https:\/\/www.antoniomachado.net\/es\/","name":"www.antoniomachado.net","description":"Dr. Antonio Machado. Bi\u00f3logo multiuso (Entomolog\u00eda, Conservaci\u00f3n de la Naturaleza, Pol\u00edtica ambiental, etc.) con sede en las islas Canarias","publisher":{"@id":"https:\/\/www.antoniomachado.net\/es\/#\/schema\/person\/20d92b6bd913e6447a4599f0a334fe20"},"potentialAction":[{"@type":"SearchAction","target":{"@type":"EntryPoint","urlTemplate":"https:\/\/www.antoniomachado.net\/es\/?s={search_term_string}"},"query-input":{"@type":"PropertyValueSpecification","valueRequired":true,"valueName":"search_term_string"}}],"inLanguage":"es"},{"@type":["Person","Organization"],"@id":"https:\/\/www.antoniomachado.net\/es\/#\/schema\/person\/20d92b6bd913e6447a4599f0a334fe20","name":"Antonio Machado","image":{"@type":"ImageObject","inLanguage":"es","@id":"https:\/\/www.antoniomachado.net\/es\/#\/schema\/person\/image\/","url":"https:\/\/www.antoniomachado.net\/wp-content\/uploads\/images\/icons\/avatar_antonio-machado-carrillo.png","contentUrl":"https:\/\/www.antoniomachado.net\/wp-content\/uploads\/images\/icons\/avatar_antonio-machado-carrillo.png","width":320,"height":417,"caption":"Antonio Machado"},"logo":{"@id":"https:\/\/www.antoniomachado.net\/es\/#\/schema\/person\/image\/"},"description":"I am based in Tenerife, one of the Canary Islands, and I am crazy about beetles which are my hobby. However, as a multipurpose professional biologist I have been involved in nature conservation and environmental affairs, teaching Ecology, legal drafting, and other more or less related activities.","sameAs":["http:\/\/www.antoniomachado.net","https:\/\/x.com\/laparocerus"]}]}},"_links":{"self":[{"href":"https:\/\/www.antoniomachado.net\/es\/wp-json\/wp\/v2\/pages\/4945","targetHints":{"allow":["GET"]}}],"collection":[{"href":"https:\/\/www.antoniomachado.net\/es\/wp-json\/wp\/v2\/pages"}],"about":[{"href":"https:\/\/www.antoniomachado.net\/es\/wp-json\/wp\/v2\/types\/page"}],"author":[{"embeddable":true,"href":"https:\/\/www.antoniomachado.net\/es\/wp-json\/wp\/v2\/users\/2"}],"replies":[{"embeddable":true,"href":"https:\/\/www.antoniomachado.net\/es\/wp-json\/wp\/v2\/comments?post=4945"}],"version-history":[{"count":25,"href":"https:\/\/www.antoniomachado.net\/es\/wp-json\/wp\/v2\/pages\/4945\/revisions"}],"predecessor-version":[{"id":11013,"href":"https:\/\/www.antoniomachado.net\/es\/wp-json\/wp\/v2\/pages\/4945\/revisions\/11013"}],"up":[{"embeddable":true,"href":"https:\/\/www.antoniomachado.net\/es\/wp-json\/wp\/v2\/pages\/4789"}],"wp:attachment":[{"href":"https:\/\/www.antoniomachado.net\/es\/wp-json\/wp\/v2\/media?parent=4945"}],"curies":[{"name":"wp","href":"https:\/\/api.w.org\/{rel}","templated":true}]}}