{"id":4982,"date":"2015-02-18T12:50:15","date_gmt":"2015-02-18T12:50:15","guid":{"rendered":"http:\/\/www.antoniomachado.net\/turismo\/"},"modified":"2015-04-28T19:02:35","modified_gmt":"2015-04-28T19:02:35","slug":"turismo","status":"publish","type":"page","link":"https:\/\/www.antoniomachado.net\/es\/produccion\/turismo\/","title":{"rendered":"TURISMO"},"content":{"rendered":"<div class=\"wpb-content-wrapper\"><p>[vc_row css=\u00bb.vc_custom_1424453571342{margin-top: 0px !important;margin-bottom: 0px !important;border-top-width: 50px !important;border-bottom-width: 30px !important;padding-top: 50px !important;padding-bottom: 30px !important;}\u00bb][vc_column width=\u00bb1\/1&#8243;]<h1 class=\"fac-big-title fac-title text-center\" style=\"color:#dd3333\">TURISMO Y DESARROLLO<\/h1>\n[\/vc_column][\/vc_row][vc_row css=\u00bb.vc_custom_1426879579690{margin-bottom: 0px !important;border-bottom-width: 10px !important;padding-bottom: 10px !important;}\u00bb][vc_column width=\u00bb1\/6&#8243;][vc_single_image border_color=\u00bbgrey\u00bb img_link_target=\u00bb_self\u00bb image=\u00bb1648&#8243; img_size=\u00bbfull\u00bb alignment=\u00bbcenter\u00bb img_link_large=\u00bbyes\u00bb][\/vc_column][vc_column width=\u00bb1\/6&#8243;][vc_single_image border_color=\u00bbgrey\u00bb img_link_target=\u00bb_self\u00bb image=\u00bb1643&#8243; img_size=\u00bbfull\u00bb alignment=\u00bbcenter\u00bb img_link_large=\u00bbyes\u00bb][\/vc_column][vc_column width=\u00bb1\/6&#8243;][vc_single_image border_color=\u00bbgrey\u00bb img_link_target=\u00bb_self\u00bb img_size=\u00bbfull\u00bb alignment=\u00bbcenter\u00bb img_link_large=\u00bb\u00bb image=\u00bb3537&#8243;][\/vc_column][vc_column width=\u00bb3\/6&#8243;][vc_column_text]<\/p>\n<h3 style=\"text-align: left;\"><span style=\"color: #000000;\"><span style=\"color: #dd3333;\">\u2192<\/span>\u00a0 <a style=\"color: #000000;\" href=\"#tourism_publications\">Libros <\/a><\/span><\/h3>\n<h3 style=\"text-align: left;\"><span style=\"color: #000000;\"><span style=\"color: #dd3333;\">\u2192\u00a0 <\/span><a style=\"color: #000000;\" href=\"#tourism_bookchapters\">Cap\u00edtulos de libros<\/a><\/span><\/h3>\n<h3 style=\"text-align: left;\"><span style=\"color: #000000;\"><span style=\"color: #dd3333;\">\u2192\u00a0 <\/span><\/span><a style=\"color: #000000;\" href=\"#tourism_newspapers\">Peri\u00f3dicos y revistas<\/a><\/h3>\n<h3 style=\"text-align: left;\"><\/h3>\n<p>[\/vc_column_text][\/vc_column][\/vc_row][vc_row css=\u00bb.vc_custom_1426879548921{margin-top: 10px !important;margin-bottom: 10px !important;border-top-width: 10px !important;border-bottom-width: 10px !important;padding-top: 10px !important;padding-bottom: 10px !important;}\u00bb][vc_column width=\u00bb1\/1&#8243;][vc_row_inner css=\u00bb.vc_custom_1426879564639{margin-top: 0px !important;border-top-width: 0px !important;padding-top: 0px !important;}\u00bb][vc_column_inner width=\u00bb2\/3&#8243;]<h1 class=\"fac-title text-left\" style=\"color:#dd3333\">Libros<\/h1>\n[\/vc_column_inner][vc_column_inner width=\u00bb1\/3&#8243;][vc_column_text]<div id=\"tourism_publications\"><\/div>[\/vc_column_text][\/vc_column_inner][\/vc_row_inner][vc_row_inner][vc_column_inner width=\u00bb1\/6&#8243;][vc_column_text]<\/p>\n<ul>\n<li style=\"text-align: right;\"><span style=\"color: #ff0000;\">1992<\/span><\/li>\n<\/ul>\n<p>[\/vc_column_text][\/vc_column_inner][vc_column_inner width=\u00bb2\/3&#8243;][vc_column_text]<strong>Medi ambient, ecolog\u00eda i turisme a les illes Balears<\/strong> Palma de Mallorca: Editorial Moll, 130 pp. ISBN 84-273-0689-X. [J. Mayol &amp; A. Machado][\/vc_column_text][\/vc_column_inner][vc_column_inner width=\u00bb1\/6&#8243;][vc_button title=\u00bbView PDF\u00bb target=\u00bb_blank\u00bb color=\u00bbwpb_button\u00bb icon=\u00bbwpb_document_pdf\u00bb size=\u00bbwpb_regularsize\u00bb href=\u00bbhttps:\/\/www.antoniomachado.net\/wp-content\/uploads\/pdf\/tourism\/1992-medi-ambient-ecologia-turisme-baleares.pdf\u00bb][\/vc_column_inner][\/vc_row_inner][vc_row_inner][vc_column_inner width=\u00bb1\/6&#8243;][vc_column_text]<\/p>\n<ul>\n<li style=\"text-align: right;\"><span style=\"color: #ff0000;\">1990<\/span><\/li>\n<\/ul>\n<p>[\/vc_column_text][\/vc_column_inner][vc_column_inner width=\u00bb2\/3&#8243;][vc_column_text]<strong>Ecolog\u00eda, medio ambiente y desarrollo tur\u00edstico en Canarias<\/strong> S\/C de Tenerife: Gobierno de Canarias, Consejer\u00eda de la Presidencia, 1990, 121 pp (2\u00aa edici\u00f3n en octubre 1990). ISBN 84-87219-00-4[\/vc_column_text][\/vc_column_inner][vc_column_inner width=\u00bb1\/6&#8243;][vc_button title=\u00bbView PDF\u00bb target=\u00bb_blank\u00bb color=\u00bbwpb_button\u00bb icon=\u00bbwpb_document_pdf\u00bb size=\u00bbwpb_regularsize\u00bb href=\u00bbhttps:\/\/www.antoniomachado.net\/wp-content\/uploads\/pdf\/tourism\/1990-ecologia-medio-ambiente-desarrollo-turistico-canarias.pdf\u00bb][\/vc_column_inner][\/vc_row_inner][vc_row_inner][vc_column_inner width=\u00bb2\/3&#8243;]<h1 class=\"fac-title text-left\" style=\"color:#dd3333\">Cap\u00edtulos de libros<\/h1>\n[\/vc_column_inner][vc_column_inner width=\u00bb1\/3&#8243;][vc_column_text]<div id=\"tourism_bookchapters\"><\/div>[\/vc_column_text][\/vc_column_inner][\/vc_row_inner][vc_row_inner][vc_column_inner width=\u00bb1\/6&#8243;][vc_column_text]<\/p>\n<p style=\"text-align: right;\"><span style=\"color: #ff0000;\">2003<\/span><\/p>\n<p>[\/vc_column_text][\/vc_column_inner][vc_column_inner width=\u00bb2\/3&#8243;][vc_column_text]<strong>Tourism and sustainable development<\/strong> Pp. 227-320 in: <em>Capacity building for tourism development in Vietnam Project<\/em>.- Hanoi: Vietnam National Administration of Tourism &amp; Fundaci\u00f3n Desarrollo Sostenido. (Texto en ingl\u00e9s y en vietnamita) <span style=\"color: #008000;\">\u2665<\/span>.[\/vc_column_text][\/vc_column_inner][vc_column_inner width=\u00bb1\/6&#8243;][vc_button title=\u00bbView PDF\u00bb target=\u00bb_blank\u00bb color=\u00bbwpb_button\u00bb icon=\u00bbwpb_document_pdf\u00bb size=\u00bbwpb_regularsize\u00bb href=\u00bbhttps:\/\/www.antoniomachado.net\/wp-content\/uploads\/pdf\/tourism\/2003-tourism-and-sustainable-development.pdf\u00bb][\/vc_column_inner][\/vc_row_inner][vc_row_inner][vc_column_inner width=\u00bb1\/6&#8243;][vc_column_text]<\/p>\n<p style=\"text-align: right;\"><span style=\"color: #ff0000;\">2002<\/span><\/p>\n<p>[\/vc_column_text][\/vc_column_inner][vc_column_inner width=\u00bb2\/3&#8243;][vc_column_text]<strong>Ordenaci\u00f3n del turismo y sostenibilidad<\/strong> Pp. 99-108 in: Simancas Cruz, M.R. (ed.). <em>Jornadas T\u00e9cnicas sobre el Avance de las Directrices de Ordenaci\u00f3n del Turismo de Canarias<\/em>.- La Laguna: Vicerrectorado de Extensi\u00f3n Universitaria, Universidad de La Laguna, 131 pp. (Serie: La Universidad Opina)[\/vc_column_text][\/vc_column_inner][vc_column_inner width=\u00bb1\/6&#8243;][vc_button title=\u00bbView PDF\u00bb target=\u00bb_blank\u00bb color=\u00bbwpb_button\u00bb icon=\u00bbwpb_document_pdf\u00bb size=\u00bbwpb_regularsize\u00bb href=\u00bbhttps:\/\/www.antoniomachado.net\/wp-content\/uploads\/pdf\/tourism\/2002-ordenacion-turismo-y-sostenibilidad.pdf\u00bb][\/vc_column_inner][\/vc_row_inner][vc_row_inner][vc_column_inner width=\u00bb1\/6&#8243;][vc_column_text]<\/p>\n<p style=\"text-align: right;\"><span style=\"color: #ff0000;\">1999<\/span><\/p>\n<p>[\/vc_column_text][\/vc_column_inner][vc_column_inner width=\u00bb2\/3&#8243;][vc_column_text]<strong>La capacidad de carga tur\u00edstica de una isla<\/strong> Pp. 399-406 in: \u00c1lvarez Alonso, A. <em>et al.<\/em> (eds.) <em>Turismo y territorio en la sociedad globalizada<\/em>.- Adeje: Ayuntamiento de Adeje &amp; Instituto Pascual Madoz del Territorio, Urbanismo y Medio Ambiente, 508 pp.[\/vc_column_text][\/vc_column_inner][vc_column_inner width=\u00bb1\/6&#8243;][vc_button title=\u00bbView PDF\u00bb target=\u00bb_blank\u00bb color=\u00bbwpb_button\u00bb icon=\u00bbwpb_document_pdf\u00bb size=\u00bbwpb_regularsize\u00bb href=\u00bbhttps:\/\/www.antoniomachado.net\/wp-content\/uploads\/pdf\/tourism\/1999-la-capacidad-carga-una-isla-turistica.pdf\u00bb][\/vc_column_inner][\/vc_row_inner][vc_row_inner][vc_column_inner width=\u00bb1\/6&#8243;][vc_column_text]<\/p>\n<p style=\"text-align: right;\"><span style=\"color: #ff0000;\">1995<\/span><\/p>\n<p>[\/vc_column_text][\/vc_column_inner][vc_column_inner width=\u00bb2\/3&#8243;][vc_column_text]<strong>Ecolog\u00eda, territorio, medioambiente y turismo<\/strong> Pp. 141-146 in: Barba Casanovas R. &amp; Pie Ninot R. (eds.). <em>Programa de postgrado de Arquitectura y Turismo. Curso I. Turismo y territorio.<\/em> Palma de Mallorca: Colegi Oficial d&#8217;Arquitectes de Balears.[\/vc_column_text][\/vc_column_inner][vc_column_inner width=\u00bb1\/6&#8243;][vc_button title=\u00bbView PDF\u00bb target=\u00bb_blank\u00bb color=\u00bbwpb_button\u00bb icon=\u00bbwpb_document_pdf\u00bb size=\u00bbwpb_regularsize\u00bb href=\u00bbhttps:\/\/www.antoniomachado.net\/wp-content\/uploads\/pdf\/tourism\/1995-ecologia-territorio-medioambiente-turismo.pdf\u00bb][\/vc_column_inner][\/vc_row_inner][vc_row_inner][vc_column_inner width=\u00bb1\/6&#8243;][vc_column_text]<\/p>\n<p style=\"text-align: right;\"><span style=\"color: #ff0000;\">1992<\/span><\/p>\n<p>[\/vc_column_text][\/vc_column_inner][vc_column_inner width=\u00bb2\/3&#8243;][vc_column_text]<strong>Las dimensiones del \u00abecoturismo\u00bb en Canarias<\/strong> Pp. 45-62 in: M. Castroviejo &amp; J. Herrero (eds.): <em>Ecoturismo. Criterios de desarrollo y casos de manejo<\/em>.- Madrid: Publicaciones del ICONA. Colecci\u00f3n T\u00e9cnica, 173 pp[\/vc_column_text][\/vc_column_inner][vc_column_inner width=\u00bb1\/6&#8243;][vc_button title=\u00bbView PDF\u00bb target=\u00bb_blank\u00bb color=\u00bbwpb_button\u00bb icon=\u00bbwpb_document_pdf\u00bb size=\u00bbwpb_regularsize\u00bb href=\u00bbhttps:\/\/www.antoniomachado.net\/wp-content\/uploads\/pdf\/tourism\/1992-las-dimensiones-ecoturismo-en-canarias.pdf\u00bb][\/vc_column_inner][\/vc_row_inner][\/vc_column][\/vc_row][vc_row css=\u00bb.vc_custom_1424042641325{margin-top: 10px !important;margin-bottom: 10px !important;border-top-width: 10px !important;border-bottom-width: 10px !important;padding-top: 10px !important;padding-bottom: 10px !important;}\u00bb][vc_column width=\u00bb1\/1&#8243;][vc_row_inner][vc_column_inner width=\u00bb2\/3&#8243;]<h1 class=\"fac-title text-left\" style=\"color:#dd3333\">Peri\u00f3dicos y revistas<\/h1>\n[\/vc_column_inner][vc_column_inner width=\u00bb1\/3&#8243;][vc_column_text]<div id=\"tourism_newspapers\"><\/div>[\/vc_column_text][\/vc_column_inner][\/vc_row_inner][vc_row_inner][vc_column_inner width=\u00bb1\/6&#8243;][vc_column_text]<\/p>\n<p style=\"text-align: right;\"><span style=\"color: #ff0000;\">2004<\/span><\/p>\n<p>[\/vc_column_text][\/vc_column_inner][vc_column_inner width=\u00bb2\/3&#8243;][vc_column_text]<strong>Turistas en Vietnam \u00bfbendici\u00f3n o condena?<\/strong> Viajar<em>, <\/em>174<em>:<\/em> 26-31[\/vc_column_text][\/vc_column_inner][vc_column_inner width=\u00bb1\/6&#8243;][vc_button title=\u00bbView PDF\u00bb target=\u00bb_blank\u00bb color=\u00bbwpb_button\u00bb icon=\u00bbwpb_document_pdf\u00bb size=\u00bbwpb_regularsize\u00bb href=\u00bbhttps:\/\/www.antoniomachado.net\/wp-content\/uploads\/pdf\/tourism\/2003-turistas-en-vietnam-manuscrito.pdf\u00bb][\/vc_column_inner][\/vc_row_inner][vc_row_inner][vc_column_inner width=\u00bb1\/6&#8243;][vc_column_text]<\/p>\n<p style=\"text-align: right;\"><span style=\"color: #ff0000;\">1998<\/span><\/p>\n<p>[\/vc_column_text][\/vc_column_inner][vc_column_inner width=\u00bb2\/3&#8243;][vc_column_text]<strong>Qualit\u00e4tstourismus versus M\u00fcll-Tourismus<\/strong> <em>Wochenspiegel <\/em>1998,\u00a019 Juni &#8211; 20 Juli, p. 20, Sektion \u00abBriefe\u00bb.[\/vc_column_text][\/vc_column_inner][vc_column_inner width=\u00bb1\/6&#8243;][vc_button title=\u00bbView PDF\u00bb target=\u00bb_blank\u00bb color=\u00bbwpb_button\u00bb icon=\u00bbwpb_document_pdf\u00bb size=\u00bbwpb_regularsize\u00bb href=\u00bbhttps:\/\/www.antoniomachado.net\/wp-content\/uploads\/pdf\/tourism\/1998-qualitatsturismus-verus-muellturismus.pdf\u00bb][\/vc_column_inner][\/vc_row_inner][vc_row_inner][vc_column_inner width=\u00bb1\/6&#8243;][vc_column_text]<\/p>\n<p style=\"text-align: right;\"><span style=\"color: #ff0000;\">1998<\/span><\/p>\n<p>[\/vc_column_text][\/vc_column_inner][vc_column_inner width=\u00bb2\/3&#8243;][vc_column_text]<strong>Turismo de calidad versus turismo basura<\/strong> <em>Diario de Avisos <\/em>(S\/C de Tenerife) 1\/6 1998.[\/vc_column_text][\/vc_column_inner][vc_column_inner width=\u00bb1\/6&#8243;][vc_button title=\u00bbView PDF\u00bb target=\u00bb_blank\u00bb color=\u00bbwpb_button\u00bb icon=\u00bbwpb_document_pdf\u00bb size=\u00bbwpb_regularsize\u00bb href=\u00bbhttps:\/\/www.antoniomachado.net\/wp-content\/uploads\/pdf\/tourism\/1998-turismo-calidad-versus-turismo-basura.pdf\u00bb][\/vc_column_inner][\/vc_row_inner][vc_row_inner][vc_column_inner width=\u00bb1\/6&#8243;][vc_column_text]<\/p>\n<p style=\"text-align: right;\"><span style=\"color: #ff0000;\">1995<\/span><\/p>\n<p>[\/vc_column_text][\/vc_column_inner][vc_column_inner width=\u00bb2\/3&#8243;][vc_column_text]<strong>Tourismus-Weltkonferenz auf Lanzarote. Danach wird es kein danach mehr geben &#8230;<\/strong> <em>Wochenspiegel <\/em>1995. Secci\u00f3n \u00ab5-18 May\u00bb.[\/vc_column_text][\/vc_column_inner][vc_column_inner width=\u00bb1\/6&#8243;][vc_button title=\u00bbView PDF\u00bb target=\u00bb_blank\u00bb color=\u00bbwpb_button\u00bb icon=\u00bbwpb_document_pdf\u00bb size=\u00bbwpb_regularsize\u00bb href=\u00bbhttps:\/\/www.antoniomachado.net\/wp-content\/uploads\/pdf\/tourism\/1995-danach-wird-kein-danach-geben.pdf\u00bb][\/vc_column_inner][\/vc_row_inner][vc_row_inner][vc_column_inner width=\u00bb1\/6&#8243;][vc_column_text]<\/p>\n<p style=\"text-align: right;\"><span style=\"color: #ff0000;\">1995<\/span><\/p>\n<p>[\/vc_column_text][\/vc_column_inner][vc_column_inner width=\u00bb2\/3&#8243;][vc_column_text]<strong>Turismo (in)sostenible en Canarias<\/strong> <em>Diario de Avisos <\/em>(S\/C de Tenerife) 23\/4\/1995.[\/vc_column_text][\/vc_column_inner][vc_column_inner width=\u00bb1\/6&#8243;][vc_button title=\u00bbView PDF\u00bb target=\u00bb_blank\u00bb color=\u00bbwpb_button\u00bb icon=\u00bbwpb_document_pdf\u00bb size=\u00bbwpb_regularsize\u00bb href=\u00bbhttps:\/\/www.antoniomachado.net\/wp-content\/uploads\/pdf\/tourism\/1995-turismo-insostenible-canarias-da.pdf\u00bb][\/vc_column_inner][\/vc_row_inner][vc_row_inner][vc_column_inner width=\u00bb1\/6&#8243;][vc_column_text]<\/p>\n<p style=\"text-align: right;\"><span style=\"color: #ff0000;\">1989<\/span><\/p>\n<p>[\/vc_column_text][\/vc_column_inner][vc_column_inner width=\u00bb2\/3&#8243;][vc_column_text]<strong>Ecolog\u00eda, Medio ambiente y desarrollo tur\u00edstico en Canarias 1-3<\/strong> Diario de Avisos, 18-20 octubre 1989 (Opini\u00f3n)[\/vc_column_text][\/vc_column_inner][vc_column_inner width=\u00bb1\/6&#8243;][vc_button title=\u00bbView PDF\u00bb target=\u00bb_blank\u00bb color=\u00bbwpb_button\u00bb icon=\u00bbwpb_document_pdf\u00bb size=\u00bbwpb_regularsize\u00bb href=\u00bbhttps:\/\/www.antoniomachado.net\/wp-content\/uploads\/pdf\/informative\/1989-ecologia-medioambient-desarrollo-resumen.pdf\u00bb][\/vc_column_inner][\/vc_row_inner][vc_row_inner][vc_column_inner width=\u00bb1\/6&#8243;][\/vc_column_inner][vc_column_inner width=\u00bb2\/3&#8243;][vc_single_image image=\u00bb3185&#8243; border_color=\u00bbgrey\u00bb img_link_large=\u00bbyes\u00bb img_link_target=\u00bb_self\u00bb img_size=\u00bbfull\u00bb title=\u00bbMi visi\u00f3n esc\u00e9ptica de la sostenibilidad en Canarias\u00bb alignment=\u00bbcenter\u00bb][\/vc_column_inner][vc_column_inner width=\u00bb1\/6&#8243;][\/vc_column_inner][\/vc_row_inner][\/vc_column][\/vc_row][vc_row css=\u00bb.vc_custom_1424453401871{margin-top: 15px !important;margin-bottom: 15px !important;border-top-width: 15px !important;border-bottom-width: 15px !important;padding-top: 15px !important;padding-bottom: 15px !important;}\u00bb][vc_column width=\u00bb1\/1&#8243;][vc_text_separator title=\u00bbFIN\u00bb title_align=\u00bbseparator_align_center\u00bb color=\u00bbgrey\u00bb][\/vc_column][\/vc_row]<\/p>\n<\/div>","protected":false},"excerpt":{"rendered":"<p>[vc_row css=\u00bb.vc_custom_1424453571342{margin-top: 0px !important;margin-bottom: 0px !important;border-top-width: 50px !important;border-bottom-width: 30px !important;padding-top: 50px !important;padding-bottom: 30px !important;}\u00bb][vc_column width=\u00bb1\/1&#8243;][\/vc_column][\/vc_row][vc_row css=\u00bb.vc_custom_1426879579690{margin-bottom: 0px !important;border-bottom-width: 10px !important;padding-bottom: [&hellip;]<\/p>\n","protected":false},"author":2,"featured_media":0,"parent":4986,"menu_order":5,"comment_status":"open","ping_status":"closed","template":"page-pagebuilder.php","meta":{"footnotes":""},"class_list":["post-4982","page","type-page","status-publish","hentry"],"yoast_head":"<!-- This site is optimized with the Yoast SEO plugin v27.1.1 - https:\/\/yoast.com\/product\/yoast-seo-wordpress\/ -->\n<title>TURISMO | www.antoniomachado.net<\/title>\n<meta name=\"description\" content=\"Publicaciones sobre el turismo en Canarias y su relaci\u00f3n con la ecolog\u00eda y el medio ambiente (incluye un buen texto para estudiantes de turismo sostenible).\" \/>\n<meta name=\"robots\" content=\"index, follow, max-snippet:-1, max-image-preview:large, max-video-preview:-1\" \/>\n<link rel=\"canonical\" href=\"https:\/\/www.antoniomachado.net\/es\/produccion\/turismo\/\" \/>\n<meta property=\"og:locale\" content=\"es_ES\" \/>\n<meta property=\"og:type\" content=\"article\" \/>\n<meta property=\"og:title\" content=\"TURISMO | www.antoniomachado.net\" \/>\n<meta property=\"og:description\" content=\"Publicaciones sobre el turismo en Canarias y su relaci\u00f3n con la ecolog\u00eda y el medio ambiente (incluye un buen texto para estudiantes de turismo sostenible).\" \/>\n<meta property=\"og:url\" content=\"https:\/\/www.antoniomachado.net\/es\/produccion\/turismo\/\" \/>\n<meta property=\"og:site_name\" content=\"www.antoniomachado.net\" \/>\n<meta property=\"article:modified_time\" content=\"2015-04-28T19:02:35+00:00\" \/>\n<meta name=\"twitter:card\" content=\"summary_large_image\" \/>\n<meta name=\"twitter:site\" content=\"@laparocerus\" \/>\n<meta name=\"twitter:label1\" content=\"Tiempo de lectura\" \/>\n\t<meta name=\"twitter:data1\" content=\"8 minutos\" \/>\n<script type=\"application\/ld+json\" class=\"yoast-schema-graph\">{\"@context\":\"https:\/\/schema.org\",\"@graph\":[{\"@type\":\"WebPage\",\"@id\":\"https:\/\/www.antoniomachado.net\/es\/produccion\/turismo\/\",\"url\":\"https:\/\/www.antoniomachado.net\/es\/produccion\/turismo\/\",\"name\":\"TURISMO | www.antoniomachado.net\",\"isPartOf\":{\"@id\":\"https:\/\/www.antoniomachado.net\/es\/#website\"},\"datePublished\":\"2015-02-18T12:50:15+00:00\",\"dateModified\":\"2015-04-28T19:02:35+00:00\",\"description\":\"Publicaciones sobre el turismo en Canarias y su relaci\u00f3n con la ecolog\u00eda y el medio ambiente (incluye un buen texto para estudiantes de turismo sostenible).\",\"breadcrumb\":{\"@id\":\"https:\/\/www.antoniomachado.net\/es\/produccion\/turismo\/#breadcrumb\"},\"inLanguage\":\"es\",\"potentialAction\":[{\"@type\":\"ReadAction\",\"target\":[\"https:\/\/www.antoniomachado.net\/es\/produccion\/turismo\/\"]}]},{\"@type\":\"BreadcrumbList\",\"@id\":\"https:\/\/www.antoniomachado.net\/es\/produccion\/turismo\/#breadcrumb\",\"itemListElement\":[{\"@type\":\"ListItem\",\"position\":1,\"name\":\"Portada\",\"item\":\"https:\/\/www.antoniomachado.net\/es\/\"},{\"@type\":\"ListItem\",\"position\":2,\"name\":\"PRODUCCI\u00d3N\",\"item\":\"https:\/\/www.antoniomachado.net\/es\/produccion\/\"},{\"@type\":\"ListItem\",\"position\":3,\"name\":\"TURISMO\"}]},{\"@type\":\"WebSite\",\"@id\":\"https:\/\/www.antoniomachado.net\/es\/#website\",\"url\":\"https:\/\/www.antoniomachado.net\/es\/\",\"name\":\"www.antoniomachado.net\",\"description\":\"Dr. Antonio Machado. Bi\u00f3logo multiuso (Entomolog\u00eda, Conservaci\u00f3n de la Naturaleza, Pol\u00edtica ambiental, etc.) con sede en las islas Canarias\",\"publisher\":{\"@id\":\"https:\/\/www.antoniomachado.net\/es\/#\/schema\/person\/20d92b6bd913e6447a4599f0a334fe20\"},\"potentialAction\":[{\"@type\":\"SearchAction\",\"target\":{\"@type\":\"EntryPoint\",\"urlTemplate\":\"https:\/\/www.antoniomachado.net\/es\/?s={search_term_string}\"},\"query-input\":{\"@type\":\"PropertyValueSpecification\",\"valueRequired\":true,\"valueName\":\"search_term_string\"}}],\"inLanguage\":\"es\"},{\"@type\":[\"Person\",\"Organization\"],\"@id\":\"https:\/\/www.antoniomachado.net\/es\/#\/schema\/person\/20d92b6bd913e6447a4599f0a334fe20\",\"name\":\"Antonio Machado\",\"image\":{\"@type\":\"ImageObject\",\"inLanguage\":\"es\",\"@id\":\"https:\/\/www.antoniomachado.net\/es\/#\/schema\/person\/image\/\",\"url\":\"https:\/\/www.antoniomachado.net\/wp-content\/uploads\/images\/icons\/avatar_antonio-machado-carrillo.png\",\"contentUrl\":\"https:\/\/www.antoniomachado.net\/wp-content\/uploads\/images\/icons\/avatar_antonio-machado-carrillo.png\",\"width\":320,\"height\":417,\"caption\":\"Antonio Machado\"},\"logo\":{\"@id\":\"https:\/\/www.antoniomachado.net\/es\/#\/schema\/person\/image\/\"},\"description\":\"I am based in Tenerife, one of the Canary Islands, and I am crazy about beetles which are my hobby. However, as a multipurpose professional biologist I have been involved in nature conservation and environmental affairs, teaching Ecology, legal drafting, and other more or less related activities.\",\"sameAs\":[\"http:\/\/www.antoniomachado.net\",\"https:\/\/x.com\/laparocerus\"]}]}<\/script>\n<!-- \/ Yoast SEO plugin. -->","yoast_head_json":{"title":"TURISMO | www.antoniomachado.net","description":"Publicaciones sobre el turismo en Canarias y su relaci\u00f3n con la ecolog\u00eda y el medio ambiente (incluye un buen texto para estudiantes de turismo sostenible).","robots":{"index":"index","follow":"follow","max-snippet":"max-snippet:-1","max-image-preview":"max-image-preview:large","max-video-preview":"max-video-preview:-1"},"canonical":"https:\/\/www.antoniomachado.net\/es\/produccion\/turismo\/","og_locale":"es_ES","og_type":"article","og_title":"TURISMO | www.antoniomachado.net","og_description":"Publicaciones sobre el turismo en Canarias y su relaci\u00f3n con la ecolog\u00eda y el medio ambiente (incluye un buen texto para estudiantes de turismo sostenible).","og_url":"https:\/\/www.antoniomachado.net\/es\/produccion\/turismo\/","og_site_name":"www.antoniomachado.net","article_modified_time":"2015-04-28T19:02:35+00:00","twitter_card":"summary_large_image","twitter_site":"@laparocerus","twitter_misc":{"Tiempo de lectura":"8 minutos"},"schema":{"@context":"https:\/\/schema.org","@graph":[{"@type":"WebPage","@id":"https:\/\/www.antoniomachado.net\/es\/produccion\/turismo\/","url":"https:\/\/www.antoniomachado.net\/es\/produccion\/turismo\/","name":"TURISMO | www.antoniomachado.net","isPartOf":{"@id":"https:\/\/www.antoniomachado.net\/es\/#website"},"datePublished":"2015-02-18T12:50:15+00:00","dateModified":"2015-04-28T19:02:35+00:00","description":"Publicaciones sobre el turismo en Canarias y su relaci\u00f3n con la ecolog\u00eda y el medio ambiente (incluye un buen texto para estudiantes de turismo sostenible).","breadcrumb":{"@id":"https:\/\/www.antoniomachado.net\/es\/produccion\/turismo\/#breadcrumb"},"inLanguage":"es","potentialAction":[{"@type":"ReadAction","target":["https:\/\/www.antoniomachado.net\/es\/produccion\/turismo\/"]}]},{"@type":"BreadcrumbList","@id":"https:\/\/www.antoniomachado.net\/es\/produccion\/turismo\/#breadcrumb","itemListElement":[{"@type":"ListItem","position":1,"name":"Portada","item":"https:\/\/www.antoniomachado.net\/es\/"},{"@type":"ListItem","position":2,"name":"PRODUCCI\u00d3N","item":"https:\/\/www.antoniomachado.net\/es\/produccion\/"},{"@type":"ListItem","position":3,"name":"TURISMO"}]},{"@type":"WebSite","@id":"https:\/\/www.antoniomachado.net\/es\/#website","url":"https:\/\/www.antoniomachado.net\/es\/","name":"www.antoniomachado.net","description":"Dr. Antonio Machado. Bi\u00f3logo multiuso (Entomolog\u00eda, Conservaci\u00f3n de la Naturaleza, Pol\u00edtica ambiental, etc.) con sede en las islas Canarias","publisher":{"@id":"https:\/\/www.antoniomachado.net\/es\/#\/schema\/person\/20d92b6bd913e6447a4599f0a334fe20"},"potentialAction":[{"@type":"SearchAction","target":{"@type":"EntryPoint","urlTemplate":"https:\/\/www.antoniomachado.net\/es\/?s={search_term_string}"},"query-input":{"@type":"PropertyValueSpecification","valueRequired":true,"valueName":"search_term_string"}}],"inLanguage":"es"},{"@type":["Person","Organization"],"@id":"https:\/\/www.antoniomachado.net\/es\/#\/schema\/person\/20d92b6bd913e6447a4599f0a334fe20","name":"Antonio Machado","image":{"@type":"ImageObject","inLanguage":"es","@id":"https:\/\/www.antoniomachado.net\/es\/#\/schema\/person\/image\/","url":"https:\/\/www.antoniomachado.net\/wp-content\/uploads\/images\/icons\/avatar_antonio-machado-carrillo.png","contentUrl":"https:\/\/www.antoniomachado.net\/wp-content\/uploads\/images\/icons\/avatar_antonio-machado-carrillo.png","width":320,"height":417,"caption":"Antonio Machado"},"logo":{"@id":"https:\/\/www.antoniomachado.net\/es\/#\/schema\/person\/image\/"},"description":"I am based in Tenerife, one of the Canary Islands, and I am crazy about beetles which are my hobby. However, as a multipurpose professional biologist I have been involved in nature conservation and environmental affairs, teaching Ecology, legal drafting, and other more or less related activities.","sameAs":["http:\/\/www.antoniomachado.net","https:\/\/x.com\/laparocerus"]}]}},"_links":{"self":[{"href":"https:\/\/www.antoniomachado.net\/es\/wp-json\/wp\/v2\/pages\/4982","targetHints":{"allow":["GET"]}}],"collection":[{"href":"https:\/\/www.antoniomachado.net\/es\/wp-json\/wp\/v2\/pages"}],"about":[{"href":"https:\/\/www.antoniomachado.net\/es\/wp-json\/wp\/v2\/types\/page"}],"author":[{"embeddable":true,"href":"https:\/\/www.antoniomachado.net\/es\/wp-json\/wp\/v2\/users\/2"}],"replies":[{"embeddable":true,"href":"https:\/\/www.antoniomachado.net\/es\/wp-json\/wp\/v2\/comments?post=4982"}],"version-history":[{"count":0,"href":"https:\/\/www.antoniomachado.net\/es\/wp-json\/wp\/v2\/pages\/4982\/revisions"}],"up":[{"embeddable":true,"href":"https:\/\/www.antoniomachado.net\/es\/wp-json\/wp\/v2\/pages\/4986"}],"wp:attachment":[{"href":"https:\/\/www.antoniomachado.net\/es\/wp-json\/wp\/v2\/media?parent=4982"}],"curies":[{"name":"wp","href":"https:\/\/api.w.org\/{rel}","templated":true}]}}