{"id":4986,"date":"2015-01-15T20:01:32","date_gmt":"2015-01-15T20:01:32","guid":{"rendered":"http:\/\/www.antoniomachado.net\/produccion\/"},"modified":"2022-01-31T12:10:44","modified_gmt":"2022-01-31T12:10:44","slug":"produccion","status":"publish","type":"page","link":"https:\/\/www.antoniomachado.net\/es\/produccion\/","title":{"rendered":"PRODUCCI\u00d3N"},"content":{"rendered":"<div class=\"wpb-content-wrapper\"><p>[vc_row css=\u00bb.vc_custom_1425114434756{margin-bottom: 0px !important;border-bottom-width: 50px !important;padding-bottom: 50px !important;}\u00bb][vc_column][vc_column_text][\/vc_column_text][\/vc_column][\/vc_row][vc_row css=\u00bb.vc_custom_1425114403382{margin-top: 0px !important;margin-bottom: 0px !important;border-top-width: 40px !important;border-bottom-width: 40px !important;padding-top: 40px !important;padding-bottom: 40px !important;}\u00bb][vc_column width=\u00bb1\/2&#8243;]<h1 class=\"fac-big-title fac-title text-center\" style=\"color:#dd3333\">PRODUCCI\u00d3N<\/h1>\n[vc_column_text]Este es un archivo de todos mis trabajos publicados y muchos de los no publicados (informes, conferencias, proyectos, etc.) que pueden ser de inter\u00e9s. La gran mayor\u00eda est\u00e1n disponibles en PDF para su descarga. Los he agrupado por orientaci\u00f3n o tem\u00e1tica, a dos niveles. Los libros est\u00e1n marcados con una vi\u00f1eta (\u2022); tambi\u00e9n se pueden ver en <a href=\"https:\/\/openlibrary.org\/authors\/OL781754A\/Antonio_Machado_Carrillohttps:\/\/\" target=\"_blank\" rel=\"noopener\">Open Library<\/a> (pero sin PDF). Mi nombre como autor puede ser Antonio Machado o Antonio Machado Carrillo (no se muestra en las referencias, solo los coautores en caso de haberlos). [\/vc_column_text][\/vc_column][vc_column width=\u00bb1\/4&#8243;][vc_wp_custommenu nav_menu=\u00bb52&#8243;][\/vc_column][vc_column width=\u00bb1\/4&#8243;][vc_wp_custommenu nav_menu=\u00bb193&#8243;][\/vc_column][\/vc_row][vc_row css=\u00bb.vc_custom_1431367445886{margin-top: 15px !important;margin-bottom: 15px !important;border-top-width: 15px !important;border-bottom-width: 15px !important;padding-top: 15px !important;padding-bottom: 15px !important;}\u00bb][vc_column][vc_column_text]<\/p>\n<h3>TRUCO: Prueba a localizar referencias dentro de cada secci\u00f3n usando \u00abCtrl+F\u00bb (PC) or \u00abCmd+F\u00bb (MAC)<\/h3>\n<p>[\/vc_column_text][vc_wp_search][\/vc_column][\/vc_row]<\/p>\n<\/div>","protected":false},"excerpt":{"rendered":"<p>[vc_row css=\u00bb.vc_custom_1425114434756{margin-bottom: 0px !important;border-bottom-width: 50px !important;padding-bottom: 50px !important;}\u00bb][vc_column][vc_column_text][\/vc_column_text][\/vc_column][\/vc_row][vc_row css=\u00bb.vc_custom_1425114403382{margin-top: 0px !important;margin-bottom: 0px !important;border-top-width: 40px !important;border-bottom-width: 40px !important;padding-top: 40px !important;padding-bottom: 40px [&hellip;]<\/p>\n","protected":false},"author":1,"featured_media":0,"parent":0,"menu_order":3,"comment_status":"open","ping_status":"closed","template":"page-pagebuilder.php","meta":{"footnotes":""},"class_list":["post-4986","page","type-page","status-publish","hentry"],"yoast_head":"<!-- This site is optimized with the Yoast SEO plugin v27.1.1 - https:\/\/yoast.com\/product\/yoast-seo-wordpress\/ -->\n<title>PUBLICACIONES | Dr. Antonio Machado Carrillo<\/title>\n<meta name=\"description\" content=\"Publicaciones e informes cient\u00edficos, t\u00e9cnicos y divulgativos sobre Entomolog\u00eda, Conservaci\u00f3n, Derecho, Turismo y Ecolog\u00eda, la mayor\u00eda en PDF descargable.\" \/>\n<meta name=\"robots\" content=\"index, follow, max-snippet:-1, max-image-preview:large, max-video-preview:-1\" \/>\n<link rel=\"canonical\" href=\"https:\/\/www.antoniomachado.net\/es\/produccion\/\" \/>\n<meta property=\"og:locale\" content=\"es_ES\" \/>\n<meta property=\"og:type\" content=\"article\" \/>\n<meta property=\"og:title\" content=\"PUBLICACIONES | Dr. Antonio Machado Carrillo\" \/>\n<meta property=\"og:description\" content=\"Publicaciones e informes cient\u00edficos, t\u00e9cnicos y divulgativos sobre Entomolog\u00eda, Conservaci\u00f3n, Derecho, Turismo y Ecolog\u00eda, la mayor\u00eda en PDF descargable.\" \/>\n<meta property=\"og:url\" content=\"https:\/\/www.antoniomachado.net\/es\/produccion\/\" \/>\n<meta property=\"og:site_name\" content=\"www.antoniomachado.net\" \/>\n<meta property=\"article:modified_time\" content=\"2022-01-31T12:10:44+00:00\" \/>\n<meta name=\"twitter:card\" content=\"summary_large_image\" \/>\n<meta name=\"twitter:site\" content=\"@laparocerus\" \/>\n<meta name=\"twitter:label1\" content=\"Tiempo de lectura\" \/>\n\t<meta name=\"twitter:data1\" content=\"1 minuto\" \/>\n<script type=\"application\/ld+json\" class=\"yoast-schema-graph\">{\"@context\":\"https:\/\/schema.org\",\"@graph\":[{\"@type\":\"WebPage\",\"@id\":\"https:\/\/www.antoniomachado.net\/es\/produccion\/\",\"url\":\"https:\/\/www.antoniomachado.net\/es\/produccion\/\",\"name\":\"PUBLICACIONES | Dr. Antonio Machado Carrillo\",\"isPartOf\":{\"@id\":\"https:\/\/www.antoniomachado.net\/es\/#website\"},\"datePublished\":\"2015-01-15T20:01:32+00:00\",\"dateModified\":\"2022-01-31T12:10:44+00:00\",\"description\":\"Publicaciones e informes cient\u00edficos, t\u00e9cnicos y divulgativos sobre Entomolog\u00eda, Conservaci\u00f3n, Derecho, Turismo y Ecolog\u00eda, la mayor\u00eda en PDF descargable.\",\"breadcrumb\":{\"@id\":\"https:\/\/www.antoniomachado.net\/es\/produccion\/#breadcrumb\"},\"inLanguage\":\"es\",\"potentialAction\":[{\"@type\":\"ReadAction\",\"target\":[\"https:\/\/www.antoniomachado.net\/es\/produccion\/\"]}]},{\"@type\":\"BreadcrumbList\",\"@id\":\"https:\/\/www.antoniomachado.net\/es\/produccion\/#breadcrumb\",\"itemListElement\":[{\"@type\":\"ListItem\",\"position\":1,\"name\":\"Portada\",\"item\":\"https:\/\/www.antoniomachado.net\/es\/\"},{\"@type\":\"ListItem\",\"position\":2,\"name\":\"PRODUCCI\u00d3N\"}]},{\"@type\":\"WebSite\",\"@id\":\"https:\/\/www.antoniomachado.net\/es\/#website\",\"url\":\"https:\/\/www.antoniomachado.net\/es\/\",\"name\":\"www.antoniomachado.net\",\"description\":\"Dr. Antonio Machado. Bi\u00f3logo multiuso (Entomolog\u00eda, Conservaci\u00f3n de la Naturaleza, Pol\u00edtica ambiental, etc.) con sede en las islas Canarias\",\"publisher\":{\"@id\":\"https:\/\/www.antoniomachado.net\/es\/#\/schema\/person\/20d92b6bd913e6447a4599f0a334fe20\"},\"potentialAction\":[{\"@type\":\"SearchAction\",\"target\":{\"@type\":\"EntryPoint\",\"urlTemplate\":\"https:\/\/www.antoniomachado.net\/es\/?s={search_term_string}\"},\"query-input\":{\"@type\":\"PropertyValueSpecification\",\"valueRequired\":true,\"valueName\":\"search_term_string\"}}],\"inLanguage\":\"es\"},{\"@type\":[\"Person\",\"Organization\"],\"@id\":\"https:\/\/www.antoniomachado.net\/es\/#\/schema\/person\/20d92b6bd913e6447a4599f0a334fe20\",\"name\":\"Antonio Machado\",\"image\":{\"@type\":\"ImageObject\",\"inLanguage\":\"es\",\"@id\":\"https:\/\/www.antoniomachado.net\/es\/#\/schema\/person\/image\/\",\"url\":\"https:\/\/www.antoniomachado.net\/wp-content\/uploads\/images\/icons\/avatar_antonio-machado-carrillo.png\",\"contentUrl\":\"https:\/\/www.antoniomachado.net\/wp-content\/uploads\/images\/icons\/avatar_antonio-machado-carrillo.png\",\"width\":320,\"height\":417,\"caption\":\"Antonio Machado\"},\"logo\":{\"@id\":\"https:\/\/www.antoniomachado.net\/es\/#\/schema\/person\/image\/\"},\"description\":\"I am based in Tenerife, one of the Canary Islands, and I am crazy about beetles which are my hobby. However, as a multipurpose professional biologist I have been involved in nature conservation and environmental affairs, teaching Ecology, legal drafting, and other more or less related activities.\",\"sameAs\":[\"http:\/\/www.antoniomachado.net\",\"https:\/\/x.com\/laparocerus\"]}]}<\/script>\n<!-- \/ Yoast SEO plugin. -->","yoast_head_json":{"title":"PUBLICACIONES | Dr. Antonio Machado Carrillo","description":"Publicaciones e informes cient\u00edficos, t\u00e9cnicos y divulgativos sobre Entomolog\u00eda, Conservaci\u00f3n, Derecho, Turismo y Ecolog\u00eda, la mayor\u00eda en PDF descargable.","robots":{"index":"index","follow":"follow","max-snippet":"max-snippet:-1","max-image-preview":"max-image-preview:large","max-video-preview":"max-video-preview:-1"},"canonical":"https:\/\/www.antoniomachado.net\/es\/produccion\/","og_locale":"es_ES","og_type":"article","og_title":"PUBLICACIONES | Dr. Antonio Machado Carrillo","og_description":"Publicaciones e informes cient\u00edficos, t\u00e9cnicos y divulgativos sobre Entomolog\u00eda, Conservaci\u00f3n, Derecho, Turismo y Ecolog\u00eda, la mayor\u00eda en PDF descargable.","og_url":"https:\/\/www.antoniomachado.net\/es\/produccion\/","og_site_name":"www.antoniomachado.net","article_modified_time":"2022-01-31T12:10:44+00:00","twitter_card":"summary_large_image","twitter_site":"@laparocerus","twitter_misc":{"Tiempo de lectura":"1 minuto"},"schema":{"@context":"https:\/\/schema.org","@graph":[{"@type":"WebPage","@id":"https:\/\/www.antoniomachado.net\/es\/produccion\/","url":"https:\/\/www.antoniomachado.net\/es\/produccion\/","name":"PUBLICACIONES | Dr. Antonio Machado Carrillo","isPartOf":{"@id":"https:\/\/www.antoniomachado.net\/es\/#website"},"datePublished":"2015-01-15T20:01:32+00:00","dateModified":"2022-01-31T12:10:44+00:00","description":"Publicaciones e informes cient\u00edficos, t\u00e9cnicos y divulgativos sobre Entomolog\u00eda, Conservaci\u00f3n, Derecho, Turismo y Ecolog\u00eda, la mayor\u00eda en PDF descargable.","breadcrumb":{"@id":"https:\/\/www.antoniomachado.net\/es\/produccion\/#breadcrumb"},"inLanguage":"es","potentialAction":[{"@type":"ReadAction","target":["https:\/\/www.antoniomachado.net\/es\/produccion\/"]}]},{"@type":"BreadcrumbList","@id":"https:\/\/www.antoniomachado.net\/es\/produccion\/#breadcrumb","itemListElement":[{"@type":"ListItem","position":1,"name":"Portada","item":"https:\/\/www.antoniomachado.net\/es\/"},{"@type":"ListItem","position":2,"name":"PRODUCCI\u00d3N"}]},{"@type":"WebSite","@id":"https:\/\/www.antoniomachado.net\/es\/#website","url":"https:\/\/www.antoniomachado.net\/es\/","name":"www.antoniomachado.net","description":"Dr. Antonio Machado. Bi\u00f3logo multiuso (Entomolog\u00eda, Conservaci\u00f3n de la Naturaleza, Pol\u00edtica ambiental, etc.) con sede en las islas Canarias","publisher":{"@id":"https:\/\/www.antoniomachado.net\/es\/#\/schema\/person\/20d92b6bd913e6447a4599f0a334fe20"},"potentialAction":[{"@type":"SearchAction","target":{"@type":"EntryPoint","urlTemplate":"https:\/\/www.antoniomachado.net\/es\/?s={search_term_string}"},"query-input":{"@type":"PropertyValueSpecification","valueRequired":true,"valueName":"search_term_string"}}],"inLanguage":"es"},{"@type":["Person","Organization"],"@id":"https:\/\/www.antoniomachado.net\/es\/#\/schema\/person\/20d92b6bd913e6447a4599f0a334fe20","name":"Antonio Machado","image":{"@type":"ImageObject","inLanguage":"es","@id":"https:\/\/www.antoniomachado.net\/es\/#\/schema\/person\/image\/","url":"https:\/\/www.antoniomachado.net\/wp-content\/uploads\/images\/icons\/avatar_antonio-machado-carrillo.png","contentUrl":"https:\/\/www.antoniomachado.net\/wp-content\/uploads\/images\/icons\/avatar_antonio-machado-carrillo.png","width":320,"height":417,"caption":"Antonio Machado"},"logo":{"@id":"https:\/\/www.antoniomachado.net\/es\/#\/schema\/person\/image\/"},"description":"I am based in Tenerife, one of the Canary Islands, and I am crazy about beetles which are my hobby. However, as a multipurpose professional biologist I have been involved in nature conservation and environmental affairs, teaching Ecology, legal drafting, and other more or less related activities.","sameAs":["http:\/\/www.antoniomachado.net","https:\/\/x.com\/laparocerus"]}]}},"_links":{"self":[{"href":"https:\/\/www.antoniomachado.net\/es\/wp-json\/wp\/v2\/pages\/4986","targetHints":{"allow":["GET"]}}],"collection":[{"href":"https:\/\/www.antoniomachado.net\/es\/wp-json\/wp\/v2\/pages"}],"about":[{"href":"https:\/\/www.antoniomachado.net\/es\/wp-json\/wp\/v2\/types\/page"}],"author":[{"embeddable":true,"href":"https:\/\/www.antoniomachado.net\/es\/wp-json\/wp\/v2\/users\/1"}],"replies":[{"embeddable":true,"href":"https:\/\/www.antoniomachado.net\/es\/wp-json\/wp\/v2\/comments?post=4986"}],"version-history":[{"count":0,"href":"https:\/\/www.antoniomachado.net\/es\/wp-json\/wp\/v2\/pages\/4986\/revisions"}],"wp:attachment":[{"href":"https:\/\/www.antoniomachado.net\/es\/wp-json\/wp\/v2\/media?parent=4986"}],"curies":[{"name":"wp","href":"https:\/\/api.w.org\/{rel}","templated":true}]}}