{"id":5057,"date":"2015-03-07T16:24:30","date_gmt":"2015-03-07T16:24:30","guid":{"rendered":"http:\/\/www.antoniomachado.net\/actividades\/conferenciante\/"},"modified":"2019-01-29T12:28:36","modified_gmt":"2019-01-29T12:28:36","slug":"conferenciante","status":"publish","type":"page","link":"https:\/\/www.antoniomachado.net\/es\/actividades\/conferenciante\/","title":{"rendered":"CONFERENCIANTE"},"content":{"rendered":"<div class=\"wpb-content-wrapper\"><p>[vc_row css=\u00bb.vc_custom_1424696026218{margin-top: 0px !important;margin-bottom: 0px !important;border-top-width: 50px !important;border-bottom-width: 30px !important;padding-top: 50px !important;padding-bottom: 30px !important;}\u00bb][vc_column width=\u00bb1\/1&#8243;]<h1 class=\"fac-big-title fac-title text-center\" style=\"color:#dd3333\">CONFERENCIANTE<\/h1>\n[vc_column_text]<\/p>\n<h3 style=\"text-align: center;\">Se\u00f1oras, se\u00f1ores, queridos amigos&#8230;<\/h3>\n<p>[\/vc_column_text][\/vc_column][\/vc_row][vc_row][vc_column width=\u00bb1\/1&#8243;][vc_row_inner][vc_column_inner width=\u00bb1\/2&#8243;][vc_single_image border_color=\u00bbgrey\u00bb img_link_target=\u00bb_self\u00bb image=\u00bb4682&#8243; alignment=\u00bbcenter\u00bb img_link_large=\u00bb\u00bb img_size=\u00bblarge\u00bb style=\u00bbvc_box_shadow_3d\u00bb][\/vc_column_inner][vc_column_inner width=\u00bb1\/2&#8243;][vc_column_text]De tanto en tanto recibo peticiones para dar conferencias p\u00fablicas. Disfruto al dirigirme a una audiencia y, aparentemente, comunico bien. Pienso que es una responsabilidad intelectual transmitir cualesquiera que sean tus conocimientos y convicciones si crees que pueden ser \u00fatiles a la sociedad. Esta actitud se entronca con escribir art\u00edculos de prensa, aceptar entrevistas o participar en debates en los medios de comunicaci\u00f3n, y as\u00ed lo he practicado a lo largo de mi vida profesional. Muchas de estas entrevistas, conferencias y art\u00edculos se han publicado o he logrado rescatarlas de viejas notas o manuscritos que conservo. Est\u00e1n disponibles en varias secciones de esta web: Producci\u00f3n, Entrevistas y Blog. Aqu\u00ed incluyo simplemente una lista de algunas conferencias que he pronunciado para dar una idea de lo que se me demanda como conferenciante.[\/vc_column_text][\/vc_column_inner][\/vc_row_inner][\/vc_column][\/vc_row][vc_row css=\u00bb.vc_custom_1425745988573{margin-top: 0px !important;border-top-width: 1px !important;padding-top: 1px !important;}\u00bb][vc_column width=\u00bb1\/1&#8243;][vc_separator color=\u00bbgreen\u00bb align=\u00bbalign_center\u00bb][vc_toggle title=\u00bbAlgunas conferencias impartidas\u00bb style=\u00bbdefault\u00bb color=\u00bbDefault\u00bb size=\u00bbmd\u00bb open=\u00bbfalse\u00bb]<\/p>\n<p><strong>El ciclo del agua desde una visi\u00f3n ecol\u00f3gica<br \/>\n<\/strong>Real Sociedad Econ\u00f3mica de Amigos del Pa\u00eds (La Laguna, 28-1-2019)<\/p>\n<p><strong>Los Laparocerus, un r\u00e9cord de biodiversidad<br \/>\n<\/strong>La Cosmol\u00f3gica (Santa Cruz de La Palma, 9-4-2008)<\/p>\n<p><strong>T .Vernon Wollaston. un entom\u00f3logo en la Macaronesia<\/strong><br \/>\nAsociaci\u00f3n Amigos del Museo de Ciencias Naturales de Tenerife. (S\/C de Tenerife, 16-3-2006) <strong>Repensando las \u00e1reas protegidas: de la nostalgia al utilitarismo<\/strong><br \/>\nEuroparc- Espa\u00f1a (Madrid, 21-3-2007)<\/p>\n<p><strong>Biosfera y psicosfera (revisited)<\/strong><br \/>\nMuseo de la Ciencia y el Cosmos (La Laguna, 24-10-2007)<\/p>\n<p><strong>Los nombres de los bichos en Canarias<br \/>\n<\/strong>EIS Garo\u00e9 (Valverde, 24-2-2005)<br \/>\nColegio Roques de Salmor (Frontera, 24-2-2005)<br \/>\nCentro de Profesores Salud Alto (S\/C de Tenerife, 9-3-2005)<br \/>\nCentro de Profesores Lomo Apolinario (Las Palmas, 16-3-2005)<br \/>\nEIS Sim\u00f3n P\u00e9rez (Las Palmas, 11-4-2005)<br \/>\nConferencia Atl\u00e1ntica de Medio Ambiente (Puerto del Rosario, 23-4-2005)<br \/>\nEIS Jos\u00e9 Mar\u00eda P\u00e9rez Pulido (Los Llanos de Aridane, 3-5-2005)<br \/>\nEIS Nuestra Se\u00f1ora Virgen de Las Nieves (S\/C de La Palma, 3-5-2005)<\/p>\n<p><strong>La Psicosfera<\/strong> <strong>\u00bfNecesitamos una nueva Ecolog\u00eda?<\/strong><br \/>\nFundaci\u00f3n C\u00e9sar Manrique (Taro de Tahiche, 29-9-2005)<\/p>\n<p><strong>Ecolog\u00eda sociedad y desarrollo sostenible en Canarias <\/strong><br \/>\nIII Premio de periodismo Mare Nostrum (Adeje, 26-2-2004).<\/p>\n<p><strong>Escarabajos de Fuerteventura<\/strong><br \/>\nConferencia Atl\u00e1ntica del Medio Ambiente (P\u00e1jara, 24-4-2004)<\/p>\n<p><strong>Guinea Ecuatorial y Cabo Verde<br \/>\n<\/strong>Fundaci\u00f3n Biodiversidad (Sevilla, 28-10-2003)<\/p>\n<p><strong>Ecolog\u00eda y sociedad<br \/>\n<\/strong>Hidalgos de Nivaria (S\/C de Tenerife,7-12-2003)<\/p>\n<p><strong>De la materia viva a la materia pensante<\/strong><br \/>\nColegio Oficial de Farmac\u00e9uticos de S\/C de Tenerife (11-12- 2003)<\/p>\n<p><strong>Las huellas del hombre<\/strong><br \/>\nCasino de Tenerife (S\/C de Tenerife 17-5-2002)<\/p>\n<p><strong>Crecimiento y sostenibilidad<\/strong><br \/>\nColegio de Arquitectos (S\/C de Tenerife, 21-9-2001)<\/p>\n<p><strong>\u00bfFueron las Canarias un para\u00edso para los primeros colonizadores?<\/strong> <strong>Reflexiones de un bi\u00f3logo<\/strong><br \/>\nMuseo de la Naturaleza y el Hombre: Arqueolog\u00eda (S\/C de Tenerife 6-11-2000)<\/p>\n<p><strong>Paisajes comparados<br \/>\n<\/strong>Bicentenario de Alejadro von Humboldt (Puerto de La Cruz, 23-6-1999)<\/p>\n<p><strong>Regi\u00f3n: una perspectiva ecol\u00f3gica<\/strong><br \/>\nFacultad de Ciencias Econ\u00f3micas y Empresariales (La laguna, 2-11-1988)<\/p>\n<p><strong>Vida extraterrestre<\/strong><br \/>\nObra Social de la Caja de Ahorros del Mediterr\u00e1neo (Alicante, 5-12-1997)<\/p>\n<p><strong>\u00bfQu\u00e9 es la vida?<\/strong><br \/>\nPalacio de La Magdalena, UIMP (Santander 12-8-1997)<\/p>\n<p><strong>Ecolog\u00eda, medio ambiente y turismo<\/strong><br \/>\nFundaci\u00f3n Geonova (Quito, 8-12-1994)<\/p>\n<p><strong>Turismo y Medio Ambiente<br \/>\n<\/strong>La Caja de Canarias (Las Palmas, 19-5-1994)<\/p>\n<p><strong>Las \u00e1reas protegidas en Canarias<\/strong><br \/>\nGrupo parlamentario Arco Iris (Puerto de La Cruz, 13-5-1993)<\/p>\n<p><strong>Ecoturismo<\/strong><br \/>\nPatronato Insular de Turismo (Valverde, 17-4-1993)<\/p>\n<p><strong>Medio ambiente: un reto permanente<\/strong><br \/>\nD\u00eda Mundial del Medio Ambiente. Cabil\u00addo Insular de Tenerife (S\/C de Tenerife, 5-6-1992)<\/p>\n<p><strong>El cambio de actitudes personales: Espe\u00adcial referencia a Espa\u00f1a <\/strong><br \/>\nLanzamien\u00adto oficial de \u00abCuidar la Tierra\u00bb. ADENA, UICN, WWF (Madrid, 21-10-1991)<\/p>\n<p><strong>Creaci\u00f3n de empleo en el sector medio-ambiental<\/strong><br \/>\nSemi\u00adnario hispano\u2011da\u00adn\u00e9s sobre Educaci\u00f3n Ambien\u00adtal (La Lagu\u00adna, 1985)<\/p>\n<p><strong>La conservaci\u00f3n de la naturaleza en la isla de Tenerife<\/strong><br \/>\nCasa de Vene\u00adzuela (La Laguna, 1981)<\/p>\n<p><strong>Los singulares bosques de Canarias<\/strong><br \/>\nFeria Espa\u00f1ola del Atl\u00e1ntico \u00abAgro Canarias 77\u00bb (Las Palmas, 25-5-1977)<\/p>\n<p><strong>Los usos del bosque y una alternativa canaria<\/strong><br \/>\nD\u00eda Forestal Mundial (S\/C de Tenerife, 21-3-1977)<\/p>\n<p><strong>Importancia faun\u00edstica de la laurisilva canaria<\/strong><br \/>\nSemana Escultista (S\/C de Tenerife, 25-4-1975)<\/p>\n<p><strong>La laurisilva canaria<\/strong><br \/>\nD\u00eda Forestal Mundial. Tacoron\u00adte (21-3-1974)<\/p>\n<p>[\/vc_toggle][\/vc_column][\/vc_row]<\/p>\n<\/div>","protected":false},"excerpt":{"rendered":"<p>[vc_row css=\u00bb.vc_custom_1424696026218{margin-top: 0px !important;margin-bottom: 0px !important;border-top-width: 50px !important;border-bottom-width: 30px !important;padding-top: 50px !important;padding-bottom: 30px !important;}\u00bb][vc_column width=\u00bb1\/1&#8243;][vc_column_text] Se\u00f1oras, se\u00f1ores, queridos amigos&#8230; [\/vc_column_text][\/vc_column][\/vc_row][vc_row][vc_column [&hellip;]<\/p>\n","protected":false},"author":2,"featured_media":0,"parent":4798,"menu_order":6,"comment_status":"open","ping_status":"closed","template":"page-pagebuilder.php","meta":{"footnotes":""},"class_list":["post-5057","page","type-page","status-publish","hentry"],"yoast_head":"<!-- This site is optimized with the Yoast SEO plugin v27.1.1 - https:\/\/yoast.com\/product\/yoast-seo-wordpress\/ -->\n<title>CONFERENCIANTE|Dr. Antonio Machado Carrillo<\/title>\n<meta name=\"description\" content=\"Como conferenciante, el Dr. Antonio Machado Carrillo&#039;s ha impartido conferencias sobre temas tales comoe: ecolog\u00eda, ling\u00daistica, desarrollo sostenible, turismo, biodiversidad, la mente, etc..\" \/>\n<meta name=\"robots\" content=\"index, follow, max-snippet:-1, max-image-preview:large, max-video-preview:-1\" \/>\n<link rel=\"canonical\" href=\"https:\/\/www.antoniomachado.net\/es\/actividades\/conferenciante\/\" \/>\n<meta property=\"og:locale\" content=\"es_ES\" \/>\n<meta property=\"og:type\" content=\"article\" \/>\n<meta property=\"og:title\" content=\"CONFERENCIANTE|Dr. Antonio Machado Carrillo\" \/>\n<meta property=\"og:description\" content=\"Como conferenciante, el Dr. Antonio Machado Carrillo&#039;s ha impartido conferencias sobre temas tales comoe: ecolog\u00eda, ling\u00daistica, desarrollo sostenible, turismo, biodiversidad, la mente, etc..\" \/>\n<meta property=\"og:url\" content=\"https:\/\/www.antoniomachado.net\/es\/actividades\/conferenciante\/\" \/>\n<meta property=\"og:site_name\" content=\"www.antoniomachado.net\" \/>\n<meta property=\"article:modified_time\" content=\"2019-01-29T12:28:36+00:00\" \/>\n<meta name=\"twitter:card\" content=\"summary_large_image\" \/>\n<meta name=\"twitter:site\" content=\"@laparocerus\" \/>\n<meta name=\"twitter:label1\" content=\"Tiempo de lectura\" \/>\n\t<meta name=\"twitter:data1\" content=\"4 minutos\" \/>\n<script type=\"application\/ld+json\" class=\"yoast-schema-graph\">{\"@context\":\"https:\/\/schema.org\",\"@graph\":[{\"@type\":\"WebPage\",\"@id\":\"https:\/\/www.antoniomachado.net\/es\/actividades\/conferenciante\/\",\"url\":\"https:\/\/www.antoniomachado.net\/es\/actividades\/conferenciante\/\",\"name\":\"CONFERENCIANTE|Dr. Antonio Machado Carrillo\",\"isPartOf\":{\"@id\":\"https:\/\/www.antoniomachado.net\/es\/#website\"},\"datePublished\":\"2015-03-07T16:24:30+00:00\",\"dateModified\":\"2019-01-29T12:28:36+00:00\",\"description\":\"Como conferenciante, el Dr. Antonio Machado Carrillo's ha impartido conferencias sobre temas tales comoe: ecolog\u00eda, ling\u00daistica, desarrollo sostenible, turismo, biodiversidad, la mente, etc..\",\"breadcrumb\":{\"@id\":\"https:\/\/www.antoniomachado.net\/es\/actividades\/conferenciante\/#breadcrumb\"},\"inLanguage\":\"es\",\"potentialAction\":[{\"@type\":\"ReadAction\",\"target\":[\"https:\/\/www.antoniomachado.net\/es\/actividades\/conferenciante\/\"]}]},{\"@type\":\"BreadcrumbList\",\"@id\":\"https:\/\/www.antoniomachado.net\/es\/actividades\/conferenciante\/#breadcrumb\",\"itemListElement\":[{\"@type\":\"ListItem\",\"position\":1,\"name\":\"Portada\",\"item\":\"https:\/\/www.antoniomachado.net\/es\/\"},{\"@type\":\"ListItem\",\"position\":2,\"name\":\"ACTIVIDADES\",\"item\":\"https:\/\/www.antoniomachado.net\/es\/actividades\/\"},{\"@type\":\"ListItem\",\"position\":3,\"name\":\"CONFERENCIANTE\"}]},{\"@type\":\"WebSite\",\"@id\":\"https:\/\/www.antoniomachado.net\/es\/#website\",\"url\":\"https:\/\/www.antoniomachado.net\/es\/\",\"name\":\"www.antoniomachado.net\",\"description\":\"Dr. Antonio Machado. Bi\u00f3logo multiuso (Entomolog\u00eda, Conservaci\u00f3n de la Naturaleza, Pol\u00edtica ambiental, etc.) con sede en las islas Canarias\",\"publisher\":{\"@id\":\"https:\/\/www.antoniomachado.net\/es\/#\/schema\/person\/20d92b6bd913e6447a4599f0a334fe20\"},\"potentialAction\":[{\"@type\":\"SearchAction\",\"target\":{\"@type\":\"EntryPoint\",\"urlTemplate\":\"https:\/\/www.antoniomachado.net\/es\/?s={search_term_string}\"},\"query-input\":{\"@type\":\"PropertyValueSpecification\",\"valueRequired\":true,\"valueName\":\"search_term_string\"}}],\"inLanguage\":\"es\"},{\"@type\":[\"Person\",\"Organization\"],\"@id\":\"https:\/\/www.antoniomachado.net\/es\/#\/schema\/person\/20d92b6bd913e6447a4599f0a334fe20\",\"name\":\"Antonio Machado\",\"image\":{\"@type\":\"ImageObject\",\"inLanguage\":\"es\",\"@id\":\"https:\/\/www.antoniomachado.net\/es\/#\/schema\/person\/image\/\",\"url\":\"https:\/\/www.antoniomachado.net\/wp-content\/uploads\/images\/icons\/avatar_antonio-machado-carrillo.png\",\"contentUrl\":\"https:\/\/www.antoniomachado.net\/wp-content\/uploads\/images\/icons\/avatar_antonio-machado-carrillo.png\",\"width\":320,\"height\":417,\"caption\":\"Antonio Machado\"},\"logo\":{\"@id\":\"https:\/\/www.antoniomachado.net\/es\/#\/schema\/person\/image\/\"},\"description\":\"I am based in Tenerife, one of the Canary Islands, and I am crazy about beetles which are my hobby. However, as a multipurpose professional biologist I have been involved in nature conservation and environmental affairs, teaching Ecology, legal drafting, and other more or less related activities.\",\"sameAs\":[\"http:\/\/www.antoniomachado.net\",\"https:\/\/x.com\/laparocerus\"]}]}<\/script>\n<!-- \/ Yoast SEO plugin. -->","yoast_head_json":{"title":"CONFERENCIANTE|Dr. Antonio Machado Carrillo","description":"Como conferenciante, el Dr. Antonio Machado Carrillo's ha impartido conferencias sobre temas tales comoe: ecolog\u00eda, ling\u00daistica, desarrollo sostenible, turismo, biodiversidad, la mente, etc..","robots":{"index":"index","follow":"follow","max-snippet":"max-snippet:-1","max-image-preview":"max-image-preview:large","max-video-preview":"max-video-preview:-1"},"canonical":"https:\/\/www.antoniomachado.net\/es\/actividades\/conferenciante\/","og_locale":"es_ES","og_type":"article","og_title":"CONFERENCIANTE|Dr. Antonio Machado Carrillo","og_description":"Como conferenciante, el Dr. Antonio Machado Carrillo's ha impartido conferencias sobre temas tales comoe: ecolog\u00eda, ling\u00daistica, desarrollo sostenible, turismo, biodiversidad, la mente, etc..","og_url":"https:\/\/www.antoniomachado.net\/es\/actividades\/conferenciante\/","og_site_name":"www.antoniomachado.net","article_modified_time":"2019-01-29T12:28:36+00:00","twitter_card":"summary_large_image","twitter_site":"@laparocerus","twitter_misc":{"Tiempo de lectura":"4 minutos"},"schema":{"@context":"https:\/\/schema.org","@graph":[{"@type":"WebPage","@id":"https:\/\/www.antoniomachado.net\/es\/actividades\/conferenciante\/","url":"https:\/\/www.antoniomachado.net\/es\/actividades\/conferenciante\/","name":"CONFERENCIANTE|Dr. Antonio Machado Carrillo","isPartOf":{"@id":"https:\/\/www.antoniomachado.net\/es\/#website"},"datePublished":"2015-03-07T16:24:30+00:00","dateModified":"2019-01-29T12:28:36+00:00","description":"Como conferenciante, el Dr. Antonio Machado Carrillo's ha impartido conferencias sobre temas tales comoe: ecolog\u00eda, ling\u00daistica, desarrollo sostenible, turismo, biodiversidad, la mente, etc..","breadcrumb":{"@id":"https:\/\/www.antoniomachado.net\/es\/actividades\/conferenciante\/#breadcrumb"},"inLanguage":"es","potentialAction":[{"@type":"ReadAction","target":["https:\/\/www.antoniomachado.net\/es\/actividades\/conferenciante\/"]}]},{"@type":"BreadcrumbList","@id":"https:\/\/www.antoniomachado.net\/es\/actividades\/conferenciante\/#breadcrumb","itemListElement":[{"@type":"ListItem","position":1,"name":"Portada","item":"https:\/\/www.antoniomachado.net\/es\/"},{"@type":"ListItem","position":2,"name":"ACTIVIDADES","item":"https:\/\/www.antoniomachado.net\/es\/actividades\/"},{"@type":"ListItem","position":3,"name":"CONFERENCIANTE"}]},{"@type":"WebSite","@id":"https:\/\/www.antoniomachado.net\/es\/#website","url":"https:\/\/www.antoniomachado.net\/es\/","name":"www.antoniomachado.net","description":"Dr. Antonio Machado. Bi\u00f3logo multiuso (Entomolog\u00eda, Conservaci\u00f3n de la Naturaleza, Pol\u00edtica ambiental, etc.) con sede en las islas Canarias","publisher":{"@id":"https:\/\/www.antoniomachado.net\/es\/#\/schema\/person\/20d92b6bd913e6447a4599f0a334fe20"},"potentialAction":[{"@type":"SearchAction","target":{"@type":"EntryPoint","urlTemplate":"https:\/\/www.antoniomachado.net\/es\/?s={search_term_string}"},"query-input":{"@type":"PropertyValueSpecification","valueRequired":true,"valueName":"search_term_string"}}],"inLanguage":"es"},{"@type":["Person","Organization"],"@id":"https:\/\/www.antoniomachado.net\/es\/#\/schema\/person\/20d92b6bd913e6447a4599f0a334fe20","name":"Antonio Machado","image":{"@type":"ImageObject","inLanguage":"es","@id":"https:\/\/www.antoniomachado.net\/es\/#\/schema\/person\/image\/","url":"https:\/\/www.antoniomachado.net\/wp-content\/uploads\/images\/icons\/avatar_antonio-machado-carrillo.png","contentUrl":"https:\/\/www.antoniomachado.net\/wp-content\/uploads\/images\/icons\/avatar_antonio-machado-carrillo.png","width":320,"height":417,"caption":"Antonio Machado"},"logo":{"@id":"https:\/\/www.antoniomachado.net\/es\/#\/schema\/person\/image\/"},"description":"I am based in Tenerife, one of the Canary Islands, and I am crazy about beetles which are my hobby. However, as a multipurpose professional biologist I have been involved in nature conservation and environmental affairs, teaching Ecology, legal drafting, and other more or less related activities.","sameAs":["http:\/\/www.antoniomachado.net","https:\/\/x.com\/laparocerus"]}]}},"_links":{"self":[{"href":"https:\/\/www.antoniomachado.net\/es\/wp-json\/wp\/v2\/pages\/5057","targetHints":{"allow":["GET"]}}],"collection":[{"href":"https:\/\/www.antoniomachado.net\/es\/wp-json\/wp\/v2\/pages"}],"about":[{"href":"https:\/\/www.antoniomachado.net\/es\/wp-json\/wp\/v2\/types\/page"}],"author":[{"embeddable":true,"href":"https:\/\/www.antoniomachado.net\/es\/wp-json\/wp\/v2\/users\/2"}],"replies":[{"embeddable":true,"href":"https:\/\/www.antoniomachado.net\/es\/wp-json\/wp\/v2\/comments?post=5057"}],"version-history":[{"count":0,"href":"https:\/\/www.antoniomachado.net\/es\/wp-json\/wp\/v2\/pages\/5057\/revisions"}],"up":[{"embeddable":true,"href":"https:\/\/www.antoniomachado.net\/es\/wp-json\/wp\/v2\/pages\/4798"}],"wp:attachment":[{"href":"https:\/\/www.antoniomachado.net\/es\/wp-json\/wp\/v2\/media?parent=5057"}],"curies":[{"name":"wp","href":"https:\/\/api.w.org\/{rel}","templated":true}]}}