{"id":5067,"date":"2015-01-15T20:04:31","date_gmt":"2015-01-15T20:04:31","guid":{"rendered":"http:\/\/www.antoniomachado.net\/actividades\/linguistica\/"},"modified":"2024-12-25T13:47:34","modified_gmt":"2024-12-25T13:47:34","slug":"linguistica","status":"publish","type":"page","link":"https:\/\/www.antoniomachado.net\/es\/actividades\/linguistica\/","title":{"rendered":"LING\u00dc\u00cdSTICA"},"content":{"rendered":"<div class=\"wpb-content-wrapper\"><p>[vc_row css=\u00bb.vc_custom_1424709047603{margin-top: 0px !important;margin-bottom: 0px !important;border-top-width: 40px !important;border-bottom-width: 30px !important;padding-top: 40px !important;padding-bottom: 30px !important;}\u00bb][vc_column width=\u00bb1\/2&#8243;]<h1 class=\"fac-big-title fac-title text-center\" style=\"color:#dd3333\">LING\u00dc\u00cdSTICA<\/h1>\n[\/vc_column][vc_column width=\u00bb1\/2&#8243;][vc_column_text]<\/p>\n<h3><span style=\"color: #dd3333;\">\u2192<\/span>\u00a0 <a href=\"#acl\"><span style=\"color: #000000;\">Academia Canaria de la Lengua<\/span><\/a><\/h3>\n<h3><span style=\"color: #dd3333;\">\u2192 \u00a0<\/span><span style=\"color: #000000;\"><a style=\"color: #000000;\" href=\"#lexicography\">Lexicograf\u00eda<\/a><\/span><\/h3>\n<h3><span style=\"color: #dd3333;\">\u2192\u00a0 <\/span><span style=\"color: #000000;\"><a style=\"color: #000000;\" href=\"#bugnames\">Nombres populares de bichos<\/a><\/span><\/h3>\n<p>[\/vc_column_text][\/vc_column][\/vc_row][vc_row css=\u00bb.vc_custom_1428077500745{margin-top: 0px !important;margin-bottom: 0px !important;border-top-width: 50px !important;border-bottom-width: 30px !important;padding-top: 50px !important;padding-bottom: 30px !important;}\u00bb][vc_column width=\u00bb1\/1&#8243;][vc_row_inner][vc_column_inner width=\u00bb1\/2&#8243;][vc_single_image border_color=\u00bbgrey\u00bb img_link_target=\u00bb_self\u00bb image=\u00bb4685&#8243; img_size=\u00bbfull\u00bb img_link_large=\u00bb\u00bb style=\u00bbvc_box_shadow_3d\u00bb]<h2 class=\"fac-title text-left\" style=\"color:#dd3333\">Academia Canaria de la Lengua<\/h2>\n[vc_column_text]<div id=\"acl\"><\/div>\n<p>Comparto nombre y primer apellido con un famoso poeta espa\u00f1ol de la Generaci\u00f3n del 98, Antonio Machado (1875-1939), pero eso es todo, aparte del l\u00edo que provoca en las b\u00fasquedas de Internet. El 29 de enero de 2003, a propuesta de algunos miembros, me incorpor\u00e9 a la Academia Canaria de la Lengua como miembro numerario; obviamente como cient\u00edfico, no como literato.<\/p>\n<p>La Academia Canaria de la Lengua (ACL) es una fundaci\u00f3n establecida el 21 de diciembre de 1999 con el apoyo del Gobierno Aut\u00f3nomo y el Parlamento de Canarias. Promueve el estudio cient\u00edfico de espa\u00f1ol hablado en Canarias y cuenta en la actualidad con una treintena de miembros de n\u00famero: escritores, fil\u00f3logos y cient\u00edficos, adem\u00e1s de miembros de honor y miembros colaboradores.<\/p>\n<p><a href=\"https:\/\/portal.academiacanarialengua.org\/\" target=\"_blank\">www.academiacanarialengual.org<\/a><\/p>\n<p>Mis contribuciones a la ACL est\u00e1n relacionadas b\u00e1sicamente con la lexicograf\u00eda (ver columna a la derecha), pero inicialmente aud\u00e9 tambi\u00e9n a organizar la instituci\u00f3n, clarificar los roles, definir las pol\u00edtica sectoriales , etc.\u00a0 relate basically to lexicography (see right column), but initially I also assisted in organising the institution, clarifying roles, helping to define sectoral policies, etc. Parece que, como &#8216;organizador nato&#8217;, no me puedo resistir&#8230;<\/p>\n<p>[\/vc_column_text][\/vc_column_inner][vc_column_inner width=\u00bb1\/2&#8243;][vc_single_image image=\u00bb4684&#8243; border_color=\u00bbgrey\u00bb img_link_large=\u00bb\u00bb img_link_target=\u00bb_self\u00bb img_size=\u00bbfull\u00bb style=\u00bbvc_box_shadow_3d\u00bb]<h2 class=\"fac-title text-left\" style=\"color:#dd3333\">Lexicograf\u00eda<\/h2>\n[vc_column_text]<div id=\"lexicography\"><\/div>\n<p>Hemos otorgado a las especies animales y vegetales un nombre cient\u00edfico en lat\u00edn, y muchos de ellas tambi\u00e9n cuentan con nombres t\u00e9cnicos en espa\u00f1ol, nombres comunes m\u00e1s o menos generalizados, y frecuentemente varios nombres populares, conformando as\u00ed un rico universo sem\u00e1ntico.\u00a0 Este es mi campo de inter\u00e9s y de hecho mi discurso de investigura en la ACL vers\u00f3 sobre <strong>Los nombres de los bichos en Canarias<\/strong>\u00a0. Para recopilar los nombres populares, viaj\u00e9 con mi moto por las diferentes islas entrevistando a todo a tipo de personas en el campo. Fue una campa\u00f1a fant\u00e1stica a la caza de nuestro viejos y de zo\u00f3nimos.<\/p>\n<p>Con la ayuda de <strong>Marcial Morera<\/strong>, organic\u00e9 una serie de reuniones con bot\u00e1nicos y zo\u00f3logos canarios para discutir y fijar unos &#8216;nombres comunes&#8217; o nombres est\u00e1ndares en espa\u00f1ol para las especies m\u00e1s conspicuas de la fauna y flora de Canarias. El resultado final fue formalmente publicado por la ACL y el libro se ha convertido en una obra de referencia.<\/p>\n<p>Actualmente, mi trabajo se centra en mantener una base de datos de nombres vern\u00e1culos de insectos, asistir a la ACL con los zo\u00f3nimos en los diferentes diccionarios que produce, y en ayudar a contestar las preguntas relacionadas con estos temas que plantea el p\u00fablico.<\/p>\n<p>[\/vc_column_text][\/vc_column_inner][\/vc_row_inner][vc_row_inner][vc_column_inner width=\u00bb1\/4&#8243;][vc_button title=\u00bbManual de organizaci\u00f3n\u00a0 de la ACL (2007)\u00bb target=\u00bb_blank\u00bb color=\u00bbbtn-danger\u00bb icon=\u00bbnone\u00bb size=\u00bbwpb_regularsize\u00bb href=\u00bbhttps:\/\/www.antoniomachado.net\/wp-content\/uploads\/pdf\/general\/2007-manual-acl.pdf\u00bb][\/vc_column_inner][vc_column_inner width=\u00bb1\/4&#8243;][vc_button title=\u00bbVocabulario de t\u00e9rminos canarios (ACL)\u00bb target=\u00bb_blank\u00bb color=\u00bbbtn-danger\u00bb icon=\u00bbnone\u00bb size=\u00bbwpb_regularsize\u00bb href=\u00bbhttps:\/\/www.academiacanarialengua.org\/diccionario\/\u00bb][\/vc_column_inner][vc_column_inner width=\u00bb1\/4&#8243;][vc_button title=\u00bbMi discurso de ingreso en la ACL (2003)\u00bb target=\u00bb_blank\u00bb color=\u00bbbtn-danger\u00bb icon=\u00bbnone\u00bb size=\u00bbwpb_regularsize\u00bb href=\u00bbhttps:\/\/www.antoniomachado.net\/wp-content\/uploads\/pdf\/informative\/2001-nombres-bichos-Canariasinvestidura.pdf\u00bb][\/vc_column_inner][vc_column_inner width=\u00bb1\/4&#8243;][vc_button title=\u00bbNombres comunes de animales y plantas (2005)\u00bb target=\u00bb_blank\u00bb color=\u00bbbtn-danger\u00bb icon=\u00bbnone\u00bb size=\u00bbwpb_regularsize\u00bb href=\u00bbhttps:\/\/www.antoniomachado.net\/wp-content\/uploads\/pdf\/informative\/2004-nombres-comunes-plantas-animales-manuscrito.pdf\u00bb][\/vc_column_inner][\/vc_row_inner][vc_row_inner css=\u00bb.vc_custom_1428077516733{margin-bottom: 0px !important;border-bottom-width: 10px !important;padding-bottom: 10px !important;}\u00bb][vc_column_inner width=\u00bb1\/1&#8243;][vc_separator color=\u00bbgrey\u00bb align=\u00bbalign_center\u00bb style=\u00bb\u00bb border_width=\u00bb\u00bb el_width=\u00bb\u00bb][vc_single_image image=\u00bb4691&#8243; alignment=\u00bbcenter\u00bb border_color=\u00bbgrey\u00bb img_link_large=\u00bb\u00bb img_link_target=\u00bb_self\u00bb img_size=\u00bbfull\u00bb][vc_column_text]<\/p>\n<p style=\"text-align: center;\"><strong>Miembros de la ACL con el Premio Nobel de Literatura Jos\u00e9 Saramago (\u2020) en Arrecife, Lanzarote (4 de julio 2003)<\/strong><\/p>\n<p>Juan Jos\u00e9 Bacallado Ar\u00e1nega, Gonzalo Ortega Ojeda, Ram\u00f3n Trujillo Carre\u00f1o (Presidente de la ACL), Carmen D\u00edaz Alay\u00f3n, Jos\u00e9 de Sousa Saramago (Miembro honorario), Eligio Hern\u00e1ndez Guti\u00e9rrez, Jos\u00e9 A. Alem\u00e1n Hern\u00e1ndez; Antonio Lorenzo Ramos, Antonio Gonz\u00e1lez Vi\u00e9itez, Marcial Morera P\u00e9rez y Antonio Machado Carrillo.[\/vc_column_text][vc_separator color=\u00bbgrey\u00bb align=\u00bbalign_center\u00bb style=\u00bb\u00bb border_width=\u00bb\u00bb el_width=\u00bb\u00bb][\/vc_column_inner][\/vc_row_inner][\/vc_column][\/vc_row][vc_row css=\u00bb.vc_custom_1428077481638{margin-top: 0px !important;margin-bottom: 0px !important;border-top-width: 30px !important;border-bottom-width: 30px !important;padding-top: 30px !important;padding-bottom: 30px !important;}\u00bb][vc_column width=\u00bb1\/1&#8243;][vc_row_inner][vc_column_inner width=\u00bb1\/1&#8243;]<h1 class=\"fac-title text-center\" style=\"color:#dd3333\">NOMBRES POPULARES DE BICHOS DE CANARIAS<\/h1>\n[vc_column_text]<\/p>\n<h4>Este espacio est\u00e1 reservado para un glosario. Pr\u00f3ximamente&#8230;<\/h4>\n<p>[\/vc_column_text][vc_column_text]<div id=\"bugnames\"><\/div>[\/vc_column_text][\/vc_column_inner][\/vc_row_inner][\/vc_column][\/vc_row][vc_row][vc_column width=\u00bb1\/1&#8243;]\n<div class=\"wpcf7 no-js\" id=\"wpcf7-f604-o1\" lang=\"en-US\" dir=\"ltr\" data-wpcf7-id=\"604\">\n<div class=\"screen-reader-response\"><p role=\"status\" aria-live=\"polite\" aria-atomic=\"true\"><\/p> <ul><\/ul><\/div>\n<form action=\"\/es\/wp-json\/wp\/v2\/pages\/5067#wpcf7-f604-o1\" method=\"post\" class=\"wpcf7-form init\" aria-label=\"Contact form\" novalidate=\"novalidate\" data-status=\"init\">\n<fieldset class=\"hidden-fields-container\"><input type=\"hidden\" name=\"_wpcf7\" value=\"604\" \/><input type=\"hidden\" name=\"_wpcf7_version\" value=\"6.1.5\" \/><input type=\"hidden\" name=\"_wpcf7_locale\" value=\"en_US\" \/><input type=\"hidden\" name=\"_wpcf7_unit_tag\" value=\"wpcf7-f604-o1\" \/><input type=\"hidden\" name=\"_wpcf7_container_post\" value=\"0\" \/><input type=\"hidden\" name=\"_wpcf7_posted_data_hash\" value=\"\" \/>\n<\/fieldset>\n<p>Please feel welcome to submit new names for our databases\n<\/p>\n<p>Your Name (required)\n<\/p>\n<p><span class=\"wpcf7-form-control-wrap\" data-name=\"your-name\"><input size=\"40\" maxlength=\"400\" class=\"wpcf7-form-control wpcf7-text wpcf7-validates-as-required\" aria-required=\"true\" aria-invalid=\"false\" value=\"\" type=\"text\" name=\"your-name\" \/><\/span>\n<\/p>\n<p>Your Email (required)\n<\/p>\n<p><span class=\"wpcf7-form-control-wrap\" data-name=\"your-email\"><input size=\"40\" maxlength=\"400\" class=\"wpcf7-form-control wpcf7-email wpcf7-validates-as-required wpcf7-text wpcf7-validates-as-email\" aria-required=\"true\" aria-invalid=\"false\" value=\"\" type=\"email\" name=\"your-email\" \/><\/span>\n<\/p>\n<p>Subject\n<\/p>\n<p>Subject: You got a message \"[your-subject]\"<span class=\"wpcf7-form-control-wrap\" data-name=\"your-subject\"><input size=\"40\" maxlength=\"400\" class=\"wpcf7-form-control wpcf7-text\" aria-invalid=\"false\" value=\"\" type=\"text\" name=\"your-subject\" \/><\/span>\n<\/p>\n<p>Your Message\n<\/p>\n<p><span class=\"wpcf7-form-control-wrap\" data-name=\"your-message\"><textarea cols=\"40\" rows=\"10\" maxlength=\"2000\" class=\"wpcf7-form-control wpcf7-textarea\" aria-invalid=\"false\" name=\"your-message\"><\/textarea><\/span>\n<\/p>\n<p><input class=\"wpcf7-form-control wpcf7-submit has-spinner\" type=\"submit\" value=\"Send\" \/>\n<\/p><p style=\"display: none !important;\" class=\"akismet-fields-container\" data-prefix=\"_wpcf7_ak_\"><label>&#916;<textarea name=\"_wpcf7_ak_hp_textarea\" cols=\"45\" rows=\"8\" maxlength=\"100\"><\/textarea><\/label><input type=\"hidden\" id=\"ak_js_1\" name=\"_wpcf7_ak_js\" value=\"59\"\/><script>document.getElementById( \"ak_js_1\" ).setAttribute( \"value\", ( new Date() ).getTime() );<\/script><\/p><div class=\"wpcf7-response-output\" aria-hidden=\"true\"><\/div>\n<\/form>\n<\/div>\n[\/vc_column][\/vc_row]<\/p>\n<\/div>","protected":false},"excerpt":{"rendered":"<p>[vc_row css=\u00bb.vc_custom_1424709047603{margin-top: 0px !important;margin-bottom: 0px !important;border-top-width: 40px !important;border-bottom-width: 30px !important;padding-top: 40px !important;padding-bottom: 30px !important;}\u00bb][vc_column width=\u00bb1\/2&#8243;][\/vc_column][vc_column width=\u00bb1\/2&#8243;][vc_column_text] \u2192\u00a0 Academia Canaria de [&hellip;]<\/p>\n","protected":false},"author":1,"featured_media":0,"parent":4798,"menu_order":4,"comment_status":"open","ping_status":"closed","template":"page-pagebuilder.php","meta":{"footnotes":""},"class_list":["post-5067","page","type-page","status-publish","hentry"],"yoast_head":"<!-- This site is optimized with the Yoast SEO plugin v27.1.1 - https:\/\/yoast.com\/product\/yoast-seo-wordpress\/ -->\n<title>LING\u00dc\u00cdSTICA | Dr. Antonio Machado Carrillo<\/title>\n<meta name=\"description\" content=\"Dr. Antonio Machado Carrillo, comprometido con actividades ling\u00fc\u00edsticas: Academia Canaria de la Lengua; lexicograf\u00eda, nombres comunes de bichos; glosario de canarismos.\" \/>\n<meta name=\"robots\" content=\"index, follow, max-snippet:-1, max-image-preview:large, max-video-preview:-1\" \/>\n<link rel=\"canonical\" href=\"https:\/\/www.antoniomachado.net\/es\/actividades\/linguistica\/\" \/>\n<meta property=\"og:locale\" content=\"es_ES\" \/>\n<meta property=\"og:type\" content=\"article\" \/>\n<meta property=\"og:title\" content=\"LING\u00dc\u00cdSTICA | Dr. Antonio Machado Carrillo\" \/>\n<meta property=\"og:description\" content=\"Dr. Antonio Machado Carrillo, comprometido con actividades ling\u00fc\u00edsticas: Academia Canaria de la Lengua; lexicograf\u00eda, nombres comunes de bichos; glosario de canarismos.\" \/>\n<meta property=\"og:url\" content=\"https:\/\/www.antoniomachado.net\/es\/actividades\/linguistica\/\" \/>\n<meta property=\"og:site_name\" content=\"www.antoniomachado.net\" \/>\n<meta property=\"article:modified_time\" content=\"2024-12-25T13:47:34+00:00\" \/>\n<meta name=\"twitter:card\" content=\"summary_large_image\" \/>\n<meta name=\"twitter:site\" content=\"@laparocerus\" \/>\n<meta name=\"twitter:label1\" content=\"Tiempo de lectura\" \/>\n\t<meta name=\"twitter:data1\" content=\"5 minutos\" \/>\n<script type=\"application\/ld+json\" class=\"yoast-schema-graph\">{\"@context\":\"https:\/\/schema.org\",\"@graph\":[{\"@type\":\"WebPage\",\"@id\":\"https:\/\/www.antoniomachado.net\/es\/actividades\/linguistica\/\",\"url\":\"https:\/\/www.antoniomachado.net\/es\/actividades\/linguistica\/\",\"name\":\"LING\u00dc\u00cdSTICA | Dr. Antonio Machado Carrillo\",\"isPartOf\":{\"@id\":\"https:\/\/www.antoniomachado.net\/es\/#website\"},\"datePublished\":\"2015-01-15T20:04:31+00:00\",\"dateModified\":\"2024-12-25T13:47:34+00:00\",\"description\":\"Dr. Antonio Machado Carrillo, comprometido con actividades ling\u00fc\u00edsticas: Academia Canaria de la Lengua; lexicograf\u00eda, nombres comunes de bichos; glosario de canarismos.\",\"breadcrumb\":{\"@id\":\"https:\/\/www.antoniomachado.net\/es\/actividades\/linguistica\/#breadcrumb\"},\"inLanguage\":\"es\",\"potentialAction\":[{\"@type\":\"ReadAction\",\"target\":[\"https:\/\/www.antoniomachado.net\/es\/actividades\/linguistica\/\"]}]},{\"@type\":\"BreadcrumbList\",\"@id\":\"https:\/\/www.antoniomachado.net\/es\/actividades\/linguistica\/#breadcrumb\",\"itemListElement\":[{\"@type\":\"ListItem\",\"position\":1,\"name\":\"Portada\",\"item\":\"https:\/\/www.antoniomachado.net\/es\/\"},{\"@type\":\"ListItem\",\"position\":2,\"name\":\"ACTIVIDADES\",\"item\":\"https:\/\/www.antoniomachado.net\/es\/actividades\/\"},{\"@type\":\"ListItem\",\"position\":3,\"name\":\"LING\u00dc\u00cdSTICA\"}]},{\"@type\":\"WebSite\",\"@id\":\"https:\/\/www.antoniomachado.net\/es\/#website\",\"url\":\"https:\/\/www.antoniomachado.net\/es\/\",\"name\":\"www.antoniomachado.net\",\"description\":\"Dr. Antonio Machado. Bi\u00f3logo multiuso (Entomolog\u00eda, Conservaci\u00f3n de la Naturaleza, Pol\u00edtica ambiental, etc.) con sede en las islas Canarias\",\"publisher\":{\"@id\":\"https:\/\/www.antoniomachado.net\/es\/#\/schema\/person\/20d92b6bd913e6447a4599f0a334fe20\"},\"potentialAction\":[{\"@type\":\"SearchAction\",\"target\":{\"@type\":\"EntryPoint\",\"urlTemplate\":\"https:\/\/www.antoniomachado.net\/es\/?s={search_term_string}\"},\"query-input\":{\"@type\":\"PropertyValueSpecification\",\"valueRequired\":true,\"valueName\":\"search_term_string\"}}],\"inLanguage\":\"es\"},{\"@type\":[\"Person\",\"Organization\"],\"@id\":\"https:\/\/www.antoniomachado.net\/es\/#\/schema\/person\/20d92b6bd913e6447a4599f0a334fe20\",\"name\":\"Antonio Machado\",\"image\":{\"@type\":\"ImageObject\",\"inLanguage\":\"es\",\"@id\":\"https:\/\/www.antoniomachado.net\/es\/#\/schema\/person\/image\/\",\"url\":\"https:\/\/www.antoniomachado.net\/wp-content\/uploads\/images\/icons\/avatar_antonio-machado-carrillo.png\",\"contentUrl\":\"https:\/\/www.antoniomachado.net\/wp-content\/uploads\/images\/icons\/avatar_antonio-machado-carrillo.png\",\"width\":320,\"height\":417,\"caption\":\"Antonio Machado\"},\"logo\":{\"@id\":\"https:\/\/www.antoniomachado.net\/es\/#\/schema\/person\/image\/\"},\"description\":\"I am based in Tenerife, one of the Canary Islands, and I am crazy about beetles which are my hobby. However, as a multipurpose professional biologist I have been involved in nature conservation and environmental affairs, teaching Ecology, legal drafting, and other more or less related activities.\",\"sameAs\":[\"http:\/\/www.antoniomachado.net\",\"https:\/\/x.com\/laparocerus\"]}]}<\/script>\n<!-- \/ Yoast SEO plugin. -->","yoast_head_json":{"title":"LING\u00dc\u00cdSTICA | Dr. Antonio Machado Carrillo","description":"Dr. Antonio Machado Carrillo, comprometido con actividades ling\u00fc\u00edsticas: Academia Canaria de la Lengua; lexicograf\u00eda, nombres comunes de bichos; glosario de canarismos.","robots":{"index":"index","follow":"follow","max-snippet":"max-snippet:-1","max-image-preview":"max-image-preview:large","max-video-preview":"max-video-preview:-1"},"canonical":"https:\/\/www.antoniomachado.net\/es\/actividades\/linguistica\/","og_locale":"es_ES","og_type":"article","og_title":"LING\u00dc\u00cdSTICA | Dr. Antonio Machado Carrillo","og_description":"Dr. Antonio Machado Carrillo, comprometido con actividades ling\u00fc\u00edsticas: Academia Canaria de la Lengua; lexicograf\u00eda, nombres comunes de bichos; glosario de canarismos.","og_url":"https:\/\/www.antoniomachado.net\/es\/actividades\/linguistica\/","og_site_name":"www.antoniomachado.net","article_modified_time":"2024-12-25T13:47:34+00:00","twitter_card":"summary_large_image","twitter_site":"@laparocerus","twitter_misc":{"Tiempo de lectura":"5 minutos"},"schema":{"@context":"https:\/\/schema.org","@graph":[{"@type":"WebPage","@id":"https:\/\/www.antoniomachado.net\/es\/actividades\/linguistica\/","url":"https:\/\/www.antoniomachado.net\/es\/actividades\/linguistica\/","name":"LING\u00dc\u00cdSTICA | Dr. Antonio Machado Carrillo","isPartOf":{"@id":"https:\/\/www.antoniomachado.net\/es\/#website"},"datePublished":"2015-01-15T20:04:31+00:00","dateModified":"2024-12-25T13:47:34+00:00","description":"Dr. Antonio Machado Carrillo, comprometido con actividades ling\u00fc\u00edsticas: Academia Canaria de la Lengua; lexicograf\u00eda, nombres comunes de bichos; glosario de canarismos.","breadcrumb":{"@id":"https:\/\/www.antoniomachado.net\/es\/actividades\/linguistica\/#breadcrumb"},"inLanguage":"es","potentialAction":[{"@type":"ReadAction","target":["https:\/\/www.antoniomachado.net\/es\/actividades\/linguistica\/"]}]},{"@type":"BreadcrumbList","@id":"https:\/\/www.antoniomachado.net\/es\/actividades\/linguistica\/#breadcrumb","itemListElement":[{"@type":"ListItem","position":1,"name":"Portada","item":"https:\/\/www.antoniomachado.net\/es\/"},{"@type":"ListItem","position":2,"name":"ACTIVIDADES","item":"https:\/\/www.antoniomachado.net\/es\/actividades\/"},{"@type":"ListItem","position":3,"name":"LING\u00dc\u00cdSTICA"}]},{"@type":"WebSite","@id":"https:\/\/www.antoniomachado.net\/es\/#website","url":"https:\/\/www.antoniomachado.net\/es\/","name":"www.antoniomachado.net","description":"Dr. Antonio Machado. Bi\u00f3logo multiuso (Entomolog\u00eda, Conservaci\u00f3n de la Naturaleza, Pol\u00edtica ambiental, etc.) con sede en las islas Canarias","publisher":{"@id":"https:\/\/www.antoniomachado.net\/es\/#\/schema\/person\/20d92b6bd913e6447a4599f0a334fe20"},"potentialAction":[{"@type":"SearchAction","target":{"@type":"EntryPoint","urlTemplate":"https:\/\/www.antoniomachado.net\/es\/?s={search_term_string}"},"query-input":{"@type":"PropertyValueSpecification","valueRequired":true,"valueName":"search_term_string"}}],"inLanguage":"es"},{"@type":["Person","Organization"],"@id":"https:\/\/www.antoniomachado.net\/es\/#\/schema\/person\/20d92b6bd913e6447a4599f0a334fe20","name":"Antonio Machado","image":{"@type":"ImageObject","inLanguage":"es","@id":"https:\/\/www.antoniomachado.net\/es\/#\/schema\/person\/image\/","url":"https:\/\/www.antoniomachado.net\/wp-content\/uploads\/images\/icons\/avatar_antonio-machado-carrillo.png","contentUrl":"https:\/\/www.antoniomachado.net\/wp-content\/uploads\/images\/icons\/avatar_antonio-machado-carrillo.png","width":320,"height":417,"caption":"Antonio Machado"},"logo":{"@id":"https:\/\/www.antoniomachado.net\/es\/#\/schema\/person\/image\/"},"description":"I am based in Tenerife, one of the Canary Islands, and I am crazy about beetles which are my hobby. However, as a multipurpose professional biologist I have been involved in nature conservation and environmental affairs, teaching Ecology, legal drafting, and other more or less related activities.","sameAs":["http:\/\/www.antoniomachado.net","https:\/\/x.com\/laparocerus"]}]}},"_links":{"self":[{"href":"https:\/\/www.antoniomachado.net\/es\/wp-json\/wp\/v2\/pages\/5067","targetHints":{"allow":["GET"]}}],"collection":[{"href":"https:\/\/www.antoniomachado.net\/es\/wp-json\/wp\/v2\/pages"}],"about":[{"href":"https:\/\/www.antoniomachado.net\/es\/wp-json\/wp\/v2\/types\/page"}],"author":[{"embeddable":true,"href":"https:\/\/www.antoniomachado.net\/es\/wp-json\/wp\/v2\/users\/1"}],"replies":[{"embeddable":true,"href":"https:\/\/www.antoniomachado.net\/es\/wp-json\/wp\/v2\/comments?post=5067"}],"version-history":[{"count":2,"href":"https:\/\/www.antoniomachado.net\/es\/wp-json\/wp\/v2\/pages\/5067\/revisions"}],"predecessor-version":[{"id":11351,"href":"https:\/\/www.antoniomachado.net\/es\/wp-json\/wp\/v2\/pages\/5067\/revisions\/11351"}],"up":[{"embeddable":true,"href":"https:\/\/www.antoniomachado.net\/es\/wp-json\/wp\/v2\/pages\/4798"}],"wp:attachment":[{"href":"https:\/\/www.antoniomachado.net\/es\/wp-json\/wp\/v2\/media?parent=5067"}],"curies":[{"name":"wp","href":"https:\/\/api.w.org\/{rel}","templated":true}]}}