{"id":5069,"date":"2015-01-15T20:04:54","date_gmt":"2015-01-15T20:04:54","guid":{"rendered":"http:\/\/www.antoniomachado.net\/actividades\/agricultura\/"},"modified":"2024-12-25T13:09:58","modified_gmt":"2024-12-25T13:09:58","slug":"agricultura","status":"publish","type":"page","link":"https:\/\/www.antoniomachado.net\/es\/actividades\/agricultura\/","title":{"rendered":"AGRICULTURA"},"content":{"rendered":"<div class=\"wpb-content-wrapper\"><p>[vc_row css=\u00bb.vc_custom_1424462061942{margin-top: 0px !important;margin-bottom: 0px !important;border-top-width: 50px !important;border-bottom-width: 30px !important;padding-top: 50px !important;padding-bottom: 30px !important;}\u00bb][vc_column css=\u00bb.vc_custom_1424214994544{border-top-width: 5px !important;border-bottom-width: 5px !important;padding-top: 5px !important;padding-bottom: 5px !important;}\u00bb]<h1 class=\"fac-big-title fac-title text-center\" style=\"color:#dd3333\">AGRICULTURA<\/h1>\n<h4 class=\"fac-title text-center\" style=\"color:#2a8942\">LA AGRICULTURA HONESTA PUEDE NO LLENARTE MUCHO EL BOLSILLO, PERO SI EL ESP\u00cdRITU Y A TOPE<\/h4>\n[\/vc_column][\/vc_row][vc_row][vc_column width=\u00bb1\/2&#8243;][vc_column_text]En mi familia hay una larga tradici\u00f3n de cultivar pl\u00e1tanos. En 1980, al fallecer mi padre, tuve que hacerme cargo de una finca de tama\u00f1o mediano, Las Damas, en la costa occidental de Tenerife. Me ocup\u00e9 de los planes de irrigaci\u00f3n, balance de nutrientes, empaquetado de la fruta, asuntos laborales y dem\u00e1s aspectos propios de un negocio agr\u00edcola. Mi aporte fue mayormente t\u00e9cnico y de supervisi\u00f3n, a tiempo parcial, lo que me permiti\u00f3 seguir con mis otros compromisos profesionales como bi\u00f3logo. En la actualidad, la finca es una empresa familiar denominada <strong>Agricola Tauce S.A.<\/strong> Soy el Presidente, mi hermano Mario se ocupa de las finanzas, y mi hija Laura gestiona el cultivo. En el pasado empaquet\u00e1bamos nuestra propia fruto, pero ahora formamos parte de <a href=\"https:\/\/www.europlatano.es\/\" target=\"_blank\" rel=\"noopener\"><strong>Europl\u00e1tano<\/strong><\/a>, una cooperativa que se encarga de ello y de la comercializaci\u00f3n.[\/vc_column_text][vc_column_text]<\/p>\n<p style=\"text-align: left;\">Echo de menos caminar a la sombra de las plataneras, sortear los horcones y telas de ara\u00f1a, mirar atento la presencia de ara\u00f1azos en la fruta, saltar cuando arrancan los aspersores, el olor intenso de las otras frutas plantadas: mangos, papayas, guayavas&#8230; Si, a\u00f1oro esos olores. Esto le pasa a un Presidente por tener que ocuparse de los papeles y lidiar demasiados toros a la vez.<\/p>\n<p>[\/vc_column_text][vc_separator color=\u00bbgreen\u00bb][\/vc_column][vc_column width=\u00bb1\/2&#8243;][vc_single_image image=\u00bb3997&#8243; img_size=\u00bblarge\u00bb alignment=\u00bbcenter\u00bb style=\u00bbvc_box_shadow_3d\u00bb][vc_column_text]<\/p>\n<p style=\"text-align: center;\">El hombre con la camiseta roja es Dar\u00edo, nuestro diligente aparecero.<\/p>\n<p>[\/vc_column_text][\/vc_column][\/vc_row][vc_row css=\u00bb.vc_custom_1424697134140{margin-top: 0px !important;margin-bottom: 0px !important;border-top-width: 40px !important;border-bottom-width: 40px !important;padding-top: 40px !important;padding-bottom: 40px !important;}\u00bb][vc_column width=\u00bb1\/4&#8243;][vc_single_image image=\u00bb4160&#8243; alignment=\u00bbcenter\u00bb][\/vc_column][vc_column width=\u00bb3\/4&#8243;][vc_column_text]<\/p>\n<p style=\"text-align: left;\"><strong>Finca Las Damas (Gu\u00eda de Isora)<\/strong> Situada cerca de Playa de San Juan (Tenerife), cuenta con un clima apacible y magn\u00edficas vistas sobre el Atl\u00e1ntico, con la isla de La Gomera anclada en el horizonte. \u00a1Los atardeceres son insuperables! Un lugar id\u00f3neo para el turismo rural, actividad que ha introducio Laura recientemente. <a href=\"http:\/\/fincalasdamas.es\/\" target=\"_blank\" rel=\"noopener\">www.fincalasdamas.es<\/a><\/p>\n<p><strong>\u00a0<\/strong>[\/vc_column_text][\/vc_column][\/vc_row][vc_row css=\u00bb.vc_custom_1424697134140{margin-top: 0px !important;margin-bottom: 0px !important;border-top-width: 40px !important;border-bottom-width: 40px !important;padding-top: 40px !important;padding-bottom: 40px !important;}\u00bb][vc_column width=\u00bb1\/4&#8243;][vc_single_image image=\u00bb4161&#8243; alignment=\u00bbcenter\u00bb img_link_large=\u00bbyes\u00bb][\/vc_column][vc_column width=\u00bb3\/4&#8243;][vc_column_text]<strong>Gabacera Norte\u00a0 (Tazacorte) <\/strong>Poseo una finca m\u00e1s peque\u00f1a en La Palma, heredada de mi madre. Est\u00e1 ubicada en una de las mejores zonas plataneras, tambi\u00e9n en la costa de sotavento de la isla. Las plataneras crecen sobre el terreno original, que en el pasado fue dedicado al cultivo de la ca\u00f1a de azucar. El clima es ideal y cuando se brinda la ocasi\u00f3n, me retiro a descansar unos pocos d\u00edas en la \u00abCasa del Molino\u00bb, un antiguo molino de agua que data del siglo XVIII, y que he restaurado como apeadero. Lo considero mi cl\u00ednica mental.[\/vc_column_text][\/vc_column][\/vc_row][vc_row][vc_column][vc_single_image image=\u00bb3998&#8243; img_size=\u00bblarge\u00bb alignment=\u00bbcenter\u00bb title=\u00bbVista de Las Damas (derecha) con Playa de San Juan al fondo\u00bb][\/vc_column][\/vc_row]<\/p>\n<\/div>","protected":false},"excerpt":{"rendered":"<p>[vc_row css=\u00bb.vc_custom_1424462061942{margin-top: 0px !important;margin-bottom: 0px !important;border-top-width: 50px !important;border-bottom-width: 30px !important;padding-top: 50px !important;padding-bottom: 30px !important;}\u00bb][vc_column css=\u00bb.vc_custom_1424214994544{border-top-width: 5px !important;border-bottom-width: 5px !important;padding-top: 5px [&hellip;]<\/p>\n","protected":false},"author":1,"featured_media":0,"parent":4798,"menu_order":8,"comment_status":"open","ping_status":"closed","template":"page-pagebuilder.php","meta":{"footnotes":""},"class_list":["post-5069","page","type-page","status-publish","hentry"],"yoast_head":"<!-- This site is optimized with the Yoast SEO plugin v27.1.1 - https:\/\/yoast.com\/product\/yoast-seo-wordpress\/ -->\n<title>AGRICULTURA | Dr. Antonio Machado Carrillo<\/title>\n<meta name=\"description\" content=\"Una larga tradici\u00f3n familiar en el cultivo de la palatanera llev\u00f3 al Dr. Antonio Machado Carrillo a involucrarse como Presidente de la empresa familiar Agr\u00edcola Tauce, S.A.\" \/>\n<meta name=\"robots\" content=\"index, follow, max-snippet:-1, max-image-preview:large, max-video-preview:-1\" \/>\n<link rel=\"canonical\" href=\"https:\/\/www.antoniomachado.net\/es\/actividades\/agricultura\/\" \/>\n<meta property=\"og:locale\" content=\"es_ES\" \/>\n<meta property=\"og:type\" content=\"article\" \/>\n<meta property=\"og:title\" content=\"AGRICULTURA | Dr. Antonio Machado Carrillo\" \/>\n<meta property=\"og:description\" content=\"Una larga tradici\u00f3n familiar en el cultivo de la palatanera llev\u00f3 al Dr. Antonio Machado Carrillo a involucrarse como Presidente de la empresa familiar Agr\u00edcola Tauce, S.A.\" \/>\n<meta property=\"og:url\" content=\"https:\/\/www.antoniomachado.net\/es\/actividades\/agricultura\/\" \/>\n<meta property=\"og:site_name\" content=\"www.antoniomachado.net\" \/>\n<meta property=\"article:modified_time\" content=\"2024-12-25T13:09:58+00:00\" \/>\n<meta name=\"twitter:card\" content=\"summary_large_image\" \/>\n<meta name=\"twitter:site\" content=\"@laparocerus\" \/>\n<meta name=\"twitter:label1\" content=\"Tiempo de lectura\" \/>\n\t<meta name=\"twitter:data1\" content=\"3 minutos\" \/>\n<script type=\"application\/ld+json\" class=\"yoast-schema-graph\">{\"@context\":\"https:\/\/schema.org\",\"@graph\":[{\"@type\":\"WebPage\",\"@id\":\"https:\/\/www.antoniomachado.net\/es\/actividades\/agricultura\/\",\"url\":\"https:\/\/www.antoniomachado.net\/es\/actividades\/agricultura\/\",\"name\":\"AGRICULTURA | Dr. Antonio Machado Carrillo\",\"isPartOf\":{\"@id\":\"https:\/\/www.antoniomachado.net\/es\/#website\"},\"datePublished\":\"2015-01-15T20:04:54+00:00\",\"dateModified\":\"2024-12-25T13:09:58+00:00\",\"description\":\"Una larga tradici\u00f3n familiar en el cultivo de la palatanera llev\u00f3 al Dr. Antonio Machado Carrillo a involucrarse como Presidente de la empresa familiar Agr\u00edcola Tauce, S.A.\",\"breadcrumb\":{\"@id\":\"https:\/\/www.antoniomachado.net\/es\/actividades\/agricultura\/#breadcrumb\"},\"inLanguage\":\"es\",\"potentialAction\":[{\"@type\":\"ReadAction\",\"target\":[\"https:\/\/www.antoniomachado.net\/es\/actividades\/agricultura\/\"]}]},{\"@type\":\"BreadcrumbList\",\"@id\":\"https:\/\/www.antoniomachado.net\/es\/actividades\/agricultura\/#breadcrumb\",\"itemListElement\":[{\"@type\":\"ListItem\",\"position\":1,\"name\":\"Portada\",\"item\":\"https:\/\/www.antoniomachado.net\/es\/\"},{\"@type\":\"ListItem\",\"position\":2,\"name\":\"ACTIVIDADES\",\"item\":\"https:\/\/www.antoniomachado.net\/es\/actividades\/\"},{\"@type\":\"ListItem\",\"position\":3,\"name\":\"AGRICULTURA\"}]},{\"@type\":\"WebSite\",\"@id\":\"https:\/\/www.antoniomachado.net\/es\/#website\",\"url\":\"https:\/\/www.antoniomachado.net\/es\/\",\"name\":\"www.antoniomachado.net\",\"description\":\"Dr. Antonio Machado. Bi\u00f3logo multiuso (Entomolog\u00eda, Conservaci\u00f3n de la Naturaleza, Pol\u00edtica ambiental, etc.) con sede en las islas Canarias\",\"publisher\":{\"@id\":\"https:\/\/www.antoniomachado.net\/es\/#\/schema\/person\/20d92b6bd913e6447a4599f0a334fe20\"},\"potentialAction\":[{\"@type\":\"SearchAction\",\"target\":{\"@type\":\"EntryPoint\",\"urlTemplate\":\"https:\/\/www.antoniomachado.net\/es\/?s={search_term_string}\"},\"query-input\":{\"@type\":\"PropertyValueSpecification\",\"valueRequired\":true,\"valueName\":\"search_term_string\"}}],\"inLanguage\":\"es\"},{\"@type\":[\"Person\",\"Organization\"],\"@id\":\"https:\/\/www.antoniomachado.net\/es\/#\/schema\/person\/20d92b6bd913e6447a4599f0a334fe20\",\"name\":\"Antonio Machado\",\"image\":{\"@type\":\"ImageObject\",\"inLanguage\":\"es\",\"@id\":\"https:\/\/www.antoniomachado.net\/es\/#\/schema\/person\/image\/\",\"url\":\"https:\/\/www.antoniomachado.net\/wp-content\/uploads\/images\/icons\/avatar_antonio-machado-carrillo.png\",\"contentUrl\":\"https:\/\/www.antoniomachado.net\/wp-content\/uploads\/images\/icons\/avatar_antonio-machado-carrillo.png\",\"width\":320,\"height\":417,\"caption\":\"Antonio Machado\"},\"logo\":{\"@id\":\"https:\/\/www.antoniomachado.net\/es\/#\/schema\/person\/image\/\"},\"description\":\"I am based in Tenerife, one of the Canary Islands, and I am crazy about beetles which are my hobby. However, as a multipurpose professional biologist I have been involved in nature conservation and environmental affairs, teaching Ecology, legal drafting, and other more or less related activities.\",\"sameAs\":[\"http:\/\/www.antoniomachado.net\",\"https:\/\/x.com\/laparocerus\"]}]}<\/script>\n<!-- \/ Yoast SEO plugin. -->","yoast_head_json":{"title":"AGRICULTURA | Dr. Antonio Machado Carrillo","description":"Una larga tradici\u00f3n familiar en el cultivo de la palatanera llev\u00f3 al Dr. Antonio Machado Carrillo a involucrarse como Presidente de la empresa familiar Agr\u00edcola Tauce, S.A.","robots":{"index":"index","follow":"follow","max-snippet":"max-snippet:-1","max-image-preview":"max-image-preview:large","max-video-preview":"max-video-preview:-1"},"canonical":"https:\/\/www.antoniomachado.net\/es\/actividades\/agricultura\/","og_locale":"es_ES","og_type":"article","og_title":"AGRICULTURA | Dr. Antonio Machado Carrillo","og_description":"Una larga tradici\u00f3n familiar en el cultivo de la palatanera llev\u00f3 al Dr. Antonio Machado Carrillo a involucrarse como Presidente de la empresa familiar Agr\u00edcola Tauce, S.A.","og_url":"https:\/\/www.antoniomachado.net\/es\/actividades\/agricultura\/","og_site_name":"www.antoniomachado.net","article_modified_time":"2024-12-25T13:09:58+00:00","twitter_card":"summary_large_image","twitter_site":"@laparocerus","twitter_misc":{"Tiempo de lectura":"3 minutos"},"schema":{"@context":"https:\/\/schema.org","@graph":[{"@type":"WebPage","@id":"https:\/\/www.antoniomachado.net\/es\/actividades\/agricultura\/","url":"https:\/\/www.antoniomachado.net\/es\/actividades\/agricultura\/","name":"AGRICULTURA | Dr. Antonio Machado Carrillo","isPartOf":{"@id":"https:\/\/www.antoniomachado.net\/es\/#website"},"datePublished":"2015-01-15T20:04:54+00:00","dateModified":"2024-12-25T13:09:58+00:00","description":"Una larga tradici\u00f3n familiar en el cultivo de la palatanera llev\u00f3 al Dr. Antonio Machado Carrillo a involucrarse como Presidente de la empresa familiar Agr\u00edcola Tauce, S.A.","breadcrumb":{"@id":"https:\/\/www.antoniomachado.net\/es\/actividades\/agricultura\/#breadcrumb"},"inLanguage":"es","potentialAction":[{"@type":"ReadAction","target":["https:\/\/www.antoniomachado.net\/es\/actividades\/agricultura\/"]}]},{"@type":"BreadcrumbList","@id":"https:\/\/www.antoniomachado.net\/es\/actividades\/agricultura\/#breadcrumb","itemListElement":[{"@type":"ListItem","position":1,"name":"Portada","item":"https:\/\/www.antoniomachado.net\/es\/"},{"@type":"ListItem","position":2,"name":"ACTIVIDADES","item":"https:\/\/www.antoniomachado.net\/es\/actividades\/"},{"@type":"ListItem","position":3,"name":"AGRICULTURA"}]},{"@type":"WebSite","@id":"https:\/\/www.antoniomachado.net\/es\/#website","url":"https:\/\/www.antoniomachado.net\/es\/","name":"www.antoniomachado.net","description":"Dr. Antonio Machado. Bi\u00f3logo multiuso (Entomolog\u00eda, Conservaci\u00f3n de la Naturaleza, Pol\u00edtica ambiental, etc.) con sede en las islas Canarias","publisher":{"@id":"https:\/\/www.antoniomachado.net\/es\/#\/schema\/person\/20d92b6bd913e6447a4599f0a334fe20"},"potentialAction":[{"@type":"SearchAction","target":{"@type":"EntryPoint","urlTemplate":"https:\/\/www.antoniomachado.net\/es\/?s={search_term_string}"},"query-input":{"@type":"PropertyValueSpecification","valueRequired":true,"valueName":"search_term_string"}}],"inLanguage":"es"},{"@type":["Person","Organization"],"@id":"https:\/\/www.antoniomachado.net\/es\/#\/schema\/person\/20d92b6bd913e6447a4599f0a334fe20","name":"Antonio Machado","image":{"@type":"ImageObject","inLanguage":"es","@id":"https:\/\/www.antoniomachado.net\/es\/#\/schema\/person\/image\/","url":"https:\/\/www.antoniomachado.net\/wp-content\/uploads\/images\/icons\/avatar_antonio-machado-carrillo.png","contentUrl":"https:\/\/www.antoniomachado.net\/wp-content\/uploads\/images\/icons\/avatar_antonio-machado-carrillo.png","width":320,"height":417,"caption":"Antonio Machado"},"logo":{"@id":"https:\/\/www.antoniomachado.net\/es\/#\/schema\/person\/image\/"},"description":"I am based in Tenerife, one of the Canary Islands, and I am crazy about beetles which are my hobby. However, as a multipurpose professional biologist I have been involved in nature conservation and environmental affairs, teaching Ecology, legal drafting, and other more or less related activities.","sameAs":["http:\/\/www.antoniomachado.net","https:\/\/x.com\/laparocerus"]}]}},"_links":{"self":[{"href":"https:\/\/www.antoniomachado.net\/es\/wp-json\/wp\/v2\/pages\/5069","targetHints":{"allow":["GET"]}}],"collection":[{"href":"https:\/\/www.antoniomachado.net\/es\/wp-json\/wp\/v2\/pages"}],"about":[{"href":"https:\/\/www.antoniomachado.net\/es\/wp-json\/wp\/v2\/types\/page"}],"author":[{"embeddable":true,"href":"https:\/\/www.antoniomachado.net\/es\/wp-json\/wp\/v2\/users\/1"}],"replies":[{"embeddable":true,"href":"https:\/\/www.antoniomachado.net\/es\/wp-json\/wp\/v2\/comments?post=5069"}],"version-history":[{"count":1,"href":"https:\/\/www.antoniomachado.net\/es\/wp-json\/wp\/v2\/pages\/5069\/revisions"}],"predecessor-version":[{"id":11319,"href":"https:\/\/www.antoniomachado.net\/es\/wp-json\/wp\/v2\/pages\/5069\/revisions\/11319"}],"up":[{"embeddable":true,"href":"https:\/\/www.antoniomachado.net\/es\/wp-json\/wp\/v2\/pages\/4798"}],"wp:attachment":[{"href":"https:\/\/www.antoniomachado.net\/es\/wp-json\/wp\/v2\/media?parent=5069"}],"curies":[{"name":"wp","href":"https:\/\/api.w.org\/{rel}","templated":true}]}}