{"id":5207,"date":"2015-05-04T11:47:54","date_gmt":"2015-05-04T10:47:54","guid":{"rendered":"http:\/\/www.antoniomachado.net\/web-info-2\/"},"modified":"2024-12-25T21:12:44","modified_gmt":"2024-12-25T21:12:44","slug":"web-info","status":"publish","type":"page","link":"https:\/\/www.antoniomachado.net\/es\/miscelanea\/web-info\/","title":{"rendered":"SOBRE ESTE SITIO WEB"},"content":{"rendered":"<div class=\"wpb-content-wrapper\"><p>[vc_row css=\u00bb.vc_custom_1431967314016{margin-top: 0px !important;margin-bottom: 0px !important;border-top-width: 20px !important;border-bottom-width: 30px !important;padding-top: 20px !important;padding-bottom: 30px !important;}\u00bb][vc_column][vc_column_text]Construir una p\u00e1gina web es todo un reto, particularmente si eres algo novato. Quisiera dejar constancia de quienes me han ayudado y de los programas, plugins y dem\u00e1s parafernalia que lo han hecho posible. Igual le sirve de orientaci\u00f3n a m\u00e1s de uno.<\/p>\n<p style=\"text-align: center;\"><strong>\u00a9 Antonio Machado Carrillo<\/strong><\/p>\n<p>[\/vc_column_text][\/vc_column][\/vc_row][vc_row css=\u00bb.vc_custom_1430761881013{margin-top: 0px !important;margin-bottom: 0px !important;border-top-width: 30px !important;border-bottom-width: 30px !important;padding-top: 30px !important;padding-bottom: 30px !important;}\u00bb][vc_column][vc_row_inner][vc_column_inner][vc_column_text]<h2 class=\"fac-title text-left\" style=\"color:#dd3333\">DISE\u00d1O<\/h2>\n[\/vc_column_text][\/vc_column_inner][\/vc_row_inner][vc_row_inner][vc_column_inner width=\u00bb1\/4&#8243;][vc_single_image image=\u00bb5179&#8243; img_size=\u00bbmedium\u00bb style=\u00bbvc_box_circle_2&#8243; img_link_large=\u00bbyes\u00bb][\/vc_column_inner][vc_column_inner width=\u00bb3\/4&#8243;][vc_column_text]<\/p>\n<div class=\"wpb_column vc_column_container vc_col-sm-9\">\n<div class=\"vc_column-inner\">\n<div class=\"wpb_wrapper\">\n<div class=\"wpb_text_column wpb_content_element \">\n<div class=\"wpb_wrapper\">\n<p>Mi segunda hija, Elena, tiene especial talento para el dise\u00f1o art\u00edstico. Estudi\u00f3 en el Slade School of Fine Arts (UCL) y en el Central St. Martins College of Arts &amp; Design (UAL) en Londres, y hace cosas muy interesantes, adem\u00e1s de ayudar a su padre a montar una p\u00e1gina web moderna. Por supuesto, si tiene inter\u00e9s en contactar con ella puedes escribirle directamente a su <a href=\"mailto:mailme@elenamachado.com\" target=\"_blank\" rel=\"noopener\">email,<\/a> y si antes quieres conocer el tipo de trabajo creativo que hace, echa un vistazo a su p\u00e1gina web.<\/p>\n<\/div>\n<\/div>\n<\/div>\n<\/div>\n<\/div>\n<p><a href=\"https:\/\/es.linkedin.com\/in\/elenamachado\" target=\"_blank\" rel=\"noopener\">Perfil en Linkedin<\/a>[\/vc_column_text][\/vc_column_inner][\/vc_row_inner][\/vc_column][\/vc_row][vc_row css=\u00bb.vc_custom_1430762191225{margin-top: 0px !important;margin-bottom: 0px !important;border-top-width: 30px !important;border-bottom-width: 30px !important;padding-top: 30px !important;padding-bottom: 30px !important;}\u00bb][vc_column][vc_row_inner][vc_column_inner][vc_column_text]<h2 class=\"fac-title text-left\" style=\"color:#dd3333\">HOSPEDAJE WEB<\/h2>\n[\/vc_column_text][\/vc_column_inner][\/vc_row_inner][vc_row_inner][vc_column_inner width=\u00bb1\/4&#8243;][vc_single_image image=\u00bb10572&#8243; img_size=\u00bbmedium\u00bb][\/vc_column_inner][vc_column_inner width=\u00bb3\/4&#8243;][vc_column_text]Hay muchos alojamientos ofrecidos en Internet. Empec\u00e9 con IPage despu\u00e9s de un an\u00e1lisis no muy exhaustivo de todas las posibilidades. Parec\u00eda bueno, gran capacidad, posibilidades de actualizaci\u00f3n, un precio razonable (al menos al principio). Pero m\u00e1s tarde, el precio aument\u00f3 y la velocidad de mi sitio web disminuy\u00f3 dr\u00e1sticamente. As\u00ed que en 2023, siguiendo el consejo de mi hija Elena,\u00a0 me cambi\u00e9 a una empresa espa\u00f1ola llamada IONOS, y todav\u00eda estoy sorprendido por el precio, la velocidad del sitio web, el panel de control f\u00e1cil de usar y el eficiente soporte telef\u00f3nico. Incre\u00edble. \u00a1Se merecen cinco estrellas!<\/p>\n<p><a href=\"https:\/\/www.ionos.es\/\" target=\"_blank\" rel=\"noopener\">www.ionos.es<\/a>[\/vc_column_text][\/vc_column_inner][\/vc_row_inner][\/vc_column][\/vc_row][vc_row css=\u00bb.vc_custom_1430762554587{margin-top: 0px !important;margin-bottom: 0px !important;border-top-width: 30px !important;border-bottom-width: 30px !important;padding-top: 30px !important;padding-bottom: 30px !important;}\u00bb][vc_column][vc_row_inner][vc_column_inner][vc_column_text]<h2 class=\"fac-title text-left\" style=\"color:#dd3333\">COMPOSITOR WEB<\/h2>\n[\/vc_column_text][\/vc_column_inner][\/vc_row_inner][vc_row_inner][vc_column_inner width=\u00bb1\/4&#8243;][vc_single_image image=\u00bb4971&#8243; img_size=\u00bbmedium\u00bb][\/vc_column_inner][vc_column_inner width=\u00bb3\/4&#8243;][vc_column_text]Puedes sufrir un\u00a0 mont\u00f3n si para construir tu p\u00e1gina web eliges un gestor\/editor de contenidos malo o supercomplejo. Estudi\u00e9 varias opciones (el precio no es la cuesti\u00f3n), y finalmente mi hija me convenci\u00f3 de las ventajas y sencillez de trabajar con <strong>WordPress<\/strong>. Los millones de usuarios que lo usan, tambi\u00e9n fue un buen argumento. Optamos por WordPress en ingl\u00e9s, ya que mi p\u00e1gina web previa estaba en ese idioma, pero tambi\u00e9n hay disponible una versi\u00f3n en espa\u00f1ol. El \u00fanico inconveniente que le veo es que al ser tan popular, cuando intentas buscar un complemento especial, existen demasiadas opciones y te lleva un buen rato dar con la que hace lo que quieres. Por el otro lado, el soporte a trav\u00e9s de los foros y la comunidad de usuarios de WP es impagable. No nos hemos arrepentido de la decisi\u00f3n tomada.<\/p>\n<p><a href=\"https:\/\/wordpress.com\" target=\"_blank\" rel=\"noopener\">www.wordpress.com<\/a>[\/vc_column_text][\/vc_column_inner][\/vc_row_inner][\/vc_column][\/vc_row][vc_row css=\u00bb.vc_custom_1430762976830{margin-top: 0px !important;margin-bottom: 0px !important;border-top-width: 30px !important;border-bottom-width: 30px !important;padding-top: 30px !important;padding-bottom: 30px !important;}\u00bb][vc_column][vc_row_inner][vc_column_inner][vc_column_text]<h2 class=\"fac-title text-left\" style=\"color:#dd3333\">TEMA<\/h2>\n[\/vc_column_text][\/vc_column_inner][\/vc_row_inner][vc_row_inner][vc_column_inner width=\u00bb1\/4&#8243;][vc_single_image image=\u00bb5186&#8243; img_size=\u00bbmedium\u00bb][\/vc_column_inner][vc_column_inner width=\u00bb3\/4&#8243;][vc_column_text]<strong>FACULTY \u2013 Perfil acad\u00e9mico personal adaptable<\/strong><\/p>\n<p>Cuando empec\u00e9 a buscar un \u2018tema\u2019 para WordPress adaptado al perfil de un investigador o profesional libre, me asombr\u00f3 el solo encontrar uno con el enfoque que quer\u00eda. La mayor\u00eda de los temas acad\u00e9micos estaban dise\u00f1ados m\u00e1s para las\u00a0 instituciones que para los individuos. Finalmente, elegimos \u00abFaculty\u00bb que cubr\u00eda m\u00e1s o menos mis necesidades. El principal problema es que maneja todas las publicaciones de manera simple y en una \u00fanca p\u00e1gina. Tuvimos que deseacharlo este m\u00f3dulo y usar bloques de texto ordinario para agrupar las muchas referencias por secciones en p\u00e1ginas diferentes, accesibles por separado en el men\u00fa.\u00a0 Tambi\u00e9n echo en falta un widget de impresi\u00f3n\/pdf, pero en general est\u00e1 bien y resulta elegante. Adem\u00e1s, el autor ha abandonado el dar soporte a su tema. En fin &#8230;.<\/p>\n<p>&nbsp;<\/p>\n<p>Faculty theme[\/vc_column_text][\/vc_column_inner][\/vc_row_inner][\/vc_column][\/vc_row][vc_row css=\u00bb.vc_custom_1430763265287{margin-top: 0px !important;margin-bottom: 0px !important;border-top-width: 30px !important;border-bottom-width: 30px !important;padding-top: 30px !important;padding-bottom: 30px !important;}\u00bb][vc_column][vc_row_inner][vc_column_inner][vc_column_text]<h2 class=\"fac-title text-left\" style=\"color:#dd3333\">PLUGINS<\/h2>\n[\/vc_column_text][\/vc_column_inner][\/vc_row_inner][vc_row_inner][vc_column_inner width=\u00bb1\/4&#8243;][vc_single_image image=\u00bb5115&#8243; img_size=\u00bbmedium\u00bb][\/vc_column_inner][vc_column_inner width=\u00bb3\/4&#8243;][vc_column_text]Los complementos o \u2018plugins\u2019 tienen dos caras: pueden ser tus salvadores, o convertirse en una aut\u00e9ntica pesadilla. Hacen cosas increibles que no contempla tu editor web o, simplemente, mejoran sus aplicaciones b\u00e1sicas. Pero, por el otro lado, hay tantos plugins que te sale barba hasta que encuentras el que realmente encaja en lo que necesitas, y es compatible con tu tema, tu versi\u00f3n de WordPres, y tu bolsillo (no todos son gratis). Ahora bien, cuando lo encuentras, entonces es como un matrimonio feliz. Incluyo aqui una lista de los complementos que empleamos en la construcci\u00f3n de esta web, aunque seguimos peleando para encontrar algunos que sean a\u00fan mejores[\/vc_column_text][vc_toggle title=\u00bbLista de plugins usados\u00bb el_id=\u00bb1430744471210-ec2eb977-1dbc\u00bb]<\/p>\n<ul>\n<li style=\"list-style-type: none;\">\n<ul>\n<li style=\"list-style-type: none;\">\n<ul>\n<li>Akismet (para la seguridad) \u2013 <em>By<\/em><em><a href=\"https:\/\/automattic.com\/wordpress-plugins\/\">Automattic<\/a><\/em><\/li>\n<li>Child Theme Configurator \u2013 <em>By <\/em><em><a href=\"http:\/\/www.lilaeamedia.com\">Lilaea Media<\/a><\/em><\/li>\n<li>Compact Audio Player \u2013\u00a0<em>By\u00a0<\/em><em><a href=\"https:\/\/www.tipsandtricks-hq.com\/\">Tips and Tricks HQ<\/a><\/em><\/li>\n<li>Contact Form 7 \u2013\u00a0<em>By<\/em><em><a href=\"https:\/\/ideasilo.wordpress.com\/\">Takayuki Miyoshi<\/a><\/em><\/li>\n<li>Converter for Media \u2013 <em>By <\/em><em><a href=\"https:\/\/url.mattplugins.com\/converter-plugin-author-link\">Matt plugins<\/a><\/em><\/li>\n<li>Font Awesome 4 Menus \u2013\u00a0<em>By\u00a0<\/em><em><a href=\"https:\/\/www.newnine.com\/\">New Nine Media<\/a><\/em><\/li>\n<li>Highlight Search Terms \u2013 <em>B<\/em><em>y<\/em><em><a href=\"https:\/\/status301.net\/\">RavanH<\/a><\/em><\/li>\n<li>Media File Manager Advanced \u2013\u00a0<em>By Thibault El Zamek<\/em><\/li>\n<li>Image Cleanup \u2013 <em>By <\/em><em><a href=\"http:\/\/none\">Robbert Langezaal, Simon Duduica<\/a><\/em><\/li>\n<li>Print, PDF &amp; Email \u2013 <em>By\u00a0<\/em><em><a href=\"https:\/\/www.printfriendly.com\/\">Print, PDF, &amp; Email by PrintFriendly<\/a><\/em><\/li>\n<li>Really Simple CAPTCHA \u2013\u00a0<em>By\u00a0<\/em><em><a href=\"https:\/\/ideasilo.wordpress.com\/\">Takayuki Miyoshi<\/a><\/em><\/li>\n<li>Relevansii (para b\u00fasquedas) \u2013 <em>By\u00a0<\/em><em><a href=\"https:\/\/www.mikkosaari.fi\/\">Mikko Saari<\/a><\/em><\/li>\n<li>Robin image optimizer \u2013 <em>By\u00a0<\/em><a href=\"https:\/\/cm-wp.com\">Creative Motion<\/a><\/li>\n<li>Search &amp; Replace \u2013 Inpsyde GmbH<\/li>\n<li>SharePrints Gallery \u2013\u00a0<em>By\u00a0<\/em><em><a href=\"https:\/\/freakplugins.com\/\">JR w\/Freak Plugins<\/a><\/em><\/li>\n<li>Simple Lightbox \u2013\u00a0<em>By<\/em><em><a href=\"https:\/\/archetyped.com\/\">Archetyped<\/a><\/em><\/li>\n<li>Smart Slider 3 \u2013 <em>By <\/em><em><a href=\"https:\/\/smartslider3.com\">Nextend<\/a><\/em><\/li>\n<li>UpdraftPlus \u2013 Backup\/Restore \u00ad\u2013<em>By <\/em><em><a href=\"https:\/\/updraftplus.com\">Com, DavidAnderson<\/a><\/em><\/li>\n<li>WonderPlugin Carousel \u2013 <em>By <\/em><em><a href=\"http:\/\/www.wonderplugin.com\">Magic Hills Pty Ltd<\/a><\/em><\/li>\n<li>WP Edit \u2013\u00a0<em>By\u00a0<\/em><em><a href=\"https:\/\/wpeditpro.com\/\">Josh Lobe<\/a><\/em><\/li>\n<li>WP Fastest Cache \u2013 <em><a href=\"https:\/\/www.wpfastestcache.com\/\">Emre Vona<\/a><\/em><\/li>\n<li>WP Site Mapping \u2013\u00a0<em>By\u00a0<\/em><em><a href=\"http:\/\/benohead.com\">Henri Benoit<\/a><\/em><\/li>\n<li>WPBakery Page Builder \u2013\u00a0<em>By\u00a0<\/em><em><a href=\"https:\/\/wpbakery.com\/\">Michael M &#8211; WPBakery.com<\/a><\/em><\/li>\n<li>WPML Multilingual CMS \/ SEO\/ Media, etc. \u2013\u00a0<em>By\u00a0<\/em><em><a href=\"https:\/\/www.onthegosystems.com\/\">OnTheGoSystems<\/a><\/em><\/li>\n<li>Yoast Duplicate Post \u2013 <em><a href=\"https:\/\/yoast.com\">Enrico Battocchi and Team Yoast<\/a><\/em><\/li>\n<li>Yoast SEO \u2013<em> By<\/em><em><a href=\"https:\/\/yoast.com\/\">Team Yoast<\/a><\/em><\/li>\n<\/ul>\n<\/li>\n<\/ul>\n<\/li>\n<\/ul>\n<p>&nbsp;<\/p>\n<ul>\n<li><\/li>\n<\/ul>\n<p>[\/vc_toggle][\/vc_column_inner][\/vc_row_inner][\/vc_column][\/vc_row][vc_row css=\u00bb.vc_custom_1430763409123{margin-top: 0px !important;margin-bottom: 0px !important;border-top-width: 30px !important;border-bottom-width: 30px !important;padding-top: 30px !important;padding-bottom: 30px !important;}\u00bb][vc_column][vc_row_inner][vc_column_inner][vc_column_text]<h2 class=\"fac-title text-left\" style=\"color:#dd3333\">MULTILING\u00dcE<\/h2>\n[\/vc_column_text][\/vc_column_inner][\/vc_row_inner][vc_row_inner][vc_column_inner width=\u00bb1\/4&#8243;][vc_single_image image=\u00bb5113&#8243; img_size=\u00bbmedium\u00bb][\/vc_column_inner][vc_column_inner width=\u00bb3\/4&#8243;][vc_column_text]Mi antigua p\u00e1gina web, que data del\u00a0 a\u00f1o 2000 o pr\u00f3ximos, estaba pensada de cara al extranjero y toda ella en ingl\u00e9s. Por eso la nueva tambi\u00e9n la iniciamos en este mismo idioma, pero la buena noticia es que ahora existen plugins que te permiten mantener tu web en tantos idiomas quieras, y te ayudan a gestionar las traducciones. No tendr\u00eda perd\u00f3n el no ofrecerla en espa\u00f1ol. El mejor valorado es WPML, y en los \u00faltimos a\u00f1os ha mejorado much\u00edsimo su interfaz de usuario . Adem\u00e1s, WordPress permite que si accedes desde con un explorador de Internet configurado en espa\u00f1ol, mi p\u00e1gina cambie autom\u00e1ticamente a este idioma.<\/p>\n<p><a href=\"https:\/\/wpml.org\/es\" target=\"_blank\" rel=\"noopener\">www.wpml.org<\/a>[\/vc_column_text][\/vc_column_inner][\/vc_row_inner][\/vc_column][\/vc_row]<\/p>\n<\/div>","protected":false},"excerpt":{"rendered":"<p>[vc_row css=\u00bb.vc_custom_1431967314016{margin-top: 0px !important;margin-bottom: 0px !important;border-top-width: 20px !important;border-bottom-width: 30px !important;padding-top: 20px !important;padding-bottom: 30px !important;}\u00bb][vc_column][vc_column_text]Construir una p\u00e1gina web es todo un [&hellip;]<\/p>\n","protected":false},"author":2,"featured_media":0,"parent":5164,"menu_order":5,"comment_status":"open","ping_status":"closed","template":"","meta":{"footnotes":""},"class_list":["post-5207","page","type-page","status-publish","hentry"],"yoast_head":"<!-- This site is optimized with the Yoast SEO plugin v27.1.1 - https:\/\/yoast.com\/product\/yoast-seo-wordpress\/ -->\n<title>WEB INFO| Dr. Antonio Machado (Bi\u00f3logo)<\/title>\n<meta name=\"description\" content=\"Detalles de la constucci\u00f3n de la p\u00e1gina web del Dr. Antonio Machado: desde la dise\u00f1adora (Elena Machado), al alojamiento, gestor de contenidos, tema y complementos usados.\" \/>\n<meta name=\"robots\" content=\"index, follow, max-snippet:-1, max-image-preview:large, max-video-preview:-1\" \/>\n<link rel=\"canonical\" href=\"https:\/\/www.antoniomachado.net\/es\/miscelanea\/web-info\/\" \/>\n<meta property=\"og:locale\" content=\"es_ES\" \/>\n<meta property=\"og:type\" content=\"article\" \/>\n<meta property=\"og:title\" content=\"WEB INFO| Dr. Antonio Machado (Bi\u00f3logo)\" \/>\n<meta property=\"og:description\" content=\"Detalles de la constucci\u00f3n de la p\u00e1gina web del Dr. Antonio Machado: desde la dise\u00f1adora (Elena Machado), al alojamiento, gestor de contenidos, tema y complementos usados.\" \/>\n<meta property=\"og:url\" content=\"https:\/\/www.antoniomachado.net\/es\/miscelanea\/web-info\/\" \/>\n<meta property=\"og:site_name\" content=\"www.antoniomachado.net\" \/>\n<meta property=\"article:modified_time\" content=\"2024-12-25T21:12:44+00:00\" \/>\n<meta name=\"twitter:card\" content=\"summary_large_image\" \/>\n<meta name=\"twitter:site\" content=\"@laparocerus\" \/>\n<meta name=\"twitter:label1\" content=\"Tiempo de lectura\" \/>\n\t<meta name=\"twitter:data1\" content=\"5 minutos\" \/>\n<script type=\"application\/ld+json\" class=\"yoast-schema-graph\">{\"@context\":\"https:\/\/schema.org\",\"@graph\":[{\"@type\":\"WebPage\",\"@id\":\"https:\/\/www.antoniomachado.net\/es\/miscelanea\/web-info\/\",\"url\":\"https:\/\/www.antoniomachado.net\/es\/miscelanea\/web-info\/\",\"name\":\"WEB INFO| Dr. Antonio Machado (Bi\u00f3logo)\",\"isPartOf\":{\"@id\":\"https:\/\/www.antoniomachado.net\/es\/#website\"},\"datePublished\":\"2015-05-04T10:47:54+00:00\",\"dateModified\":\"2024-12-25T21:12:44+00:00\",\"description\":\"Detalles de la constucci\u00f3n de la p\u00e1gina web del Dr. Antonio Machado: desde la dise\u00f1adora (Elena Machado), al alojamiento, gestor de contenidos, tema y complementos usados.\",\"breadcrumb\":{\"@id\":\"https:\/\/www.antoniomachado.net\/es\/miscelanea\/web-info\/#breadcrumb\"},\"inLanguage\":\"es\",\"potentialAction\":[{\"@type\":\"ReadAction\",\"target\":[\"https:\/\/www.antoniomachado.net\/es\/miscelanea\/web-info\/\"]}]},{\"@type\":\"BreadcrumbList\",\"@id\":\"https:\/\/www.antoniomachado.net\/es\/miscelanea\/web-info\/#breadcrumb\",\"itemListElement\":[{\"@type\":\"ListItem\",\"position\":1,\"name\":\"Portada\",\"item\":\"https:\/\/www.antoniomachado.net\/es\/\"},{\"@type\":\"ListItem\",\"position\":2,\"name\":\"MISCEL\u00c1NEA\",\"item\":\"https:\/\/www.antoniomachado.net\/es\/miscelanea\/\"},{\"@type\":\"ListItem\",\"position\":3,\"name\":\"SOBRE ESTE SITIO WEB\"}]},{\"@type\":\"WebSite\",\"@id\":\"https:\/\/www.antoniomachado.net\/es\/#website\",\"url\":\"https:\/\/www.antoniomachado.net\/es\/\",\"name\":\"www.antoniomachado.net\",\"description\":\"Dr. Antonio Machado. Bi\u00f3logo multiuso (Entomolog\u00eda, Conservaci\u00f3n de la Naturaleza, Pol\u00edtica ambiental, etc.) con sede en las islas Canarias\",\"publisher\":{\"@id\":\"https:\/\/www.antoniomachado.net\/es\/#\/schema\/person\/20d92b6bd913e6447a4599f0a334fe20\"},\"potentialAction\":[{\"@type\":\"SearchAction\",\"target\":{\"@type\":\"EntryPoint\",\"urlTemplate\":\"https:\/\/www.antoniomachado.net\/es\/?s={search_term_string}\"},\"query-input\":{\"@type\":\"PropertyValueSpecification\",\"valueRequired\":true,\"valueName\":\"search_term_string\"}}],\"inLanguage\":\"es\"},{\"@type\":[\"Person\",\"Organization\"],\"@id\":\"https:\/\/www.antoniomachado.net\/es\/#\/schema\/person\/20d92b6bd913e6447a4599f0a334fe20\",\"name\":\"Antonio Machado\",\"image\":{\"@type\":\"ImageObject\",\"inLanguage\":\"es\",\"@id\":\"https:\/\/www.antoniomachado.net\/es\/#\/schema\/person\/image\/\",\"url\":\"https:\/\/www.antoniomachado.net\/wp-content\/uploads\/images\/icons\/avatar_antonio-machado-carrillo.png\",\"contentUrl\":\"https:\/\/www.antoniomachado.net\/wp-content\/uploads\/images\/icons\/avatar_antonio-machado-carrillo.png\",\"width\":320,\"height\":417,\"caption\":\"Antonio Machado\"},\"logo\":{\"@id\":\"https:\/\/www.antoniomachado.net\/es\/#\/schema\/person\/image\/\"},\"description\":\"I am based in Tenerife, one of the Canary Islands, and I am crazy about beetles which are my hobby. However, as a multipurpose professional biologist I have been involved in nature conservation and environmental affairs, teaching Ecology, legal drafting, and other more or less related activities.\",\"sameAs\":[\"http:\/\/www.antoniomachado.net\",\"https:\/\/x.com\/laparocerus\"]}]}<\/script>\n<!-- \/ Yoast SEO plugin. -->","yoast_head_json":{"title":"WEB INFO| Dr. Antonio Machado (Bi\u00f3logo)","description":"Detalles de la constucci\u00f3n de la p\u00e1gina web del Dr. Antonio Machado: desde la dise\u00f1adora (Elena Machado), al alojamiento, gestor de contenidos, tema y complementos usados.","robots":{"index":"index","follow":"follow","max-snippet":"max-snippet:-1","max-image-preview":"max-image-preview:large","max-video-preview":"max-video-preview:-1"},"canonical":"https:\/\/www.antoniomachado.net\/es\/miscelanea\/web-info\/","og_locale":"es_ES","og_type":"article","og_title":"WEB INFO| Dr. Antonio Machado (Bi\u00f3logo)","og_description":"Detalles de la constucci\u00f3n de la p\u00e1gina web del Dr. Antonio Machado: desde la dise\u00f1adora (Elena Machado), al alojamiento, gestor de contenidos, tema y complementos usados.","og_url":"https:\/\/www.antoniomachado.net\/es\/miscelanea\/web-info\/","og_site_name":"www.antoniomachado.net","article_modified_time":"2024-12-25T21:12:44+00:00","twitter_card":"summary_large_image","twitter_site":"@laparocerus","twitter_misc":{"Tiempo de lectura":"5 minutos"},"schema":{"@context":"https:\/\/schema.org","@graph":[{"@type":"WebPage","@id":"https:\/\/www.antoniomachado.net\/es\/miscelanea\/web-info\/","url":"https:\/\/www.antoniomachado.net\/es\/miscelanea\/web-info\/","name":"WEB INFO| Dr. Antonio Machado (Bi\u00f3logo)","isPartOf":{"@id":"https:\/\/www.antoniomachado.net\/es\/#website"},"datePublished":"2015-05-04T10:47:54+00:00","dateModified":"2024-12-25T21:12:44+00:00","description":"Detalles de la constucci\u00f3n de la p\u00e1gina web del Dr. Antonio Machado: desde la dise\u00f1adora (Elena Machado), al alojamiento, gestor de contenidos, tema y complementos usados.","breadcrumb":{"@id":"https:\/\/www.antoniomachado.net\/es\/miscelanea\/web-info\/#breadcrumb"},"inLanguage":"es","potentialAction":[{"@type":"ReadAction","target":["https:\/\/www.antoniomachado.net\/es\/miscelanea\/web-info\/"]}]},{"@type":"BreadcrumbList","@id":"https:\/\/www.antoniomachado.net\/es\/miscelanea\/web-info\/#breadcrumb","itemListElement":[{"@type":"ListItem","position":1,"name":"Portada","item":"https:\/\/www.antoniomachado.net\/es\/"},{"@type":"ListItem","position":2,"name":"MISCEL\u00c1NEA","item":"https:\/\/www.antoniomachado.net\/es\/miscelanea\/"},{"@type":"ListItem","position":3,"name":"SOBRE ESTE SITIO WEB"}]},{"@type":"WebSite","@id":"https:\/\/www.antoniomachado.net\/es\/#website","url":"https:\/\/www.antoniomachado.net\/es\/","name":"www.antoniomachado.net","description":"Dr. Antonio Machado. Bi\u00f3logo multiuso (Entomolog\u00eda, Conservaci\u00f3n de la Naturaleza, Pol\u00edtica ambiental, etc.) con sede en las islas Canarias","publisher":{"@id":"https:\/\/www.antoniomachado.net\/es\/#\/schema\/person\/20d92b6bd913e6447a4599f0a334fe20"},"potentialAction":[{"@type":"SearchAction","target":{"@type":"EntryPoint","urlTemplate":"https:\/\/www.antoniomachado.net\/es\/?s={search_term_string}"},"query-input":{"@type":"PropertyValueSpecification","valueRequired":true,"valueName":"search_term_string"}}],"inLanguage":"es"},{"@type":["Person","Organization"],"@id":"https:\/\/www.antoniomachado.net\/es\/#\/schema\/person\/20d92b6bd913e6447a4599f0a334fe20","name":"Antonio Machado","image":{"@type":"ImageObject","inLanguage":"es","@id":"https:\/\/www.antoniomachado.net\/es\/#\/schema\/person\/image\/","url":"https:\/\/www.antoniomachado.net\/wp-content\/uploads\/images\/icons\/avatar_antonio-machado-carrillo.png","contentUrl":"https:\/\/www.antoniomachado.net\/wp-content\/uploads\/images\/icons\/avatar_antonio-machado-carrillo.png","width":320,"height":417,"caption":"Antonio Machado"},"logo":{"@id":"https:\/\/www.antoniomachado.net\/es\/#\/schema\/person\/image\/"},"description":"I am based in Tenerife, one of the Canary Islands, and I am crazy about beetles which are my hobby. However, as a multipurpose professional biologist I have been involved in nature conservation and environmental affairs, teaching Ecology, legal drafting, and other more or less related activities.","sameAs":["http:\/\/www.antoniomachado.net","https:\/\/x.com\/laparocerus"]}]}},"_links":{"self":[{"href":"https:\/\/www.antoniomachado.net\/es\/wp-json\/wp\/v2\/pages\/5207","targetHints":{"allow":["GET"]}}],"collection":[{"href":"https:\/\/www.antoniomachado.net\/es\/wp-json\/wp\/v2\/pages"}],"about":[{"href":"https:\/\/www.antoniomachado.net\/es\/wp-json\/wp\/v2\/types\/page"}],"author":[{"embeddable":true,"href":"https:\/\/www.antoniomachado.net\/es\/wp-json\/wp\/v2\/users\/2"}],"replies":[{"embeddable":true,"href":"https:\/\/www.antoniomachado.net\/es\/wp-json\/wp\/v2\/comments?post=5207"}],"version-history":[{"count":9,"href":"https:\/\/www.antoniomachado.net\/es\/wp-json\/wp\/v2\/pages\/5207\/revisions"}],"predecessor-version":[{"id":11357,"href":"https:\/\/www.antoniomachado.net\/es\/wp-json\/wp\/v2\/pages\/5207\/revisions\/11357"}],"up":[{"embeddable":true,"href":"https:\/\/www.antoniomachado.net\/es\/wp-json\/wp\/v2\/pages\/5164"}],"wp:attachment":[{"href":"https:\/\/www.antoniomachado.net\/es\/wp-json\/wp\/v2\/media?parent=5207"}],"curies":[{"name":"wp","href":"https:\/\/api.w.org\/{rel}","templated":true}]}}