{"id":6555,"date":"2015-01-15T20:26:57","date_gmt":"2015-01-15T20:26:57","guid":{"rendered":"http:\/\/www.antoniomachado.net\/galerias\/photography\/"},"modified":"2016-07-03T05:57:00","modified_gmt":"2016-07-03T05:57:00","slug":"fotos","status":"publish","type":"page","link":"https:\/\/www.antoniomachado.net\/es\/galerias\/fotos\/","title":{"rendered":"FOTOGRAF\u00cdA"},"content":{"rendered":"<div class=\"wpb-content-wrapper\"><p>[vc_row css=\u00bb.vc_custom_1424804641934{margin-top: 0px !important;margin-bottom: 0px !important;border-top-width: 50px !important;border-bottom-width: 30px !important;padding-top: 50px !important;padding-bottom: 30px !important;}\u00bb][vc_column]<h1 class=\"fac-big-title fac-title text-center\" style=\"color:#dd3333\">FOTOGRAF\u00cdA<\/h1>\n[vc_column_text]<\/p>\n<h5 style=\"text-align: center;\">Para acceder a la galer\u00eda: pincha en la IMAGEN<\/h5>\n<p>[\/vc_column_text][\/vc_column][\/vc_row][vc_row css=\u00bb.vc_custom_1424804641934{margin-top: 0px !important;margin-bottom: 0px !important;border-top-width: 50px !important;border-bottom-width: 30px !important;padding-top: 50px !important;padding-bottom: 30px !important;}\u00bb][vc_column width=\u00bb1\/2&#8243;][vc_text_separator title=\u00bbBICHOS A ESCALA\u00bb title_align=\u00bbseparator_align_left\u00bb color=\u00bbcustom\u00bb accent_color=\u00bb#2a8942&#8243;][vc_single_image image=\u00bb9016&#8243; img_size=\u00bbfull\u00bb alignment=\u00bbcenter\u00bb onclick=\u00bbcustom_link\u00bb img_link_target=\u00bb_blank\u00bb link=\u00bb https:\/\/www.antoniomachado.net\/es\/galerias\/fotos\/insectos-a-escala\u00bb][vc_column_text]Los bichos son, por lo general, muy peque\u00f1os y es necesario ayudarse de una lupa o una c\u00e1mara para desvelar su belleza y detalles a nuestra escala de gigantes. Como dijo Max Barclay en una presentaci\u00f3n TED, aqu\u00e9llos que estudian los escarabajos ven el mundo con m\u00e1s p\u00edxeles. Me encantar\u00eda disponer de m\u00e1s tiempo libre para sacar y compartir fotos de bichos con ustedes. Aqu\u00ed presento unas pocas, para calentar motores. Los protagonistas proceden de las islas Canarias y de la Poloneasia.[\/vc_column_text][\/vc_column][vc_column width=\u00bb1\/2&#8243;][vc_text_separator title=\u00bbMACROFOTOGRAF\u00cdA\u00bb title_align=\u00bbseparator_align_left\u00bb color=\u00bbcustom\u00bb accent_color=\u00bb#2a8942&#8243;][vc_single_image image=\u00bb6885&#8243; img_size=\u00bbfull\u00bb alignment=\u00bbcenter\u00bb onclick=\u00bbcustom_link\u00bb img_link_target=\u00bb_blank\u00bb link=\u00bb https:\/\/www.antoniomachado.net\/es\/galerias\/fotos\/macrofotografia\u00bb][vc_column_text]La fotograf\u00eda digital ha lanzado al mundo de la macro-fotograf\u00eda a l\u00edmites insospechados hace apenas unas d\u00e9cadas. La profundidad de campo, por ejemplo, ha dejado de ser la pesadilla que era (tal vez, la iluminaci\u00f3n, siga si\u00e9ndolo, como siempre). Presento aqu\u00ed algunas fotos de \u00abmi gente\u00bb (escarabajos) para mostrar el m\u00e9todo empleado (abre la galer\u00eda y pincha en el bot\u00f3n de \u00abinfo\u00bb para ver las explicaciones).\u00a0 No soy un experto en este campo, pero he aprendido lo b\u00e1sico con colegas que lo dominan (Dr. St\u00fcben, Liebman, etc.).[\/vc_column_text][\/vc_column][\/vc_row][vc_row css=\u00bb.vc_custom_1424804641934{margin-top: 0px !important;margin-bottom: 0px !important;border-top-width: 50px !important;border-bottom-width: 30px !important;padding-top: 50px !important;padding-bottom: 30px !important;}\u00bb][vc_column][vc_row_inner][vc_column_inner width=\u00bb1\/2&#8243;][vc_text_separator title=\u00bbGUSTO POR LA ENTOMOLOG\u00cdA\u00bb title_align=\u00bbseparator_align_left\u00bb color=\u00bbcustom\u00bb accent_color=\u00bb#2a8942&#8243;][vc_single_image image=\u00bb6879&#8243; img_size=\u00bbfull\u00bb alignment=\u00bbcenter\u00bb onclick=\u00bbcustom_link\u00bb img_link_target=\u00bb_blank\u00bb link=\u00bbhttps:\/\/www.antoniomachado.net\/es\/galerias\/fotos\/gusto-por-la-entomologia\/\u00bb][vc_column_text]Esta galer\u00eda pretende mostrar al mundo laico c\u00f3mo los entom\u00f3logos nos lo pasamos pipa buscando bichos, viajando a lugares ex\u00f3ticos, trepando \u00e1rboles, reptando por tubos volc\u00e1nicos, vareando la vegetaci\u00f3n, tamizando la hojarasca, parando para un tentenpi\u00e9, ech\u00e1ndo una siestecita bajo un mato, distribuyendo los tesoros que capturamos la noche anterior, festejando los nuevos hallazos, visitando museos, rebuscando en las bibliotecas, o identificando alguna especie recalcitrante en nuestro gabinete. En otras palabras, de lo que va el oficio.[\/vc_column_text][\/vc_column_inner][vc_column_inner width=\u00bb1\/2&#8243;][vc_text_separator title=\u00bbCOLEGAS\u00bb title_align=\u00bbseparator_align_left\u00bb color=\u00bbcustom\u00bb accent_color=\u00bb#2a8942&#8243;][vc_single_image image=\u00bb6869&#8243; img_size=\u00bbfull\u00bb alignment=\u00bbcenter\u00bb onclick=\u00bbcustom_link\u00bb img_link_target=\u00bb_blank\u00bb link=\u00bb https:\/\/www.antoniomachado.net\/es\/galerias\/fotos\/colegas\/\u00bb][vc_column_text]Muchas veces conoces a entom\u00f3logos por el nombre que figura junto a los ejemplares que han colectado o por sus publicaciones cient\u00edficas, pero nunca te los has tropezado en persona. Para ayudar a ponerle cara a estos nombres, he reunido fotos de colegas que me han visitado en casa o con los que me he reunido en el campo o en los museos. Se trata de una galer\u00eda privada de entom\u00f3logos interesados en la fauna canaria, o siemplemente en los escarabajos. Algunos de ellos ya no est\u00e1n entre nosotros, aunque su recuerdo perdura para siempre.[\/vc_column_text][\/vc_column_inner][\/vc_row_inner][\/vc_column][\/vc_row][vc_row][vc_column][vc_row_inner][vc_column_inner width=\u00bb1\/2&#8243;][vc_text_separator title=\u00bbSABOR CANARIO\u00bb title_align=\u00bbseparator_align_left\u00bb color=\u00bbcustom\u00bb accent_color=\u00bb#2a8942&#8243;][vc_single_image image=\u00bb6867&#8243; img_size=\u00bbfull\u00bb alignment=\u00bbcenter\u00bb onclick=\u00bbcustom_link\u00bb img_link_target=\u00bb_blank\u00bb link=\u00bb https:\/\/www.antoniomachado.net\/es\/galerias\/fotos\/sabor-canario\u00bb][vc_column_text]Las islas Canarias est\u00e1n situadas en el Atl\u00e1ntico noriental a apenas unos 100 kil\u00f3metros de distancia de la costa sahariana de \u00c1frica. El archipi\u00e9lago recibe unos 12 millones de turistas cada a\u00f1o. S\u00ed, Canarias se ha covertido en una suerte de Meca del turismo europeo y podr\u00e1s encontrar cientos de folletos e im\u00e1genes en Internet. Las fotos que he seleccionado aqu\u00ed pueden darte otra visi\u00f3n y perspectiva de mis islas, ya que las he tomado sin pensar en la publicidad. Un <em>poutpourri<\/em> con sabor canario, sin m\u00e1s pretenciones.[\/vc_column_text][\/vc_column_inner][vc_column_inner width=\u00bb1\/2&#8243;][vc_text_separator title=\u00bbHABITATS DE LAS ISLAS CANARIAS\u00bb title_align=\u00bbseparator_align_left\u00bb color=\u00bbcustom\u00bb accent_color=\u00bb#2a8942&#8243;][vc_single_image image=\u00bb6875&#8243; img_size=\u00bbfull\u00bb alignment=\u00bbcenter\u00bb onclick=\u00bbcustom_link\u00bb img_link_target=\u00bb_blank\u00bb link=\u00bbhttps:\/\/www.antoniomachado.net\/es\/galerias\/fotos\/habitats-canarias\u00bb][vc_column_text]He preparado esta galer\u00eda para el entom\u00f3logo o naturalista for\u00e1neo que quiera hacerse una idea de los h\u00e1bitats naturales que existen en las islas Canarias. Este tipo de im\u00e1genes no suelen mostrarse en los folletos tur\u00edsticos y gu\u00edas de viaje al uso, pero son precisamente las que a m\u00ed me gustar\u00eda ver cuando planifico una expedici\u00f3n a cualquier destino nuevo. El t\u00f3pico de que las islas oce\u00e1nicas (de or\u00edgen volc\u00e1nico) son continentes en miniatura, no es una exageraci\u00f3n.[\/vc_column_text][\/vc_column_inner][\/vc_row_inner][\/vc_column][\/vc_row][vc_row][vc_column][vc_row_inner][vc_column_inner width=\u00bb1\/2&#8243;][vc_text_separator title=\u00bbSANTA CRUZ DE LA PALMA\u00bb title_align=\u00bbseparator_align_left\u00bb color=\u00bbcustom\u00bb accent_color=\u00bb#2a8942&#8243;][vc_single_image image=\u00bb6881&#8243; img_size=\u00bbfull\u00bb alignment=\u00bbcenter\u00bb onclick=\u00bbcustom_link\u00bb img_link_target=\u00bb_blank\u00bb link=\u00bb https:\/\/www.antoniomachado.net\/es\/galerias\/fotos\/santa-cruz-de-la-palma\u00bb][vc_column_text]Santa Cruz de La Palma es la capital de una de las Canarias occidentales. La isla fue conquistada a finales del siglo XV y su capital se convirti\u00f3 en un importante puerto para el tr\u00e1fico mar\u00edtimo entre Europa y el Nuevo Mundo, y fue muy rica en los tiempos de la ca\u00f1a de az\u00facar. Para m\u00ed es una ciudad especial que vive en una burbuja en contacto directo con Dios; una suerte de para\u00edso marginal de \u201cGem\u00fctlichkeit\u201d. Este es mi homenaje.[\/vc_column_text][\/vc_column_inner][vc_column_inner width=\u00bb1\/2&#8243;][vc_text_separator title=\u00bbLA OTRA MACARONESIA\u00bb title_align=\u00bbseparator_align_left\u00bb color=\u00bbcustom\u00bb accent_color=\u00bb#2a8942&#8243;][vc_single_image image=\u00bb6883&#8243; img_size=\u00bbfull\u00bb alignment=\u00bbcenter\u00bb onclick=\u00bbcustom_link\u00bb img_link_target=\u00bb_blank\u00bb link=\u00bb https:\/\/www.antoniomachado.net\/es\/galerias\/fotos\/la-otra-macaronesia\u00bb][vc_column_text]La Macaronesia es el conjunto de archipi\u00e9lagos atl\u00e1nticos formado por las Azores, Madeira y Salvajes (Portugal) , Canarias (Espa\u00f1a) y la Rep\u00fablica de Cabo Verde. Tienen muchas cosas en com\u00fan (su origen volc\u00e1nico, especies vegetales, etc. ), algunas singularidades, y\u00a0 tambi\u00e9n diferencias contrastadas. Muestro aqu\u00ed algunas im\u00e1genes tomadas en la \u00abotra\u00bb Macaronesia (excluida Canarias) para que cada cual juzgue y admire.[\/vc_column_text][\/vc_column_inner][\/vc_row_inner][\/vc_column][\/vc_row][vc_row][vc_column][vc_row_inner][vc_column_inner width=\u00bb1\/2&#8243;][vc_text_separator title=\u00bbEXPEDICI\u00d3N ALTAI\u00bb title_align=\u00bbseparator_align_left\u00bb color=\u00bbcustom\u00bb accent_color=\u00bb#2a8942&#8243;][vc_single_image image=\u00bb6865&#8243; img_size=\u00bbfull\u00bb alignment=\u00bbcenter\u00bb onclick=\u00bbcustom_link\u00bb img_link_target=\u00bb_blank\u00bb link=\u00bbhttps:\/\/www.antoniomachado.net\/es\/galerias\/fotos\/expedicion-altai\/\u00bb][vc_column_text]En el verano de 1996 un grupo de once cient\u00edficos y naturalistas espa\u00f1oles emprendimos una expedici\u00f3n a la Reserva de Altai, ubicada en las \u00abcuatro esquinas de Asia\u00bb: Kazajistan, Mongolia, China y Rusia. Unos fueron a recolectar plantas, otros a disfrutar de ambientes pr\u00edstinos que hoy tanto escasean, y yo fui a buscar bichos e inspiraci\u00f3n en la naturaleza. Espero que esta muestra de im\u00e1genes sirva para dar una idea de c\u00f3mo son este tipo de expediciones.[\/vc_column_text][\/vc_column_inner][vc_column_inner width=\u00bb1\/2&#8243;][vc_text_separator title=\u00bbSOUVENIR DE GALAPAGOS\u00bb title_align=\u00bbseparator_align_left\u00bb color=\u00bbcustom\u00bb accent_color=\u00bb#2a8942&#8243;][vc_single_image image=\u00bb6873&#8243; img_size=\u00bbfull\u00bb alignment=\u00bbcenter\u00bb onclick=\u00bbcustom_link\u00bb img_link_target=\u00bb_blank\u00bb link=\u00bb https:\/\/www.antoniomachado.net\/es\/galerias\/fotos\/souvenirs-de-galapagos\u00bb][vc_column_text]Para un bi\u00f3logo, el archipi\u00e9lago de las Gal\u00e1pagos es un lugar m\u00edtico por m\u00e9rito propio, adem\u00e1s de por la visita de Darwin en el Beagle y el papel que jug\u00f3 en el desarrollo de la teor\u00eda de la evoluci\u00f3n.\u00a0 En 1994, dirig\u00ed un proyecto para la Comisi\u00f3n Europea y el Gobierno de Ecuador, y aprovech\u00e9 para hacer unpeque\u00f1o reportaje fotogr\u00e1fico, pero no s\u00f3lo de los animales y las aves galapague\u00f1as, que son obviamente el gran atractivo de estas islas tan alejadas de cualquier continente.[\/vc_column_text][\/vc_column_inner][\/vc_row_inner][\/vc_column][\/vc_row][vc_row][vc_column][vc_row_inner][vc_column_inner width=\u00bb1\/2&#8243;][vc_text_separator title=\u00bbFAUNA AFRICANA\u00bb title_align=\u00bbseparator_align_left\u00bb color=\u00bbcustom\u00bb accent_color=\u00bb#2a8942&#8243;][vc_single_image image=\u00bb6893&#8243; img_size=\u00bbfull\u00bb alignment=\u00bbcenter\u00bb onclick=\u00bbcustom_link\u00bb img_link_target=\u00bb_blank\u00bb link=\u00bb https:\/\/www.antoniomachado.net\/es\/galerias\/fotos\/fauna-africana\u00bb][vc_column_text]En 1982, realic\u00e9 una misi\u00f3n de conservaci\u00f3n en Mozambique, y despu\u00e9s visit\u00e9 Zimbabwe y la Rep\u00fablica de Sud\u00e1frica (Parque Kruger, p.ej.). En mi tiempo libre (y tambi\u00e9n durante el trabajo) disfrut\u00e9 sacando fotos a los grandes mam\u00edferos y aves de la fauna africana, esos que entonces solo hab\u00eda visto en los libros y documentales. Us\u00e9 una Nikkormat (que conservo) con un teleobjetivo Novoflex de 600 mm montado sobre un bastidor con culata y empu\u00f1adura -como si fuera un arma- d\u00e1ndole cierto <em>glamour<\/em> a la caza fotogr\u00e1fica. He rescatado unas cuantas fotos que a\u00fan mantienen su calidad.[\/vc_column_text][\/vc_column_inner][vc_column_inner width=\u00bb1\/2&#8243;][vc_text_separator title=\u00bbPAISAJES DEL MUNDO\u00bb title_align=\u00bbseparator_align_left\u00bb color=\u00bbcustom\u00bb accent_color=\u00bb#2a8942&#8243;][vc_single_image image=\u00bb6891&#8243; img_size=\u00bbfull\u00bb alignment=\u00bbcenter\u00bb onclick=\u00bbcustom_link\u00bb img_link_target=\u00bb_blank\u00bb link=\u00bb https:\/\/www.antoniomachado.net\/es\/galerias\/fotos\/el-mundo\/\u00bb][vc_column_text]Cuando viajo suelo sacar fotos para documentar la misi\u00f3n asignada, para ayudarme a recordar los lugares, o simplemente por gusto. Mi hija Elena me ha propuesto que seleccione una muestra de im\u00e1genes que cuenten algo de los lugares visitados y su gente. El problema es que la mayor\u00eda de las fotos fueron hechas en los tiempos de la fotograf\u00eda convencional (con pel\u00edcula Agfachrome 50S), y la calidad de las diapositivas ha sufrido con el tiempo y los hongos. Hemos escaneado las mejores y hecho maravillas con Photoshop. Quizas algunas tambi\u00e9n te evoquen recuerdos a t\u00ed.[\/vc_column_text][\/vc_column_inner][\/vc_row_inner][\/vc_column][\/vc_row][vc_row][vc_column][vc_row_inner][vc_column_inner width=\u00bb1\/2&#8243;][vc_text_separator title=\u00bbD\u00cdA DE LOS INOCENTES\u00bb title_align=\u00bbseparator_align_left\u00bb color=\u00bbcustom\u00bb accent_color=\u00bb#2a8942&#8243;][vc_single_image image=\u00bb6871&#8243; img_size=\u00bbfull\u00bb alignment=\u00bbcenter\u00bb onclick=\u00bbcustom_link\u00bb img_link_target=\u00bb_blank\u00bb link=\u00bbhttps:\/\/www.antoniomachado.net\/es\/galerias\/fotos\/inocentadas\/\u00bb][vc_column_text]En Espa\u00f1a celebramos el d\u00eda de los Inocentes el 28 de diciembre, cuyo equivalente anglosaj\u00f3n es el <em>April Fools&#8217; Day<\/em>. He recopilado aqu\u00ed algunas de los \u00abmontajes\u00bb (y making off) que hicimos para ilustrar y dar credibilidad a las inocentadas que un grupo de guasones publicamos en la prensa local a lo largo de varios a\u00f1os. La inocentadas se pueden consultar (en PDF)\u00a0 en la secci\u00f3n <a title=\"SOCIETY\" href=\"https:\/\/www.antoniomachado.net\/es\/produccion\/sociedad\/\">Producci\u00f3n \/ Sociedad)<\/a>, al igual que el libro recopilatorio publicado en comandita con Santiago R\u00edos, c\u00f3mplice principal.[\/vc_column_text][\/vc_column_inner][vc_column_inner width=\u00bb1\/2&#8243;][\/vc_column_inner][\/vc_row_inner][\/vc_column][\/vc_row]<\/p>\n<\/div>","protected":false},"excerpt":{"rendered":"<p>[vc_row css=\u00bb.vc_custom_1424804641934{margin-top: 0px !important;margin-bottom: 0px !important;border-top-width: 50px !important;border-bottom-width: 30px !important;padding-top: 50px !important;padding-bottom: 30px !important;}\u00bb][vc_column][vc_column_text] Para acceder a la galer\u00eda: pincha [&hellip;]<\/p>\n","protected":false},"author":1,"featured_media":0,"parent":5163,"menu_order":2,"comment_status":"open","ping_status":"closed","template":"page-pagebuilder.php","meta":{"footnotes":""},"class_list":["post-6555","page","type-page","status-publish","hentry"],"yoast_head":"<!-- This site is optimized with the Yoast SEO plugin v27.1.1 - https:\/\/yoast.com\/product\/yoast-seo-wordpress\/ -->\n<title>FOTOS - Galer\u00eda | Dr. Antonio Machado Carrillo<\/title>\n<meta name=\"description\" content=\"Galer\u00eda de fotos del Dr. Antonio Machado Carrillo: Insectos, Entomolog\u00eda, habitats canarios, paisajes del mundo... \u00a9 Antonio Machado Carrillo\" \/>\n<meta name=\"robots\" content=\"index, follow, max-snippet:-1, max-image-preview:large, max-video-preview:-1\" \/>\n<link rel=\"canonical\" href=\"https:\/\/www.antoniomachado.net\/es\/galerias\/fotos\/\" \/>\n<meta property=\"og:locale\" content=\"es_ES\" \/>\n<meta property=\"og:type\" content=\"article\" \/>\n<meta property=\"og:title\" content=\"FOTOS - Galer\u00eda | Dr. Antonio Machado Carrillo\" \/>\n<meta property=\"og:description\" content=\"Galer\u00eda de fotos del Dr. Antonio Machado Carrillo: Insectos, Entomolog\u00eda, habitats canarios, paisajes del mundo... \u00a9 Antonio Machado Carrillo\" \/>\n<meta property=\"og:url\" content=\"https:\/\/www.antoniomachado.net\/es\/galerias\/fotos\/\" \/>\n<meta property=\"og:site_name\" content=\"www.antoniomachado.net\" \/>\n<meta property=\"article:modified_time\" content=\"2016-07-03T05:57:00+00:00\" \/>\n<meta name=\"twitter:card\" content=\"summary_large_image\" \/>\n<meta name=\"twitter:site\" content=\"@laparocerus\" \/>\n<meta name=\"twitter:label1\" content=\"Tiempo de lectura\" \/>\n\t<meta name=\"twitter:data1\" content=\"6 minutos\" \/>\n<script type=\"application\/ld+json\" class=\"yoast-schema-graph\">{\"@context\":\"https:\/\/schema.org\",\"@graph\":[{\"@type\":\"WebPage\",\"@id\":\"https:\/\/www.antoniomachado.net\/es\/galerias\/fotos\/\",\"url\":\"https:\/\/www.antoniomachado.net\/es\/galerias\/fotos\/\",\"name\":\"FOTOS - Galer\u00eda | Dr. Antonio Machado Carrillo\",\"isPartOf\":{\"@id\":\"https:\/\/www.antoniomachado.net\/es\/#website\"},\"datePublished\":\"2015-01-15T20:26:57+00:00\",\"dateModified\":\"2016-07-03T05:57:00+00:00\",\"description\":\"Galer\u00eda de fotos del Dr. Antonio Machado Carrillo: Insectos, Entomolog\u00eda, habitats canarios, paisajes del mundo... \u00a9 Antonio Machado Carrillo\",\"breadcrumb\":{\"@id\":\"https:\/\/www.antoniomachado.net\/es\/galerias\/fotos\/#breadcrumb\"},\"inLanguage\":\"es\",\"potentialAction\":[{\"@type\":\"ReadAction\",\"target\":[\"https:\/\/www.antoniomachado.net\/es\/galerias\/fotos\/\"]}]},{\"@type\":\"BreadcrumbList\",\"@id\":\"https:\/\/www.antoniomachado.net\/es\/galerias\/fotos\/#breadcrumb\",\"itemListElement\":[{\"@type\":\"ListItem\",\"position\":1,\"name\":\"Portada\",\"item\":\"https:\/\/www.antoniomachado.net\/es\/\"},{\"@type\":\"ListItem\",\"position\":2,\"name\":\"GALER\u00cdAS\",\"item\":\"https:\/\/www.antoniomachado.net\/es\/galerias\/\"},{\"@type\":\"ListItem\",\"position\":3,\"name\":\"FOTOGRAF\u00cdA\"}]},{\"@type\":\"WebSite\",\"@id\":\"https:\/\/www.antoniomachado.net\/es\/#website\",\"url\":\"https:\/\/www.antoniomachado.net\/es\/\",\"name\":\"www.antoniomachado.net\",\"description\":\"Dr. Antonio Machado. Bi\u00f3logo multiuso (Entomolog\u00eda, Conservaci\u00f3n de la Naturaleza, Pol\u00edtica ambiental, etc.) con sede en las islas Canarias\",\"publisher\":{\"@id\":\"https:\/\/www.antoniomachado.net\/es\/#\/schema\/person\/20d92b6bd913e6447a4599f0a334fe20\"},\"potentialAction\":[{\"@type\":\"SearchAction\",\"target\":{\"@type\":\"EntryPoint\",\"urlTemplate\":\"https:\/\/www.antoniomachado.net\/es\/?s={search_term_string}\"},\"query-input\":{\"@type\":\"PropertyValueSpecification\",\"valueRequired\":true,\"valueName\":\"search_term_string\"}}],\"inLanguage\":\"es\"},{\"@type\":[\"Person\",\"Organization\"],\"@id\":\"https:\/\/www.antoniomachado.net\/es\/#\/schema\/person\/20d92b6bd913e6447a4599f0a334fe20\",\"name\":\"Antonio Machado\",\"image\":{\"@type\":\"ImageObject\",\"inLanguage\":\"es\",\"@id\":\"https:\/\/www.antoniomachado.net\/es\/#\/schema\/person\/image\/\",\"url\":\"https:\/\/www.antoniomachado.net\/wp-content\/uploads\/images\/icons\/avatar_antonio-machado-carrillo.png\",\"contentUrl\":\"https:\/\/www.antoniomachado.net\/wp-content\/uploads\/images\/icons\/avatar_antonio-machado-carrillo.png\",\"width\":320,\"height\":417,\"caption\":\"Antonio Machado\"},\"logo\":{\"@id\":\"https:\/\/www.antoniomachado.net\/es\/#\/schema\/person\/image\/\"},\"description\":\"I am based in Tenerife, one of the Canary Islands, and I am crazy about beetles which are my hobby. However, as a multipurpose professional biologist I have been involved in nature conservation and environmental affairs, teaching Ecology, legal drafting, and other more or less related activities.\",\"sameAs\":[\"http:\/\/www.antoniomachado.net\",\"https:\/\/x.com\/laparocerus\"]}]}<\/script>\n<!-- \/ Yoast SEO plugin. -->","yoast_head_json":{"title":"FOTOS - Galer\u00eda | Dr. Antonio Machado Carrillo","description":"Galer\u00eda de fotos del Dr. Antonio Machado Carrillo: Insectos, Entomolog\u00eda, habitats canarios, paisajes del mundo... \u00a9 Antonio Machado Carrillo","robots":{"index":"index","follow":"follow","max-snippet":"max-snippet:-1","max-image-preview":"max-image-preview:large","max-video-preview":"max-video-preview:-1"},"canonical":"https:\/\/www.antoniomachado.net\/es\/galerias\/fotos\/","og_locale":"es_ES","og_type":"article","og_title":"FOTOS - Galer\u00eda | Dr. Antonio Machado Carrillo","og_description":"Galer\u00eda de fotos del Dr. Antonio Machado Carrillo: Insectos, Entomolog\u00eda, habitats canarios, paisajes del mundo... \u00a9 Antonio Machado Carrillo","og_url":"https:\/\/www.antoniomachado.net\/es\/galerias\/fotos\/","og_site_name":"www.antoniomachado.net","article_modified_time":"2016-07-03T05:57:00+00:00","twitter_card":"summary_large_image","twitter_site":"@laparocerus","twitter_misc":{"Tiempo de lectura":"6 minutos"},"schema":{"@context":"https:\/\/schema.org","@graph":[{"@type":"WebPage","@id":"https:\/\/www.antoniomachado.net\/es\/galerias\/fotos\/","url":"https:\/\/www.antoniomachado.net\/es\/galerias\/fotos\/","name":"FOTOS - Galer\u00eda | Dr. Antonio Machado Carrillo","isPartOf":{"@id":"https:\/\/www.antoniomachado.net\/es\/#website"},"datePublished":"2015-01-15T20:26:57+00:00","dateModified":"2016-07-03T05:57:00+00:00","description":"Galer\u00eda de fotos del Dr. Antonio Machado Carrillo: Insectos, Entomolog\u00eda, habitats canarios, paisajes del mundo... \u00a9 Antonio Machado Carrillo","breadcrumb":{"@id":"https:\/\/www.antoniomachado.net\/es\/galerias\/fotos\/#breadcrumb"},"inLanguage":"es","potentialAction":[{"@type":"ReadAction","target":["https:\/\/www.antoniomachado.net\/es\/galerias\/fotos\/"]}]},{"@type":"BreadcrumbList","@id":"https:\/\/www.antoniomachado.net\/es\/galerias\/fotos\/#breadcrumb","itemListElement":[{"@type":"ListItem","position":1,"name":"Portada","item":"https:\/\/www.antoniomachado.net\/es\/"},{"@type":"ListItem","position":2,"name":"GALER\u00cdAS","item":"https:\/\/www.antoniomachado.net\/es\/galerias\/"},{"@type":"ListItem","position":3,"name":"FOTOGRAF\u00cdA"}]},{"@type":"WebSite","@id":"https:\/\/www.antoniomachado.net\/es\/#website","url":"https:\/\/www.antoniomachado.net\/es\/","name":"www.antoniomachado.net","description":"Dr. Antonio Machado. Bi\u00f3logo multiuso (Entomolog\u00eda, Conservaci\u00f3n de la Naturaleza, Pol\u00edtica ambiental, etc.) con sede en las islas Canarias","publisher":{"@id":"https:\/\/www.antoniomachado.net\/es\/#\/schema\/person\/20d92b6bd913e6447a4599f0a334fe20"},"potentialAction":[{"@type":"SearchAction","target":{"@type":"EntryPoint","urlTemplate":"https:\/\/www.antoniomachado.net\/es\/?s={search_term_string}"},"query-input":{"@type":"PropertyValueSpecification","valueRequired":true,"valueName":"search_term_string"}}],"inLanguage":"es"},{"@type":["Person","Organization"],"@id":"https:\/\/www.antoniomachado.net\/es\/#\/schema\/person\/20d92b6bd913e6447a4599f0a334fe20","name":"Antonio Machado","image":{"@type":"ImageObject","inLanguage":"es","@id":"https:\/\/www.antoniomachado.net\/es\/#\/schema\/person\/image\/","url":"https:\/\/www.antoniomachado.net\/wp-content\/uploads\/images\/icons\/avatar_antonio-machado-carrillo.png","contentUrl":"https:\/\/www.antoniomachado.net\/wp-content\/uploads\/images\/icons\/avatar_antonio-machado-carrillo.png","width":320,"height":417,"caption":"Antonio Machado"},"logo":{"@id":"https:\/\/www.antoniomachado.net\/es\/#\/schema\/person\/image\/"},"description":"I am based in Tenerife, one of the Canary Islands, and I am crazy about beetles which are my hobby. However, as a multipurpose professional biologist I have been involved in nature conservation and environmental affairs, teaching Ecology, legal drafting, and other more or less related activities.","sameAs":["http:\/\/www.antoniomachado.net","https:\/\/x.com\/laparocerus"]}]}},"_links":{"self":[{"href":"https:\/\/www.antoniomachado.net\/es\/wp-json\/wp\/v2\/pages\/6555","targetHints":{"allow":["GET"]}}],"collection":[{"href":"https:\/\/www.antoniomachado.net\/es\/wp-json\/wp\/v2\/pages"}],"about":[{"href":"https:\/\/www.antoniomachado.net\/es\/wp-json\/wp\/v2\/types\/page"}],"author":[{"embeddable":true,"href":"https:\/\/www.antoniomachado.net\/es\/wp-json\/wp\/v2\/users\/1"}],"replies":[{"embeddable":true,"href":"https:\/\/www.antoniomachado.net\/es\/wp-json\/wp\/v2\/comments?post=6555"}],"version-history":[{"count":1,"href":"https:\/\/www.antoniomachado.net\/es\/wp-json\/wp\/v2\/pages\/6555\/revisions"}],"predecessor-version":[{"id":11418,"href":"https:\/\/www.antoniomachado.net\/es\/wp-json\/wp\/v2\/pages\/6555\/revisions\/11418"}],"up":[{"embeddable":true,"href":"https:\/\/www.antoniomachado.net\/es\/wp-json\/wp\/v2\/pages\/5163"}],"wp:attachment":[{"href":"https:\/\/www.antoniomachado.net\/es\/wp-json\/wp\/v2\/media?parent=6555"}],"curies":[{"name":"wp","href":"https:\/\/api.w.org\/{rel}","templated":true}]}}