{"id":6678,"date":"2015-06-23T17:19:50","date_gmt":"2015-06-23T17:19:50","guid":{"rendered":"http:\/\/www.antoniomachado.net\/actividades\/conservacion\/album-de-fotos-asesor-ambiental\/"},"modified":"2015-06-27T16:17:15","modified_gmt":"2015-06-27T16:17:15","slug":"album-de-fotos-asesor-ambiental","status":"publish","type":"page","link":"https:\/\/www.antoniomachado.net\/es\/actividades\/conservacion\/album-de-fotos-asesor-ambiental\/","title":{"rendered":"Album de fotos: Asesor ambiental"},"content":{"rendered":"<div class=\"wpb-content-wrapper\"><p>[vc_row css=\u00bb.vc_custom_1435077888841{margin-top: 0px !important;margin-bottom: 0px !important;border-top-width: 40px !important;border-bottom-width: 30px !important;padding-top: 40px !important;padding-bottom: 30px !important;}\u00bb][vc_column]<h1 class=\"fac-title text-center\" style=\"color:#2a8942\">Album de fotos: Asesor de Presidencia<\/h1>\n[\/vc_column][\/vc_row][vc_row full_width=\u00bb\u00bb parallax=\u00bb\u00bb parallax_image=\u00bb\u00bb el_id=\u00bb\u00bb][vc_column width=\u00bb2\/3&#8243;][vc_single_image image=\u00bb6104&#8243; border_color=\u00bbgrey\u00bb img_link_large=\u00bbyes\u00bb img_link_target=\u00bb_self\u00bb img_size=\u00bbfull\u00bb][\/vc_column][vc_column width=\u00bb1\/3&#8243;][vc_column_text]<strong>Gabinete del Presidente Fernando Fern\u00e1ndez y personal de Presidencia (1988)<\/strong><\/p>\n<p>(1) Vicente \u00c1lvarez Gil. (2) Presidente Fernando Fern\u00e1ndez. (3) Mariano L\u00f3pez Palacios. (4) Arturo Trujillo. (5) Francisco, oficial mayor. (6) Felipe, conductor. (7) Fernando C\u00e1mara. (8) Juli\u00e1n, conductor. (9) Olga, telefonista. (9) Gregorio, escolta. (11) Luis, ordenanza. (12) Juani, secretaria. (13) Fernanda Fern\u00e1ndez. (14) Elena Mu\u00f1oz. (15) Delia, secretaria. (16) Juan Jes\u00fas P\u00e9rez. (17) Ana Alicia, secretaria. (18) Jos\u00e9 Arturo Navarro. (19) Jero, secretaria. (20) Aizquel, secretaria. (21) Oscar Izquierdo. (22) Carolina, secretaria. (23) Javier, escolta. (24) Rosi, secretaria. (25) Narciso, asesor. (26) Eli, secretaria. (27) Juan, conductor. (27) Miguel, conductor. (29). Fernando C\u00e1mara.[\/vc_column_text][\/vc_column][\/vc_row][vc_row full_width=\u00bb\u00bb parallax=\u00bb\u00bb parallax_image=\u00bb\u00bb el_id=\u00bb\u00bb][vc_column width=\u00bb2\/3&#8243;][vc_single_image image=\u00bb6106&#8243; border_color=\u00bbgrey\u00bb img_link_large=\u00bbyes\u00bb img_link_target=\u00bb_self\u00bb img_size=\u00bbfull\u00bb][\/vc_column][vc_column width=\u00bb1\/3&#8243;][vc_column_text]<strong>Sesi\u00f3n de trabajo con el Presidente Olarte (1998)<\/strong><\/p>\n<p>De izquierda a derecha:<\/p>\n<ul>\n<li>Antonio Machado Carrillo (Asesor)<\/li>\n<li>Jos\u00e9 Miguel Gonz\u00e1lez Hern\u00e1ndez (Consejero)<\/li>\n<li>Lorenzo Olarte Cullen (Presidente)<\/li>\n<li>Augusto Menvielle Laccourreye (Consejero)<\/li>\n<li>V\u00edctor P\u00e9rez Borrego (Director General)<\/li>\n<li>Manuel D\u00edaz Cruz (Servicio de Medio Ambiente)<\/li>\n<\/ul>\n<p>[\/vc_column_text][\/vc_column][\/vc_row][vc_row full_width=\u00bb\u00bb parallax=\u00bb\u00bb parallax_image=\u00bb\u00bb el_id=\u00bb\u00bb][vc_column width=\u00bb2\/3&#8243;][vc_single_image image=\u00bb6114&#8243; border_color=\u00bbgrey\u00bb img_link_large=\u00bbyes\u00bb img_link_target=\u00bb_self\u00bb img_size=\u00bbfull\u00bb][\/vc_column][vc_column width=\u00bb1\/3&#8243;][vc_column_text css_animation=\u00bb\u00bb]<strong>Charla con el Dr. Iwand (1990)<\/strong><\/p>\n<p>El Dr. Iwand era un alto ejecutivo de la TUI (touroperador alem\u00e1n) para asuntos ambientales. Colaboramos en mejorar la calidad del turismo que acced\u00eda a Canarias y su comportamiento ambiental, as\u00ed como en elevar el &#8216;list\u00f3n ambiental&#8217; para los hoteles de las Islas.[\/vc_column_text][\/vc_column][\/vc_row][vc_row full_width=\u00bb\u00bb parallax=\u00bb\u00bb parallax_image=\u00bb\u00bb][vc_column width=\u00bb2\/3&#8243;][vc_single_image image=\u00bb6108&#8243; border_color=\u00bbgrey\u00bb img_link_large=\u00bbyes\u00bb img_link_target=\u00bb_self\u00bb img_size=\u00bbfull\u00bb][\/vc_column][vc_column width=\u00bb1\/3&#8243;][vc_column_text]<strong>El equipo F\u00e9nix (1990-1991) <\/strong><\/p>\n<p>Este el el equipo que dirig\u00ed con ocasi\u00f3n del Proyecto F\u00e9nix, de revisi\u00f3n de todas las \u00e1reas protegidas de Canarias.<\/p>\n<ul>\n<li lang=\"es-TRAD\">Jos\u00e9 Luis Mart\u00edn Esquivel (Bi\u00f3logo)<\/li>\n<li lang=\"es-TRAD\">Jorge Bonnet Fern\u00e1ndez Trujillo (Biol\u00f3logo)<\/li>\n<li lang=\"es-TRAD\">M\u00aa del Carmen Redondo Rojas (Ge\u00f3grafa)<\/li>\n<li lang=\"es-TRAD\">V\u00edctor Mart\u00edn Mart\u00edn (Ge\u00f3grafo)<\/li>\n<li lang=\"es-TRAD\">Jos\u00e9 Miguel Palaz\u00f3n L\u00f3pez (Delineante)<\/li>\n<li lang=\"es-TRAD\">Carmen Rocha Gonz\u00e1lez (Delineante)<\/li>\n<li lang=\"es-TRAD\">Isabel Garc\u00eda Fern\u00e1ndez (Auxiliar)<\/li>\n<\/ul>\n<p>[\/vc_column_text][\/vc_column][\/vc_row][vc_row full_width=\u00bb\u00bb parallax=\u00bb\u00bb parallax_image=\u00bb\u00bb el_id=\u00bb\u00bb][vc_column width=\u00bb2\/3&#8243;][vc_single_image image=\u00bb6102&#8243; border_color=\u00bbgrey\u00bb img_link_large=\u00bbyes\u00bb img_link_target=\u00bb_self\u00bb img_size=\u00bbfull\u00bb][\/vc_column][vc_column width=\u00bb1\/3&#8243;][vc_column_text]<strong>C\u00e9sar Manrique Award Ceremony (2005)<\/strong><\/p>\n<p>En 2005, el Gobierno de Canaris tuvo a bien otorgarme el Premio C\u00e9sar Manrique por mis logros profesionales en el campo ambiental. Durante la ceremonia, el Consejero de Pol\u00edtica Territorial y Medio Ambiente, Domingo Berriel, me hace entrega de la escultura, que representa el cr\u00e1neo de una mula (<a href=\"https:\/\/www.antoniomachado.net\/wp-content\/uploads\/images\/blogimage\/blog_premio-cesar-manrique.jpg\">ver foto)<\/a>.<\/p>\n<p>Puerto de La Cruz, 11 May 2005[\/vc_column_text][\/vc_column][\/vc_row]<\/p>\n<\/div>","protected":false},"excerpt":{"rendered":"<p>[vc_row css=\u00bb.vc_custom_1435077888841{margin-top: 0px !important;margin-bottom: 0px !important;border-top-width: 40px !important;border-bottom-width: 30px !important;padding-top: 40px !important;padding-bottom: 30px !important;}\u00bb][vc_column][\/vc_column][\/vc_row][vc_row full_width=\u00bb\u00bb parallax=\u00bb\u00bb parallax_image=\u00bb\u00bb el_id=\u00bb\u00bb][vc_column width=\u00bb2\/3&#8243;][vc_single_image image=\u00bb6104&#8243; [&hellip;]<\/p>\n","protected":false},"author":1,"featured_media":0,"parent":4914,"menu_order":3,"comment_status":"open","ping_status":"open","template":"page-pagebuilder.php","meta":{"footnotes":""},"class_list":["post-6678","page","type-page","status-publish","hentry"],"yoast_head":"<!-- This site is optimized with the Yoast SEO plugin v27.1.1 - https:\/\/yoast.com\/product\/yoast-seo-wordpress\/ -->\n<title>ALBUM DE FOTOS - Asesor ambiental| Dr. Antonio Machado<\/title>\n<meta name=\"description\" content=\"Algunas fotos del Dr. Antonio Machado vinculadas su etapa como asesor ambiental del Gobierno de Canarias\" \/>\n<meta name=\"robots\" content=\"index, follow, max-snippet:-1, max-image-preview:large, max-video-preview:-1\" \/>\n<link rel=\"canonical\" href=\"https:\/\/www.antoniomachado.net\/es\/actividades\/conservacion\/album-de-fotos-asesor-ambiental\/\" \/>\n<meta property=\"og:locale\" content=\"es_ES\" \/>\n<meta property=\"og:type\" content=\"article\" \/>\n<meta property=\"og:title\" content=\"ALBUM DE FOTOS - Asesor ambiental| Dr. Antonio Machado\" \/>\n<meta property=\"og:description\" content=\"Algunas fotos del Dr. Antonio Machado vinculadas su etapa como asesor ambiental del Gobierno de Canarias\" \/>\n<meta property=\"og:url\" content=\"https:\/\/www.antoniomachado.net\/es\/actividades\/conservacion\/album-de-fotos-asesor-ambiental\/\" \/>\n<meta property=\"og:site_name\" content=\"www.antoniomachado.net\" \/>\n<meta property=\"article:modified_time\" content=\"2015-06-27T16:17:15+00:00\" \/>\n<meta name=\"twitter:card\" content=\"summary_large_image\" \/>\n<meta name=\"twitter:site\" content=\"@laparocerus\" \/>\n<meta name=\"twitter:label1\" content=\"Tiempo de lectura\" \/>\n\t<meta name=\"twitter:data1\" content=\"3 minutos\" \/>\n<script type=\"application\/ld+json\" class=\"yoast-schema-graph\">{\"@context\":\"https:\/\/schema.org\",\"@graph\":[{\"@type\":\"WebPage\",\"@id\":\"https:\/\/www.antoniomachado.net\/es\/actividades\/conservacion\/album-de-fotos-asesor-ambiental\/\",\"url\":\"https:\/\/www.antoniomachado.net\/es\/actividades\/conservacion\/album-de-fotos-asesor-ambiental\/\",\"name\":\"ALBUM DE FOTOS - Asesor ambiental| Dr. Antonio Machado\",\"isPartOf\":{\"@id\":\"https:\/\/www.antoniomachado.net\/es\/#website\"},\"datePublished\":\"2015-06-23T17:19:50+00:00\",\"dateModified\":\"2015-06-27T16:17:15+00:00\",\"description\":\"Algunas fotos del Dr. Antonio Machado vinculadas su etapa como asesor ambiental del Gobierno de Canarias\",\"breadcrumb\":{\"@id\":\"https:\/\/www.antoniomachado.net\/es\/actividades\/conservacion\/album-de-fotos-asesor-ambiental\/#breadcrumb\"},\"inLanguage\":\"es\",\"potentialAction\":[{\"@type\":\"ReadAction\",\"target\":[\"https:\/\/www.antoniomachado.net\/es\/actividades\/conservacion\/album-de-fotos-asesor-ambiental\/\"]}]},{\"@type\":\"BreadcrumbList\",\"@id\":\"https:\/\/www.antoniomachado.net\/es\/actividades\/conservacion\/album-de-fotos-asesor-ambiental\/#breadcrumb\",\"itemListElement\":[{\"@type\":\"ListItem\",\"position\":1,\"name\":\"Portada\",\"item\":\"https:\/\/www.antoniomachado.net\/es\/\"},{\"@type\":\"ListItem\",\"position\":2,\"name\":\"ACTIVIDADES\",\"item\":\"https:\/\/www.antoniomachado.net\/es\/actividades\/\"},{\"@type\":\"ListItem\",\"position\":3,\"name\":\"CONSERVACI\u00d3N\",\"item\":\"https:\/\/www.antoniomachado.net\/es\/actividades\/conservacion\/\"},{\"@type\":\"ListItem\",\"position\":4,\"name\":\"Album de fotos: Asesor ambiental\"}]},{\"@type\":\"WebSite\",\"@id\":\"https:\/\/www.antoniomachado.net\/es\/#website\",\"url\":\"https:\/\/www.antoniomachado.net\/es\/\",\"name\":\"www.antoniomachado.net\",\"description\":\"Dr. Antonio Machado. Bi\u00f3logo multiuso (Entomolog\u00eda, Conservaci\u00f3n de la Naturaleza, Pol\u00edtica ambiental, etc.) con sede en las islas Canarias\",\"publisher\":{\"@id\":\"https:\/\/www.antoniomachado.net\/es\/#\/schema\/person\/20d92b6bd913e6447a4599f0a334fe20\"},\"potentialAction\":[{\"@type\":\"SearchAction\",\"target\":{\"@type\":\"EntryPoint\",\"urlTemplate\":\"https:\/\/www.antoniomachado.net\/es\/?s={search_term_string}\"},\"query-input\":{\"@type\":\"PropertyValueSpecification\",\"valueRequired\":true,\"valueName\":\"search_term_string\"}}],\"inLanguage\":\"es\"},{\"@type\":[\"Person\",\"Organization\"],\"@id\":\"https:\/\/www.antoniomachado.net\/es\/#\/schema\/person\/20d92b6bd913e6447a4599f0a334fe20\",\"name\":\"Antonio Machado\",\"image\":{\"@type\":\"ImageObject\",\"inLanguage\":\"es\",\"@id\":\"https:\/\/www.antoniomachado.net\/es\/#\/schema\/person\/image\/\",\"url\":\"https:\/\/www.antoniomachado.net\/wp-content\/uploads\/images\/icons\/avatar_antonio-machado-carrillo.png\",\"contentUrl\":\"https:\/\/www.antoniomachado.net\/wp-content\/uploads\/images\/icons\/avatar_antonio-machado-carrillo.png\",\"width\":320,\"height\":417,\"caption\":\"Antonio Machado\"},\"logo\":{\"@id\":\"https:\/\/www.antoniomachado.net\/es\/#\/schema\/person\/image\/\"},\"description\":\"I am based in Tenerife, one of the Canary Islands, and I am crazy about beetles which are my hobby. However, as a multipurpose professional biologist I have been involved in nature conservation and environmental affairs, teaching Ecology, legal drafting, and other more or less related activities.\",\"sameAs\":[\"http:\/\/www.antoniomachado.net\",\"https:\/\/x.com\/laparocerus\"]}]}<\/script>\n<!-- \/ Yoast SEO plugin. -->","yoast_head_json":{"title":"ALBUM DE FOTOS - Asesor ambiental| Dr. Antonio Machado","description":"Algunas fotos del Dr. Antonio Machado vinculadas su etapa como asesor ambiental del Gobierno de Canarias","robots":{"index":"index","follow":"follow","max-snippet":"max-snippet:-1","max-image-preview":"max-image-preview:large","max-video-preview":"max-video-preview:-1"},"canonical":"https:\/\/www.antoniomachado.net\/es\/actividades\/conservacion\/album-de-fotos-asesor-ambiental\/","og_locale":"es_ES","og_type":"article","og_title":"ALBUM DE FOTOS - Asesor ambiental| Dr. Antonio Machado","og_description":"Algunas fotos del Dr. Antonio Machado vinculadas su etapa como asesor ambiental del Gobierno de Canarias","og_url":"https:\/\/www.antoniomachado.net\/es\/actividades\/conservacion\/album-de-fotos-asesor-ambiental\/","og_site_name":"www.antoniomachado.net","article_modified_time":"2015-06-27T16:17:15+00:00","twitter_card":"summary_large_image","twitter_site":"@laparocerus","twitter_misc":{"Tiempo de lectura":"3 minutos"},"schema":{"@context":"https:\/\/schema.org","@graph":[{"@type":"WebPage","@id":"https:\/\/www.antoniomachado.net\/es\/actividades\/conservacion\/album-de-fotos-asesor-ambiental\/","url":"https:\/\/www.antoniomachado.net\/es\/actividades\/conservacion\/album-de-fotos-asesor-ambiental\/","name":"ALBUM DE FOTOS - Asesor ambiental| Dr. Antonio Machado","isPartOf":{"@id":"https:\/\/www.antoniomachado.net\/es\/#website"},"datePublished":"2015-06-23T17:19:50+00:00","dateModified":"2015-06-27T16:17:15+00:00","description":"Algunas fotos del Dr. Antonio Machado vinculadas su etapa como asesor ambiental del Gobierno de Canarias","breadcrumb":{"@id":"https:\/\/www.antoniomachado.net\/es\/actividades\/conservacion\/album-de-fotos-asesor-ambiental\/#breadcrumb"},"inLanguage":"es","potentialAction":[{"@type":"ReadAction","target":["https:\/\/www.antoniomachado.net\/es\/actividades\/conservacion\/album-de-fotos-asesor-ambiental\/"]}]},{"@type":"BreadcrumbList","@id":"https:\/\/www.antoniomachado.net\/es\/actividades\/conservacion\/album-de-fotos-asesor-ambiental\/#breadcrumb","itemListElement":[{"@type":"ListItem","position":1,"name":"Portada","item":"https:\/\/www.antoniomachado.net\/es\/"},{"@type":"ListItem","position":2,"name":"ACTIVIDADES","item":"https:\/\/www.antoniomachado.net\/es\/actividades\/"},{"@type":"ListItem","position":3,"name":"CONSERVACI\u00d3N","item":"https:\/\/www.antoniomachado.net\/es\/actividades\/conservacion\/"},{"@type":"ListItem","position":4,"name":"Album de fotos: Asesor ambiental"}]},{"@type":"WebSite","@id":"https:\/\/www.antoniomachado.net\/es\/#website","url":"https:\/\/www.antoniomachado.net\/es\/","name":"www.antoniomachado.net","description":"Dr. Antonio Machado. Bi\u00f3logo multiuso (Entomolog\u00eda, Conservaci\u00f3n de la Naturaleza, Pol\u00edtica ambiental, etc.) con sede en las islas Canarias","publisher":{"@id":"https:\/\/www.antoniomachado.net\/es\/#\/schema\/person\/20d92b6bd913e6447a4599f0a334fe20"},"potentialAction":[{"@type":"SearchAction","target":{"@type":"EntryPoint","urlTemplate":"https:\/\/www.antoniomachado.net\/es\/?s={search_term_string}"},"query-input":{"@type":"PropertyValueSpecification","valueRequired":true,"valueName":"search_term_string"}}],"inLanguage":"es"},{"@type":["Person","Organization"],"@id":"https:\/\/www.antoniomachado.net\/es\/#\/schema\/person\/20d92b6bd913e6447a4599f0a334fe20","name":"Antonio Machado","image":{"@type":"ImageObject","inLanguage":"es","@id":"https:\/\/www.antoniomachado.net\/es\/#\/schema\/person\/image\/","url":"https:\/\/www.antoniomachado.net\/wp-content\/uploads\/images\/icons\/avatar_antonio-machado-carrillo.png","contentUrl":"https:\/\/www.antoniomachado.net\/wp-content\/uploads\/images\/icons\/avatar_antonio-machado-carrillo.png","width":320,"height":417,"caption":"Antonio Machado"},"logo":{"@id":"https:\/\/www.antoniomachado.net\/es\/#\/schema\/person\/image\/"},"description":"I am based in Tenerife, one of the Canary Islands, and I am crazy about beetles which are my hobby. However, as a multipurpose professional biologist I have been involved in nature conservation and environmental affairs, teaching Ecology, legal drafting, and other more or less related activities.","sameAs":["http:\/\/www.antoniomachado.net","https:\/\/x.com\/laparocerus"]}]}},"_links":{"self":[{"href":"https:\/\/www.antoniomachado.net\/es\/wp-json\/wp\/v2\/pages\/6678","targetHints":{"allow":["GET"]}}],"collection":[{"href":"https:\/\/www.antoniomachado.net\/es\/wp-json\/wp\/v2\/pages"}],"about":[{"href":"https:\/\/www.antoniomachado.net\/es\/wp-json\/wp\/v2\/types\/page"}],"author":[{"embeddable":true,"href":"https:\/\/www.antoniomachado.net\/es\/wp-json\/wp\/v2\/users\/1"}],"replies":[{"embeddable":true,"href":"https:\/\/www.antoniomachado.net\/es\/wp-json\/wp\/v2\/comments?post=6678"}],"version-history":[{"count":0,"href":"https:\/\/www.antoniomachado.net\/es\/wp-json\/wp\/v2\/pages\/6678\/revisions"}],"up":[{"embeddable":true,"href":"https:\/\/www.antoniomachado.net\/es\/wp-json\/wp\/v2\/pages\/4914"}],"wp:attachment":[{"href":"https:\/\/www.antoniomachado.net\/es\/wp-json\/wp\/v2\/media?parent=6678"}],"curies":[{"name":"wp","href":"https:\/\/api.w.org\/{rel}","templated":true}]}}