{"id":6703,"date":"2015-06-23T17:00:52","date_gmt":"2015-06-23T17:00:52","guid":{"rendered":"http:\/\/www.antoniomachado.net\/actividades\/conservacion\/album-de-fotos-ecnc\/"},"modified":"2015-06-23T17:00:52","modified_gmt":"2015-06-23T17:00:52","slug":"album-de-fotos-ecnc","status":"publish","type":"page","link":"https:\/\/www.antoniomachado.net\/es\/actividades\/conservacion\/album-de-fotos-ecnc\/","title":{"rendered":"Album de fotos &#8211; ECNC"},"content":{"rendered":"<div class=\"wpb-content-wrapper\"><p>[vc_row full_width=\u00bb\u00bb parallax=\u00bb\u00bb parallax_image=\u00bb\u00bb][vc_column width=\u00bb1\/1&#8243;]<h1 class=\"fac-title text-center\" style=\"color:#2a8942\">Album de fotos - ECNC<\/h1>\n[\/vc_column][\/vc_row][vc_row css=\u00bb.vc_custom_1435077888841{margin-top: 0px !important;margin-bottom: 0px !important;border-top-width: 40px !important;border-bottom-width: 30px !important;padding-top: 40px !important;padding-bottom: 30px !important;}\u00bb][vc_column][vc_row_inner][vc_column_inner el_class=\u00bb\u00bb width=\u00bb1\/1&#8243;][vc_single_image image=\u00bb6698&#8243; border_color=\u00bbgrey\u00bb img_link_large=\u00bbyes\u00bb img_link_target=\u00bb_self\u00bb img_size=\u00bbfull\u00bb][vc_column_text]<strong>El Patronato del ECNC en 1994 (Tilburg, Pa\u00edses Bajos)<\/strong><\/p>\n<p>Fila trasera: : Peter Nowicki (Gestor de Proyectos del ECNC), Jean Rammeloo (Tesorero), Giovanni Amori (Italia), Henno Muntingh (Pa\u00edses Bajos), J. Heinz (Alemania), K.A. Gerakis (Gracia), Edward Idle (Reino Unido), A. Szujecki (Polonia), and \u00d6don R\u00e1dai (Hungr\u00eda)- Fila delantera: Robert Wolters (Director ECNC), Albert Klingenberg\u00a0 \u2020 (Vice-Presidente), Antonio Machado (Presidente), Frits Prilevitz (Director Ejecutivo ECNC)), and Jan Cerovsky (UICN).[\/vc_column_text][\/vc_column_inner][\/vc_row_inner][\/vc_column][\/vc_row][vc_row full_width=\u00bb\u00bb parallax=\u00bb\u00bb parallax_image=\u00bb\u00bb el_id=\u00bb\u00bb][vc_column width=\u00bb2\/3&#8243;][vc_single_image image=\u00bb6038&#8243; alignment=\u00bb\u00bb style=\u00bb\u00bb border_color=\u00bbgrey\u00bb img_link_large=\u00bbyes\u00bb img_link_target=\u00bb_self\u00bb css_animation=\u00bb\u00bb img_size=\u00bbfull\u00bb][\/vc_column][vc_column width=\u00bb1\/3&#8243;][vc_column_text css_animation=\u00bb\u00bb]<strong>Reuni\u00f3n en la sede del ECNC en Tilburg (1995)<\/strong><\/p>\n<p>Mr. Jan Cerovsky, representante de la UICN, y el Dr. Albert Klinkenberg (Vicepresidente) discutiendo el documento &#8216;<em>Moving Forward<\/em>\u00bb que prepar\u00e9, y el papel del Consejo Cient\u00edfico del ECNC.[\/vc_column_text][\/vc_column][\/vc_row][vc_row full_width=\u00bb\u00bb parallax=\u00bb\u00bb parallax_image=\u00bb\u00bb el_id=\u00bb\u00bb][vc_column width=\u00bb2\/3&#8243;][vc_single_image image=\u00bb6040&#8243; border_color=\u00bbgrey\u00bb img_link_large=\u00bbyes\u00bb img_link_target=\u00bb_self\u00bb img_size=\u00bbfull\u00bb][\/vc_column][vc_column width=\u00bb1\/3&#8243;][vc_column_text]<strong>Miembros del Patronato en el Jard\u00edn Bot\u00e1nico Nacional de B\u00e9lgica<\/strong><\/p>\n<p>Presidente Antonio Machado, Tesorero Jan Ramelloo, y Vice-Presidente y fundador del ECNC, Albert Klinkenberg. Despu\u00e9s de la sesi\u00f3n del patronato, Jan nos mostr\u00f3 el Jard\u00edn Bot\u00e1nico, del que es Director.<\/p>\n<p>Meise, November, 1995[\/vc_column_text][\/vc_column][\/vc_row][vc_row full_width=\u00bb\u00bb parallax=\u00bb\u00bb parallax_image=\u00bb\u00bb el_id=\u00bb\u00bb][vc_column width=\u00bb2\/3&#8243;][vc_single_image image=\u00bb6042&#8243; border_color=\u00bbgrey\u00bb img_link_large=\u00bbyes\u00bb img_link_target=\u00bb_self\u00bb img_size=\u00bbfull\u00bb][\/vc_column][vc_column width=\u00bb1\/3&#8243;][vc_column_text]<strong>Cambio en la Presidencia del ECNC<\/strong><\/p>\n<p>Junto con Sir Brian Unwin (ex-Presidente del Banco Europeo de Inversiones <span class=\"pod-value\">1993-99) listo para aceptar la Presidencia del ECNC.<\/span><\/p>\n<p><span class=\"pod-value\">Tenerife, Puerto de la Cruz, 2001.\u00a0 <\/span>[\/vc_column_text][vc_single_image image=\u00bb248&#8243; border_color=\u00bbgrey\u00bb img_link_large=\u00bb\u00bb img_link_target=\u00bb_self\u00bb img_size=\u00bbmedium\u00bb][\/vc_column][\/vc_row]<\/p>\n<\/div>","protected":false},"excerpt":{"rendered":"<p>[vc_row full_width=\u00bb\u00bb parallax=\u00bb\u00bb parallax_image=\u00bb\u00bb][vc_column width=\u00bb1\/1&#8243;][\/vc_column][\/vc_row][vc_row css=\u00bb.vc_custom_1435077888841{margin-top: 0px !important;margin-bottom: 0px !important;border-top-width: 40px !important;border-bottom-width: 30px !important;padding-top: 40px !important;padding-bottom: 30px !important;}\u00bb][vc_column][vc_row_inner][vc_column_inner el_class=\u00bb\u00bb width=\u00bb1\/1&#8243;][vc_single_image [&hellip;]<\/p>\n","protected":false},"author":1,"featured_media":0,"parent":4914,"menu_order":2,"comment_status":"open","ping_status":"open","template":"page-pagebuilder.php","meta":{"footnotes":""},"class_list":["post-6703","page","type-page","status-publish","hentry"],"yoast_head":"<!-- This site is optimized with the Yoast SEO plugin v27.1.1 - https:\/\/yoast.com\/product\/yoast-seo-wordpress\/ -->\n<title>ECNC album de fotos | Centro Europeo de Conservaci\u00f3n de la Naturaleza<\/title>\n<meta name=\"description\" content=\"Fotos del patronato del Centro Europeo de Conservaci\u00f3n de la Naturaleza ECNC\" \/>\n<meta name=\"robots\" content=\"index, follow, max-snippet:-1, max-image-preview:large, max-video-preview:-1\" \/>\n<link rel=\"canonical\" href=\"https:\/\/www.antoniomachado.net\/es\/actividades\/conservacion\/album-de-fotos-ecnc\/\" \/>\n<meta property=\"og:locale\" content=\"es_ES\" \/>\n<meta property=\"og:type\" content=\"article\" \/>\n<meta property=\"og:title\" content=\"ECNC album de fotos | Centro Europeo de Conservaci\u00f3n de la Naturaleza\" \/>\n<meta property=\"og:description\" content=\"Fotos del patronato del Centro Europeo de Conservaci\u00f3n de la Naturaleza ECNC\" \/>\n<meta property=\"og:url\" content=\"https:\/\/www.antoniomachado.net\/es\/actividades\/conservacion\/album-de-fotos-ecnc\/\" \/>\n<meta property=\"og:site_name\" content=\"www.antoniomachado.net\" \/>\n<meta name=\"twitter:card\" content=\"summary_large_image\" \/>\n<meta name=\"twitter:site\" content=\"@laparocerus\" \/>\n<meta name=\"twitter:label1\" content=\"Tiempo de lectura\" \/>\n\t<meta name=\"twitter:data1\" content=\"2 minutos\" \/>\n<script type=\"application\/ld+json\" class=\"yoast-schema-graph\">{\"@context\":\"https:\/\/schema.org\",\"@graph\":[{\"@type\":\"WebPage\",\"@id\":\"https:\/\/www.antoniomachado.net\/es\/actividades\/conservacion\/album-de-fotos-ecnc\/\",\"url\":\"https:\/\/www.antoniomachado.net\/es\/actividades\/conservacion\/album-de-fotos-ecnc\/\",\"name\":\"ECNC album de fotos | Centro Europeo de Conservaci\u00f3n de la Naturaleza\",\"isPartOf\":{\"@id\":\"https:\/\/www.antoniomachado.net\/es\/#website\"},\"datePublished\":\"2015-06-23T17:00:52+00:00\",\"description\":\"Fotos del patronato del Centro Europeo de Conservaci\u00f3n de la Naturaleza ECNC\",\"breadcrumb\":{\"@id\":\"https:\/\/www.antoniomachado.net\/es\/actividades\/conservacion\/album-de-fotos-ecnc\/#breadcrumb\"},\"inLanguage\":\"es\",\"potentialAction\":[{\"@type\":\"ReadAction\",\"target\":[\"https:\/\/www.antoniomachado.net\/es\/actividades\/conservacion\/album-de-fotos-ecnc\/\"]}]},{\"@type\":\"BreadcrumbList\",\"@id\":\"https:\/\/www.antoniomachado.net\/es\/actividades\/conservacion\/album-de-fotos-ecnc\/#breadcrumb\",\"itemListElement\":[{\"@type\":\"ListItem\",\"position\":1,\"name\":\"Portada\",\"item\":\"https:\/\/www.antoniomachado.net\/es\/\"},{\"@type\":\"ListItem\",\"position\":2,\"name\":\"ACTIVIDADES\",\"item\":\"https:\/\/www.antoniomachado.net\/es\/actividades\/\"},{\"@type\":\"ListItem\",\"position\":3,\"name\":\"CONSERVACI\u00d3N\",\"item\":\"https:\/\/www.antoniomachado.net\/es\/actividades\/conservacion\/\"},{\"@type\":\"ListItem\",\"position\":4,\"name\":\"Album de fotos &#8211; ECNC\"}]},{\"@type\":\"WebSite\",\"@id\":\"https:\/\/www.antoniomachado.net\/es\/#website\",\"url\":\"https:\/\/www.antoniomachado.net\/es\/\",\"name\":\"www.antoniomachado.net\",\"description\":\"Dr. Antonio Machado. Bi\u00f3logo multiuso (Entomolog\u00eda, Conservaci\u00f3n de la Naturaleza, Pol\u00edtica ambiental, etc.) con sede en las islas Canarias\",\"publisher\":{\"@id\":\"https:\/\/www.antoniomachado.net\/es\/#\/schema\/person\/20d92b6bd913e6447a4599f0a334fe20\"},\"potentialAction\":[{\"@type\":\"SearchAction\",\"target\":{\"@type\":\"EntryPoint\",\"urlTemplate\":\"https:\/\/www.antoniomachado.net\/es\/?s={search_term_string}\"},\"query-input\":{\"@type\":\"PropertyValueSpecification\",\"valueRequired\":true,\"valueName\":\"search_term_string\"}}],\"inLanguage\":\"es\"},{\"@type\":[\"Person\",\"Organization\"],\"@id\":\"https:\/\/www.antoniomachado.net\/es\/#\/schema\/person\/20d92b6bd913e6447a4599f0a334fe20\",\"name\":\"Antonio Machado\",\"image\":{\"@type\":\"ImageObject\",\"inLanguage\":\"es\",\"@id\":\"https:\/\/www.antoniomachado.net\/es\/#\/schema\/person\/image\/\",\"url\":\"https:\/\/www.antoniomachado.net\/wp-content\/uploads\/images\/icons\/avatar_antonio-machado-carrillo.png\",\"contentUrl\":\"https:\/\/www.antoniomachado.net\/wp-content\/uploads\/images\/icons\/avatar_antonio-machado-carrillo.png\",\"width\":320,\"height\":417,\"caption\":\"Antonio Machado\"},\"logo\":{\"@id\":\"https:\/\/www.antoniomachado.net\/es\/#\/schema\/person\/image\/\"},\"description\":\"I am based in Tenerife, one of the Canary Islands, and I am crazy about beetles which are my hobby. However, as a multipurpose professional biologist I have been involved in nature conservation and environmental affairs, teaching Ecology, legal drafting, and other more or less related activities.\",\"sameAs\":[\"http:\/\/www.antoniomachado.net\",\"https:\/\/x.com\/laparocerus\"]}]}<\/script>\n<!-- \/ Yoast SEO plugin. -->","yoast_head_json":{"title":"ECNC album de fotos | Centro Europeo de Conservaci\u00f3n de la Naturaleza","description":"Fotos del patronato del Centro Europeo de Conservaci\u00f3n de la Naturaleza ECNC","robots":{"index":"index","follow":"follow","max-snippet":"max-snippet:-1","max-image-preview":"max-image-preview:large","max-video-preview":"max-video-preview:-1"},"canonical":"https:\/\/www.antoniomachado.net\/es\/actividades\/conservacion\/album-de-fotos-ecnc\/","og_locale":"es_ES","og_type":"article","og_title":"ECNC album de fotos | Centro Europeo de Conservaci\u00f3n de la Naturaleza","og_description":"Fotos del patronato del Centro Europeo de Conservaci\u00f3n de la Naturaleza ECNC","og_url":"https:\/\/www.antoniomachado.net\/es\/actividades\/conservacion\/album-de-fotos-ecnc\/","og_site_name":"www.antoniomachado.net","twitter_card":"summary_large_image","twitter_site":"@laparocerus","twitter_misc":{"Tiempo de lectura":"2 minutos"},"schema":{"@context":"https:\/\/schema.org","@graph":[{"@type":"WebPage","@id":"https:\/\/www.antoniomachado.net\/es\/actividades\/conservacion\/album-de-fotos-ecnc\/","url":"https:\/\/www.antoniomachado.net\/es\/actividades\/conservacion\/album-de-fotos-ecnc\/","name":"ECNC album de fotos | Centro Europeo de Conservaci\u00f3n de la Naturaleza","isPartOf":{"@id":"https:\/\/www.antoniomachado.net\/es\/#website"},"datePublished":"2015-06-23T17:00:52+00:00","description":"Fotos del patronato del Centro Europeo de Conservaci\u00f3n de la Naturaleza ECNC","breadcrumb":{"@id":"https:\/\/www.antoniomachado.net\/es\/actividades\/conservacion\/album-de-fotos-ecnc\/#breadcrumb"},"inLanguage":"es","potentialAction":[{"@type":"ReadAction","target":["https:\/\/www.antoniomachado.net\/es\/actividades\/conservacion\/album-de-fotos-ecnc\/"]}]},{"@type":"BreadcrumbList","@id":"https:\/\/www.antoniomachado.net\/es\/actividades\/conservacion\/album-de-fotos-ecnc\/#breadcrumb","itemListElement":[{"@type":"ListItem","position":1,"name":"Portada","item":"https:\/\/www.antoniomachado.net\/es\/"},{"@type":"ListItem","position":2,"name":"ACTIVIDADES","item":"https:\/\/www.antoniomachado.net\/es\/actividades\/"},{"@type":"ListItem","position":3,"name":"CONSERVACI\u00d3N","item":"https:\/\/www.antoniomachado.net\/es\/actividades\/conservacion\/"},{"@type":"ListItem","position":4,"name":"Album de fotos &#8211; ECNC"}]},{"@type":"WebSite","@id":"https:\/\/www.antoniomachado.net\/es\/#website","url":"https:\/\/www.antoniomachado.net\/es\/","name":"www.antoniomachado.net","description":"Dr. Antonio Machado. Bi\u00f3logo multiuso (Entomolog\u00eda, Conservaci\u00f3n de la Naturaleza, Pol\u00edtica ambiental, etc.) con sede en las islas Canarias","publisher":{"@id":"https:\/\/www.antoniomachado.net\/es\/#\/schema\/person\/20d92b6bd913e6447a4599f0a334fe20"},"potentialAction":[{"@type":"SearchAction","target":{"@type":"EntryPoint","urlTemplate":"https:\/\/www.antoniomachado.net\/es\/?s={search_term_string}"},"query-input":{"@type":"PropertyValueSpecification","valueRequired":true,"valueName":"search_term_string"}}],"inLanguage":"es"},{"@type":["Person","Organization"],"@id":"https:\/\/www.antoniomachado.net\/es\/#\/schema\/person\/20d92b6bd913e6447a4599f0a334fe20","name":"Antonio Machado","image":{"@type":"ImageObject","inLanguage":"es","@id":"https:\/\/www.antoniomachado.net\/es\/#\/schema\/person\/image\/","url":"https:\/\/www.antoniomachado.net\/wp-content\/uploads\/images\/icons\/avatar_antonio-machado-carrillo.png","contentUrl":"https:\/\/www.antoniomachado.net\/wp-content\/uploads\/images\/icons\/avatar_antonio-machado-carrillo.png","width":320,"height":417,"caption":"Antonio Machado"},"logo":{"@id":"https:\/\/www.antoniomachado.net\/es\/#\/schema\/person\/image\/"},"description":"I am based in Tenerife, one of the Canary Islands, and I am crazy about beetles which are my hobby. However, as a multipurpose professional biologist I have been involved in nature conservation and environmental affairs, teaching Ecology, legal drafting, and other more or less related activities.","sameAs":["http:\/\/www.antoniomachado.net","https:\/\/x.com\/laparocerus"]}]}},"_links":{"self":[{"href":"https:\/\/www.antoniomachado.net\/es\/wp-json\/wp\/v2\/pages\/6703","targetHints":{"allow":["GET"]}}],"collection":[{"href":"https:\/\/www.antoniomachado.net\/es\/wp-json\/wp\/v2\/pages"}],"about":[{"href":"https:\/\/www.antoniomachado.net\/es\/wp-json\/wp\/v2\/types\/page"}],"author":[{"embeddable":true,"href":"https:\/\/www.antoniomachado.net\/es\/wp-json\/wp\/v2\/users\/1"}],"replies":[{"embeddable":true,"href":"https:\/\/www.antoniomachado.net\/es\/wp-json\/wp\/v2\/comments?post=6703"}],"version-history":[{"count":0,"href":"https:\/\/www.antoniomachado.net\/es\/wp-json\/wp\/v2\/pages\/6703\/revisions"}],"up":[{"embeddable":true,"href":"https:\/\/www.antoniomachado.net\/es\/wp-json\/wp\/v2\/pages\/4914"}],"wp:attachment":[{"href":"https:\/\/www.antoniomachado.net\/es\/wp-json\/wp\/v2\/media?parent=6703"}],"curies":[{"name":"wp","href":"https:\/\/api.w.org\/{rel}","templated":true}]}}