{"id":6753,"date":"2015-06-23T17:42:55","date_gmt":"2015-06-23T17:42:55","guid":{"rendered":"http:\/\/www.antoniomachado.net\/actividades\/conservacion\/album-de-fotos-icona\/"},"modified":"2015-06-28T18:21:49","modified_gmt":"2015-06-28T18:21:49","slug":"album-de-fotos-icona","status":"publish","type":"page","link":"https:\/\/www.antoniomachado.net\/es\/actividades\/conservacion\/album-de-fotos-icona\/","title":{"rendered":"Album de fotos &#8211; ICONA"},"content":{"rendered":"<div class=\"wpb-content-wrapper\"><p>[vc_row css=\u00bb.vc_custom_1435077888841{margin-top: 0px !important;margin-bottom: 0px !important;border-top-width: 40px !important;border-bottom-width: 30px !important;padding-top: 40px !important;padding-bottom: 30px !important;}\u00bb][vc_column]<h1 class=\"fac-title text-center\" style=\"color:#2a8942\">Album de fotos - ICONA<\/h1>\n[\/vc_column][\/vc_row][vc_row full_width=\u00bb\u00bb parallax=\u00bb\u00bb parallax_image=\u00bb\u00bb][vc_column width=\u00bb1\/1&#8243;][vc_single_image image=\u00bb6056&#8243; border_color=\u00bbgrey\u00bb img_link_large=\u00bb\u00bb img_link_target=\u00bb_self\u00bb img_size=\u00bbfull\u00bb][vc_column_text]<strong>Mi primer equipo en ICONA &#8211; Servicio biol\u00f3gico de la Jefatura Provincial de S\/C de Tenerife (1981) <\/strong><\/p>\n<p>Antonio Machado (con 27 a\u00f1os), Carlos Hern\u00e1ndez-Rubio (fot\u00f3grafo), Fernando Dom\u00ednguez (bi\u00f3logo), Isabel Nogales (delineante), and Mary Carmen Lajarriaga (secretaria), con un guirre (<em>Neophron percnopterus <\/em>) detr\u00e1s. Foto en el Vivero Forestal del ICONA en La Laguna, Tenerife.[\/vc_column_text][\/vc_column][\/vc_row][vc_row full_width=\u00bb\u00bb parallax=\u00bb\u00bb parallax_image=\u00bb\u00bb el_id=\u00bb\u00bb][vc_column width=\u00bb1\/1&#8243;][vc_single_image image=\u00bb6054&#8243; border_color=\u00bbgrey\u00bb img_link_large=\u00bb\u00bb img_link_target=\u00bb_self\u00bb img_size=\u00bbfull\u00bb][vc_column_text]<strong>Visita del Com\u00edt\u00e9 de Cooperaci\u00f3n Hispano &#8211; Norteamericano al Parque Nacional de Garajonay, en La Gomera (1979)<\/strong><\/p>\n<p>(1) Jos\u00e9 Miguel Gonz\u00e1lez. (2) hija de los Sres. Hillmom. (3) Isidoro S\u00e1nchez. (4) J.B. Hillmom. (5) Sra. Hillmon. (6) Robert T. Milne. (7) Ross Holland. (8) Larry Mason. (9) Terry Workerstofer. ( 10) Javier de Nicol\u00e1s. (11) Keith Emmerson. (12) Fernando Barrientos. (13) Jos\u00e9 Luis Aboal. (14) Lito Plasencia, Presidente del Cabildo Insular de La Gomera. (15) Juan Nogales. (16) Maximiliano Elegido. ( 17) Francisco Ortu\u00f1o. (18) Antonio Machado. (19) Ricardo Pascual. (20) Gage Skinner, y (21) Gloria Pino.[\/vc_column_text][\/vc_column][\/vc_row][vc_row full_width=\u00bb\u00bb parallax=\u00bb\u00bb parallax_image=\u00bb\u00bb el_id=\u00bb\u00bb][vc_column width=\u00bb1\/1&#8243;][vc_single_image image=\u00bb6058&#8243; alignment=\u00bb\u00bb style=\u00bb\u00bb border_color=\u00bbgrey\u00bb img_link_large=\u00bb\u00bb img_link_target=\u00bb_self\u00bb css_animation=\u00bb\u00bb img_size=\u00bbfull\u00bb][vc_column_text css_animation=\u00bb\u00bb]<strong>Equipo USA de cooperaci\u00f3n en el Parque Nacional Timanfaya National Park (1979) <\/strong><\/p>\n<p><span style=\"color: #ff0000;\">De izquierda a derecha:<\/span>: Isidoro S\u00e1nchez (ICONA), Gordon Atking (US. Outdoor Recreation Service), Eugene Kriedler (US Fish &amp; Wildlife Service), Bob Sottlemeyer (US National Park Service), Jos\u00e9 Miguel Gonz\u00e1lez (ICONA), Bill Edwards (US Forest Service), and Juan Notales (ICONA). Los colegas norteamericanos nos ayudaron con la planificaci\u00f3n de los parques nacionales del Teide y Garajonay. [\/vc_column_text][\/vc_column][\/vc_row][vc_row full_width=\u00bb\u00bb parallax=\u00bb\u00bb parallax_image=\u00bb\u00bb el_id=\u00bb\u00bb][vc_column width=\u00bb1\/1&#8243;][vc_single_image image=\u00bb6066&#8243; border_color=\u00bbgrey\u00bb img_link_large=\u00bb\u00bb img_link_target=\u00bb_self\u00bb img_size=\u00bbfull\u00bb][vc_column_text]<strong>Primer Patronato del Parque Nacional del Teide National despu\u00e9s de su reclasificaci\u00f3n (1982) <\/strong><\/p>\n<p>(1) Teleforo Bravo. (2) Jos\u00e9 Mar\u00eda Gale\u00e1n. (3) Ignacio Garc\u00eda talavera. (4) Juan Nogales. (5) Jes\u00fas Rebollo. (6) Alfonso Soriano. (7) Jos\u00e9 Miguel Gonz\u00e1lez. (8) Francisco S\u00e1nchez. (9) Vicente Ara\u00f1a, y (10) Antonio Machado.[\/vc_column_text][\/vc_column][\/vc_row][vc_row full_width=\u00bb\u00bb parallax=\u00bb\u00bb parallax_image=\u00bb\u00bb el_id=\u00bb\u00bb][vc_column width=\u00bb1\/1&#8243;][vc_single_image image=\u00bb6052&#8243; border_color=\u00bbgrey\u00bb img_link_large=\u00bbyes\u00bb img_link_target=\u00bb_self\u00bb img_size=\u00bbfull\u00bb][vc_column_text]<strong>Celebraci\u00f3n de la constituci\u00f3n del Patronato del Parque Nacional del Teide (March, 1982) <\/strong><\/p>\n<p>Foto en la entrada del Cento de Visitantes del Portillo: (1) Leoncio. (2) Gaspar Gonz\u00e1lez. (3) Ruperto Marrero. (4) Javier Pacheco. (5) \u00c1ngel Lafuente. (6) Francisco Ayala. (7) Mat\u00edas Hern\u00e1ndez. (8) Vicente \u00c1lvarez. (9) Pedro Elejabeitia. (10) Rafael Su\u00e1rez. (11) Francisco Montesdeoca. (12) Vicente Ara\u00f1a. (13) Jos\u00e9 Antonio Orama. (14) Manuel Fern\u00e1ndez-Galv\u00e1n. (15) Crist\u00f3bal Rodr\u00edguez. (16) Jorge Bonnet. (17) P.A. Fuente. (18) Jos\u00e9 Mar\u00eda Gale\u00e1n. (19) Francisco Ucelay. (20) Juan Jos\u00e9 Bacallado. (21) Antonio Machado. ( 22) Opelio Rodr\u00edguez. (23) Juan del Castillo. (25) Gavino Jim\u00e9nez. (26) Jos\u00e9 Manuel de Pablos. ( 28) Antonio Castro. (29) Ignacio Garc\u00eda-Talavera. (30) Alonso Arroyo. (31) Antonio Daroca. (32) J. A. Pardellas. (33) Telesforo Bravo. (35) Ignacio Ballar\u00edn. (38) Juan Nogales. (39) Paco Barreda. (40) Jes\u00fas Rebollo. (41) Francisco S\u00e1nchez (Alcalde La Orotava). (43) Jos\u00e9 Miguel Galv\u00e1n. (44) Carmelo M\u00e9ndez. (45) Carlos Silva. (46) Alfonso Soriano. (47) Antonio Cerd\u00e1. (48) Jos\u00e9 Segura. (49) Jos\u00e9 Miguel Gonz\u00e1lez. (50) Francisco S\u00e1nchez (IAC). (51) Arturo Trujillo. (53) Jos\u00e9 Sainz de Oiza. (54) Emilio Luque. (55) Matilde Cabrera. (55) Luciano Morales.[\/vc_column_text][\/vc_column][\/vc_row][vc_row full_width=\u00bb\u00bb parallax=\u00bb\u00bb parallax_image=\u00bb\u00bb][vc_column width=\u00bb1\/1&#8243;][vc_single_image image=\u00bb6068&#8243; border_color=\u00bbgrey\u00bb img_link_large=\u00bb\u00bb img_link_target=\u00bb_self\u00bb img_size=\u00bbfull\u00bb][vc_column_text]<strong>\u201cParques Iberoamerica 92\u201d Cooperation Group at Teide National Park (Dec. 1989). <\/strong><\/p>\n<p><span style=\"color: #ff0000;\">De pie<\/span>: Francisco Rodr\u00edguez (ICONA), Alonso Matamoros (Costa Rica), Jos\u00e9 Vasconcelhos (Portugal),\u00a0 Jorge Bonnet (ICONA),Isidoro S\u00e1nchez (ICONA), Antonio Machado (ICONA), Mario Gabald\u00f3n (Venezuela), V\u00edctor Pulido (Per\u00fa),\u00a0 Douglas Cuillard (USA), Manuel Ben\u00edtez (El Salvador) y Antonio Perera (CUBA). <span style=\"color: #ff0000;\">Agachados<\/span>: Ken Thelen (FAO), Carlos Casta\u00f1os (Colombia),\u00a0 Juan Manuel de Benito (ICONA), y Felipe Matos (UPAZ), [\/vc_column_text][\/vc_column][\/vc_row][vc_row full_width=\u00bb\u00bb parallax=\u00bb\u00bb parallax_image=\u00bb\u00bb][vc_column width=\u00bb1\/1&#8243;][vc_media_grid style=\u00bball\u00bb items_per_page=\u00bb10&#8243; element_width=\u00bb4&#8243; gap=\u00bb5&#8243; button_style=\u00bbrounded\u00bb button_color=\u00bbblue\u00bb button_size=\u00bbmd\u00bb arrows_design=\u00bbnone\u00bb arrows_position=\u00bbinside\u00bb arrows_color=\u00bbblue\u00bb paging_design=\u00bbradio_dots\u00bb paging_color=\u00bbgrey\u00bb loop=\u00bb\u00bb autoplay=\u00bb-1&#8243; item=\u00bbmediaGrid_SlideOutCaption\u00bb grid_id=\u00bbvc_gid:1435503231956-955fc868-2041-8&#8243; include=\u00bb6064,6048,6050,6062,6060,6046&#8243;][\/vc_column][\/vc_row]<\/p>\n<\/div>","protected":false},"excerpt":{"rendered":"<p>[vc_row css=\u00bb.vc_custom_1435077888841{margin-top: 0px !important;margin-bottom: 0px !important;border-top-width: 40px !important;border-bottom-width: 30px !important;padding-top: 40px !important;padding-bottom: 30px !important;}\u00bb][vc_column][\/vc_column][\/vc_row][vc_row full_width=\u00bb\u00bb parallax=\u00bb\u00bb parallax_image=\u00bb\u00bb][vc_column width=\u00bb1\/1&#8243;][vc_single_image image=\u00bb6056&#8243; border_color=\u00bbgrey\u00bb [&hellip;]<\/p>\n","protected":false},"author":1,"featured_media":0,"parent":4914,"menu_order":3,"comment_status":"open","ping_status":"open","template":"page-pagebuilder.php","meta":{"footnotes":""},"class_list":["post-6753","page","type-page","status-publish","hentry"],"yoast_head":"<!-- This site is optimized with the Yoast SEO plugin v27.1.1 - https:\/\/yoast.com\/product\/yoast-seo-wordpress\/ -->\n<title>Album de fotos - ICONA | Instituto Nacional para la Conservaci\u00f3n de la Naturaleza<\/title>\n<meta name=\"description\" content=\"Album de fotos del Dr. Antonio Machado vinculadas a su etapa en el Instituto Nacional para la Conservaci\u00f3n de la Naturaleza (ICONA) y a los parques nacionales, especialmente.\" \/>\n<meta name=\"robots\" content=\"index, follow, max-snippet:-1, max-image-preview:large, max-video-preview:-1\" \/>\n<link rel=\"canonical\" href=\"https:\/\/www.antoniomachado.net\/es\/actividades\/conservacion\/album-de-fotos-icona\/\" \/>\n<meta property=\"og:locale\" content=\"es_ES\" \/>\n<meta property=\"og:type\" content=\"article\" \/>\n<meta property=\"og:title\" content=\"Album de fotos - ICONA | Instituto Nacional para la Conservaci\u00f3n de la Naturaleza\" \/>\n<meta property=\"og:description\" content=\"Album de fotos del Dr. Antonio Machado vinculadas a su etapa en el Instituto Nacional para la Conservaci\u00f3n de la Naturaleza (ICONA) y a los parques nacionales, especialmente.\" \/>\n<meta property=\"og:url\" content=\"https:\/\/www.antoniomachado.net\/es\/actividades\/conservacion\/album-de-fotos-icona\/\" \/>\n<meta property=\"og:site_name\" content=\"www.antoniomachado.net\" \/>\n<meta property=\"article:modified_time\" content=\"2015-06-28T18:21:49+00:00\" \/>\n<meta name=\"twitter:card\" content=\"summary_large_image\" \/>\n<meta name=\"twitter:site\" content=\"@laparocerus\" \/>\n<meta name=\"twitter:label1\" content=\"Tiempo de lectura\" \/>\n\t<meta name=\"twitter:data1\" content=\"4 minutos\" \/>\n<script type=\"application\/ld+json\" class=\"yoast-schema-graph\">{\"@context\":\"https:\/\/schema.org\",\"@graph\":[{\"@type\":\"WebPage\",\"@id\":\"https:\/\/www.antoniomachado.net\/es\/actividades\/conservacion\/album-de-fotos-icona\/\",\"url\":\"https:\/\/www.antoniomachado.net\/es\/actividades\/conservacion\/album-de-fotos-icona\/\",\"name\":\"Album de fotos - ICONA | Instituto Nacional para la Conservaci\u00f3n de la Naturaleza\",\"isPartOf\":{\"@id\":\"https:\/\/www.antoniomachado.net\/es\/#website\"},\"datePublished\":\"2015-06-23T17:42:55+00:00\",\"dateModified\":\"2015-06-28T18:21:49+00:00\",\"description\":\"Album de fotos del Dr. Antonio Machado vinculadas a su etapa en el Instituto Nacional para la Conservaci\u00f3n de la Naturaleza (ICONA) y a los parques nacionales, especialmente.\",\"breadcrumb\":{\"@id\":\"https:\/\/www.antoniomachado.net\/es\/actividades\/conservacion\/album-de-fotos-icona\/#breadcrumb\"},\"inLanguage\":\"es\",\"potentialAction\":[{\"@type\":\"ReadAction\",\"target\":[\"https:\/\/www.antoniomachado.net\/es\/actividades\/conservacion\/album-de-fotos-icona\/\"]}]},{\"@type\":\"BreadcrumbList\",\"@id\":\"https:\/\/www.antoniomachado.net\/es\/actividades\/conservacion\/album-de-fotos-icona\/#breadcrumb\",\"itemListElement\":[{\"@type\":\"ListItem\",\"position\":1,\"name\":\"Portada\",\"item\":\"https:\/\/www.antoniomachado.net\/es\/\"},{\"@type\":\"ListItem\",\"position\":2,\"name\":\"ACTIVIDADES\",\"item\":\"https:\/\/www.antoniomachado.net\/es\/actividades\/\"},{\"@type\":\"ListItem\",\"position\":3,\"name\":\"CONSERVACI\u00d3N\",\"item\":\"https:\/\/www.antoniomachado.net\/es\/actividades\/conservacion\/\"},{\"@type\":\"ListItem\",\"position\":4,\"name\":\"Album de fotos &#8211; ICONA\"}]},{\"@type\":\"WebSite\",\"@id\":\"https:\/\/www.antoniomachado.net\/es\/#website\",\"url\":\"https:\/\/www.antoniomachado.net\/es\/\",\"name\":\"www.antoniomachado.net\",\"description\":\"Dr. Antonio Machado. Bi\u00f3logo multiuso (Entomolog\u00eda, Conservaci\u00f3n de la Naturaleza, Pol\u00edtica ambiental, etc.) con sede en las islas Canarias\",\"publisher\":{\"@id\":\"https:\/\/www.antoniomachado.net\/es\/#\/schema\/person\/20d92b6bd913e6447a4599f0a334fe20\"},\"potentialAction\":[{\"@type\":\"SearchAction\",\"target\":{\"@type\":\"EntryPoint\",\"urlTemplate\":\"https:\/\/www.antoniomachado.net\/es\/?s={search_term_string}\"},\"query-input\":{\"@type\":\"PropertyValueSpecification\",\"valueRequired\":true,\"valueName\":\"search_term_string\"}}],\"inLanguage\":\"es\"},{\"@type\":[\"Person\",\"Organization\"],\"@id\":\"https:\/\/www.antoniomachado.net\/es\/#\/schema\/person\/20d92b6bd913e6447a4599f0a334fe20\",\"name\":\"Antonio Machado\",\"image\":{\"@type\":\"ImageObject\",\"inLanguage\":\"es\",\"@id\":\"https:\/\/www.antoniomachado.net\/es\/#\/schema\/person\/image\/\",\"url\":\"https:\/\/www.antoniomachado.net\/wp-content\/uploads\/images\/icons\/avatar_antonio-machado-carrillo.png\",\"contentUrl\":\"https:\/\/www.antoniomachado.net\/wp-content\/uploads\/images\/icons\/avatar_antonio-machado-carrillo.png\",\"width\":320,\"height\":417,\"caption\":\"Antonio Machado\"},\"logo\":{\"@id\":\"https:\/\/www.antoniomachado.net\/es\/#\/schema\/person\/image\/\"},\"description\":\"I am based in Tenerife, one of the Canary Islands, and I am crazy about beetles which are my hobby. However, as a multipurpose professional biologist I have been involved in nature conservation and environmental affairs, teaching Ecology, legal drafting, and other more or less related activities.\",\"sameAs\":[\"http:\/\/www.antoniomachado.net\",\"https:\/\/x.com\/laparocerus\"]}]}<\/script>\n<!-- \/ Yoast SEO plugin. -->","yoast_head_json":{"title":"Album de fotos - ICONA | Instituto Nacional para la Conservaci\u00f3n de la Naturaleza","description":"Album de fotos del Dr. Antonio Machado vinculadas a su etapa en el Instituto Nacional para la Conservaci\u00f3n de la Naturaleza (ICONA) y a los parques nacionales, especialmente.","robots":{"index":"index","follow":"follow","max-snippet":"max-snippet:-1","max-image-preview":"max-image-preview:large","max-video-preview":"max-video-preview:-1"},"canonical":"https:\/\/www.antoniomachado.net\/es\/actividades\/conservacion\/album-de-fotos-icona\/","og_locale":"es_ES","og_type":"article","og_title":"Album de fotos - ICONA | Instituto Nacional para la Conservaci\u00f3n de la Naturaleza","og_description":"Album de fotos del Dr. Antonio Machado vinculadas a su etapa en el Instituto Nacional para la Conservaci\u00f3n de la Naturaleza (ICONA) y a los parques nacionales, especialmente.","og_url":"https:\/\/www.antoniomachado.net\/es\/actividades\/conservacion\/album-de-fotos-icona\/","og_site_name":"www.antoniomachado.net","article_modified_time":"2015-06-28T18:21:49+00:00","twitter_card":"summary_large_image","twitter_site":"@laparocerus","twitter_misc":{"Tiempo de lectura":"4 minutos"},"schema":{"@context":"https:\/\/schema.org","@graph":[{"@type":"WebPage","@id":"https:\/\/www.antoniomachado.net\/es\/actividades\/conservacion\/album-de-fotos-icona\/","url":"https:\/\/www.antoniomachado.net\/es\/actividades\/conservacion\/album-de-fotos-icona\/","name":"Album de fotos - ICONA | Instituto Nacional para la Conservaci\u00f3n de la Naturaleza","isPartOf":{"@id":"https:\/\/www.antoniomachado.net\/es\/#website"},"datePublished":"2015-06-23T17:42:55+00:00","dateModified":"2015-06-28T18:21:49+00:00","description":"Album de fotos del Dr. Antonio Machado vinculadas a su etapa en el Instituto Nacional para la Conservaci\u00f3n de la Naturaleza (ICONA) y a los parques nacionales, especialmente.","breadcrumb":{"@id":"https:\/\/www.antoniomachado.net\/es\/actividades\/conservacion\/album-de-fotos-icona\/#breadcrumb"},"inLanguage":"es","potentialAction":[{"@type":"ReadAction","target":["https:\/\/www.antoniomachado.net\/es\/actividades\/conservacion\/album-de-fotos-icona\/"]}]},{"@type":"BreadcrumbList","@id":"https:\/\/www.antoniomachado.net\/es\/actividades\/conservacion\/album-de-fotos-icona\/#breadcrumb","itemListElement":[{"@type":"ListItem","position":1,"name":"Portada","item":"https:\/\/www.antoniomachado.net\/es\/"},{"@type":"ListItem","position":2,"name":"ACTIVIDADES","item":"https:\/\/www.antoniomachado.net\/es\/actividades\/"},{"@type":"ListItem","position":3,"name":"CONSERVACI\u00d3N","item":"https:\/\/www.antoniomachado.net\/es\/actividades\/conservacion\/"},{"@type":"ListItem","position":4,"name":"Album de fotos &#8211; ICONA"}]},{"@type":"WebSite","@id":"https:\/\/www.antoniomachado.net\/es\/#website","url":"https:\/\/www.antoniomachado.net\/es\/","name":"www.antoniomachado.net","description":"Dr. Antonio Machado. Bi\u00f3logo multiuso (Entomolog\u00eda, Conservaci\u00f3n de la Naturaleza, Pol\u00edtica ambiental, etc.) con sede en las islas Canarias","publisher":{"@id":"https:\/\/www.antoniomachado.net\/es\/#\/schema\/person\/20d92b6bd913e6447a4599f0a334fe20"},"potentialAction":[{"@type":"SearchAction","target":{"@type":"EntryPoint","urlTemplate":"https:\/\/www.antoniomachado.net\/es\/?s={search_term_string}"},"query-input":{"@type":"PropertyValueSpecification","valueRequired":true,"valueName":"search_term_string"}}],"inLanguage":"es"},{"@type":["Person","Organization"],"@id":"https:\/\/www.antoniomachado.net\/es\/#\/schema\/person\/20d92b6bd913e6447a4599f0a334fe20","name":"Antonio Machado","image":{"@type":"ImageObject","inLanguage":"es","@id":"https:\/\/www.antoniomachado.net\/es\/#\/schema\/person\/image\/","url":"https:\/\/www.antoniomachado.net\/wp-content\/uploads\/images\/icons\/avatar_antonio-machado-carrillo.png","contentUrl":"https:\/\/www.antoniomachado.net\/wp-content\/uploads\/images\/icons\/avatar_antonio-machado-carrillo.png","width":320,"height":417,"caption":"Antonio Machado"},"logo":{"@id":"https:\/\/www.antoniomachado.net\/es\/#\/schema\/person\/image\/"},"description":"I am based in Tenerife, one of the Canary Islands, and I am crazy about beetles which are my hobby. However, as a multipurpose professional biologist I have been involved in nature conservation and environmental affairs, teaching Ecology, legal drafting, and other more or less related activities.","sameAs":["http:\/\/www.antoniomachado.net","https:\/\/x.com\/laparocerus"]}]}},"_links":{"self":[{"href":"https:\/\/www.antoniomachado.net\/es\/wp-json\/wp\/v2\/pages\/6753","targetHints":{"allow":["GET"]}}],"collection":[{"href":"https:\/\/www.antoniomachado.net\/es\/wp-json\/wp\/v2\/pages"}],"about":[{"href":"https:\/\/www.antoniomachado.net\/es\/wp-json\/wp\/v2\/types\/page"}],"author":[{"embeddable":true,"href":"https:\/\/www.antoniomachado.net\/es\/wp-json\/wp\/v2\/users\/1"}],"replies":[{"embeddable":true,"href":"https:\/\/www.antoniomachado.net\/es\/wp-json\/wp\/v2\/comments?post=6753"}],"version-history":[{"count":0,"href":"https:\/\/www.antoniomachado.net\/es\/wp-json\/wp\/v2\/pages\/6753\/revisions"}],"up":[{"embeddable":true,"href":"https:\/\/www.antoniomachado.net\/es\/wp-json\/wp\/v2\/pages\/4914"}],"wp:attachment":[{"href":"https:\/\/www.antoniomachado.net\/es\/wp-json\/wp\/v2\/media?parent=6753"}],"curies":[{"name":"wp","href":"https:\/\/api.w.org\/{rel}","templated":true}]}}