{"id":6983,"date":"2015-07-23T20:06:31","date_gmt":"2015-07-23T20:06:31","guid":{"rendered":"http:\/\/www.antoniomachado.net\/?page_id=6983"},"modified":"2015-12-11T13:11:49","modified_gmt":"2015-12-11T13:11:49","slug":"colegas","status":"publish","type":"page","link":"https:\/\/www.antoniomachado.net\/es\/galerias\/fotos\/colegas\/","title":{"rendered":"Colegas"},"content":{"rendered":"<div class=\"wpb-content-wrapper\"><p>[vc_row][vc_column][vc_row_inner][vc_column_inner width=\u00bb3\/4&#8243;]<h1 class=\"fac-title text-left\" style=\"color:#dd3333\">Colegas<\/h1>\n[\/vc_column_inner][vc_column_inner width=\u00bb1\/4&#8243;][vc_column_text]<\/p>\n<h6 class=\"p1\" style=\"text-align: right;\"><span class=\"s1\">\u00a9 Antonio Machado Carrillo<\/span><\/h6>\n<p>[\/vc_column_text][\/vc_column_inner][\/vc_row_inner][vc_media_grid element_width=\u00bb3&#8243; gap=\u00bb3&#8243; grid_id=\u00bbvc_gid:1449839284486-c6d1a740-9432-7&#8243; include=\u00bb5693,6515,6513,6511,6509,6507,6503,6499,6497,6495,6491,6489,6487,6485,6483,6481,6479,6477,6475,6473,6379,6375,5793,5789,5785,5783,5781,5779,5777,5771,5769,5767,5765,5763,5761,5759,5757,5753,5751,5749,5747,5745,5743,5733,5731,5729,5727,5723,5721,5717,5715,5713,5711,5709,5707,5705,5703,5701,5699,5697,5695&#8243;][\/vc_column][\/vc_row]<\/p>\n<\/div>","protected":false},"excerpt":{"rendered":"<p>[vc_row][vc_column][vc_row_inner][vc_column_inner width=\u00bb3\/4&#8243;][\/vc_column_inner][vc_column_inner width=\u00bb1\/4&#8243;][vc_column_text] \u00a9 Antonio Machado Carrillo [\/vc_column_text][\/vc_column_inner][\/vc_row_inner][vc_media_grid element_width=\u00bb3&#8243; gap=\u00bb3&#8243; grid_id=\u00bbvc_gid:1449839284486-c6d1a740-9432-7&#8243; include=\u00bb5693,6515,6513,6511,6509,6507,6503,6499,6497,6495,6491,6489,6487,6485,6483,6481,6479,6477,6475,6473,6379,6375,5793,5789,5785,5783,5781,5779,5777,5771,5769,5767,5765,5763,5761,5759,5757,5753,5751,5749,5747,5745,5743,5733,5731,5729,5727,5723,5721,5717,5715,5713,5711,5709,5707,5705,5703,5701,5699,5697,5695&#8243;][\/vc_column][\/vc_row]<\/p>\n","protected":false},"author":1,"featured_media":0,"parent":6555,"menu_order":1,"comment_status":"open","ping_status":"closed","template":"page-pagebuilder.php","meta":{"footnotes":""},"class_list":["post-6983","page","type-page","status-publish","hentry"],"yoast_head":"<!-- This site is optimized with the Yoast SEO plugin v27.1.1 - https:\/\/yoast.com\/product\/yoast-seo-wordpress\/ -->\n<title>COLEGAS (fotos) | www.antoniomachado.net<\/title>\n<meta name=\"description\" content=\"&quot;COLEGAS&quot; - Galer\u00eda de fotos de amigos entom\u00f3logos y colaboradores del Dr. Antonio Machado Carrillo.\" \/>\n<meta name=\"robots\" content=\"index, follow, max-snippet:-1, max-image-preview:large, max-video-preview:-1\" \/>\n<link rel=\"canonical\" href=\"https:\/\/www.antoniomachado.net\/es\/galerias\/fotos\/colegas\/\" \/>\n<meta property=\"og:locale\" content=\"es_ES\" \/>\n<meta property=\"og:type\" content=\"article\" \/>\n<meta property=\"og:title\" content=\"COLEGAS (fotos) | www.antoniomachado.net\" \/>\n<meta property=\"og:description\" content=\"&quot;COLEGAS&quot; - Galer\u00eda de fotos de amigos entom\u00f3logos y colaboradores del Dr. Antonio Machado Carrillo.\" \/>\n<meta property=\"og:url\" content=\"https:\/\/www.antoniomachado.net\/es\/galerias\/fotos\/colegas\/\" \/>\n<meta property=\"og:site_name\" content=\"www.antoniomachado.net\" \/>\n<meta property=\"article:modified_time\" content=\"2015-12-11T13:11:49+00:00\" \/>\n<meta name=\"twitter:card\" content=\"summary_large_image\" \/>\n<meta name=\"twitter:site\" content=\"@laparocerus\" \/>\n<script type=\"application\/ld+json\" class=\"yoast-schema-graph\">{\"@context\":\"https:\/\/schema.org\",\"@graph\":[{\"@type\":\"WebPage\",\"@id\":\"https:\/\/www.antoniomachado.net\/es\/galerias\/fotos\/colegas\/\",\"url\":\"https:\/\/www.antoniomachado.net\/es\/galerias\/fotos\/colegas\/\",\"name\":\"COLEGAS (fotos) | www.antoniomachado.net\",\"isPartOf\":{\"@id\":\"https:\/\/www.antoniomachado.net\/es\/#website\"},\"datePublished\":\"2015-07-23T20:06:31+00:00\",\"dateModified\":\"2015-12-11T13:11:49+00:00\",\"description\":\"\\\"COLEGAS\\\" - Galer\u00eda de fotos de amigos entom\u00f3logos y colaboradores del Dr. Antonio Machado Carrillo.\",\"breadcrumb\":{\"@id\":\"https:\/\/www.antoniomachado.net\/es\/galerias\/fotos\/colegas\/#breadcrumb\"},\"inLanguage\":\"es\",\"potentialAction\":[{\"@type\":\"ReadAction\",\"target\":[\"https:\/\/www.antoniomachado.net\/es\/galerias\/fotos\/colegas\/\"]}]},{\"@type\":\"BreadcrumbList\",\"@id\":\"https:\/\/www.antoniomachado.net\/es\/galerias\/fotos\/colegas\/#breadcrumb\",\"itemListElement\":[{\"@type\":\"ListItem\",\"position\":1,\"name\":\"Portada\",\"item\":\"https:\/\/www.antoniomachado.net\/es\/\"},{\"@type\":\"ListItem\",\"position\":2,\"name\":\"GALER\u00cdAS\",\"item\":\"https:\/\/www.antoniomachado.net\/es\/galerias\/\"},{\"@type\":\"ListItem\",\"position\":3,\"name\":\"FOTOGRAF\u00cdA\",\"item\":\"https:\/\/www.antoniomachado.net\/es\/galerias\/fotos\/\"},{\"@type\":\"ListItem\",\"position\":4,\"name\":\"Colegas\"}]},{\"@type\":\"WebSite\",\"@id\":\"https:\/\/www.antoniomachado.net\/es\/#website\",\"url\":\"https:\/\/www.antoniomachado.net\/es\/\",\"name\":\"www.antoniomachado.net\",\"description\":\"Dr. Antonio Machado. Bi\u00f3logo multiuso (Entomolog\u00eda, Conservaci\u00f3n de la Naturaleza, Pol\u00edtica ambiental, etc.) con sede en las islas Canarias\",\"publisher\":{\"@id\":\"https:\/\/www.antoniomachado.net\/es\/#\/schema\/person\/20d92b6bd913e6447a4599f0a334fe20\"},\"potentialAction\":[{\"@type\":\"SearchAction\",\"target\":{\"@type\":\"EntryPoint\",\"urlTemplate\":\"https:\/\/www.antoniomachado.net\/es\/?s={search_term_string}\"},\"query-input\":{\"@type\":\"PropertyValueSpecification\",\"valueRequired\":true,\"valueName\":\"search_term_string\"}}],\"inLanguage\":\"es\"},{\"@type\":[\"Person\",\"Organization\"],\"@id\":\"https:\/\/www.antoniomachado.net\/es\/#\/schema\/person\/20d92b6bd913e6447a4599f0a334fe20\",\"name\":\"Antonio Machado\",\"image\":{\"@type\":\"ImageObject\",\"inLanguage\":\"es\",\"@id\":\"https:\/\/www.antoniomachado.net\/es\/#\/schema\/person\/image\/\",\"url\":\"https:\/\/www.antoniomachado.net\/wp-content\/uploads\/images\/icons\/avatar_antonio-machado-carrillo.png\",\"contentUrl\":\"https:\/\/www.antoniomachado.net\/wp-content\/uploads\/images\/icons\/avatar_antonio-machado-carrillo.png\",\"width\":320,\"height\":417,\"caption\":\"Antonio Machado\"},\"logo\":{\"@id\":\"https:\/\/www.antoniomachado.net\/es\/#\/schema\/person\/image\/\"},\"description\":\"I am based in Tenerife, one of the Canary Islands, and I am crazy about beetles which are my hobby. However, as a multipurpose professional biologist I have been involved in nature conservation and environmental affairs, teaching Ecology, legal drafting, and other more or less related activities.\",\"sameAs\":[\"http:\/\/www.antoniomachado.net\",\"https:\/\/x.com\/laparocerus\"]}]}<\/script>\n<!-- \/ Yoast SEO plugin. -->","yoast_head_json":{"title":"COLEGAS (fotos) | www.antoniomachado.net","description":"\"COLEGAS\" - Galer\u00eda de fotos de amigos entom\u00f3logos y colaboradores del Dr. Antonio Machado Carrillo.","robots":{"index":"index","follow":"follow","max-snippet":"max-snippet:-1","max-image-preview":"max-image-preview:large","max-video-preview":"max-video-preview:-1"},"canonical":"https:\/\/www.antoniomachado.net\/es\/galerias\/fotos\/colegas\/","og_locale":"es_ES","og_type":"article","og_title":"COLEGAS (fotos) | www.antoniomachado.net","og_description":"\"COLEGAS\" - Galer\u00eda de fotos de amigos entom\u00f3logos y colaboradores del Dr. Antonio Machado Carrillo.","og_url":"https:\/\/www.antoniomachado.net\/es\/galerias\/fotos\/colegas\/","og_site_name":"www.antoniomachado.net","article_modified_time":"2015-12-11T13:11:49+00:00","twitter_card":"summary_large_image","twitter_site":"@laparocerus","schema":{"@context":"https:\/\/schema.org","@graph":[{"@type":"WebPage","@id":"https:\/\/www.antoniomachado.net\/es\/galerias\/fotos\/colegas\/","url":"https:\/\/www.antoniomachado.net\/es\/galerias\/fotos\/colegas\/","name":"COLEGAS (fotos) | www.antoniomachado.net","isPartOf":{"@id":"https:\/\/www.antoniomachado.net\/es\/#website"},"datePublished":"2015-07-23T20:06:31+00:00","dateModified":"2015-12-11T13:11:49+00:00","description":"\"COLEGAS\" - Galer\u00eda de fotos de amigos entom\u00f3logos y colaboradores del Dr. Antonio Machado Carrillo.","breadcrumb":{"@id":"https:\/\/www.antoniomachado.net\/es\/galerias\/fotos\/colegas\/#breadcrumb"},"inLanguage":"es","potentialAction":[{"@type":"ReadAction","target":["https:\/\/www.antoniomachado.net\/es\/galerias\/fotos\/colegas\/"]}]},{"@type":"BreadcrumbList","@id":"https:\/\/www.antoniomachado.net\/es\/galerias\/fotos\/colegas\/#breadcrumb","itemListElement":[{"@type":"ListItem","position":1,"name":"Portada","item":"https:\/\/www.antoniomachado.net\/es\/"},{"@type":"ListItem","position":2,"name":"GALER\u00cdAS","item":"https:\/\/www.antoniomachado.net\/es\/galerias\/"},{"@type":"ListItem","position":3,"name":"FOTOGRAF\u00cdA","item":"https:\/\/www.antoniomachado.net\/es\/galerias\/fotos\/"},{"@type":"ListItem","position":4,"name":"Colegas"}]},{"@type":"WebSite","@id":"https:\/\/www.antoniomachado.net\/es\/#website","url":"https:\/\/www.antoniomachado.net\/es\/","name":"www.antoniomachado.net","description":"Dr. Antonio Machado. Bi\u00f3logo multiuso (Entomolog\u00eda, Conservaci\u00f3n de la Naturaleza, Pol\u00edtica ambiental, etc.) con sede en las islas Canarias","publisher":{"@id":"https:\/\/www.antoniomachado.net\/es\/#\/schema\/person\/20d92b6bd913e6447a4599f0a334fe20"},"potentialAction":[{"@type":"SearchAction","target":{"@type":"EntryPoint","urlTemplate":"https:\/\/www.antoniomachado.net\/es\/?s={search_term_string}"},"query-input":{"@type":"PropertyValueSpecification","valueRequired":true,"valueName":"search_term_string"}}],"inLanguage":"es"},{"@type":["Person","Organization"],"@id":"https:\/\/www.antoniomachado.net\/es\/#\/schema\/person\/20d92b6bd913e6447a4599f0a334fe20","name":"Antonio Machado","image":{"@type":"ImageObject","inLanguage":"es","@id":"https:\/\/www.antoniomachado.net\/es\/#\/schema\/person\/image\/","url":"https:\/\/www.antoniomachado.net\/wp-content\/uploads\/images\/icons\/avatar_antonio-machado-carrillo.png","contentUrl":"https:\/\/www.antoniomachado.net\/wp-content\/uploads\/images\/icons\/avatar_antonio-machado-carrillo.png","width":320,"height":417,"caption":"Antonio Machado"},"logo":{"@id":"https:\/\/www.antoniomachado.net\/es\/#\/schema\/person\/image\/"},"description":"I am based in Tenerife, one of the Canary Islands, and I am crazy about beetles which are my hobby. However, as a multipurpose professional biologist I have been involved in nature conservation and environmental affairs, teaching Ecology, legal drafting, and other more or less related activities.","sameAs":["http:\/\/www.antoniomachado.net","https:\/\/x.com\/laparocerus"]}]}},"_links":{"self":[{"href":"https:\/\/www.antoniomachado.net\/es\/wp-json\/wp\/v2\/pages\/6983","targetHints":{"allow":["GET"]}}],"collection":[{"href":"https:\/\/www.antoniomachado.net\/es\/wp-json\/wp\/v2\/pages"}],"about":[{"href":"https:\/\/www.antoniomachado.net\/es\/wp-json\/wp\/v2\/types\/page"}],"author":[{"embeddable":true,"href":"https:\/\/www.antoniomachado.net\/es\/wp-json\/wp\/v2\/users\/1"}],"replies":[{"embeddable":true,"href":"https:\/\/www.antoniomachado.net\/es\/wp-json\/wp\/v2\/comments?post=6983"}],"version-history":[{"count":0,"href":"https:\/\/www.antoniomachado.net\/es\/wp-json\/wp\/v2\/pages\/6983\/revisions"}],"up":[{"embeddable":true,"href":"https:\/\/www.antoniomachado.net\/es\/wp-json\/wp\/v2\/pages\/6555"}],"wp:attachment":[{"href":"https:\/\/www.antoniomachado.net\/es\/wp-json\/wp\/v2\/media?parent=6983"}],"curies":[{"name":"wp","href":"https:\/\/api.w.org\/{rel}","templated":true}]}}