{"id":6991,"date":"2015-12-04T16:07:10","date_gmt":"2015-12-04T16:07:10","guid":{"rendered":"http:\/\/www.antoniomachado.net\/?page_id=6991"},"modified":"2015-12-11T13:35:56","modified_gmt":"2015-12-11T13:35:56","slug":"la-otra-macaronesia","status":"publish","type":"page","link":"https:\/\/www.antoniomachado.net\/es\/galerias\/fotos\/la-otra-macaronesia\/","title":{"rendered":"La otra Macaronesia"},"content":{"rendered":"<div class=\"wpb-content-wrapper\"><p>[vc_row][vc_column][vc_row_inner][vc_column_inner width=\u00bb3\/4&#8243;]<h1 class=\"fac-title text-left\" style=\"color:#dd3333\">La otra Macaronesia<\/h1>\n[\/vc_column_inner][vc_column_inner width=\u00bb1\/4&#8243;][vc_column_text]<\/p>\n<h6 class=\"p1\" style=\"text-align: right;\"><span class=\"s1\">\u00a9 Antonio Machado Carrillo<\/span><\/h6>\n<p>[\/vc_column_text][\/vc_column_inner][\/vc_row_inner][vc_media_grid element_width=\u00bb3&#8243; grid_id=\u00bbvc_gid:1449840384203-4761527b-267d-9&#8243; include=\u00bb7470,7468,7466,7464,7462,7460,7458,7456,7454,7452,7450,7448,7446,7444,7442,7440,7438,7436,7434,7432,7430,7428,7426,7424,7422,7420,7418,7416,7414,7412,7410,7408,7404,7402,7400,7398,7396,7394,7392,7390&#8243;][\/vc_column][\/vc_row]<\/p>\n<\/div>","protected":false},"excerpt":{"rendered":"<p>[vc_row][vc_column][vc_row_inner][vc_column_inner width=\u00bb3\/4&#8243;][\/vc_column_inner][vc_column_inner width=\u00bb1\/4&#8243;][vc_column_text] \u00a9 Antonio Machado Carrillo [\/vc_column_text][\/vc_column_inner][\/vc_row_inner][vc_media_grid element_width=\u00bb3&#8243; grid_id=\u00bbvc_gid:1449840384203-4761527b-267d-9&#8243; include=\u00bb7470,7468,7466,7464,7462,7460,7458,7456,7454,7452,7450,7448,7446,7444,7442,7440,7438,7436,7434,7432,7430,7428,7426,7424,7422,7420,7418,7416,7414,7412,7410,7408,7404,7402,7400,7398,7396,7394,7392,7390&#8243;][\/vc_column][\/vc_row]<\/p>\n","protected":false},"author":1,"featured_media":0,"parent":6555,"menu_order":1,"comment_status":"open","ping_status":"closed","template":"page-pagebuilder.php","meta":{"footnotes":""},"class_list":["post-6991","page","type-page","status-publish","hentry"],"yoast_head":"<!-- This site is optimized with the Yoast SEO plugin v27.1.1 - https:\/\/yoast.com\/product\/yoast-seo-wordpress\/ -->\n<title>La otra Macaronesia | www.antoniomachado.net<\/title>\n<meta name=\"description\" content=\"La Macaronesia es el conjunto de archipi\u00e9lagos atl\u00e1nticos formado por las Azores, Madeira y Salvajes (Portugal) , Canarias (Espa\u00f1a) y la Rep\u00fablica de Cabo Verde. Tienen muchas cosas en com\u00fan (su origen volc\u00e1nico, especies vegetales, etc. ), algunas singularidades, y\u00a0 tambi\u00e9n diferencias contrastadas.\" \/>\n<meta name=\"robots\" content=\"index, follow, max-snippet:-1, max-image-preview:large, max-video-preview:-1\" \/>\n<link rel=\"canonical\" href=\"https:\/\/www.antoniomachado.net\/es\/galerias\/fotos\/la-otra-macaronesia\/\" \/>\n<meta property=\"og:locale\" content=\"es_ES\" \/>\n<meta property=\"og:type\" content=\"article\" \/>\n<meta property=\"og:title\" content=\"La otra Macaronesia | www.antoniomachado.net\" \/>\n<meta property=\"og:description\" content=\"La Macaronesia es el conjunto de archipi\u00e9lagos atl\u00e1nticos formado por las Azores, Madeira y Salvajes (Portugal) , Canarias (Espa\u00f1a) y la Rep\u00fablica de Cabo Verde. Tienen muchas cosas en com\u00fan (su origen volc\u00e1nico, especies vegetales, etc. ), algunas singularidades, y\u00a0 tambi\u00e9n diferencias contrastadas.\" \/>\n<meta property=\"og:url\" content=\"https:\/\/www.antoniomachado.net\/es\/galerias\/fotos\/la-otra-macaronesia\/\" \/>\n<meta property=\"og:site_name\" content=\"www.antoniomachado.net\" \/>\n<meta property=\"article:modified_time\" content=\"2015-12-11T13:35:56+00:00\" \/>\n<meta name=\"twitter:card\" content=\"summary_large_image\" \/>\n<meta name=\"twitter:site\" content=\"@laparocerus\" \/>\n<script type=\"application\/ld+json\" class=\"yoast-schema-graph\">{\"@context\":\"https:\/\/schema.org\",\"@graph\":[{\"@type\":\"WebPage\",\"@id\":\"https:\/\/www.antoniomachado.net\/es\/galerias\/fotos\/la-otra-macaronesia\/\",\"url\":\"https:\/\/www.antoniomachado.net\/es\/galerias\/fotos\/la-otra-macaronesia\/\",\"name\":\"La otra Macaronesia | www.antoniomachado.net\",\"isPartOf\":{\"@id\":\"https:\/\/www.antoniomachado.net\/es\/#website\"},\"datePublished\":\"2015-12-04T16:07:10+00:00\",\"dateModified\":\"2015-12-11T13:35:56+00:00\",\"description\":\"La Macaronesia es el conjunto de archipi\u00e9lagos atl\u00e1nticos formado por las Azores, Madeira y Salvajes (Portugal) , Canarias (Espa\u00f1a) y la Rep\u00fablica de Cabo Verde. Tienen muchas cosas en com\u00fan (su origen volc\u00e1nico, especies vegetales, etc. ), algunas singularidades, y\u00a0 tambi\u00e9n diferencias contrastadas.\",\"breadcrumb\":{\"@id\":\"https:\/\/www.antoniomachado.net\/es\/galerias\/fotos\/la-otra-macaronesia\/#breadcrumb\"},\"inLanguage\":\"es\",\"potentialAction\":[{\"@type\":\"ReadAction\",\"target\":[\"https:\/\/www.antoniomachado.net\/es\/galerias\/fotos\/la-otra-macaronesia\/\"]}]},{\"@type\":\"BreadcrumbList\",\"@id\":\"https:\/\/www.antoniomachado.net\/es\/galerias\/fotos\/la-otra-macaronesia\/#breadcrumb\",\"itemListElement\":[{\"@type\":\"ListItem\",\"position\":1,\"name\":\"Portada\",\"item\":\"https:\/\/www.antoniomachado.net\/es\/\"},{\"@type\":\"ListItem\",\"position\":2,\"name\":\"GALER\u00cdAS\",\"item\":\"https:\/\/www.antoniomachado.net\/es\/galerias\/\"},{\"@type\":\"ListItem\",\"position\":3,\"name\":\"FOTOGRAF\u00cdA\",\"item\":\"https:\/\/www.antoniomachado.net\/es\/galerias\/fotos\/\"},{\"@type\":\"ListItem\",\"position\":4,\"name\":\"La otra Macaronesia\"}]},{\"@type\":\"WebSite\",\"@id\":\"https:\/\/www.antoniomachado.net\/es\/#website\",\"url\":\"https:\/\/www.antoniomachado.net\/es\/\",\"name\":\"www.antoniomachado.net\",\"description\":\"Dr. Antonio Machado. Bi\u00f3logo multiuso (Entomolog\u00eda, Conservaci\u00f3n de la Naturaleza, Pol\u00edtica ambiental, etc.) con sede en las islas Canarias\",\"publisher\":{\"@id\":\"https:\/\/www.antoniomachado.net\/es\/#\/schema\/person\/20d92b6bd913e6447a4599f0a334fe20\"},\"potentialAction\":[{\"@type\":\"SearchAction\",\"target\":{\"@type\":\"EntryPoint\",\"urlTemplate\":\"https:\/\/www.antoniomachado.net\/es\/?s={search_term_string}\"},\"query-input\":{\"@type\":\"PropertyValueSpecification\",\"valueRequired\":true,\"valueName\":\"search_term_string\"}}],\"inLanguage\":\"es\"},{\"@type\":[\"Person\",\"Organization\"],\"@id\":\"https:\/\/www.antoniomachado.net\/es\/#\/schema\/person\/20d92b6bd913e6447a4599f0a334fe20\",\"name\":\"Antonio Machado\",\"image\":{\"@type\":\"ImageObject\",\"inLanguage\":\"es\",\"@id\":\"https:\/\/www.antoniomachado.net\/es\/#\/schema\/person\/image\/\",\"url\":\"https:\/\/www.antoniomachado.net\/wp-content\/uploads\/images\/icons\/avatar_antonio-machado-carrillo.png\",\"contentUrl\":\"https:\/\/www.antoniomachado.net\/wp-content\/uploads\/images\/icons\/avatar_antonio-machado-carrillo.png\",\"width\":320,\"height\":417,\"caption\":\"Antonio Machado\"},\"logo\":{\"@id\":\"https:\/\/www.antoniomachado.net\/es\/#\/schema\/person\/image\/\"},\"description\":\"I am based in Tenerife, one of the Canary Islands, and I am crazy about beetles which are my hobby. However, as a multipurpose professional biologist I have been involved in nature conservation and environmental affairs, teaching Ecology, legal drafting, and other more or less related activities.\",\"sameAs\":[\"http:\/\/www.antoniomachado.net\",\"https:\/\/x.com\/laparocerus\"]}]}<\/script>\n<!-- \/ Yoast SEO plugin. -->","yoast_head_json":{"title":"La otra Macaronesia | www.antoniomachado.net","description":"La Macaronesia es el conjunto de archipi\u00e9lagos atl\u00e1nticos formado por las Azores, Madeira y Salvajes (Portugal) , Canarias (Espa\u00f1a) y la Rep\u00fablica de Cabo Verde. Tienen muchas cosas en com\u00fan (su origen volc\u00e1nico, especies vegetales, etc. ), algunas singularidades, y\u00a0 tambi\u00e9n diferencias contrastadas.","robots":{"index":"index","follow":"follow","max-snippet":"max-snippet:-1","max-image-preview":"max-image-preview:large","max-video-preview":"max-video-preview:-1"},"canonical":"https:\/\/www.antoniomachado.net\/es\/galerias\/fotos\/la-otra-macaronesia\/","og_locale":"es_ES","og_type":"article","og_title":"La otra Macaronesia | www.antoniomachado.net","og_description":"La Macaronesia es el conjunto de archipi\u00e9lagos atl\u00e1nticos formado por las Azores, Madeira y Salvajes (Portugal) , Canarias (Espa\u00f1a) y la Rep\u00fablica de Cabo Verde. Tienen muchas cosas en com\u00fan (su origen volc\u00e1nico, especies vegetales, etc. ), algunas singularidades, y\u00a0 tambi\u00e9n diferencias contrastadas.","og_url":"https:\/\/www.antoniomachado.net\/es\/galerias\/fotos\/la-otra-macaronesia\/","og_site_name":"www.antoniomachado.net","article_modified_time":"2015-12-11T13:35:56+00:00","twitter_card":"summary_large_image","twitter_site":"@laparocerus","schema":{"@context":"https:\/\/schema.org","@graph":[{"@type":"WebPage","@id":"https:\/\/www.antoniomachado.net\/es\/galerias\/fotos\/la-otra-macaronesia\/","url":"https:\/\/www.antoniomachado.net\/es\/galerias\/fotos\/la-otra-macaronesia\/","name":"La otra Macaronesia | www.antoniomachado.net","isPartOf":{"@id":"https:\/\/www.antoniomachado.net\/es\/#website"},"datePublished":"2015-12-04T16:07:10+00:00","dateModified":"2015-12-11T13:35:56+00:00","description":"La Macaronesia es el conjunto de archipi\u00e9lagos atl\u00e1nticos formado por las Azores, Madeira y Salvajes (Portugal) , Canarias (Espa\u00f1a) y la Rep\u00fablica de Cabo Verde. Tienen muchas cosas en com\u00fan (su origen volc\u00e1nico, especies vegetales, etc. ), algunas singularidades, y\u00a0 tambi\u00e9n diferencias contrastadas.","breadcrumb":{"@id":"https:\/\/www.antoniomachado.net\/es\/galerias\/fotos\/la-otra-macaronesia\/#breadcrumb"},"inLanguage":"es","potentialAction":[{"@type":"ReadAction","target":["https:\/\/www.antoniomachado.net\/es\/galerias\/fotos\/la-otra-macaronesia\/"]}]},{"@type":"BreadcrumbList","@id":"https:\/\/www.antoniomachado.net\/es\/galerias\/fotos\/la-otra-macaronesia\/#breadcrumb","itemListElement":[{"@type":"ListItem","position":1,"name":"Portada","item":"https:\/\/www.antoniomachado.net\/es\/"},{"@type":"ListItem","position":2,"name":"GALER\u00cdAS","item":"https:\/\/www.antoniomachado.net\/es\/galerias\/"},{"@type":"ListItem","position":3,"name":"FOTOGRAF\u00cdA","item":"https:\/\/www.antoniomachado.net\/es\/galerias\/fotos\/"},{"@type":"ListItem","position":4,"name":"La otra Macaronesia"}]},{"@type":"WebSite","@id":"https:\/\/www.antoniomachado.net\/es\/#website","url":"https:\/\/www.antoniomachado.net\/es\/","name":"www.antoniomachado.net","description":"Dr. Antonio Machado. Bi\u00f3logo multiuso (Entomolog\u00eda, Conservaci\u00f3n de la Naturaleza, Pol\u00edtica ambiental, etc.) con sede en las islas Canarias","publisher":{"@id":"https:\/\/www.antoniomachado.net\/es\/#\/schema\/person\/20d92b6bd913e6447a4599f0a334fe20"},"potentialAction":[{"@type":"SearchAction","target":{"@type":"EntryPoint","urlTemplate":"https:\/\/www.antoniomachado.net\/es\/?s={search_term_string}"},"query-input":{"@type":"PropertyValueSpecification","valueRequired":true,"valueName":"search_term_string"}}],"inLanguage":"es"},{"@type":["Person","Organization"],"@id":"https:\/\/www.antoniomachado.net\/es\/#\/schema\/person\/20d92b6bd913e6447a4599f0a334fe20","name":"Antonio Machado","image":{"@type":"ImageObject","inLanguage":"es","@id":"https:\/\/www.antoniomachado.net\/es\/#\/schema\/person\/image\/","url":"https:\/\/www.antoniomachado.net\/wp-content\/uploads\/images\/icons\/avatar_antonio-machado-carrillo.png","contentUrl":"https:\/\/www.antoniomachado.net\/wp-content\/uploads\/images\/icons\/avatar_antonio-machado-carrillo.png","width":320,"height":417,"caption":"Antonio Machado"},"logo":{"@id":"https:\/\/www.antoniomachado.net\/es\/#\/schema\/person\/image\/"},"description":"I am based in Tenerife, one of the Canary Islands, and I am crazy about beetles which are my hobby. However, as a multipurpose professional biologist I have been involved in nature conservation and environmental affairs, teaching Ecology, legal drafting, and other more or less related activities.","sameAs":["http:\/\/www.antoniomachado.net","https:\/\/x.com\/laparocerus"]}]}},"_links":{"self":[{"href":"https:\/\/www.antoniomachado.net\/es\/wp-json\/wp\/v2\/pages\/6991","targetHints":{"allow":["GET"]}}],"collection":[{"href":"https:\/\/www.antoniomachado.net\/es\/wp-json\/wp\/v2\/pages"}],"about":[{"href":"https:\/\/www.antoniomachado.net\/es\/wp-json\/wp\/v2\/types\/page"}],"author":[{"embeddable":true,"href":"https:\/\/www.antoniomachado.net\/es\/wp-json\/wp\/v2\/users\/1"}],"replies":[{"embeddable":true,"href":"https:\/\/www.antoniomachado.net\/es\/wp-json\/wp\/v2\/comments?post=6991"}],"version-history":[{"count":0,"href":"https:\/\/www.antoniomachado.net\/es\/wp-json\/wp\/v2\/pages\/6991\/revisions"}],"up":[{"embeddable":true,"href":"https:\/\/www.antoniomachado.net\/es\/wp-json\/wp\/v2\/pages\/6555"}],"wp:attachment":[{"href":"https:\/\/www.antoniomachado.net\/es\/wp-json\/wp\/v2\/media?parent=6991"}],"curies":[{"name":"wp","href":"https:\/\/api.w.org\/{rel}","templated":true}]}}