{"id":7025,"date":"2015-08-08T14:37:17","date_gmt":"2015-08-08T14:37:17","guid":{"rendered":"http:\/\/www.antoniomachado.net\/?page_id=7025"},"modified":"2015-08-08T16:59:17","modified_gmt":"2015-08-08T16:59:17","slug":"simbolos-de-canarias","status":"publish","type":"page","link":"https:\/\/www.antoniomachado.net\/es\/galerias\/ilustraciones\/simbolos-de-canarias\/","title":{"rendered":"S\u00edmbolos de Canarias"},"content":{"rendered":"<div class=\"wpb-content-wrapper\"><p>[vc_row][vc_column][vc_row_inner][vc_column_inner width=\u00bb1\/2&#8243;]<h1 class=\"fac-big-title fac-title text-center\" style=\"color:#dd3333\">S\u00edmbolos de Canarias<\/h1>\n[\/vc_column_inner][vc_column_inner width=\u00bb1\/2&#8243;][vc_column_text]<\/p>\n<h5 style=\"text-align: right;\">\u00a9 Eric C. Cichosz.<\/h5>\n<p>[\/vc_column_text][\/vc_column_inner][\/vc_row_inner][vc_media_grid element_width=\u00bb3&#8243; gap=\u00bb3&#8243; grid_id=\u00bbvc_gid:1437687691731-3c4cc487-6c98-5&#8243; include=\u00bb4007,4006,4005,4004,4002,4001,4000,4003&#8243;][\/vc_column][\/vc_row]<\/p>\n<\/div>","protected":false},"excerpt":{"rendered":"<p>[vc_row][vc_column][vc_row_inner][vc_column_inner width=\u00bb1\/2&#8243;][\/vc_column_inner][vc_column_inner width=\u00bb1\/2&#8243;][vc_column_text] \u00a9 Eric C. Cichosz. [\/vc_column_text][\/vc_column_inner][\/vc_row_inner][vc_media_grid element_width=\u00bb3&#8243; gap=\u00bb3&#8243; grid_id=\u00bbvc_gid:1437687691731-3c4cc487-6c98-5&#8243; include=\u00bb4007,4006,4005,4004,4002,4001,4000,4003&#8243;][\/vc_column][\/vc_row]<\/p>\n","protected":false},"author":1,"featured_media":0,"parent":4939,"menu_order":2,"comment_status":"open","ping_status":"closed","template":"page-pagebuilder.php","meta":{"footnotes":""},"class_list":["post-7025","page","type-page","status-publish","hentry"],"yoast_head":"<!-- This site is optimized with the Yoast SEO plugin v27.1.1 - https:\/\/yoast.com\/product\/yoast-seo-wordpress\/ -->\n<title>S\u00cdMBOLOS DE CANARIAS | Dr. Antonio Machado Carrillo<\/title>\n<meta name=\"description\" content=\"&quot;S\u00edmbolos de Canarias&quot; - Cuadros del muralista Eric C. Cichos. \u00a9 Eric C. Cichos\" \/>\n<meta name=\"robots\" content=\"index, follow, max-snippet:-1, max-image-preview:large, max-video-preview:-1\" \/>\n<link rel=\"canonical\" href=\"https:\/\/www.antoniomachado.net\/es\/galerias\/ilustraciones\/simbolos-de-canarias\/\" \/>\n<meta property=\"og:locale\" content=\"es_ES\" \/>\n<meta property=\"og:type\" content=\"article\" \/>\n<meta property=\"og:title\" content=\"S\u00cdMBOLOS DE CANARIAS | Dr. Antonio Machado Carrillo\" \/>\n<meta property=\"og:description\" content=\"&quot;S\u00edmbolos de Canarias&quot; - Cuadros del muralista Eric C. Cichos. \u00a9 Eric C. Cichos\" \/>\n<meta property=\"og:url\" content=\"https:\/\/www.antoniomachado.net\/es\/galerias\/ilustraciones\/simbolos-de-canarias\/\" \/>\n<meta property=\"og:site_name\" content=\"www.antoniomachado.net\" \/>\n<meta property=\"article:modified_time\" content=\"2015-08-08T16:59:17+00:00\" \/>\n<meta name=\"twitter:card\" content=\"summary_large_image\" \/>\n<meta name=\"twitter:site\" content=\"@laparocerus\" \/>\n<script type=\"application\/ld+json\" class=\"yoast-schema-graph\">{\"@context\":\"https:\/\/schema.org\",\"@graph\":[{\"@type\":\"WebPage\",\"@id\":\"https:\/\/www.antoniomachado.net\/es\/galerias\/ilustraciones\/simbolos-de-canarias\/\",\"url\":\"https:\/\/www.antoniomachado.net\/es\/galerias\/ilustraciones\/simbolos-de-canarias\/\",\"name\":\"S\u00cdMBOLOS DE CANARIAS | Dr. Antonio Machado Carrillo\",\"isPartOf\":{\"@id\":\"https:\/\/www.antoniomachado.net\/es\/#website\"},\"datePublished\":\"2015-08-08T14:37:17+00:00\",\"dateModified\":\"2015-08-08T16:59:17+00:00\",\"description\":\"\\\"S\u00edmbolos de Canarias\\\" - Cuadros del muralista Eric C. Cichos. \u00a9 Eric C. Cichos\",\"breadcrumb\":{\"@id\":\"https:\/\/www.antoniomachado.net\/es\/galerias\/ilustraciones\/simbolos-de-canarias\/#breadcrumb\"},\"inLanguage\":\"es\",\"potentialAction\":[{\"@type\":\"ReadAction\",\"target\":[\"https:\/\/www.antoniomachado.net\/es\/galerias\/ilustraciones\/simbolos-de-canarias\/\"]}]},{\"@type\":\"BreadcrumbList\",\"@id\":\"https:\/\/www.antoniomachado.net\/es\/galerias\/ilustraciones\/simbolos-de-canarias\/#breadcrumb\",\"itemListElement\":[{\"@type\":\"ListItem\",\"position\":1,\"name\":\"Portada\",\"item\":\"https:\/\/www.antoniomachado.net\/es\/\"},{\"@type\":\"ListItem\",\"position\":2,\"name\":\"GALER\u00cdAS\",\"item\":\"https:\/\/www.antoniomachado.net\/es\/galerias\/\"},{\"@type\":\"ListItem\",\"position\":3,\"name\":\"ILUSTRACIONES\",\"item\":\"https:\/\/www.antoniomachado.net\/es\/galerias\/ilustraciones\/\"},{\"@type\":\"ListItem\",\"position\":4,\"name\":\"S\u00edmbolos de Canarias\"}]},{\"@type\":\"WebSite\",\"@id\":\"https:\/\/www.antoniomachado.net\/es\/#website\",\"url\":\"https:\/\/www.antoniomachado.net\/es\/\",\"name\":\"www.antoniomachado.net\",\"description\":\"Dr. Antonio Machado. Bi\u00f3logo multiuso (Entomolog\u00eda, Conservaci\u00f3n de la Naturaleza, Pol\u00edtica ambiental, etc.) con sede en las islas Canarias\",\"publisher\":{\"@id\":\"https:\/\/www.antoniomachado.net\/es\/#\/schema\/person\/20d92b6bd913e6447a4599f0a334fe20\"},\"potentialAction\":[{\"@type\":\"SearchAction\",\"target\":{\"@type\":\"EntryPoint\",\"urlTemplate\":\"https:\/\/www.antoniomachado.net\/es\/?s={search_term_string}\"},\"query-input\":{\"@type\":\"PropertyValueSpecification\",\"valueRequired\":true,\"valueName\":\"search_term_string\"}}],\"inLanguage\":\"es\"},{\"@type\":[\"Person\",\"Organization\"],\"@id\":\"https:\/\/www.antoniomachado.net\/es\/#\/schema\/person\/20d92b6bd913e6447a4599f0a334fe20\",\"name\":\"Antonio Machado\",\"image\":{\"@type\":\"ImageObject\",\"inLanguage\":\"es\",\"@id\":\"https:\/\/www.antoniomachado.net\/es\/#\/schema\/person\/image\/\",\"url\":\"https:\/\/www.antoniomachado.net\/wp-content\/uploads\/images\/icons\/avatar_antonio-machado-carrillo.png\",\"contentUrl\":\"https:\/\/www.antoniomachado.net\/wp-content\/uploads\/images\/icons\/avatar_antonio-machado-carrillo.png\",\"width\":320,\"height\":417,\"caption\":\"Antonio Machado\"},\"logo\":{\"@id\":\"https:\/\/www.antoniomachado.net\/es\/#\/schema\/person\/image\/\"},\"description\":\"I am based in Tenerife, one of the Canary Islands, and I am crazy about beetles which are my hobby. However, as a multipurpose professional biologist I have been involved in nature conservation and environmental affairs, teaching Ecology, legal drafting, and other more or less related activities.\",\"sameAs\":[\"http:\/\/www.antoniomachado.net\",\"https:\/\/x.com\/laparocerus\"]}]}<\/script>\n<!-- \/ Yoast SEO plugin. -->","yoast_head_json":{"title":"S\u00cdMBOLOS DE CANARIAS | Dr. Antonio Machado Carrillo","description":"\"S\u00edmbolos de Canarias\" - Cuadros del muralista Eric C. Cichos. \u00a9 Eric C. Cichos","robots":{"index":"index","follow":"follow","max-snippet":"max-snippet:-1","max-image-preview":"max-image-preview:large","max-video-preview":"max-video-preview:-1"},"canonical":"https:\/\/www.antoniomachado.net\/es\/galerias\/ilustraciones\/simbolos-de-canarias\/","og_locale":"es_ES","og_type":"article","og_title":"S\u00cdMBOLOS DE CANARIAS | Dr. Antonio Machado Carrillo","og_description":"\"S\u00edmbolos de Canarias\" - Cuadros del muralista Eric C. Cichos. \u00a9 Eric C. Cichos","og_url":"https:\/\/www.antoniomachado.net\/es\/galerias\/ilustraciones\/simbolos-de-canarias\/","og_site_name":"www.antoniomachado.net","article_modified_time":"2015-08-08T16:59:17+00:00","twitter_card":"summary_large_image","twitter_site":"@laparocerus","schema":{"@context":"https:\/\/schema.org","@graph":[{"@type":"WebPage","@id":"https:\/\/www.antoniomachado.net\/es\/galerias\/ilustraciones\/simbolos-de-canarias\/","url":"https:\/\/www.antoniomachado.net\/es\/galerias\/ilustraciones\/simbolos-de-canarias\/","name":"S\u00cdMBOLOS DE CANARIAS | Dr. Antonio Machado Carrillo","isPartOf":{"@id":"https:\/\/www.antoniomachado.net\/es\/#website"},"datePublished":"2015-08-08T14:37:17+00:00","dateModified":"2015-08-08T16:59:17+00:00","description":"\"S\u00edmbolos de Canarias\" - Cuadros del muralista Eric C. Cichos. \u00a9 Eric C. Cichos","breadcrumb":{"@id":"https:\/\/www.antoniomachado.net\/es\/galerias\/ilustraciones\/simbolos-de-canarias\/#breadcrumb"},"inLanguage":"es","potentialAction":[{"@type":"ReadAction","target":["https:\/\/www.antoniomachado.net\/es\/galerias\/ilustraciones\/simbolos-de-canarias\/"]}]},{"@type":"BreadcrumbList","@id":"https:\/\/www.antoniomachado.net\/es\/galerias\/ilustraciones\/simbolos-de-canarias\/#breadcrumb","itemListElement":[{"@type":"ListItem","position":1,"name":"Portada","item":"https:\/\/www.antoniomachado.net\/es\/"},{"@type":"ListItem","position":2,"name":"GALER\u00cdAS","item":"https:\/\/www.antoniomachado.net\/es\/galerias\/"},{"@type":"ListItem","position":3,"name":"ILUSTRACIONES","item":"https:\/\/www.antoniomachado.net\/es\/galerias\/ilustraciones\/"},{"@type":"ListItem","position":4,"name":"S\u00edmbolos de Canarias"}]},{"@type":"WebSite","@id":"https:\/\/www.antoniomachado.net\/es\/#website","url":"https:\/\/www.antoniomachado.net\/es\/","name":"www.antoniomachado.net","description":"Dr. Antonio Machado. Bi\u00f3logo multiuso (Entomolog\u00eda, Conservaci\u00f3n de la Naturaleza, Pol\u00edtica ambiental, etc.) con sede en las islas Canarias","publisher":{"@id":"https:\/\/www.antoniomachado.net\/es\/#\/schema\/person\/20d92b6bd913e6447a4599f0a334fe20"},"potentialAction":[{"@type":"SearchAction","target":{"@type":"EntryPoint","urlTemplate":"https:\/\/www.antoniomachado.net\/es\/?s={search_term_string}"},"query-input":{"@type":"PropertyValueSpecification","valueRequired":true,"valueName":"search_term_string"}}],"inLanguage":"es"},{"@type":["Person","Organization"],"@id":"https:\/\/www.antoniomachado.net\/es\/#\/schema\/person\/20d92b6bd913e6447a4599f0a334fe20","name":"Antonio Machado","image":{"@type":"ImageObject","inLanguage":"es","@id":"https:\/\/www.antoniomachado.net\/es\/#\/schema\/person\/image\/","url":"https:\/\/www.antoniomachado.net\/wp-content\/uploads\/images\/icons\/avatar_antonio-machado-carrillo.png","contentUrl":"https:\/\/www.antoniomachado.net\/wp-content\/uploads\/images\/icons\/avatar_antonio-machado-carrillo.png","width":320,"height":417,"caption":"Antonio Machado"},"logo":{"@id":"https:\/\/www.antoniomachado.net\/es\/#\/schema\/person\/image\/"},"description":"I am based in Tenerife, one of the Canary Islands, and I am crazy about beetles which are my hobby. However, as a multipurpose professional biologist I have been involved in nature conservation and environmental affairs, teaching Ecology, legal drafting, and other more or less related activities.","sameAs":["http:\/\/www.antoniomachado.net","https:\/\/x.com\/laparocerus"]}]}},"_links":{"self":[{"href":"https:\/\/www.antoniomachado.net\/es\/wp-json\/wp\/v2\/pages\/7025","targetHints":{"allow":["GET"]}}],"collection":[{"href":"https:\/\/www.antoniomachado.net\/es\/wp-json\/wp\/v2\/pages"}],"about":[{"href":"https:\/\/www.antoniomachado.net\/es\/wp-json\/wp\/v2\/types\/page"}],"author":[{"embeddable":true,"href":"https:\/\/www.antoniomachado.net\/es\/wp-json\/wp\/v2\/users\/1"}],"replies":[{"embeddable":true,"href":"https:\/\/www.antoniomachado.net\/es\/wp-json\/wp\/v2\/comments?post=7025"}],"version-history":[{"count":0,"href":"https:\/\/www.antoniomachado.net\/es\/wp-json\/wp\/v2\/pages\/7025\/revisions"}],"up":[{"embeddable":true,"href":"https:\/\/www.antoniomachado.net\/es\/wp-json\/wp\/v2\/pages\/4939"}],"wp:attachment":[{"href":"https:\/\/www.antoniomachado.net\/es\/wp-json\/wp\/v2\/media?parent=7025"}],"curies":[{"name":"wp","href":"https:\/\/api.w.org\/{rel}","templated":true}]}}