{"id":7030,"date":"2015-08-08T16:34:45","date_gmt":"2015-08-08T16:34:45","guid":{"rendered":"http:\/\/www.antoniomachado.net\/?page_id=7030"},"modified":"2016-01-04T16:56:39","modified_gmt":"2016-01-04T16:56:39","slug":"bocetos-de-campo","status":"publish","type":"page","link":"https:\/\/www.antoniomachado.net\/es\/galerias\/ilustraciones\/bocetos-de-campo\/","title":{"rendered":"Bocetos de Campo"},"content":{"rendered":"<div class=\"wpb-content-wrapper\"><p>[vc_row css=\u00bb.vc_custom_1450270061027{margin-top: 0px !important;margin-bottom: 0px !important;border-top-width: 30px !important;border-bottom-width: 15px !important;padding-top: 30px !important;padding-bottom: 15px !important;}\u00bb][vc_column]<h1 class=\"fac-title text-center\" style=\"color:#2a8942\">Bocetos de campo<\/h1>\n[vc_column_text]<\/p>\n<h6 style=\"text-align: center;\">\u00a9 Antonio Machado Carrillo<\/h6>\n<p>[\/vc_column_text][\/vc_column][\/vc_row][vc_row css=\u00bb.vc_custom_1450270438466{border-top-width: 20px !important;border-bottom-width: 10px !important;padding-top: 20px !important;padding-bottom: 10px !important;}\u00bb][vc_column][vc_text_separator title=\u00bbBocetos: ACCIONES\u00bb][vc_media_grid style=\u00bbpagination\u00bb items_per_page=\u00bb6&#8243; element_width=\u00bb2&#8243; grid_id=\u00bbvc_gid:1451926500291-981aaeab-481f-4&#8243; include=\u00bb8622,8652,8646,8644,8642,8640,8638,8636,8634,8632,8630,8628,8626,8624&#8243;][\/vc_column][\/vc_row][vc_row css=\u00bb.vc_custom_1450269754975{border-top-width: 20px !important;border-bottom-width: 20px !important;padding-top: 20px !important;padding-bottom: 20px !important;}\u00bb][vc_column][vc_text_separator title=\u00bbBocetos: BICHOS\u00bb][vc_media_grid style=\u00bbpagination\u00bb items_per_page=\u00bb6&#8243; element_width=\u00bb2&#8243; grid_id=\u00bbvc_gid:1451926500296-5f5c7f7b-f3ed-9&#8243; include=\u00bb8670,8672,8678,8682,8680,8686,8684,8676,8688,8674,8690,8694,8692,8666,8668&#8243;][\/vc_column][\/vc_row][vc_row css=\u00bb.vc_custom_1450270778019{border-top-width: 20px !important;border-bottom-width: 20px !important;padding-top: 20px !important;padding-bottom: 20px !important;}\u00bb][vc_column][vc_text_separator title=\u00bbBocetos: PLANTAS\u00bb][vc_media_grid style=\u00bbpagination\u00bb items_per_page=\u00bb6&#8243; element_width=\u00bb2&#8243; grid_id=\u00bbvc_gid:1451926500300-209b36f3-8d88-7&#8243; include=\u00bb8798,8796,8792,8794,8790,8800&#8243;][\/vc_column][\/vc_row][vc_row css=\u00bb.vc_custom_1450270420474{border-top-width: 20px !important;border-bottom-width: 20px !important;padding-top: 20px !important;padding-bottom: 20px !important;}\u00bb][vc_column][vc_text_separator title=\u00bbBocetos: VERTEBRADOS\u00bb css=\u00bb.vc_custom_1450278106155{border-top-width: 20px !important;border-bottom-width: 20px !important;padding-top: 20px !important;padding-bottom: 20px !important;}\u00bb][vc_media_grid style=\u00bbpagination\u00bb items_per_page=\u00bb6&#8243; element_width=\u00bb2&#8243; grid_id=\u00bbvc_gid:1451926500303-b3d55ea6-21d1-2&#8243; include=\u00bb8802,8828,8834,8832,8830,8824,8826,8822,8820,8818,8816,8814,8810,8812,8808,8804,8806&#8243;][\/vc_column][\/vc_row][vc_row css=\u00bb.vc_custom_1450270134930{border-top-width: 20px !important;border-bottom-width: 20px !important;padding-top: 20px !important;padding-bottom: 20px !important;}\u00bb][vc_column][vc_text_separator title=\u00bbBocetos: PERSONAJES\u00bb][vc_media_grid style=\u00bbpagination\u00bb items_per_page=\u00bb6&#8243; element_width=\u00bb2&#8243; grid_id=\u00bbvc_gid:1451926500306-ce375c9c-8526-8&#8243; include=\u00bb8772,8774,8776,8778,8784,8786,8788,8780,8782&#8243;][\/vc_column][\/vc_row][vc_row css=\u00bb.vc_custom_1450270403280{border-top-width: 20px !important;border-bottom-width: 20px !important;padding-top: 20px !important;padding-bottom: 20px !important;}\u00bb][vc_column][vc_text_separator title=\u00bbBocetos: CONSTRUCCIONES\u00bb][vc_media_grid style=\u00bbpagination\u00bb items_per_page=\u00bb6&#8243; element_width=\u00bb2&#8243; grid_id=\u00bbvc_gid:1451926500309-dfa46a6b-77ba-1&#8243; include=\u00bb8696,8698,8700,8702,8704,8706,8708,8710,8712,8714&#8243;][\/vc_column][\/vc_row][vc_row css=\u00bb.vc_custom_1450270091012{border-top-width: 20px !important;border-bottom-width: 20px !important;padding-top: 20px !important;padding-bottom: 20px !important;}\u00bb][vc_column][vc_text_separator title=\u00bbBocetos: ESQUEMAS\u00bb][vc_media_grid style=\u00bbpagination\u00bb items_per_page=\u00bb6&#8243; element_width=\u00bb2&#8243; grid_id=\u00bbvc_gid:1451926500312-063ae1f4-b5cb-7&#8243; include=\u00bb8716,8724,8722,8720,8718,8728,8730,8732&#8243;][\/vc_column][\/vc_row][vc_row css=\u00bb.vc_custom_1450270107739{border-top-width: 20px !important;border-bottom-width: 20px !important;padding-top: 20px !important;padding-bottom: 20px !important;}\u00bb][vc_column][vc_text_separator title=\u00bbBocetos: MAPAS\u00bb][vc_media_grid style=\u00bbpagination\u00bb items_per_page=\u00bb6&#8243; element_width=\u00bb2&#8243; grid_id=\u00bbvc_gid:1451926500315-12ef04f8-ac30-5&#8243; include=\u00bb8734,8736,8744,8742,8740,8738&#8243;][\/vc_column][\/vc_row][vc_row css=\u00bb.vc_custom_1450269740011{border-top-width: 20px !important;border-bottom-width: 20px !important;padding-top: 20px !important;padding-bottom: 20px !important;}\u00bb][vc_column][vc_text_separator title=\u00bbBocetos: ARTEFACTOS\u00bb][vc_media_grid style=\u00bbpagination\u00bb items_per_page=\u00bb6&#8243; element_width=\u00bb2&#8243; grid_id=\u00bbvc_gid:1451926500317-74cc68e8-c82b-4&#8243; include=\u00bb8648,8650,8662,8660,8658,8654,8664,8656&#8243;][\/vc_column][\/vc_row][vc_row css=\u00bb.vc_custom_1450270122304{border-top-width: 20px !important;border-bottom-width: 20px !important;padding-top: 20px !important;padding-bottom: 20px !important;}\u00bb][vc_column][vc_text_separator title=\u00bbBocetos: PAISAJES\u00bb][vc_media_grid style=\u00bbpagination\u00bb items_per_page=\u00bb6&#8243; element_width=\u00bb2&#8243; grid_id=\u00bbvc_gid:1451926500320-d2810c90-2f8a-3&#8243; include=\u00bb8752,8746,8770,8768,8766,8764,8762,8758,8756,8760,8750,8748,8754&#8243;][\/vc_column][\/vc_row]<\/p>\n<\/div>","protected":false},"excerpt":{"rendered":"<p>[vc_row css=\u00bb.vc_custom_1450270061027{margin-top: 0px !important;margin-bottom: 0px !important;border-top-width: 30px !important;border-bottom-width: 15px !important;padding-top: 30px !important;padding-bottom: 15px !important;}\u00bb][vc_column][vc_column_text] \u00a9 Antonio Machado Carrillo [\/vc_column_text][\/vc_column][\/vc_row][vc_row css=\u00bb.vc_custom_1450270438466{border-top-width: [&hellip;]<\/p>\n","protected":false},"author":1,"featured_media":0,"parent":4939,"menu_order":5,"comment_status":"open","ping_status":"closed","template":"page-pagebuilder.php","meta":{"footnotes":""},"class_list":["post-7030","page","type-page","status-publish","hentry"],"yoast_head":"<!-- This site is optimized with the Yoast SEO plugin v27.1.1 - https:\/\/yoast.com\/product\/yoast-seo-wordpress\/ -->\n<title>Bocetos de Campo | www.antoniomachado.net<\/title>\n<meta name=\"description\" content=\"Bocetos de campo del bi\u00f3logo Antonio Machado Carrillo. Im\u00e1genes \u00a9 AMC.\u00a0\" \/>\n<meta name=\"robots\" content=\"index, follow, max-snippet:-1, max-image-preview:large, max-video-preview:-1\" \/>\n<link rel=\"canonical\" href=\"https:\/\/www.antoniomachado.net\/es\/galerias\/ilustraciones\/bocetos-de-campo\/\" \/>\n<meta property=\"og:locale\" content=\"es_ES\" \/>\n<meta property=\"og:type\" content=\"article\" \/>\n<meta property=\"og:title\" content=\"Bocetos de Campo | www.antoniomachado.net\" \/>\n<meta property=\"og:description\" content=\"Bocetos de campo del bi\u00f3logo Antonio Machado Carrillo. Im\u00e1genes \u00a9 AMC.\u00a0\" \/>\n<meta property=\"og:url\" content=\"https:\/\/www.antoniomachado.net\/es\/galerias\/ilustraciones\/bocetos-de-campo\/\" \/>\n<meta property=\"og:site_name\" content=\"www.antoniomachado.net\" \/>\n<meta property=\"article:modified_time\" content=\"2016-01-04T16:56:39+00:00\" \/>\n<meta name=\"twitter:card\" content=\"summary_large_image\" \/>\n<meta name=\"twitter:site\" content=\"@laparocerus\" \/>\n<meta name=\"twitter:label1\" content=\"Tiempo de lectura\" \/>\n\t<meta name=\"twitter:data1\" content=\"3 minutos\" \/>\n<script type=\"application\/ld+json\" class=\"yoast-schema-graph\">{\"@context\":\"https:\/\/schema.org\",\"@graph\":[{\"@type\":\"WebPage\",\"@id\":\"https:\/\/www.antoniomachado.net\/es\/galerias\/ilustraciones\/bocetos-de-campo\/\",\"url\":\"https:\/\/www.antoniomachado.net\/es\/galerias\/ilustraciones\/bocetos-de-campo\/\",\"name\":\"Bocetos de Campo | www.antoniomachado.net\",\"isPartOf\":{\"@id\":\"https:\/\/www.antoniomachado.net\/es\/#website\"},\"datePublished\":\"2015-08-08T16:34:45+00:00\",\"dateModified\":\"2016-01-04T16:56:39+00:00\",\"description\":\"Bocetos de campo del bi\u00f3logo Antonio Machado Carrillo. Im\u00e1genes \u00a9 AMC.\u00a0\",\"breadcrumb\":{\"@id\":\"https:\/\/www.antoniomachado.net\/es\/galerias\/ilustraciones\/bocetos-de-campo\/#breadcrumb\"},\"inLanguage\":\"es\",\"potentialAction\":[{\"@type\":\"ReadAction\",\"target\":[\"https:\/\/www.antoniomachado.net\/es\/galerias\/ilustraciones\/bocetos-de-campo\/\"]}]},{\"@type\":\"BreadcrumbList\",\"@id\":\"https:\/\/www.antoniomachado.net\/es\/galerias\/ilustraciones\/bocetos-de-campo\/#breadcrumb\",\"itemListElement\":[{\"@type\":\"ListItem\",\"position\":1,\"name\":\"Portada\",\"item\":\"https:\/\/www.antoniomachado.net\/es\/\"},{\"@type\":\"ListItem\",\"position\":2,\"name\":\"GALER\u00cdAS\",\"item\":\"https:\/\/www.antoniomachado.net\/es\/galerias\/\"},{\"@type\":\"ListItem\",\"position\":3,\"name\":\"ILUSTRACIONES\",\"item\":\"https:\/\/www.antoniomachado.net\/es\/galerias\/ilustraciones\/\"},{\"@type\":\"ListItem\",\"position\":4,\"name\":\"Bocetos de Campo\"}]},{\"@type\":\"WebSite\",\"@id\":\"https:\/\/www.antoniomachado.net\/es\/#website\",\"url\":\"https:\/\/www.antoniomachado.net\/es\/\",\"name\":\"www.antoniomachado.net\",\"description\":\"Dr. Antonio Machado. Bi\u00f3logo multiuso (Entomolog\u00eda, Conservaci\u00f3n de la Naturaleza, Pol\u00edtica ambiental, etc.) con sede en las islas Canarias\",\"publisher\":{\"@id\":\"https:\/\/www.antoniomachado.net\/es\/#\/schema\/person\/20d92b6bd913e6447a4599f0a334fe20\"},\"potentialAction\":[{\"@type\":\"SearchAction\",\"target\":{\"@type\":\"EntryPoint\",\"urlTemplate\":\"https:\/\/www.antoniomachado.net\/es\/?s={search_term_string}\"},\"query-input\":{\"@type\":\"PropertyValueSpecification\",\"valueRequired\":true,\"valueName\":\"search_term_string\"}}],\"inLanguage\":\"es\"},{\"@type\":[\"Person\",\"Organization\"],\"@id\":\"https:\/\/www.antoniomachado.net\/es\/#\/schema\/person\/20d92b6bd913e6447a4599f0a334fe20\",\"name\":\"Antonio Machado\",\"image\":{\"@type\":\"ImageObject\",\"inLanguage\":\"es\",\"@id\":\"https:\/\/www.antoniomachado.net\/es\/#\/schema\/person\/image\/\",\"url\":\"https:\/\/www.antoniomachado.net\/wp-content\/uploads\/images\/icons\/avatar_antonio-machado-carrillo.png\",\"contentUrl\":\"https:\/\/www.antoniomachado.net\/wp-content\/uploads\/images\/icons\/avatar_antonio-machado-carrillo.png\",\"width\":320,\"height\":417,\"caption\":\"Antonio Machado\"},\"logo\":{\"@id\":\"https:\/\/www.antoniomachado.net\/es\/#\/schema\/person\/image\/\"},\"description\":\"I am based in Tenerife, one of the Canary Islands, and I am crazy about beetles which are my hobby. However, as a multipurpose professional biologist I have been involved in nature conservation and environmental affairs, teaching Ecology, legal drafting, and other more or less related activities.\",\"sameAs\":[\"http:\/\/www.antoniomachado.net\",\"https:\/\/x.com\/laparocerus\"]}]}<\/script>\n<!-- \/ Yoast SEO plugin. -->","yoast_head_json":{"title":"Bocetos de Campo | www.antoniomachado.net","description":"Bocetos de campo del bi\u00f3logo Antonio Machado Carrillo. Im\u00e1genes \u00a9 AMC.\u00a0","robots":{"index":"index","follow":"follow","max-snippet":"max-snippet:-1","max-image-preview":"max-image-preview:large","max-video-preview":"max-video-preview:-1"},"canonical":"https:\/\/www.antoniomachado.net\/es\/galerias\/ilustraciones\/bocetos-de-campo\/","og_locale":"es_ES","og_type":"article","og_title":"Bocetos de Campo | www.antoniomachado.net","og_description":"Bocetos de campo del bi\u00f3logo Antonio Machado Carrillo. Im\u00e1genes \u00a9 AMC.\u00a0","og_url":"https:\/\/www.antoniomachado.net\/es\/galerias\/ilustraciones\/bocetos-de-campo\/","og_site_name":"www.antoniomachado.net","article_modified_time":"2016-01-04T16:56:39+00:00","twitter_card":"summary_large_image","twitter_site":"@laparocerus","twitter_misc":{"Tiempo de lectura":"3 minutos"},"schema":{"@context":"https:\/\/schema.org","@graph":[{"@type":"WebPage","@id":"https:\/\/www.antoniomachado.net\/es\/galerias\/ilustraciones\/bocetos-de-campo\/","url":"https:\/\/www.antoniomachado.net\/es\/galerias\/ilustraciones\/bocetos-de-campo\/","name":"Bocetos de Campo | www.antoniomachado.net","isPartOf":{"@id":"https:\/\/www.antoniomachado.net\/es\/#website"},"datePublished":"2015-08-08T16:34:45+00:00","dateModified":"2016-01-04T16:56:39+00:00","description":"Bocetos de campo del bi\u00f3logo Antonio Machado Carrillo. Im\u00e1genes \u00a9 AMC.\u00a0","breadcrumb":{"@id":"https:\/\/www.antoniomachado.net\/es\/galerias\/ilustraciones\/bocetos-de-campo\/#breadcrumb"},"inLanguage":"es","potentialAction":[{"@type":"ReadAction","target":["https:\/\/www.antoniomachado.net\/es\/galerias\/ilustraciones\/bocetos-de-campo\/"]}]},{"@type":"BreadcrumbList","@id":"https:\/\/www.antoniomachado.net\/es\/galerias\/ilustraciones\/bocetos-de-campo\/#breadcrumb","itemListElement":[{"@type":"ListItem","position":1,"name":"Portada","item":"https:\/\/www.antoniomachado.net\/es\/"},{"@type":"ListItem","position":2,"name":"GALER\u00cdAS","item":"https:\/\/www.antoniomachado.net\/es\/galerias\/"},{"@type":"ListItem","position":3,"name":"ILUSTRACIONES","item":"https:\/\/www.antoniomachado.net\/es\/galerias\/ilustraciones\/"},{"@type":"ListItem","position":4,"name":"Bocetos de Campo"}]},{"@type":"WebSite","@id":"https:\/\/www.antoniomachado.net\/es\/#website","url":"https:\/\/www.antoniomachado.net\/es\/","name":"www.antoniomachado.net","description":"Dr. Antonio Machado. Bi\u00f3logo multiuso (Entomolog\u00eda, Conservaci\u00f3n de la Naturaleza, Pol\u00edtica ambiental, etc.) con sede en las islas Canarias","publisher":{"@id":"https:\/\/www.antoniomachado.net\/es\/#\/schema\/person\/20d92b6bd913e6447a4599f0a334fe20"},"potentialAction":[{"@type":"SearchAction","target":{"@type":"EntryPoint","urlTemplate":"https:\/\/www.antoniomachado.net\/es\/?s={search_term_string}"},"query-input":{"@type":"PropertyValueSpecification","valueRequired":true,"valueName":"search_term_string"}}],"inLanguage":"es"},{"@type":["Person","Organization"],"@id":"https:\/\/www.antoniomachado.net\/es\/#\/schema\/person\/20d92b6bd913e6447a4599f0a334fe20","name":"Antonio Machado","image":{"@type":"ImageObject","inLanguage":"es","@id":"https:\/\/www.antoniomachado.net\/es\/#\/schema\/person\/image\/","url":"https:\/\/www.antoniomachado.net\/wp-content\/uploads\/images\/icons\/avatar_antonio-machado-carrillo.png","contentUrl":"https:\/\/www.antoniomachado.net\/wp-content\/uploads\/images\/icons\/avatar_antonio-machado-carrillo.png","width":320,"height":417,"caption":"Antonio Machado"},"logo":{"@id":"https:\/\/www.antoniomachado.net\/es\/#\/schema\/person\/image\/"},"description":"I am based in Tenerife, one of the Canary Islands, and I am crazy about beetles which are my hobby. However, as a multipurpose professional biologist I have been involved in nature conservation and environmental affairs, teaching Ecology, legal drafting, and other more or less related activities.","sameAs":["http:\/\/www.antoniomachado.net","https:\/\/x.com\/laparocerus"]}]}},"_links":{"self":[{"href":"https:\/\/www.antoniomachado.net\/es\/wp-json\/wp\/v2\/pages\/7030","targetHints":{"allow":["GET"]}}],"collection":[{"href":"https:\/\/www.antoniomachado.net\/es\/wp-json\/wp\/v2\/pages"}],"about":[{"href":"https:\/\/www.antoniomachado.net\/es\/wp-json\/wp\/v2\/types\/page"}],"author":[{"embeddable":true,"href":"https:\/\/www.antoniomachado.net\/es\/wp-json\/wp\/v2\/users\/1"}],"replies":[{"embeddable":true,"href":"https:\/\/www.antoniomachado.net\/es\/wp-json\/wp\/v2\/comments?post=7030"}],"version-history":[{"count":0,"href":"https:\/\/www.antoniomachado.net\/es\/wp-json\/wp\/v2\/pages\/7030\/revisions"}],"up":[{"embeddable":true,"href":"https:\/\/www.antoniomachado.net\/es\/wp-json\/wp\/v2\/pages\/4939"}],"wp:attachment":[{"href":"https:\/\/www.antoniomachado.net\/es\/wp-json\/wp\/v2\/media?parent=7030"}],"curies":[{"name":"wp","href":"https:\/\/api.w.org\/{rel}","templated":true}]}}