{"id":8587,"date":"2015-12-04T18:04:11","date_gmt":"2015-12-04T18:04:11","guid":{"rendered":"http:\/\/www.antoniomachado.net\/es\/?page_id=8587"},"modified":"2015-12-11T19:38:14","modified_gmt":"2015-12-11T19:38:14","slug":"europe","status":"publish","type":"page","link":"https:\/\/www.antoniomachado.net\/es\/galerias\/fotos\/el-mundo\/europe\/","title":{"rendered":"Escenas del Mundo: Europa"},"content":{"rendered":"<div class=\"wpb-content-wrapper\"><p>[vc_row][vc_column][vc_row_inner][vc_column_inner width=\u00bb3\/4&#8243;]<h1 class=\"fac-title text-left\" style=\"color:#dd3333\">Escenas del Mundo: Europa<\/h1>\n[\/vc_column_inner][vc_column_inner width=\u00bb1\/4&#8243;][vc_column_text]<\/p>\n<h6 class=\"p1\" style=\"text-align: right;\"><span class=\"s1\">\u00a9 Antonio Machado Carrillo<\/span><\/h6>\n<p>[\/vc_column_text][\/vc_column_inner][\/vc_row_inner][vc_media_grid element_width=\u00bb3&#8243; grid_id=\u00bbvc_gid:1449862560296-5ba2cb3d-1b6b-4&#8243; include=\u00bb8085,8087,8089,8091,8093,8095,8097,8099,8101,8103,8105,8107,8109,8111,8113,8115,8117,8119,8121,8123,8125,8127,8131&#8243;][\/vc_column][\/vc_row]<\/p>\n<\/div>","protected":false},"excerpt":{"rendered":"<p>[vc_row][vc_column][vc_row_inner][vc_column_inner width=\u00bb3\/4&#8243;][\/vc_column_inner][vc_column_inner width=\u00bb1\/4&#8243;][vc_column_text] \u00a9 Antonio Machado Carrillo [\/vc_column_text][\/vc_column_inner][\/vc_row_inner][vc_media_grid element_width=\u00bb3&#8243; grid_id=\u00bbvc_gid:1449862560296-5ba2cb3d-1b6b-4&#8243; include=\u00bb8085,8087,8089,8091,8093,8095,8097,8099,8101,8103,8105,8107,8109,8111,8113,8115,8117,8119,8121,8123,8125,8127,8131&#8243;][\/vc_column][\/vc_row]<\/p>\n","protected":false},"author":1,"featured_media":0,"parent":6997,"menu_order":1,"comment_status":"open","ping_status":"closed","template":"page-pagebuilder.php","meta":{"footnotes":""},"class_list":["post-8587","page","type-page","status-publish","hentry"],"yoast_head":"<!-- This site is optimized with the Yoast SEO plugin v27.1.1 - https:\/\/yoast.com\/product\/yoast-seo-wordpress\/ -->\n<title>Escenas del Mundo: Europa | www.antoniomachado.net<\/title>\n<meta name=\"description\" content=\"Escenas del Mundo: EUROPA&quot; Galer\u00eda de fotos. Im\u00e1genes \u00a9 Antonio Machado Carrillo.\" \/>\n<meta name=\"robots\" content=\"index, follow, max-snippet:-1, max-image-preview:large, max-video-preview:-1\" \/>\n<link rel=\"canonical\" href=\"https:\/\/www.antoniomachado.net\/es\/galerias\/fotos\/el-mundo\/europe\/\" \/>\n<meta property=\"og:locale\" content=\"es_ES\" \/>\n<meta property=\"og:type\" content=\"article\" \/>\n<meta property=\"og:title\" content=\"Escenas del Mundo: Europa | www.antoniomachado.net\" \/>\n<meta property=\"og:description\" content=\"Escenas del Mundo: EUROPA&quot; Galer\u00eda de fotos. Im\u00e1genes \u00a9 Antonio Machado Carrillo.\" \/>\n<meta property=\"og:url\" content=\"https:\/\/www.antoniomachado.net\/es\/galerias\/fotos\/el-mundo\/europe\/\" \/>\n<meta property=\"og:site_name\" content=\"www.antoniomachado.net\" \/>\n<meta property=\"article:modified_time\" content=\"2015-12-11T19:38:14+00:00\" \/>\n<meta name=\"twitter:card\" content=\"summary_large_image\" \/>\n<meta name=\"twitter:site\" content=\"@laparocerus\" \/>\n<script type=\"application\/ld+json\" class=\"yoast-schema-graph\">{\"@context\":\"https:\/\/schema.org\",\"@graph\":[{\"@type\":\"WebPage\",\"@id\":\"https:\/\/www.antoniomachado.net\/es\/galerias\/fotos\/el-mundo\/europe\/\",\"url\":\"https:\/\/www.antoniomachado.net\/es\/galerias\/fotos\/el-mundo\/europe\/\",\"name\":\"Escenas del Mundo: Europa | www.antoniomachado.net\",\"isPartOf\":{\"@id\":\"https:\/\/www.antoniomachado.net\/es\/#website\"},\"datePublished\":\"2015-12-04T18:04:11+00:00\",\"dateModified\":\"2015-12-11T19:38:14+00:00\",\"description\":\"Escenas del Mundo: EUROPA\\\" Galer\u00eda de fotos. Im\u00e1genes \u00a9 Antonio Machado Carrillo.\",\"breadcrumb\":{\"@id\":\"https:\/\/www.antoniomachado.net\/es\/galerias\/fotos\/el-mundo\/europe\/#breadcrumb\"},\"inLanguage\":\"es\",\"potentialAction\":[{\"@type\":\"ReadAction\",\"target\":[\"https:\/\/www.antoniomachado.net\/es\/galerias\/fotos\/el-mundo\/europe\/\"]}]},{\"@type\":\"BreadcrumbList\",\"@id\":\"https:\/\/www.antoniomachado.net\/es\/galerias\/fotos\/el-mundo\/europe\/#breadcrumb\",\"itemListElement\":[{\"@type\":\"ListItem\",\"position\":1,\"name\":\"Portada\",\"item\":\"https:\/\/www.antoniomachado.net\/es\/\"},{\"@type\":\"ListItem\",\"position\":2,\"name\":\"GALER\u00cdAS\",\"item\":\"https:\/\/www.antoniomachado.net\/es\/galerias\/\"},{\"@type\":\"ListItem\",\"position\":3,\"name\":\"FOTOGRAF\u00cdA\",\"item\":\"https:\/\/www.antoniomachado.net\/es\/galerias\/fotos\/\"},{\"@type\":\"ListItem\",\"position\":4,\"name\":\"Escenas del mundo\",\"item\":\"https:\/\/www.antoniomachado.net\/es\/galerias\/fotos\/el-mundo\/\"},{\"@type\":\"ListItem\",\"position\":5,\"name\":\"Escenas del Mundo: Europa\"}]},{\"@type\":\"WebSite\",\"@id\":\"https:\/\/www.antoniomachado.net\/es\/#website\",\"url\":\"https:\/\/www.antoniomachado.net\/es\/\",\"name\":\"www.antoniomachado.net\",\"description\":\"Dr. Antonio Machado. Bi\u00f3logo multiuso (Entomolog\u00eda, Conservaci\u00f3n de la Naturaleza, Pol\u00edtica ambiental, etc.) con sede en las islas Canarias\",\"publisher\":{\"@id\":\"https:\/\/www.antoniomachado.net\/es\/#\/schema\/person\/20d92b6bd913e6447a4599f0a334fe20\"},\"potentialAction\":[{\"@type\":\"SearchAction\",\"target\":{\"@type\":\"EntryPoint\",\"urlTemplate\":\"https:\/\/www.antoniomachado.net\/es\/?s={search_term_string}\"},\"query-input\":{\"@type\":\"PropertyValueSpecification\",\"valueRequired\":true,\"valueName\":\"search_term_string\"}}],\"inLanguage\":\"es\"},{\"@type\":[\"Person\",\"Organization\"],\"@id\":\"https:\/\/www.antoniomachado.net\/es\/#\/schema\/person\/20d92b6bd913e6447a4599f0a334fe20\",\"name\":\"Antonio Machado\",\"image\":{\"@type\":\"ImageObject\",\"inLanguage\":\"es\",\"@id\":\"https:\/\/www.antoniomachado.net\/es\/#\/schema\/person\/image\/\",\"url\":\"https:\/\/www.antoniomachado.net\/wp-content\/uploads\/images\/icons\/avatar_antonio-machado-carrillo.png\",\"contentUrl\":\"https:\/\/www.antoniomachado.net\/wp-content\/uploads\/images\/icons\/avatar_antonio-machado-carrillo.png\",\"width\":320,\"height\":417,\"caption\":\"Antonio Machado\"},\"logo\":{\"@id\":\"https:\/\/www.antoniomachado.net\/es\/#\/schema\/person\/image\/\"},\"description\":\"I am based in Tenerife, one of the Canary Islands, and I am crazy about beetles which are my hobby. However, as a multipurpose professional biologist I have been involved in nature conservation and environmental affairs, teaching Ecology, legal drafting, and other more or less related activities.\",\"sameAs\":[\"http:\/\/www.antoniomachado.net\",\"https:\/\/x.com\/laparocerus\"]}]}<\/script>\n<!-- \/ Yoast SEO plugin. -->","yoast_head_json":{"title":"Escenas del Mundo: Europa | www.antoniomachado.net","description":"Escenas del Mundo: EUROPA\" Galer\u00eda de fotos. Im\u00e1genes \u00a9 Antonio Machado Carrillo.","robots":{"index":"index","follow":"follow","max-snippet":"max-snippet:-1","max-image-preview":"max-image-preview:large","max-video-preview":"max-video-preview:-1"},"canonical":"https:\/\/www.antoniomachado.net\/es\/galerias\/fotos\/el-mundo\/europe\/","og_locale":"es_ES","og_type":"article","og_title":"Escenas del Mundo: Europa | www.antoniomachado.net","og_description":"Escenas del Mundo: EUROPA\" Galer\u00eda de fotos. Im\u00e1genes \u00a9 Antonio Machado Carrillo.","og_url":"https:\/\/www.antoniomachado.net\/es\/galerias\/fotos\/el-mundo\/europe\/","og_site_name":"www.antoniomachado.net","article_modified_time":"2015-12-11T19:38:14+00:00","twitter_card":"summary_large_image","twitter_site":"@laparocerus","schema":{"@context":"https:\/\/schema.org","@graph":[{"@type":"WebPage","@id":"https:\/\/www.antoniomachado.net\/es\/galerias\/fotos\/el-mundo\/europe\/","url":"https:\/\/www.antoniomachado.net\/es\/galerias\/fotos\/el-mundo\/europe\/","name":"Escenas del Mundo: Europa | www.antoniomachado.net","isPartOf":{"@id":"https:\/\/www.antoniomachado.net\/es\/#website"},"datePublished":"2015-12-04T18:04:11+00:00","dateModified":"2015-12-11T19:38:14+00:00","description":"Escenas del Mundo: EUROPA\" Galer\u00eda de fotos. Im\u00e1genes \u00a9 Antonio Machado Carrillo.","breadcrumb":{"@id":"https:\/\/www.antoniomachado.net\/es\/galerias\/fotos\/el-mundo\/europe\/#breadcrumb"},"inLanguage":"es","potentialAction":[{"@type":"ReadAction","target":["https:\/\/www.antoniomachado.net\/es\/galerias\/fotos\/el-mundo\/europe\/"]}]},{"@type":"BreadcrumbList","@id":"https:\/\/www.antoniomachado.net\/es\/galerias\/fotos\/el-mundo\/europe\/#breadcrumb","itemListElement":[{"@type":"ListItem","position":1,"name":"Portada","item":"https:\/\/www.antoniomachado.net\/es\/"},{"@type":"ListItem","position":2,"name":"GALER\u00cdAS","item":"https:\/\/www.antoniomachado.net\/es\/galerias\/"},{"@type":"ListItem","position":3,"name":"FOTOGRAF\u00cdA","item":"https:\/\/www.antoniomachado.net\/es\/galerias\/fotos\/"},{"@type":"ListItem","position":4,"name":"Escenas del mundo","item":"https:\/\/www.antoniomachado.net\/es\/galerias\/fotos\/el-mundo\/"},{"@type":"ListItem","position":5,"name":"Escenas del Mundo: Europa"}]},{"@type":"WebSite","@id":"https:\/\/www.antoniomachado.net\/es\/#website","url":"https:\/\/www.antoniomachado.net\/es\/","name":"www.antoniomachado.net","description":"Dr. Antonio Machado. Bi\u00f3logo multiuso (Entomolog\u00eda, Conservaci\u00f3n de la Naturaleza, Pol\u00edtica ambiental, etc.) con sede en las islas Canarias","publisher":{"@id":"https:\/\/www.antoniomachado.net\/es\/#\/schema\/person\/20d92b6bd913e6447a4599f0a334fe20"},"potentialAction":[{"@type":"SearchAction","target":{"@type":"EntryPoint","urlTemplate":"https:\/\/www.antoniomachado.net\/es\/?s={search_term_string}"},"query-input":{"@type":"PropertyValueSpecification","valueRequired":true,"valueName":"search_term_string"}}],"inLanguage":"es"},{"@type":["Person","Organization"],"@id":"https:\/\/www.antoniomachado.net\/es\/#\/schema\/person\/20d92b6bd913e6447a4599f0a334fe20","name":"Antonio Machado","image":{"@type":"ImageObject","inLanguage":"es","@id":"https:\/\/www.antoniomachado.net\/es\/#\/schema\/person\/image\/","url":"https:\/\/www.antoniomachado.net\/wp-content\/uploads\/images\/icons\/avatar_antonio-machado-carrillo.png","contentUrl":"https:\/\/www.antoniomachado.net\/wp-content\/uploads\/images\/icons\/avatar_antonio-machado-carrillo.png","width":320,"height":417,"caption":"Antonio Machado"},"logo":{"@id":"https:\/\/www.antoniomachado.net\/es\/#\/schema\/person\/image\/"},"description":"I am based in Tenerife, one of the Canary Islands, and I am crazy about beetles which are my hobby. However, as a multipurpose professional biologist I have been involved in nature conservation and environmental affairs, teaching Ecology, legal drafting, and other more or less related activities.","sameAs":["http:\/\/www.antoniomachado.net","https:\/\/x.com\/laparocerus"]}]}},"_links":{"self":[{"href":"https:\/\/www.antoniomachado.net\/es\/wp-json\/wp\/v2\/pages\/8587","targetHints":{"allow":["GET"]}}],"collection":[{"href":"https:\/\/www.antoniomachado.net\/es\/wp-json\/wp\/v2\/pages"}],"about":[{"href":"https:\/\/www.antoniomachado.net\/es\/wp-json\/wp\/v2\/types\/page"}],"author":[{"embeddable":true,"href":"https:\/\/www.antoniomachado.net\/es\/wp-json\/wp\/v2\/users\/1"}],"replies":[{"embeddable":true,"href":"https:\/\/www.antoniomachado.net\/es\/wp-json\/wp\/v2\/comments?post=8587"}],"version-history":[{"count":0,"href":"https:\/\/www.antoniomachado.net\/es\/wp-json\/wp\/v2\/pages\/8587\/revisions"}],"up":[{"embeddable":true,"href":"https:\/\/www.antoniomachado.net\/es\/wp-json\/wp\/v2\/pages\/6997"}],"wp:attachment":[{"href":"https:\/\/www.antoniomachado.net\/es\/wp-json\/wp\/v2\/media?parent=8587"}],"curies":[{"name":"wp","href":"https:\/\/api.w.org\/{rel}","templated":true}]}}