{"id":9083,"date":"2016-07-19T09:42:33","date_gmt":"2016-07-19T08:42:33","guid":{"rendered":"http:\/\/www.antoniomachado.net\/es\/?page_id=9083"},"modified":"2024-10-06T06:53:09","modified_gmt":"2024-10-06T05:53:09","slug":"awards","status":"publish","type":"page","link":"https:\/\/www.antoniomachado.net\/es\/bienvenido\/awards\/","title":{"rendered":"Awards"},"content":{"rendered":"<div class=\"wpb-content-wrapper\"><p>[vc_row css=\u00bb.vc_custom_1468999619419{border-top-width: 40px !important;border-bottom-width: 20px !important;padding-top: 40px !important;padding-bottom: 20px !important;}\u00bb][vc_column]<h1 class=\"fac-title text-center\" style=\"color:#dd3333\">PREMIOS Y DISTINCIONES<\/h1>\n[\/vc_column][\/vc_row][vc_row css=\u00bb.vc_custom_1468999630823{margin-top: 0px !important;margin-bottom: 0px !important;border-top-width: 20px !important;border-bottom-width: 30px !important;padding-top: 20px !important;padding-bottom: 30px !important;}\u00bb][vc_column width=\u00bb2\/3&#8243;]<ul class=\"timeline \">\n\t\t\t<li class=\"\">\n\t\t\t\t<div class=\"date\">2024<\/div>\n\t\t\t\t<div class=\"circle\"><\/div>\n\t\t\t\t<div class=\"data\"><div class=\"subject\">Colegio Oficial de Ingenieros de Montes<\/div><div class=\"text row\">\r\n\t\t    <div class=\"col-md-12\">\r\n\t\t        Colegiado de Honor\r\n\t\t    <\/div><\/div><\/div>\n\t\t\t<\/li>\n\t\t\t<li class=\"\">\n\t\t\t\t<div class=\"date\">2005<\/div>\n\t\t\t\t<div class=\"circle\"><\/div>\n\t\t\t\t<div class=\"data\"><div class=\"subject\">Premio Medio Ambiente C\u00e9sar Manrique<\/div><div class=\"text row\">\r\n\t\t    <div class=\"col-md-12\">\r\n\t\t        Otorgado por el Gobierno de Canarias\r\n\t\t    <\/div><\/div><\/div>\n\t\t\t<\/li>\n\t\t\t<li class=\"\">\n\t\t\t\t<div class=\"date\">1996<\/div>\n\t\t\t\t<div class=\"circle\"><\/div>\n\t\t\t\t<div class=\"data\"><div class=\"subject\">EurBiol<\/div><div class=\"text row\">\r\n\t\t    <div class=\"col-md-12\">\r\n\t\t        Certificado de Bi\u00f3logo Profesional Europeo, otorado por la Asociaci\u00f3n de Bi\u00f3logos de la Comunidad Europea (ECBA) para el periodo 1996-2004.\r\n\t\t    <\/div><\/div><\/div>\n\t\t\t<\/li>\n\t\t\t<li class=\"\">\n\t\t\t\t<div class=\"date\">1995<\/div>\n\t\t\t\t<div class=\"circle\"><\/div>\n\t\t\t\t<div class=\"data\"><div class=\"subject\">Premio Medio Ambiente Canarias 7<\/div><div class=\"text row\">\r\n\t\t    <div class=\"col-md-12\">\r\n\t\t        Otorgado por el grupo medi\u00e1tico Canarias 7. Las Palmas de Gran Canaria. Islas Canarias\r\n\t\t    <\/div><\/div><\/div>\n\t\t\t<\/li>\n\t\t\t<li class=\"\">\n\t\t\t\t<div class=\"date\">1995<\/div>\n\t\t\t\t<div class=\"circle\"><\/div>\n\t\t\t\t<div class=\"data\"><div class=\"subject\">Premio Tenerife Medio Ambiente<\/div><div class=\"text row\">\r\n\t\t    <div class=\"col-md-12\">\r\n\t\t        Otorgado por el Cabildo Insular de Tenerife. S\/C de Tenerife, Canary Islands\r\n\t\t    <\/div><\/div><\/div>\n\t\t\t<\/li>\n\t\t\t<li class=\"\">\n\t\t\t\t<div class=\"date\">1984<\/div>\n\t\t\t\t<div class=\"circle\"><\/div>\n\t\t\t\t<div class=\"data\"><div class=\"subject\">Miembro de Honor<\/div><div class=\"text row\">\r\n\t\t    <div class=\"col-md-12\">\r\n\t\t        Patronato del Parque Nacional del Teide, Espa\u00f1a.\r\n\t\t    <\/div><\/div><\/div>\n\t\t\t<\/li>\n\t\t\t<li class=\"\">\n\t\t\t\t<div class=\"date\">1978<\/div>\n\t\t\t\t<div class=\"circle\"><\/div>\n\t\t\t\t<div class=\"data\"><div class=\"subject\">Comendador de la Orden del M\u00e9rito Agr\u00edcola<\/div><div class=\"text row\">\r\n\t\t    <div class=\"col-md-12\">\r\n\t\t        Medalla otorgada por el Rey Juan Carlos I. Madrid (por logros en materia de parques nacionales).\r\n\t\t    <\/div><\/div><\/div>\n\t\t\t<\/li><\/ul>[\/vc_column][vc_column width=\u00bb1\/3&#8243;][vc_single_image image=\u00bb4639&#8243; img_size=\u00bbmedium\u00bb alignment=\u00bbcenter\u00bb onclick=\u00bbimg_link_large\u00bb][\/vc_column][\/vc_row]<\/p>\n<\/div>","protected":false},"excerpt":{"rendered":"<p>[vc_row css=\u00bb.vc_custom_1468999619419{border-top-width: 40px !important;border-bottom-width: 20px !important;padding-top: 40px !important;padding-bottom: 20px !important;}\u00bb][vc_column][\/vc_column][\/vc_row][vc_row css=\u00bb.vc_custom_1468999630823{margin-top: 0px !important;margin-bottom: 0px !important;border-top-width: 20px !important;border-bottom-width: 30px !important;padding-top: 20px [&hellip;]<\/p>\n","protected":false},"author":2,"featured_media":0,"parent":4755,"menu_order":2,"comment_status":"open","ping_status":"closed","template":"page-pagebuilder.php","meta":{"footnotes":""},"class_list":["post-9083","page","type-page","status-publish","hentry"],"yoast_head":"<!-- This site is optimized with the Yoast SEO plugin v27.1.1 - https:\/\/yoast.com\/product\/yoast-seo-wordpress\/ -->\n<title>Awards | www.antoniomachado.net<\/title>\n<meta name=\"robots\" content=\"index, follow, max-snippet:-1, max-image-preview:large, max-video-preview:-1\" \/>\n<link rel=\"canonical\" href=\"https:\/\/www.antoniomachado.net\/es\/bienvenido\/awards\/\" \/>\n<meta property=\"og:locale\" content=\"es_ES\" \/>\n<meta property=\"og:type\" content=\"article\" \/>\n<meta property=\"og:title\" content=\"Awards | www.antoniomachado.net\" \/>\n<meta property=\"og:description\" content=\"[vc_row css=\u00bb.vc_custom_1468999619419{border-top-width: 40px !important;border-bottom-width: 20px !important;padding-top: 40px !important;padding-bottom: 20px !important;}\u00bb][vc_column][\/vc_column][\/vc_row][vc_row css=\u00bb.vc_custom_1468999630823{margin-top: 0px !important;margin-bottom: 0px !important;border-top-width: 20px !important;border-bottom-width: 30px !important;padding-top: 20px [&hellip;]\" \/>\n<meta property=\"og:url\" content=\"https:\/\/www.antoniomachado.net\/es\/bienvenido\/awards\/\" \/>\n<meta property=\"og:site_name\" content=\"www.antoniomachado.net\" \/>\n<meta property=\"article:modified_time\" content=\"2024-10-06T05:53:09+00:00\" \/>\n<meta name=\"twitter:card\" content=\"summary_large_image\" \/>\n<meta name=\"twitter:site\" content=\"@laparocerus\" \/>\n<meta name=\"twitter:label1\" content=\"Tiempo de lectura\" \/>\n\t<meta name=\"twitter:data1\" content=\"1 minuto\" \/>\n<script type=\"application\/ld+json\" class=\"yoast-schema-graph\">{\"@context\":\"https:\/\/schema.org\",\"@graph\":[{\"@type\":\"WebPage\",\"@id\":\"https:\/\/www.antoniomachado.net\/es\/bienvenido\/awards\/\",\"url\":\"https:\/\/www.antoniomachado.net\/es\/bienvenido\/awards\/\",\"name\":\"Awards | www.antoniomachado.net\",\"isPartOf\":{\"@id\":\"https:\/\/www.antoniomachado.net\/es\/#website\"},\"datePublished\":\"2016-07-19T08:42:33+00:00\",\"dateModified\":\"2024-10-06T05:53:09+00:00\",\"breadcrumb\":{\"@id\":\"https:\/\/www.antoniomachado.net\/es\/bienvenido\/awards\/#breadcrumb\"},\"inLanguage\":\"es\",\"potentialAction\":[{\"@type\":\"ReadAction\",\"target\":[\"https:\/\/www.antoniomachado.net\/es\/bienvenido\/awards\/\"]}]},{\"@type\":\"BreadcrumbList\",\"@id\":\"https:\/\/www.antoniomachado.net\/es\/bienvenido\/awards\/#breadcrumb\",\"itemListElement\":[{\"@type\":\"ListItem\",\"position\":1,\"name\":\"Portada\",\"item\":\"https:\/\/www.antoniomachado.net\/es\/\"},{\"@type\":\"ListItem\",\"position\":2,\"name\":\"BIENVENIDO\",\"item\":\"https:\/\/www.antoniomachado.net\/es\/\"},{\"@type\":\"ListItem\",\"position\":3,\"name\":\"Awards\"}]},{\"@type\":\"WebSite\",\"@id\":\"https:\/\/www.antoniomachado.net\/es\/#website\",\"url\":\"https:\/\/www.antoniomachado.net\/es\/\",\"name\":\"www.antoniomachado.net\",\"description\":\"Dr. Antonio Machado. Bi\u00f3logo multiuso (Entomolog\u00eda, Conservaci\u00f3n de la Naturaleza, Pol\u00edtica ambiental, etc.) con sede en las islas Canarias\",\"publisher\":{\"@id\":\"https:\/\/www.antoniomachado.net\/es\/#\/schema\/person\/20d92b6bd913e6447a4599f0a334fe20\"},\"potentialAction\":[{\"@type\":\"SearchAction\",\"target\":{\"@type\":\"EntryPoint\",\"urlTemplate\":\"https:\/\/www.antoniomachado.net\/es\/?s={search_term_string}\"},\"query-input\":{\"@type\":\"PropertyValueSpecification\",\"valueRequired\":true,\"valueName\":\"search_term_string\"}}],\"inLanguage\":\"es\"},{\"@type\":[\"Person\",\"Organization\"],\"@id\":\"https:\/\/www.antoniomachado.net\/es\/#\/schema\/person\/20d92b6bd913e6447a4599f0a334fe20\",\"name\":\"Antonio Machado\",\"image\":{\"@type\":\"ImageObject\",\"inLanguage\":\"es\",\"@id\":\"https:\/\/www.antoniomachado.net\/es\/#\/schema\/person\/image\/\",\"url\":\"https:\/\/www.antoniomachado.net\/wp-content\/uploads\/images\/icons\/avatar_antonio-machado-carrillo.png\",\"contentUrl\":\"https:\/\/www.antoniomachado.net\/wp-content\/uploads\/images\/icons\/avatar_antonio-machado-carrillo.png\",\"width\":320,\"height\":417,\"caption\":\"Antonio Machado\"},\"logo\":{\"@id\":\"https:\/\/www.antoniomachado.net\/es\/#\/schema\/person\/image\/\"},\"description\":\"I am based in Tenerife, one of the Canary Islands, and I am crazy about beetles which are my hobby. However, as a multipurpose professional biologist I have been involved in nature conservation and environmental affairs, teaching Ecology, legal drafting, and other more or less related activities.\",\"sameAs\":[\"http:\/\/www.antoniomachado.net\",\"https:\/\/x.com\/laparocerus\"]}]}<\/script>\n<!-- \/ Yoast SEO plugin. -->","yoast_head_json":{"title":"Awards | www.antoniomachado.net","robots":{"index":"index","follow":"follow","max-snippet":"max-snippet:-1","max-image-preview":"max-image-preview:large","max-video-preview":"max-video-preview:-1"},"canonical":"https:\/\/www.antoniomachado.net\/es\/bienvenido\/awards\/","og_locale":"es_ES","og_type":"article","og_title":"Awards | www.antoniomachado.net","og_description":"[vc_row css=\u00bb.vc_custom_1468999619419{border-top-width: 40px !important;border-bottom-width: 20px !important;padding-top: 40px !important;padding-bottom: 20px !important;}\u00bb][vc_column][\/vc_column][\/vc_row][vc_row css=\u00bb.vc_custom_1468999630823{margin-top: 0px !important;margin-bottom: 0px !important;border-top-width: 20px !important;border-bottom-width: 30px !important;padding-top: 20px [&hellip;]","og_url":"https:\/\/www.antoniomachado.net\/es\/bienvenido\/awards\/","og_site_name":"www.antoniomachado.net","article_modified_time":"2024-10-06T05:53:09+00:00","twitter_card":"summary_large_image","twitter_site":"@laparocerus","twitter_misc":{"Tiempo de lectura":"1 minuto"},"schema":{"@context":"https:\/\/schema.org","@graph":[{"@type":"WebPage","@id":"https:\/\/www.antoniomachado.net\/es\/bienvenido\/awards\/","url":"https:\/\/www.antoniomachado.net\/es\/bienvenido\/awards\/","name":"Awards | www.antoniomachado.net","isPartOf":{"@id":"https:\/\/www.antoniomachado.net\/es\/#website"},"datePublished":"2016-07-19T08:42:33+00:00","dateModified":"2024-10-06T05:53:09+00:00","breadcrumb":{"@id":"https:\/\/www.antoniomachado.net\/es\/bienvenido\/awards\/#breadcrumb"},"inLanguage":"es","potentialAction":[{"@type":"ReadAction","target":["https:\/\/www.antoniomachado.net\/es\/bienvenido\/awards\/"]}]},{"@type":"BreadcrumbList","@id":"https:\/\/www.antoniomachado.net\/es\/bienvenido\/awards\/#breadcrumb","itemListElement":[{"@type":"ListItem","position":1,"name":"Portada","item":"https:\/\/www.antoniomachado.net\/es\/"},{"@type":"ListItem","position":2,"name":"BIENVENIDO","item":"https:\/\/www.antoniomachado.net\/es\/"},{"@type":"ListItem","position":3,"name":"Awards"}]},{"@type":"WebSite","@id":"https:\/\/www.antoniomachado.net\/es\/#website","url":"https:\/\/www.antoniomachado.net\/es\/","name":"www.antoniomachado.net","description":"Dr. Antonio Machado. Bi\u00f3logo multiuso (Entomolog\u00eda, Conservaci\u00f3n de la Naturaleza, Pol\u00edtica ambiental, etc.) con sede en las islas Canarias","publisher":{"@id":"https:\/\/www.antoniomachado.net\/es\/#\/schema\/person\/20d92b6bd913e6447a4599f0a334fe20"},"potentialAction":[{"@type":"SearchAction","target":{"@type":"EntryPoint","urlTemplate":"https:\/\/www.antoniomachado.net\/es\/?s={search_term_string}"},"query-input":{"@type":"PropertyValueSpecification","valueRequired":true,"valueName":"search_term_string"}}],"inLanguage":"es"},{"@type":["Person","Organization"],"@id":"https:\/\/www.antoniomachado.net\/es\/#\/schema\/person\/20d92b6bd913e6447a4599f0a334fe20","name":"Antonio Machado","image":{"@type":"ImageObject","inLanguage":"es","@id":"https:\/\/www.antoniomachado.net\/es\/#\/schema\/person\/image\/","url":"https:\/\/www.antoniomachado.net\/wp-content\/uploads\/images\/icons\/avatar_antonio-machado-carrillo.png","contentUrl":"https:\/\/www.antoniomachado.net\/wp-content\/uploads\/images\/icons\/avatar_antonio-machado-carrillo.png","width":320,"height":417,"caption":"Antonio Machado"},"logo":{"@id":"https:\/\/www.antoniomachado.net\/es\/#\/schema\/person\/image\/"},"description":"I am based in Tenerife, one of the Canary Islands, and I am crazy about beetles which are my hobby. However, as a multipurpose professional biologist I have been involved in nature conservation and environmental affairs, teaching Ecology, legal drafting, and other more or less related activities.","sameAs":["http:\/\/www.antoniomachado.net","https:\/\/x.com\/laparocerus"]}]}},"_links":{"self":[{"href":"https:\/\/www.antoniomachado.net\/es\/wp-json\/wp\/v2\/pages\/9083","targetHints":{"allow":["GET"]}}],"collection":[{"href":"https:\/\/www.antoniomachado.net\/es\/wp-json\/wp\/v2\/pages"}],"about":[{"href":"https:\/\/www.antoniomachado.net\/es\/wp-json\/wp\/v2\/types\/page"}],"author":[{"embeddable":true,"href":"https:\/\/www.antoniomachado.net\/es\/wp-json\/wp\/v2\/users\/2"}],"replies":[{"embeddable":true,"href":"https:\/\/www.antoniomachado.net\/es\/wp-json\/wp\/v2\/comments?post=9083"}],"version-history":[{"count":2,"href":"https:\/\/www.antoniomachado.net\/es\/wp-json\/wp\/v2\/pages\/9083\/revisions"}],"predecessor-version":[{"id":11255,"href":"https:\/\/www.antoniomachado.net\/es\/wp-json\/wp\/v2\/pages\/9083\/revisions\/11255"}],"up":[{"embeddable":true,"href":"https:\/\/www.antoniomachado.net\/es\/wp-json\/wp\/v2\/pages\/4755"}],"wp:attachment":[{"href":"https:\/\/www.antoniomachado.net\/es\/wp-json\/wp\/v2\/media?parent=9083"}],"curies":[{"name":"wp","href":"https:\/\/api.w.org\/{rel}","templated":true}]}}