{"id":9558,"date":"2018-03-25T18:48:16","date_gmt":"2018-03-25T18:48:16","guid":{"rendered":"http:\/\/www.antoniomachado.net\/?page_id=9558"},"modified":"2025-12-14T12:42:03","modified_gmt":"2025-12-14T12:42:03","slug":"ultimos-libros","status":"publish","type":"page","link":"https:\/\/www.antoniomachado.net\/es\/bienvenido\/ultimos-libros\/","title":{"rendered":"\u00daltimos libros"},"content":{"rendered":"<div class=\"wpb-content-wrapper\"><p>[vc_row css=\u00bb.vc_custom_1557141492160{border-top-width: 60px !important;border-bottom-width: 30px !important;padding-top: 60px !important;padding-bottom: 30px !important;}\u00bb][vc_column]<h1 class=\"fac-title text-center\" style=\"color:#dd3333\">\u00daLTIMOS LIBROS<\/h1>\n[\/vc_column][\/vc_row][vc_row][vc_column width=\u00bb1\/2&#8243;][vc_single_image image=\u00bb10087&#8243; img_size=\u00bbfull\u00bb onclick=\u00bblink_image\u00bb][vc_separator][\/vc_column][vc_column width=\u00bb1\/2&#8243;][vc_column_text css=\u00bb\u00bb][<span style=\"color: #ff0000;\"><strong>THE MACARONESIAN LAPAROCERUS<\/strong><\/span>]<\/p>\n<p>Campeones de biodiversidad. Un g\u00e9nero de gorgojos bate r\u00e9cord de radiaci\u00f3n evolutiva en islas oce\u00e1nicas de la Macaronesia. El conjunto de 261 especies y subespecies en Madeira, Salvajes y las islas Canarias es el resultado de una combinaci\u00f3n entre evoluci\u00f3n adaptativa y geografica en estos archipi\u00e9lagos volc\u00e1nicos. En un marco temporal de unos 9 millones de a\u00f1os, las radiaciones secuenciales han generado 25 grupos monofil\u00e9ticos que son reconocidos\u00a0 como subg\u00e9neros de <em>Laparocerus<\/em>.\u00a0 Se discuten en detalle las rutas de colonizaci\u00f3n, los cambios de habitat, la divisi\u00f3n de las poblaciones debido al volcanismo, la dispersi\u00f3n por mega-deslizamientos de los flancos insular, y otros factores importantes en la especiaci\u00f3n\u00a0 Si las islas oce\u00e1nicas se han considerado tradicionalmente como laboratorios de la evoluci\u00f3n y m\u00e1quinas de producir especies, los <em>Laparocerus<\/em> constituyen un grupo modelo ideal para ampliar los estudios de especiaci\u00f3n y dispersi\u00f3n de todo tipo. Un grupo as\u00ed ofrece una visi\u00f3n de grano fino de la naturaleza y de c\u00f3mo funciona la evoluci\u00f3n. Para asistir en esta tarea, el presente libro aporta una revisi\u00f3n taxon\u00f3mica completa del g\u00e9nero <em>Laparocerus<\/em>, con descripciones de todos los taxones \u2014duplicando el \u00fanmero de especies preaviamente conocidas\u2014claves para su identificaci\u00f3n,\u00a0 374 fotograf\u00edas macro-de los imagos, 50 l\u00e1minas con dibujos de las genitalias\u00a0 y otras partes internas,y 47 mapas de distribuci\u00f3n. Tambi\u00e9n incorpora un estudio anat\u00f3mico detallado de una especie (13 l\u00e1minmas) incluidos los estados preimaginales) y cap\u00edtulos dedicados a la filogenia, la biolog\u00eda reproductora, etolog\u00eda, ecolog\u00eda (plantas aliment\u00edceas, h\u00e1bitats, etc.) y comportamiento, debidamente ilustrados. En otras palabras, su historia natural.<\/p>\n<p><a href=\"https:\/\/www.antoniomachado.net\/wp-content\/uploads\/pdf\/science\/2022_laparocerus_folleto_libro.pdf\">Ver m\u00e1s detalles (folleto)<\/a><\/p>\n<p>Texto en ingl\u00e9s. Tapa dura, 22,6 x 29 x 4 cm, 681 p\u00e1ginas. Precio 120 \u20ac<\/p>\n<p>Disponible en <a href=\"https:\/\/www.amazon.es\/Macaronesian-Laparocerus-Antonio-Machado\/dp\/8416785996\/ref=sr_1_1?__mk_es_ES=%C3%85M%C3%85%C5%BD%C3%95%C3%91&amp;crid=395QXDA1LNLOA&amp;dib=eyJ2IjoiMSJ9.eHq35aS1sU7j3mTlWmfalfG2mJ2gtp88f5IwkwuCh6X9tG_VHmxLx8BW4ChuabvjwC-nS7qYpjXo5_gxtmcRM11nszIztC6o3pbFq1dwD7E.ySLkHX1wjwXVFKEL1cBxjrcjLMZOPhTSOJi1JA6i87I&amp;dib_tag=se&amp;keywords=Laparocerus&amp;nsdOptOutParam=true&amp;qid=1735161631&amp;sprefix=laparocerus%2Caps%2C111&amp;sr=8-1\">Amazon <\/a>y en <a href=\"https:\/\/edicionesturquesa.com\/producto\/the-macaronesian-laparocerus\/\">Publicaciones Turquesa\u00a0<\/a>[\/vc_column_text][\/vc_column][vc_column][\/vc_column][\/vc_row][vc_row][vc_column width=\u00bb1\/2&#8243;][vc_single_image image=\u00bb9559&#8243; img_size=\u00bbfull\u00bb onclick=\u00bblink_image\u00bb][vc_separator][\/vc_column][vc_column width=\u00bb1\/2&#8243;][vc_column_text][<span style=\"color: #dd3333;\"><strong>CATORCE D\u00cdAS<\/strong>. Reflexiones sobre la vida, la mente y m\u00e1s cosas<\/span>]<\/p>\n<p>Antonio Machado Carrillo es un bi\u00f3logo canario que un buen d\u00eda march\u00f3 a Laos y se puso a escribir durante \u00abCatorce d\u00edas\u00bb. El producto de este encuentro consigo mismo es una mezcla de cuaderno de viaje, ensayo filos\u00f3fico, libro de divulgaci\u00f3n y legado intelectual dif\u00edcil de etiquetar, pero que no deja indiferente al lector. Explica y razona el sentido de la vida (materia viva) y de la mente (materia pensante) como fen\u00f3menos c\u00f3smicos; aborda la importancia que la informaci\u00f3n tiene en la evoluci\u00f3n del universo y en la de los seres vivos; trata de los instintos y logros culturales de nuestra especie vista como amalgama psico-biol\u00f3gica; del futuro de la naturaleza en una psicosfera, de la humanina, de los riesgos del ecofascismo, de los males de la abundancia, de la infoxicaci\u00f3n, de las creencias, de la raz\u00f3n de vivir o ikigai de las personas, y de m\u00e1s cosas como se indica en el t\u00edtulo. Es un libro generoso con el que se aprende; incluso ameno, que invita a la reflexi\u00f3n, o tal vez la imponga\u2026[\/vc_column_text][vc_separator][vc_column_text]<\/p>\n<p style=\"text-align: center;\"><span style=\"color: #dd3333;\">Precio:<\/span>\u00a0 \u00a0 Tapa blanda a 18,51 \u20ac\u00a0 \u00a0&#8211;\u00a0 \u00a0Ebook\u00a0 a 3,99 \u20ac<\/p>\n<p style=\"text-align: center;\">Segunda edici\u00f3n espa\u00f1ola: julio 2018<\/p>\n<p>[\/vc_column_text][vc_separator][\/vc_column][vc_column][vc_row_inner][vc_column_inner width=\u00bb1\/4&#8243;][vc_single_image image=\u00bb9563&#8243; img_size=\u00bbfull\u00bb alignment=\u00bbcenter\u00bb style=\u00bbvc_box_shadow\u00bb onclick=\u00bbcustom_link\u00bb img_link_target=\u00bb_blank\u00bb link=\u00bbhttps:\/\/www.amazon.com\/stores\/Antonio-Machado-Carrillo\/author\/B001K13C80?ref_=pe_1724030_132998060&amp;isDramIntegrated=true&amp;shoppingPortalEnabled=true https:\/\/openlibrary.org\/authors\/OL781754A\/Antonio_Machado_Carrillo\u00bb][\/vc_column_inner][vc_column_inner width=\u00bb1\/4&#8243;][vc_single_image image=\u00bb9573&#8243; img_size=\u00bbfull\u00bb alignment=\u00bbcenter\u00bb style=\u00bbvc_box_shadow\u00bb onclick=\u00bbcustom_link\u00bb img_link_target=\u00bb_blank\u00bb link=\u00bbhttps:\/\/www.casadellibro.com\/libro-ibd-catorce-dias\/9788417234775\/6400821&#8243;][\/vc_column_inner][vc_column_inner width=\u00bb1\/4&#8243;][vc_single_image image=\u00bb9561&#8243; img_size=\u00bbfull\u00bb style=\u00bbvc_box_shadow\u00bb onclick=\u00bbcustom_link\u00bb img_link_target=\u00bb_blank\u00bb link=\u00bbhttps:\/\/www.agapea.com\/libros\/Catorce-dias-9788417234775-i.htm\u00bb][\/vc_column_inner][vc_column_inner width=\u00bb1\/4&#8243;][vc_single_image image=\u00bb9581&#8243; img_size=\u00bbfull\u00bb onclick=\u00bbcustom_link\u00bb img_link_target=\u00bb_blank\u00bb link=\u00bbhttps:\/\/libros.cc\/Catorce-dias.htm\u00bb][\/vc_column_inner][\/vc_row_inner][\/vc_column][\/vc_row][vc_row][vc_column][vc_separator][vc_row_inner][vc_column_inner width=\u00bb1\/3&#8243;][vc_column_text]<\/p>\n<p style=\"text-align: center;\"><strong><span style=\"color: #dd3333;\">Leer rese\u00f1a<\/span><\/strong><\/p>\n<p style=\"text-align: center;\"><span style=\"color: #dd3333;\"><a href=\"https:\/\/www.antoniomachado.net\/wp-content\/uploads\/pdf\/informative\/joan-mayol-quercus_juny_2018.pdf\" target=\"_blank\" rel=\"noopener noreferrer\">Revista Quercus (julio 2018), por J. Mayol<\/a><\/span><\/p>\n<p>[\/vc_column_text][\/vc_column_inner][vc_column_inner width=\u00bb1\/3&#8243;][vc_column_text]<\/p>\n<p style=\"text-align: center;\"><span style=\"color: #dd3333;\">Presentaci\u00f3n\u00a0 breve<br \/>\n<\/span><\/p>\n<p>[\/vc_column_text][vc_video link=\u00bbhttps:\/\/vimeo.com\/344517682&#8243; el_aspect=\u00bb43&#8243;][\/vc_column_inner][vc_column_inner width=\u00bb1\/3&#8243;][vc_column_text]<\/p>\n<p style=\"text-align: center;\"><span style=\"color: #ff0000;\">Entrevista (1 hora)<\/span><\/p>\n<p style=\"text-align: center;\"><span style=\"color: #ff0000;\"><span style=\"color: #000000;\">Canarias Radio (13-1-2020) por Alexis Hern\u00e1ndez<\/span><\/span><\/p>\n<audio class=\"wp-audio-shortcode\" id=\"audio-9558-1\" preload=\"none\" style=\"width: 100%;\" controls=\"controls\"><source type=\"audio\/mpeg\" src=\"https:\/\/www.antoniomachado.net\/\/wp-content\/uploads\/audio\/2020_RC_Catorce_dias_Antonio_Machado_13-1-2020.mp3?_=1\" \/><a href=\"https:\/\/www.antoniomachado.net\/\/wp-content\/uploads\/audio\/2020_RC_Catorce_dias_Antonio_Machado_13-1-2020.mp3\">https:\/\/www.antoniomachado.net\/\/wp-content\/uploads\/audio\/2020_RC_Catorce_dias_Antonio_Machado_13-1-2020.mp3<\/a><\/audio>\n<p>&nbsp;<\/p>\n<p>[\/vc_column_text][\/vc_column_inner][\/vc_row_inner][\/vc_column][\/vc_row]<\/p>\n<\/div>","protected":false},"excerpt":{"rendered":"<p>[vc_row css=\u00bb.vc_custom_1557141492160{border-top-width: 60px !important;border-bottom-width: 30px !important;padding-top: 60px !important;padding-bottom: 30px !important;}\u00bb][vc_column][\/vc_column][\/vc_row][vc_row][vc_column width=\u00bb1\/2&#8243;][vc_single_image image=\u00bb10087&#8243; img_size=\u00bbfull\u00bb onclick=\u00bblink_image\u00bb][vc_separator][\/vc_column][vc_column width=\u00bb1\/2&#8243;][vc_column_text css=\u00bb\u00bb][THE MACARONESIAN LAPAROCERUS] Campeones de [&hellip;]<\/p>\n","protected":false},"author":2,"featured_media":0,"parent":4755,"menu_order":0,"comment_status":"closed","ping_status":"closed","template":"page-pagebuilder.php","meta":{"footnotes":""},"class_list":["post-9558","page","type-page","status-publish","hentry"],"yoast_head":"<!-- This site is optimized with the Yoast SEO plugin v27.1.1 - https:\/\/yoast.com\/product\/yoast-seo-wordpress\/ -->\n<title>\u00daltimos libros | www.antoniomachado.net<\/title>\n<meta name=\"description\" content=\"Libro de Antonio Machado Carrillo: una mezcla de cuaderno de viaje, ensayo filos\u00f3fico, libro de divulgaci\u00f3n y legado intelectual dif\u00edcil de etiquetar, pero que no deja indiferente al lector.\" \/>\n<meta name=\"robots\" content=\"index, follow, max-snippet:-1, max-image-preview:large, max-video-preview:-1\" \/>\n<link rel=\"canonical\" href=\"https:\/\/www.antoniomachado.net\/es\/bienvenido\/ultimos-libros\/\" \/>\n<meta property=\"og:locale\" content=\"es_ES\" \/>\n<meta property=\"og:type\" content=\"article\" \/>\n<meta property=\"og:title\" content=\"\u00daltimos libros | www.antoniomachado.net\" \/>\n<meta property=\"og:description\" content=\"Libro de Antonio Machado Carrillo: una mezcla de cuaderno de viaje, ensayo filos\u00f3fico, libro de divulgaci\u00f3n y legado intelectual dif\u00edcil de etiquetar, pero que no deja indiferente al lector.\" \/>\n<meta property=\"og:url\" content=\"https:\/\/www.antoniomachado.net\/es\/bienvenido\/ultimos-libros\/\" \/>\n<meta property=\"og:site_name\" content=\"www.antoniomachado.net\" \/>\n<meta property=\"article:modified_time\" content=\"2025-12-14T12:42:03+00:00\" \/>\n<meta name=\"twitter:card\" content=\"summary_large_image\" \/>\n<meta name=\"twitter:site\" content=\"@laparocerus\" \/>\n<meta name=\"twitter:label1\" content=\"Tiempo de lectura\" \/>\n\t<meta name=\"twitter:data1\" content=\"3 minutos\" \/>\n<script type=\"application\/ld+json\" class=\"yoast-schema-graph\">{\"@context\":\"https:\/\/schema.org\",\"@graph\":[{\"@type\":\"WebPage\",\"@id\":\"https:\/\/www.antoniomachado.net\/es\/bienvenido\/ultimos-libros\/\",\"url\":\"https:\/\/www.antoniomachado.net\/es\/bienvenido\/ultimos-libros\/\",\"name\":\"\u00daltimos libros | www.antoniomachado.net\",\"isPartOf\":{\"@id\":\"https:\/\/www.antoniomachado.net\/es\/#website\"},\"datePublished\":\"2018-03-25T18:48:16+00:00\",\"dateModified\":\"2025-12-14T12:42:03+00:00\",\"description\":\"Libro de Antonio Machado Carrillo: una mezcla de cuaderno de viaje, ensayo filos\u00f3fico, libro de divulgaci\u00f3n y legado intelectual dif\u00edcil de etiquetar, pero que no deja indiferente al lector.\",\"breadcrumb\":{\"@id\":\"https:\/\/www.antoniomachado.net\/es\/bienvenido\/ultimos-libros\/#breadcrumb\"},\"inLanguage\":\"es\",\"potentialAction\":[{\"@type\":\"ReadAction\",\"target\":[\"https:\/\/www.antoniomachado.net\/es\/bienvenido\/ultimos-libros\/\"]}]},{\"@type\":\"BreadcrumbList\",\"@id\":\"https:\/\/www.antoniomachado.net\/es\/bienvenido\/ultimos-libros\/#breadcrumb\",\"itemListElement\":[{\"@type\":\"ListItem\",\"position\":1,\"name\":\"Portada\",\"item\":\"https:\/\/www.antoniomachado.net\/es\/\"},{\"@type\":\"ListItem\",\"position\":2,\"name\":\"BIENVENIDO\",\"item\":\"https:\/\/www.antoniomachado.net\/es\/\"},{\"@type\":\"ListItem\",\"position\":3,\"name\":\"\u00daltimos libros\"}]},{\"@type\":\"WebSite\",\"@id\":\"https:\/\/www.antoniomachado.net\/es\/#website\",\"url\":\"https:\/\/www.antoniomachado.net\/es\/\",\"name\":\"www.antoniomachado.net\",\"description\":\"Dr. Antonio Machado. Bi\u00f3logo multiuso (Entomolog\u00eda, Conservaci\u00f3n de la Naturaleza, Pol\u00edtica ambiental, etc.) con sede en las islas Canarias\",\"publisher\":{\"@id\":\"https:\/\/www.antoniomachado.net\/es\/#\/schema\/person\/20d92b6bd913e6447a4599f0a334fe20\"},\"potentialAction\":[{\"@type\":\"SearchAction\",\"target\":{\"@type\":\"EntryPoint\",\"urlTemplate\":\"https:\/\/www.antoniomachado.net\/es\/?s={search_term_string}\"},\"query-input\":{\"@type\":\"PropertyValueSpecification\",\"valueRequired\":true,\"valueName\":\"search_term_string\"}}],\"inLanguage\":\"es\"},{\"@type\":[\"Person\",\"Organization\"],\"@id\":\"https:\/\/www.antoniomachado.net\/es\/#\/schema\/person\/20d92b6bd913e6447a4599f0a334fe20\",\"name\":\"Antonio Machado\",\"image\":{\"@type\":\"ImageObject\",\"inLanguage\":\"es\",\"@id\":\"https:\/\/www.antoniomachado.net\/es\/#\/schema\/person\/image\/\",\"url\":\"https:\/\/www.antoniomachado.net\/wp-content\/uploads\/images\/icons\/avatar_antonio-machado-carrillo.png\",\"contentUrl\":\"https:\/\/www.antoniomachado.net\/wp-content\/uploads\/images\/icons\/avatar_antonio-machado-carrillo.png\",\"width\":320,\"height\":417,\"caption\":\"Antonio Machado\"},\"logo\":{\"@id\":\"https:\/\/www.antoniomachado.net\/es\/#\/schema\/person\/image\/\"},\"description\":\"I am based in Tenerife, one of the Canary Islands, and I am crazy about beetles which are my hobby. However, as a multipurpose professional biologist I have been involved in nature conservation and environmental affairs, teaching Ecology, legal drafting, and other more or less related activities.\",\"sameAs\":[\"http:\/\/www.antoniomachado.net\",\"https:\/\/x.com\/laparocerus\"]}]}<\/script>\n<!-- \/ Yoast SEO plugin. -->","yoast_head_json":{"title":"\u00daltimos libros | www.antoniomachado.net","description":"Libro de Antonio Machado Carrillo: una mezcla de cuaderno de viaje, ensayo filos\u00f3fico, libro de divulgaci\u00f3n y legado intelectual dif\u00edcil de etiquetar, pero que no deja indiferente al lector.","robots":{"index":"index","follow":"follow","max-snippet":"max-snippet:-1","max-image-preview":"max-image-preview:large","max-video-preview":"max-video-preview:-1"},"canonical":"https:\/\/www.antoniomachado.net\/es\/bienvenido\/ultimos-libros\/","og_locale":"es_ES","og_type":"article","og_title":"\u00daltimos libros | www.antoniomachado.net","og_description":"Libro de Antonio Machado Carrillo: una mezcla de cuaderno de viaje, ensayo filos\u00f3fico, libro de divulgaci\u00f3n y legado intelectual dif\u00edcil de etiquetar, pero que no deja indiferente al lector.","og_url":"https:\/\/www.antoniomachado.net\/es\/bienvenido\/ultimos-libros\/","og_site_name":"www.antoniomachado.net","article_modified_time":"2025-12-14T12:42:03+00:00","twitter_card":"summary_large_image","twitter_site":"@laparocerus","twitter_misc":{"Tiempo de lectura":"3 minutos"},"schema":{"@context":"https:\/\/schema.org","@graph":[{"@type":"WebPage","@id":"https:\/\/www.antoniomachado.net\/es\/bienvenido\/ultimos-libros\/","url":"https:\/\/www.antoniomachado.net\/es\/bienvenido\/ultimos-libros\/","name":"\u00daltimos libros | www.antoniomachado.net","isPartOf":{"@id":"https:\/\/www.antoniomachado.net\/es\/#website"},"datePublished":"2018-03-25T18:48:16+00:00","dateModified":"2025-12-14T12:42:03+00:00","description":"Libro de Antonio Machado Carrillo: una mezcla de cuaderno de viaje, ensayo filos\u00f3fico, libro de divulgaci\u00f3n y legado intelectual dif\u00edcil de etiquetar, pero que no deja indiferente al lector.","breadcrumb":{"@id":"https:\/\/www.antoniomachado.net\/es\/bienvenido\/ultimos-libros\/#breadcrumb"},"inLanguage":"es","potentialAction":[{"@type":"ReadAction","target":["https:\/\/www.antoniomachado.net\/es\/bienvenido\/ultimos-libros\/"]}]},{"@type":"BreadcrumbList","@id":"https:\/\/www.antoniomachado.net\/es\/bienvenido\/ultimos-libros\/#breadcrumb","itemListElement":[{"@type":"ListItem","position":1,"name":"Portada","item":"https:\/\/www.antoniomachado.net\/es\/"},{"@type":"ListItem","position":2,"name":"BIENVENIDO","item":"https:\/\/www.antoniomachado.net\/es\/"},{"@type":"ListItem","position":3,"name":"\u00daltimos libros"}]},{"@type":"WebSite","@id":"https:\/\/www.antoniomachado.net\/es\/#website","url":"https:\/\/www.antoniomachado.net\/es\/","name":"www.antoniomachado.net","description":"Dr. Antonio Machado. Bi\u00f3logo multiuso (Entomolog\u00eda, Conservaci\u00f3n de la Naturaleza, Pol\u00edtica ambiental, etc.) con sede en las islas Canarias","publisher":{"@id":"https:\/\/www.antoniomachado.net\/es\/#\/schema\/person\/20d92b6bd913e6447a4599f0a334fe20"},"potentialAction":[{"@type":"SearchAction","target":{"@type":"EntryPoint","urlTemplate":"https:\/\/www.antoniomachado.net\/es\/?s={search_term_string}"},"query-input":{"@type":"PropertyValueSpecification","valueRequired":true,"valueName":"search_term_string"}}],"inLanguage":"es"},{"@type":["Person","Organization"],"@id":"https:\/\/www.antoniomachado.net\/es\/#\/schema\/person\/20d92b6bd913e6447a4599f0a334fe20","name":"Antonio Machado","image":{"@type":"ImageObject","inLanguage":"es","@id":"https:\/\/www.antoniomachado.net\/es\/#\/schema\/person\/image\/","url":"https:\/\/www.antoniomachado.net\/wp-content\/uploads\/images\/icons\/avatar_antonio-machado-carrillo.png","contentUrl":"https:\/\/www.antoniomachado.net\/wp-content\/uploads\/images\/icons\/avatar_antonio-machado-carrillo.png","width":320,"height":417,"caption":"Antonio Machado"},"logo":{"@id":"https:\/\/www.antoniomachado.net\/es\/#\/schema\/person\/image\/"},"description":"I am based in Tenerife, one of the Canary Islands, and I am crazy about beetles which are my hobby. However, as a multipurpose professional biologist I have been involved in nature conservation and environmental affairs, teaching Ecology, legal drafting, and other more or less related activities.","sameAs":["http:\/\/www.antoniomachado.net","https:\/\/x.com\/laparocerus"]}]}},"_links":{"self":[{"href":"https:\/\/www.antoniomachado.net\/es\/wp-json\/wp\/v2\/pages\/9558","targetHints":{"allow":["GET"]}}],"collection":[{"href":"https:\/\/www.antoniomachado.net\/es\/wp-json\/wp\/v2\/pages"}],"about":[{"href":"https:\/\/www.antoniomachado.net\/es\/wp-json\/wp\/v2\/types\/page"}],"author":[{"embeddable":true,"href":"https:\/\/www.antoniomachado.net\/es\/wp-json\/wp\/v2\/users\/2"}],"replies":[{"embeddable":true,"href":"https:\/\/www.antoniomachado.net\/es\/wp-json\/wp\/v2\/comments?post=9558"}],"version-history":[{"count":5,"href":"https:\/\/www.antoniomachado.net\/es\/wp-json\/wp\/v2\/pages\/9558\/revisions"}],"predecessor-version":[{"id":11474,"href":"https:\/\/www.antoniomachado.net\/es\/wp-json\/wp\/v2\/pages\/9558\/revisions\/11474"}],"up":[{"embeddable":true,"href":"https:\/\/www.antoniomachado.net\/es\/wp-json\/wp\/v2\/pages\/4755"}],"wp:attachment":[{"href":"https:\/\/www.antoniomachado.net\/es\/wp-json\/wp\/v2\/media?parent=9558"}],"curies":[{"name":"wp","href":"https:\/\/api.w.org\/{rel}","templated":true}]}}